{"id":253,"date":"2016-12-09T14:51:40","date_gmt":"2016-12-09T13:51:40","guid":{"rendered":"http:\/\/glacas.fr\/rosee\/?page_id=253"},"modified":"2025-06-08T16:20:09","modified_gmt":"2025-06-08T14:20:09","slug":"produits","status":"publish","type":"page","link":"http:\/\/glacas.fr\/rosee\/produits\/","title":{"rendered":"Produits"},"content":{"rendered":"<p><a href=\"http:\/\/glacas.fr\/rosee\/produits\/img_4675-large\/#main\" rel=\"attachment wp-att-254\"><img loading=\"lazy\" decoding=\"async\" class=\"wp-image-254 size-large aligncenter\" src=\"http:\/\/glacas.fr\/rosee\/wp-content\/uploads\/sites\/17\/2016\/12\/IMG_4675-Large-1024x681.jpg\" alt=\"img_4675-large\" width=\"640\" height=\"426\" srcset=\"http:\/\/glacas.fr\/rosee\/wp-content\/uploads\/sites\/17\/2016\/12\/IMG_4675-Large-1024x681.jpg 1024w, http:\/\/glacas.fr\/rosee\/wp-content\/uploads\/sites\/17\/2016\/12\/IMG_4675-Large-300x199.jpg 300w, http:\/\/glacas.fr\/rosee\/wp-content\/uploads\/sites\/17\/2016\/12\/IMG_4675-Large-768x510.jpg 768w, http:\/\/glacas.fr\/rosee\/wp-content\/uploads\/sites\/17\/2016\/12\/IMG_4675-Large.jpg 1625w\" sizes=\"auto, (max-width: 640px) 100vw, 640px\" \/><\/a><\/p>\n<p><strong><span style=\"color: #ffff00;\">Les cartes postales :<\/span><\/strong><\/p>\n<p><a href=\"http:\/\/glacas.fr\/rosee\/produits\/img_4611-large\/#main\" rel=\"attachment wp-att-255\"><img loading=\"lazy\" decoding=\"async\" class=\"alignnone wp-image-255 size-large\" src=\"http:\/\/glacas.fr\/rosee\/wp-content\/uploads\/sites\/17\/2016\/12\/IMG_4611-Large-1024x609.jpg\" alt=\"img_4611-large\" width=\"640\" height=\"381\" srcset=\"http:\/\/glacas.fr\/rosee\/wp-content\/uploads\/sites\/17\/2016\/12\/IMG_4611-Large-1024x609.jpg 1024w, http:\/\/glacas.fr\/rosee\/wp-content\/uploads\/sites\/17\/2016\/12\/IMG_4611-Large-300x178.jpg 300w, http:\/\/glacas.fr\/rosee\/wp-content\/uploads\/sites\/17\/2016\/12\/IMG_4611-Large-768x456.jpg 768w, http:\/\/glacas.fr\/rosee\/wp-content\/uploads\/sites\/17\/2016\/12\/IMG_4611-Large.jpg 1817w\" sizes=\"auto, (max-width: 640px) 100vw, 640px\" \/><\/a><\/p>\n<p>Dix cartes postales ont \u00e9t\u00e9 tir\u00e9es \u00e0 partir des photos des panneaux de l&rsquo;exposition.<\/p>\n<div id=\"gallery-2\" class=\"gallery galleryid-2 default columns_4 gallery-columns-4  gallery-size-medium \">\n<dl class=\"gallery-item gallery-startcol\">\n\t<dt class=\"gallery-icon\"><a href=\"http:\/\/glacas.fr\/rosee\/produits\/carte_postale_dragon-medium\/#main\" title=\"\" class=\"rl-gallery-link\">\t\t\t<img loading=\"lazy\" decoding=\"async\" src=\"http:\/\/glacas.fr\/rosee\/wp-content\/uploads\/sites\/17\/2016\/12\/Carte_Postale_Dragon-Medium-300x200.jpg\" width=\"300\" height=\"200\" title=\"\" class=\"attachment-medium\" alt=\"\" \/><\/a>\t<\/dt>\n\t\t<dd class=\"wp-caption-text gallery-caption\">\n\t\tDragon cracheur de lunes\t<\/dd><\/dl>\n<dl class=\"gallery-item\">\n\t<dt class=\"gallery-icon\"><a href=\"http:\/\/glacas.fr\/rosee\/produits\/carte_postale_mondes_emboites-medium\/#main\" title=\"\" class=\"rl-gallery-link\">\t\t\t<img loading=\"lazy\" decoding=\"async\" src=\"http:\/\/glacas.fr\/rosee\/wp-content\/uploads\/sites\/17\/2016\/12\/Carte_Postale_Mondes_Emboites-Medium-300x200.jpg\" width=\"300\" height=\"200\" title=\"\" class=\"attachment-medium\" alt=\"\" \/><\/a>\t<\/dt>\n\t\t<dd class=\"wp-caption-text gallery-caption\">\n\t\tMondes emboit\u00e9s\t<\/dd><\/dl>\n<dl class=\"gallery-item\">\n\t<dt class=\"gallery-icon\"><a href=\"http:\/\/glacas.fr\/rosee\/produits\/carte_postale_gestation-medium\/#main\" title=\"\" class=\"rl-gallery-link\">\t\t\t<img loading=\"lazy\" decoding=\"async\" src=\"http:\/\/glacas.fr\/rosee\/wp-content\/uploads\/sites\/17\/2016\/12\/Carte_Postale_Gestation-Medium-300x200.jpg\" width=\"300\" height=\"200\" title=\"\" class=\"attachment-medium\" alt=\"\" \/><\/a>\t<\/dt>\n\t\t<dd class=\"wp-caption-text gallery-caption\">\n\t\tMonde en gestation\t<\/dd><\/dl>\n<dl class=\"gallery-item gallery-endcol\">\n\t<dt class=\"gallery-icon\"><a href=\"http:\/\/glacas.fr\/rosee\/produits\/carte_postale_luke-medium\/#main\" title=\"\" class=\"rl-gallery-link\">\t\t\t<img loading=\"lazy\" decoding=\"async\" src=\"http:\/\/glacas.fr\/rosee\/wp-content\/uploads\/sites\/17\/2016\/12\/Carte_Postale_LUKE-Medium-300x200.jpg\" width=\"300\" height=\"200\" title=\"\" class=\"attachment-medium\" alt=\"\" \/><\/a>\t<\/dt>\n\t\t<dd class=\"wp-caption-text gallery-caption\">\n\t\tLuke Skylwalker en approche\t<\/dd><\/dl>\n\n<br class='clear' \/>\n<dl class=\"gallery-item gallery-startcol\">\n\t<dt class=\"gallery-icon\"><a href=\"http:\/\/glacas.fr\/rosee\/produits\/carte_postale_matrice-medium\/#main\" title=\"\" class=\"rl-gallery-link\">\t\t\t<img loading=\"lazy\" decoding=\"async\" src=\"http:\/\/glacas.fr\/rosee\/wp-content\/uploads\/sites\/17\/2016\/12\/Carte_Postale_Matrice-Medium-300x200.jpg\" width=\"300\" height=\"200\" title=\"\" class=\"attachment-medium\" alt=\"\" \/><\/a>\t<\/dt>\n\t\t<dd class=\"wp-caption-text gallery-caption\">\n\t\tMatrice des mondes\t<\/dd><\/dl>\n<dl class=\"gallery-item\">\n\t<dt class=\"gallery-icon\"><a href=\"http:\/\/glacas.fr\/rosee\/produits\/carte_postale_lune_noire-medium\/#main\" title=\"\" class=\"rl-gallery-link\">\t\t\t<img loading=\"lazy\" decoding=\"async\" src=\"http:\/\/glacas.fr\/rosee\/wp-content\/uploads\/sites\/17\/2016\/12\/Carte_Postale_Lune_Noire-Medium-300x200.jpg\" width=\"300\" height=\"200\" title=\"\" class=\"attachment-medium\" alt=\"\" \/><\/a>\t<\/dt>\n\t\t<dd class=\"wp-caption-text gallery-caption\">\n\t\tLa lune noire\t<\/dd><\/dl>\n<dl class=\"gallery-item\">\n\t<dt class=\"gallery-icon\"><a href=\"http:\/\/glacas.fr\/rosee\/produits\/carte_postale_bataille-medium\/#main\" title=\"\" class=\"rl-gallery-link\">\t\t\t<img loading=\"lazy\" decoding=\"async\" src=\"http:\/\/glacas.fr\/rosee\/wp-content\/uploads\/sites\/17\/2016\/12\/Carte_Postale_Bataille-Medium-300x200.jpg\" width=\"300\" height=\"200\" title=\"\" class=\"attachment-medium\" alt=\"\" \/><\/a>\t<\/dt>\n\t\t<dd class=\"wp-caption-text gallery-caption\">\n\t\tBataille Stellaire\t<\/dd><\/dl>\n<dl class=\"gallery-item gallery-endcol\">\n\t<dt class=\"gallery-icon\"><a href=\"http:\/\/glacas.fr\/rosee\/produits\/carte_postale_nebuleuse-medium\/#main\" title=\"\" class=\"rl-gallery-link\">\t\t\t<img loading=\"lazy\" decoding=\"async\" src=\"http:\/\/glacas.fr\/rosee\/wp-content\/uploads\/sites\/17\/2016\/12\/Carte_Postale_N\u00e9buleuse-Medium-300x200.jpg\" width=\"300\" height=\"200\" title=\"\" class=\"attachment-medium\" alt=\"\" \/><\/a>\t<\/dt>\n\t\t<dd class=\"wp-caption-text gallery-caption\">\n\t\tNaissance d'une n\u00e9buleuse\t<\/dd><\/dl>\n\n<br class='clear' \/>\n<dl class=\"gallery-item gallery-startcol\">\n\t<dt class=\"gallery-icon\"><a href=\"http:\/\/glacas.fr\/rosee\/produits\/carte_postale_station-medium\/#main\" title=\"\" class=\"rl-gallery-link\">\t\t\t<img loading=\"lazy\" decoding=\"async\" src=\"http:\/\/glacas.fr\/rosee\/wp-content\/uploads\/sites\/17\/2016\/12\/Carte_Postale_Station-Medium-300x200.jpg\" width=\"300\" height=\"200\" title=\"\" class=\"attachment-medium\" alt=\"\" \/><\/a>\t<\/dt>\n\t\t<dd class=\"wp-caption-text gallery-caption\">\n\t\tStation orbitale \u00e0 la d\u00e9rive\t<\/dd><\/dl>\n<dl class=\"gallery-item\">\n\t<dt class=\"gallery-icon\"><a href=\"http:\/\/glacas.fr\/rosee\/produits\/carte_postale_tisseuse-medium\/#main\" title=\"\" class=\"rl-gallery-link\">\t\t\t<img loading=\"lazy\" decoding=\"async\" src=\"http:\/\/glacas.fr\/rosee\/wp-content\/uploads\/sites\/17\/2016\/12\/Carte_Postale_Tisseuse-Medium-300x200.jpg\" width=\"300\" height=\"200\" title=\"\" class=\"attachment-medium\" alt=\"\" \/><\/a>\t<\/dt>\n\t\t<dd class=\"wp-caption-text gallery-caption\">\n\t\tLa tisseuse de l'espace\t<\/dd><\/dl>\n\n\n<\/div>\n<p>Elles sont recto verso avec au dos, le contenu classique d&rsquo;une carte postale et leur titre. Leur format est 15 X 11 cm.<\/p>\n<p><a href=\"http:\/\/glacas.fr\/rosee\/produits\/img_4661-medium\/#main\" rel=\"attachment wp-att-278\"><img loading=\"lazy\" decoding=\"async\" class=\"wp-image-278 size-medium alignnone\" src=\"http:\/\/glacas.fr\/rosee\/wp-content\/uploads\/sites\/17\/2016\/12\/IMG_4661-Medium-300x234.jpg\" alt=\"img_4661-medium\" width=\"300\" height=\"234\" srcset=\"http:\/\/glacas.fr\/rosee\/wp-content\/uploads\/sites\/17\/2016\/12\/IMG_4661-Medium-300x234.jpg 300w, http:\/\/glacas.fr\/rosee\/wp-content\/uploads\/sites\/17\/2016\/12\/IMG_4661-Medium-768x599.jpg 768w, http:\/\/glacas.fr\/rosee\/wp-content\/uploads\/sites\/17\/2016\/12\/IMG_4661-Medium.jpg 984w\" sizes=\"auto, (max-width: 300px) 100vw, 300px\" \/><\/a><\/p>\n<p>Elles sont en vente au <strong>tarif unitaire de 2 \u20ac<\/strong>.<\/p>\n<p>Pour les commander, vous pouvez me contacter pour me dire lesquelles et combien vous int\u00e9ressent. Je vous calculerais le prix avec les frais d&rsquo;envois.<\/p>\n<p>Pour commander, utilisez le formulaire de contact en bas de page.<\/p>\n<p><strong><span style=\"color: #ffff00;\">Les panneaux Dibond 3mm en 60 X 40 cm :<\/span><\/strong><\/p>\n<p><img loading=\"lazy\" decoding=\"async\" class=\"wp-image-321 alignnone\" src=\"http:\/\/glacas.fr\/rosee\/wp-content\/uploads\/sites\/17\/2016\/09\/IMG_8057-Large.jpg\" alt=\"\" width=\"561\" height=\"454\" srcset=\"http:\/\/glacas.fr\/rosee\/wp-content\/uploads\/sites\/17\/2016\/09\/IMG_8057-Large.jpg 1336w, http:\/\/glacas.fr\/rosee\/wp-content\/uploads\/sites\/17\/2016\/09\/IMG_8057-Large-300x243.jpg 300w, http:\/\/glacas.fr\/rosee\/wp-content\/uploads\/sites\/17\/2016\/09\/IMG_8057-Large-768x621.jpg 768w, http:\/\/glacas.fr\/rosee\/wp-content\/uploads\/sites\/17\/2016\/09\/IMG_8057-Large-1024x828.jpg 1024w\" sizes=\"auto, (max-width: 561px) 100vw, 561px\" \/><\/p>\n<p>Ce sont les m\u00eames panneaux et avec la m\u00eame qualit\u00e9 de tirage que ceux de l&rsquo;exposition. Ils sont imprim\u00e9s sur papier Luster 270 g et contrecoll\u00e9s sur Dibond 3mm (double couche d&rsquo;aluminium).<\/p>\n<p>Ils sont en vente au <strong>tarif unitaire de 195 \u20ac<\/strong>.TTC, hors frais d&rsquo;envoi.<\/p>\n<p>Ils sont \u00e9galement disponibles en contrecollage sur Dibon de papier argentique Fujifilm, u <strong>tarif unitaire de 95 \u20ac<\/strong>.TTC, hors frais d&rsquo;envoi.<\/p>\n<p>Ils sont pr\u00eats \u00e0 \u00eatre accroch\u00e9s. Il est \u00e9galement possible de choisir l&rsquo;orientation du panneau (portrait ou paysage). Pour voir les mod\u00e8les :<a href=\"http:\/\/glacas.fr\/rosee\/les-photos\/\"><strong> lien<\/strong><\/a><\/p>\n<p>Pour les commander, vous pouvez me contacter pour me dire lesquelles et combien vous int\u00e9ressent. Je vous calculerais le prix avec les frais d&rsquo;envois.<\/p>\n<p>Pour commander, utilisez le formulaire de contact en bas de page.<\/p>\n<p><strong><span style=\"color: #ffff00;\">Les tirages sur papier d&rsquo;art :<\/span><\/strong><\/p>\n<p>Des tirages sur papier photo HD et sur papier d&rsquo;art existent et accompagnent l&rsquo;exposition.<\/p>\n<table style=\"height: 340px;\" width=\"820\">\n<tbody>\n<tr>\n<td style=\"text-align: left;\" width=\"190\"><strong>Photo<\/strong><\/td>\n<td style=\"text-align: center;\" width=\"142\"><strong>Dim<\/strong><\/td>\n<td style=\"text-align: left;\" width=\"250\"><strong>Papier<\/strong><\/td>\n<td style=\"text-align: center;\" width=\"89\"><strong>Prix TTC<\/strong><\/td>\n<\/tr>\n<tr>\n<td>Pinceau stellaire<\/td>\n<td style=\"text-align: center;\">20 X 29\u00a0 (17 X 25,7)<\/td>\n<td>Glossy HD 254 g<\/td>\n<td style=\"text-align: center;\">12 \u20ac<\/td>\n<\/tr>\n<tr>\n<td>Le dragon cracheur de lunes<\/td>\n<td style=\"text-align: center;\">20 X 29\u00a0 (17 X 25,7)<\/td>\n<td>Luster HD 248 g<\/td>\n<td style=\"text-align: center;\">15 \u20ac<\/td>\n<\/tr>\n<tr>\n<td width=\"190\">La lune noire<\/td>\n<td style=\"text-align: center;\" width=\"142\">20 X 30<\/td>\n<td width=\"250\">Hahnem\u00fchle Rag Baryta 315 g\/m2<\/td>\n<td style=\"text-align: center;\" width=\"89\">25 \u20ac<\/td>\n<\/tr>\n<tr>\n<td width=\"190\">Luke Skylwalker I<\/td>\n<td style=\"text-align: center;\" width=\"142\">30 X 45<\/td>\n<td width=\"250\">Premium Luster 270 g<\/td>\n<td style=\"text-align: center;\" width=\"89\">30 \u20ac<\/td>\n<\/tr>\n<tr>\n<td width=\"190\">Interactions stellaires<\/td>\n<td style=\"text-align: center;\" width=\"142\">30 X 45<\/td>\n<td width=\"250\">Hahnem\u00fchle Rag Baryta 315 g\/m2<\/td>\n<td style=\"text-align: center;\" width=\"89\">30 \u20ac<\/td>\n<\/tr>\n<tr>\n<td width=\"190\">Luke Skywalker II<\/td>\n<td style=\"text-align: center;\" width=\"142\">40 X 60<\/td>\n<td width=\"250\">Hahnem\u00fchle Rag Baryta 315 g\/m2<\/td>\n<td style=\"text-align: center;\" width=\"89\">50 \u20ac<\/td>\n<\/tr>\n<\/tbody>\n<\/table>\n<p>Pour les commander, vous pouvez me contacter pour me dire lesquelles et combien vous int\u00e9ressent. Je vous calculerais le prix avec les frais d&rsquo;envois. Pour commander, utilisez le formulaire de contact en bas de page.<\/p>\n<p><span style=\"color: #ffff00;\"><strong>Les cartes de v\u0153ux :<\/strong><\/span><\/p>\n<p><a href=\"http:\/\/glacas.fr\/rosee\/produits\/img_6734-large\/#main\" rel=\"attachment wp-att-296\"><img loading=\"lazy\" decoding=\"async\" class=\"alignnone wp-image-296 size-large\" src=\"http:\/\/glacas.fr\/rosee\/wp-content\/uploads\/sites\/17\/2016\/12\/IMG_6734-Large-1024x625.jpg\" alt=\"img_6734-large\" width=\"640\" height=\"391\" srcset=\"http:\/\/glacas.fr\/rosee\/wp-content\/uploads\/sites\/17\/2016\/12\/IMG_6734-Large-1024x625.jpg 1024w, http:\/\/glacas.fr\/rosee\/wp-content\/uploads\/sites\/17\/2016\/12\/IMG_6734-Large-300x183.jpg 300w, http:\/\/glacas.fr\/rosee\/wp-content\/uploads\/sites\/17\/2016\/12\/IMG_6734-Large-768x469.jpg 768w, http:\/\/glacas.fr\/rosee\/wp-content\/uploads\/sites\/17\/2016\/12\/IMG_6734-Large.jpg 1770w\" sizes=\"auto, (max-width: 640px) 100vw, 640px\" \/><\/a><\/p>\n<p>Quatre cartes de v\u0153ux ont \u00e9t\u00e9 tir\u00e9es \u00e0 partir des photos des panneaux de l&rsquo;exposition.<\/p>\n<p>Elles sont pli\u00e9es en deux avec la possibilit\u00e9 d&rsquo;\u00e9crire \u00e0 l&rsquo;int\u00e9rieur et sur la derni\u00e8re de couverture.<br \/>Elle mesurent 21 X 14 cm d\u00e9pli\u00e9es et 10,5 X 14 cm une fois pli\u00e9es (un tout petit peu plus petit qu&rsquo;une carte postale).<\/p>\n<p><a href=\"http:\/\/glacas.fr\/rosee\/produits\/img_6698-large\/#main\" rel=\"attachment wp-att-297\"><img loading=\"lazy\" decoding=\"async\" class=\"alignnone wp-image-297 size-large\" src=\"http:\/\/glacas.fr\/rosee\/wp-content\/uploads\/sites\/17\/2016\/12\/IMG_6698-Large-1024x726.jpg\" alt=\"img_6698-large\" width=\"640\" height=\"454\" srcset=\"http:\/\/glacas.fr\/rosee\/wp-content\/uploads\/sites\/17\/2016\/12\/IMG_6698-Large-1024x726.jpg 1024w, http:\/\/glacas.fr\/rosee\/wp-content\/uploads\/sites\/17\/2016\/12\/IMG_6698-Large-300x213.jpg 300w, http:\/\/glacas.fr\/rosee\/wp-content\/uploads\/sites\/17\/2016\/12\/IMG_6698-Large-768x544.jpg 768w, http:\/\/glacas.fr\/rosee\/wp-content\/uploads\/sites\/17\/2016\/12\/IMG_6698-Large.jpg 1524w\" sizes=\"auto, (max-width: 640px) 100vw, 640px\" \/><\/a><\/p>\n<p>Elles sont en vente au <strong>tarif unitaire de 3 \u20ac<\/strong> avec leur enveloppe incluse et de <strong>10 \u20ac les 4<\/strong>.<\/p>\n<p>Pour commander, utilisez le formulaire de contact en bas de page. Indiquez le num\u00e9ro de la carte et le nombre souhait\u00e9. En fonction du nombre, je vous calculerai le montant avec les frais de port.<\/p>\n<div id=\"gallery-4\" class=\"gallery galleryid-4 default columns_4 gallery-columns-4  gallery-size-medium \">\n<dl class=\"gallery-item gallery-startcol\">\n\t<dt class=\"gallery-icon\"><a href=\"http:\/\/glacas.fr\/rosee\/produits\/cartevoeux3-medium\/#main\" title=\"\" class=\"rl-gallery-link\">\t\t\t<img loading=\"lazy\" decoding=\"async\" src=\"http:\/\/glacas.fr\/rosee\/wp-content\/uploads\/sites\/17\/2016\/12\/CarteVoeux3-Medium-200x300.jpg\" width=\"200\" height=\"300\" title=\"\" class=\"attachment-medium\" alt=\"\" \/><\/a>\t<\/dt>\n\t\t<dd class=\"wp-caption-text gallery-caption\">\n\t\tCarte 1\t<\/dd><\/dl>\n<dl class=\"gallery-item\">\n\t<dt class=\"gallery-icon\"><a href=\"http:\/\/glacas.fr\/rosee\/produits\/cartevoeux4-medium\/#main\" title=\"\" class=\"rl-gallery-link\">\t\t\t<img loading=\"lazy\" decoding=\"async\" src=\"http:\/\/glacas.fr\/rosee\/wp-content\/uploads\/sites\/17\/2016\/12\/CarteVoeux4-Medium-200x300.jpg\" width=\"200\" height=\"300\" title=\"\" class=\"attachment-medium\" alt=\"\" \/><\/a>\t<\/dt>\n\t\t<dd class=\"wp-caption-text gallery-caption\">\n\t\tCarte 2\t<\/dd><\/dl>\n<dl class=\"gallery-item\">\n\t<dt class=\"gallery-icon\"><a href=\"http:\/\/glacas.fr\/rosee\/produits\/cartevoeux4a-medium\/#main\" title=\"\" class=\"rl-gallery-link\">\t\t\t<img loading=\"lazy\" decoding=\"async\" src=\"http:\/\/glacas.fr\/rosee\/wp-content\/uploads\/sites\/17\/2016\/12\/CarteVoeux4a-Medium-222x300.jpg\" width=\"222\" height=\"300\" title=\"\" class=\"attachment-medium\" alt=\"\" \/><\/a>\t<\/dt>\n\t\t<dd class=\"wp-caption-text gallery-caption\">\n\t\tCarte 3\t<\/dd><\/dl>\n<dl class=\"gallery-item gallery-endcol\">\n\t<dt class=\"gallery-icon\"><a href=\"http:\/\/glacas.fr\/rosee\/produits\/cartevoeux5-medium\/#main\" title=\"\" class=\"rl-gallery-link\">\t\t\t<img loading=\"lazy\" decoding=\"async\" src=\"http:\/\/glacas.fr\/rosee\/wp-content\/uploads\/sites\/17\/2016\/12\/CarteVoeux5-Medium-222x300.jpg\" width=\"222\" height=\"300\" title=\"\" class=\"attachment-medium\" alt=\"\" \/><\/a>\t<\/dt>\n\t\t<dd class=\"wp-caption-text gallery-caption\">\n\t\tCarte 4\t<\/dd><\/dl>\n\n<br class='clear' \/>\n\n\n<\/div>\n<p><span style=\"text-decoration: underline; color: #ffff00;\">Pour commander :<\/span><\/p>\n<p>En raison du trop grand nombre de spams g\u00e9n\u00e9r\u00e9s \u00e0 partir du formulaire de vente en ligne, il est provisoirement suspendu.<\/p>\n<p>\u00a0<\/p>\n\n\n<p><\/p>\n","protected":false},"excerpt":{"rendered":"<p>Les cartes postales : Dix cartes postales ont \u00e9t\u00e9 tir\u00e9es \u00e0 partir des photos des panneaux de l&rsquo;exposition. Elles sont recto verso avec au dos, le contenu classique d&rsquo;une carte postale et leur titre. Leur format est 15 X 11 cm. Elles sont en vente au tarif unitaire de 2 \u20ac. Pour les commander, vous [&hellip;]<\/p>\n","protected":false},"author":1,"featured_media":0,"parent":0,"menu_order":8,"comment_status":"closed","ping_status":"closed","template":"page-full-width.php","meta":{"ngg_post_thumbnail":0,"jetpack_post_was_ever_published":false,"footnotes":"","_links_to":"","_links_to_target":""},"categories":[1],"tags":[],"class_list":["post-253","page","type-page","status-publish","hentry","category-non-classe","gallery-content-unit"],"aioseo_notices":[],"jetpack_sharing_enabled":true,"jetpack_shortlink":"https:\/\/wp.me\/P7Wn1u-45","jetpack_likes_enabled":true,"_links":{"self":[{"href":"http:\/\/glacas.fr\/rosee\/wp-json\/wp\/v2\/pages\/253","targetHints":{"allow":["GET"]}}],"collection":[{"href":"http:\/\/glacas.fr\/rosee\/wp-json\/wp\/v2\/pages"}],"about":[{"href":"http:\/\/glacas.fr\/rosee\/wp-json\/wp\/v2\/types\/page"}],"author":[{"embeddable":true,"href":"http:\/\/glacas.fr\/rosee\/wp-json\/wp\/v2\/users\/1"}],"replies":[{"embeddable":true,"href":"http:\/\/glacas.fr\/rosee\/wp-json\/wp\/v2\/comments?post=253"}],"version-history":[{"count":32,"href":"http:\/\/glacas.fr\/rosee\/wp-json\/wp\/v2\/pages\/253\/revisions"}],"predecessor-version":[{"id":54076,"href":"http:\/\/glacas.fr\/rosee\/wp-json\/wp\/v2\/pages\/253\/revisions\/54076"}],"wp:attachment":[{"href":"http:\/\/glacas.fr\/rosee\/wp-json\/wp\/v2\/media?parent=253"}],"wp:term":[{"taxonomy":"category","embeddable":true,"href":"http:\/\/glacas.fr\/rosee\/wp-json\/wp\/v2\/categories?post=253"},{"taxonomy":"post_tag","embeddable":true,"href":"http:\/\/glacas.fr\/rosee\/wp-json\/wp\/v2\/tags?post=253"}],"curies":[{"name":"wp","href":"https:\/\/api.w.org\/{rel}","templated":true}]}}