{"id":139,"date":"2016-09-25T21:08:05","date_gmt":"2016-09-25T19:08:05","guid":{"rendered":"http:\/\/glacas.fr\/rosee\/?page_id=139"},"modified":"2025-06-08T16:27:58","modified_gmt":"2025-06-08T14:27:58","slug":"contact-et-calendrier","status":"publish","type":"page","link":"http:\/\/glacas.fr\/rosee\/contact-et-calendrier\/","title":{"rendered":"Contact et calendrier"},"content":{"rendered":"<h1 style=\"text-align: center;\"><span style=\"text-decoration: underline;\"><span style=\"color: #ffff00; text-decoration: underline;\">D<strong>ates et lieux d&rsquo;exposition<\/strong><\/span><span style=\"color: #ffff00;\"><strong><br \/><\/strong><\/span><\/span><\/h1>\n<p><span style=\"color: #000000;\">r<\/span><\/p>\n<p><span style=\"color: #000000;\">r<\/span><\/p>\n<p><span style=\"color: #ffff00;\"><strong>A partir du dimanche 25 mai 2025 :<\/strong><\/span><\/p>\n<p><img loading=\"lazy\" decoding=\"async\" class=\"aligncenter size-medium wp-image-54072\" src=\"http:\/\/glacas.fr\/rosee\/wp-content\/uploads\/sites\/17\/2025\/06\/IMG_7904-Grand-300x200.jpg\" alt=\"\" width=\"300\" height=\"200\" srcset=\"http:\/\/glacas.fr\/rosee\/wp-content\/uploads\/sites\/17\/2025\/06\/IMG_7904-Grand-300x200.jpg 300w, http:\/\/glacas.fr\/rosee\/wp-content\/uploads\/sites\/17\/2025\/06\/IMG_7904-Grand-1024x683.jpg 1024w, http:\/\/glacas.fr\/rosee\/wp-content\/uploads\/sites\/17\/2025\/06\/IMG_7904-Grand-768x512.jpg 768w, http:\/\/glacas.fr\/rosee\/wp-content\/uploads\/sites\/17\/2025\/06\/IMG_7904-Grand-1536x1024.jpg 1536w, http:\/\/glacas.fr\/rosee\/wp-content\/uploads\/sites\/17\/2025\/06\/IMG_7904-Grand.jpg 1620w\" sizes=\"auto, (max-width: 300px) 100vw, 300px\" \/><\/p>\n<ul>\n<li><b>Le Sentier des Saisons <\/b>\u00e9t\u00e9 2025\u00a0 vous propose <strong>\u201cVercors, Voix et Lumi\u00e8res\u201d<\/strong><\/li>\n<li>25 photos grands formats en pleine nature, r\u00e9alis\u00e9es par 5 photographes naturalistes habitant le Vercors<\/li>\n<li>Lors d\u2019une promenade immersive accessible \u00e0 tous, les visiteurs pourront d\u00e9couvrir ces \u0153uvres.<\/li>\n<li>Munis de casques audio, ils pourront \u00e9couter les t\u00e9moignages des artistes devant chaque photo, ainsi\u00a0 que des informations scientifiques sur les esp\u00e8ces,<\/li>\n<li>Localisation : Base Nature<\/li>\n<li>2340 route des Granges, \u00e0 Vassieux en Vercors (26420)<\/li>\n<li>Inauguration, : Dimanche 25 mai 2025 \u00e0 15h<\/li>\n<li>Horaires : tous les jours\u00a0 : 10h \u2013 17h (tout l\u2019\u00e9t\u00e9)<br \/>Base nature Vercors : 10h \u2013 22h (tous les jours de l\u2019\u00e9t\u00e9)<br \/>Groupes sur r\u00e9servation uniquement<\/li>\n<li>Pour en savoir plus sur le <a href=\"https:\/\/www.alamdo.com\/sentier-des-saisons\/\"><strong>projet<\/strong><\/a><\/li>\n<\/ul>\n<p style=\"text-align: center;\">&#8212;&#8212;&#8212;-<\/p>\n<p><span style=\"color: #ffff00;\"><strong>Du 6 avril au 8 mai 2025 :<\/strong><\/span><\/p>\n<p><img loading=\"lazy\" decoding=\"async\" class=\"aligncenter size-medium wp-image-54060\" src=\"http:\/\/glacas.fr\/rosee\/wp-content\/uploads\/sites\/17\/2025\/04\/491669308_3153156101507695_3935149886764365444_n-300x200.jpg\" alt=\"\" width=\"300\" height=\"200\" srcset=\"http:\/\/glacas.fr\/rosee\/wp-content\/uploads\/sites\/17\/2025\/04\/491669308_3153156101507695_3935149886764365444_n-300x200.jpg 300w, http:\/\/glacas.fr\/rosee\/wp-content\/uploads\/sites\/17\/2025\/04\/491669308_3153156101507695_3935149886764365444_n-768x512.jpg 768w, http:\/\/glacas.fr\/rosee\/wp-content\/uploads\/sites\/17\/2025\/04\/491669308_3153156101507695_3935149886764365444_n.jpg 960w\" sizes=\"auto, (max-width: 300px) 100vw, 300px\" \/><\/p>\n<ul>\n<li>Vercors Voix et Lumi\u00e8res<\/li>\n<li>Sentier VVL<\/li>\n<li>A Saint Etienne en Quint (26150)<\/li>\n<li>Horaires : tous les jours &#8211;<\/li>\n<\/ul>\n<p style=\"text-align: center;\">&#8212;&#8212;&#8211;<\/p>\n<p><span style=\"color: #ffff00;\"><strong>Du samedi 8 avril au 10 mai 2023 :<\/strong><\/span><\/p>\n<p><img loading=\"lazy\" decoding=\"async\" class=\"size-medium wp-image-50676 aligncenter\" src=\"http:\/\/glacas.fr\/rosee\/wp-content\/uploads\/sites\/17\/2023\/04\/la-gare-des-ramieres-s-adapte-cet-ete-1594400550-300x225.jpg\" alt=\"\" width=\"300\" height=\"225\" srcset=\"http:\/\/glacas.fr\/rosee\/wp-content\/uploads\/sites\/17\/2023\/04\/la-gare-des-ramieres-s-adapte-cet-ete-1594400550-300x225.jpg 300w, http:\/\/glacas.fr\/rosee\/wp-content\/uploads\/sites\/17\/2023\/04\/la-gare-des-ramieres-s-adapte-cet-ete-1594400550-1024x768.jpg 1024w, http:\/\/glacas.fr\/rosee\/wp-content\/uploads\/sites\/17\/2023\/04\/la-gare-des-ramieres-s-adapte-cet-ete-1594400550-768x576.jpg 768w, http:\/\/glacas.fr\/rosee\/wp-content\/uploads\/sites\/17\/2023\/04\/la-gare-des-ramieres-s-adapte-cet-ete-1594400550-1536x1152.jpg 1536w, http:\/\/glacas.fr\/rosee\/wp-content\/uploads\/sites\/17\/2023\/04\/la-gare-des-ramieres-s-adapte-cet-ete-1594400550.jpg 1600w\" sizes=\"auto, (max-width: 300px) 100vw, 300px\" \/><\/p>\n<ul>\n<li>Gare des Rami\u00e8res<\/li>\n<li>Maison de la r\u00e9serve naturelle des Rami\u00e8res du Val de Dr\u00f4me<\/li>\n<li>A Allex (26400)<\/li>\n<li>Vernissage : vendredi 7 avril 2023 \u00e0 18h<\/li>\n<li>Horaires : <strong>du 8 avril au 7 mai <\/strong>: tous les jours &#8211; 13h30 &gt; 18h30<\/li>\n<\/ul>\n<p style=\"text-align: center;\">&#8212;&#8212;&#8212;&#8211;<\/p>\n<p><strong><span style=\"color: #ffff00;\">Du vendredi 13 janvier au vendredi 18 f\u00e9vrier 2023<\/span><br \/><\/strong><\/p>\n<p><img loading=\"lazy\" decoding=\"async\" class=\" wp-image-44128 aligncenter\" src=\"http:\/\/glacas.fr\/rosee\/wp-content\/uploads\/sites\/17\/2023\/01\/Photos-vif-300x225.jpg\" alt=\"\" width=\"323\" height=\"242\" srcset=\"http:\/\/glacas.fr\/rosee\/wp-content\/uploads\/sites\/17\/2023\/01\/Photos-vif-300x225.jpg 300w, http:\/\/glacas.fr\/rosee\/wp-content\/uploads\/sites\/17\/2023\/01\/Photos-vif-1024x768.jpg 1024w, http:\/\/glacas.fr\/rosee\/wp-content\/uploads\/sites\/17\/2023\/01\/Photos-vif-768x576.jpg 768w, http:\/\/glacas.fr\/rosee\/wp-content\/uploads\/sites\/17\/2023\/01\/Photos-vif-1536x1152.jpg 1536w, http:\/\/glacas.fr\/rosee\/wp-content\/uploads\/sites\/17\/2023\/01\/Photos-vif-2048x1536.jpg 2048w\" sizes=\"auto, (max-width: 323px) 100vw, 323px\" \/><\/p>\n<ul>\n<li>Espace Olympe de Gouges<\/li>\n<li>A Vif (38250)<\/li>\n<li>Vernissage : vendredi 13 janvier 2023 \u00e0 18h<\/li>\n<li>Horaires : les lundis, mardis, mercredis, jeudis et vendredis de 9h \u00e0 12h et de 13h30 \u00e0 17h<\/li>\n<\/ul>\n<p style=\"text-align: center;\">&#8212;&#8212;&#8212;&#8212;<\/p>\n<p><span style=\"color: #ffff00;\"><strong>Du samedi 18 d\u00e9cembre 2021 au dimanche 2 janvier 2022<\/strong><\/span><\/p>\n<p><img loading=\"lazy\" decoding=\"async\" class=\" wp-image-7520 aligncenter\" src=\"http:\/\/glacas.fr\/rosee\/wp-content\/uploads\/sites\/17\/2021\/10\/Sans-titre-300x242.jpg\" alt=\"\" width=\"299\" height=\"241\" srcset=\"http:\/\/glacas.fr\/rosee\/wp-content\/uploads\/sites\/17\/2021\/10\/Sans-titre-300x242.jpg 300w, http:\/\/glacas.fr\/rosee\/wp-content\/uploads\/sites\/17\/2021\/10\/Sans-titre.jpg 659w\" sizes=\"auto, (max-width: 299px) 100vw, 299px\" \/><\/p>\n<ul>\n<li>Galerie \u00ab\u00a0Espace Vercors\u00a0\u00bb<\/li>\n<li>A Villard de Lans, en face de l&rsquo;\u00e9glise<\/li>\n<li>Vernissage : dimanche 19 d\u00e9cembre \u00e0 17h<\/li>\n<li>Exposition \u00e0 4 avec : Chantal DUBAT, Alain BOURDEL et Jean-Paul GOUTTENOIRE<\/li>\n<li>Permanences : Lundi, mardi, jeudi, vendredi : 15 h \u00e0 18 h 30 et mercredi, samedi, dimanche : 10 h 30 \u00e0 12 h 30 &#8211; 15 h \u00e0 18 h 3O<\/li>\n<\/ul>\n<p style=\"text-align: center;\">&#8212;&#8212;&#8212;&#8212;<\/p>\n<p><span style=\"color: #ffff00;\"><strong>Le dimanche 31 octobre 2021 jusqu&rsquo;au 30 novembre 2021 :<\/strong><\/span><\/p>\n<p><img loading=\"lazy\" decoding=\"async\" class=\"wp-image-7519  aligncenter\" src=\"http:\/\/glacas.fr\/rosee\/wp-content\/uploads\/sites\/17\/2021\/10\/auberge-des-3-ruisseaux-300x208.jpg\" alt=\"\" width=\"318\" height=\"220\" srcset=\"http:\/\/glacas.fr\/rosee\/wp-content\/uploads\/sites\/17\/2021\/10\/auberge-des-3-ruisseaux-300x208.jpg 300w, http:\/\/glacas.fr\/rosee\/wp-content\/uploads\/sites\/17\/2021\/10\/auberge-des-3-ruisseaux.jpg 550w\" sizes=\"auto, (max-width: 318px) 100vw, 318px\" \/><\/p>\n<ul>\n<li>Au Berges des Trois ruisseaux \u00e0 Combovin dans la Dr\u00f4me (pr\u00e8s de Chabeuil)<\/li>\n<li>de 11h \u00e0 17h<\/li>\n<li>Vernissage \u00e0 15h<\/li>\n<li>Avec musique : \u00ab\u00a0Loopin&rsquo; Marm\u00a0\u00bb et \u00ab\u00a0Marmotte et G\u00e9rard Maimon\u00a0\u00bb<\/li>\n<li>Et \u00ab\u00a0Frou Frou\u00a0\u00bb et \u00ab\u00a0Gn\u00f4le\u00a0\u00bb<\/li>\n<\/ul>\n<p><span style=\"color: #ffff00;\"><strong>Du lundi 2 janvier au vendredi 31 mars 2017<\/strong> :<\/span><\/p>\n<p><a href=\"http:\/\/glacas.fr\/rosee\/contact-et-calendrier\/img_4797-img_4799-large\/#main\" rel=\"attachment wp-att-318\"><img loading=\"lazy\" decoding=\"async\" class=\"alignnone wp-image-318 size-large\" src=\"http:\/\/glacas.fr\/rosee\/wp-content\/uploads\/sites\/17\/2016\/09\/IMG_4797-IMG_4799-Large-1024x438.jpg\" width=\"640\" height=\"274\" srcset=\"http:\/\/glacas.fr\/rosee\/wp-content\/uploads\/sites\/17\/2016\/09\/IMG_4797-IMG_4799-Large-1024x438.jpg 1024w, http:\/\/glacas.fr\/rosee\/wp-content\/uploads\/sites\/17\/2016\/09\/IMG_4797-IMG_4799-Large-300x128.jpg 300w, http:\/\/glacas.fr\/rosee\/wp-content\/uploads\/sites\/17\/2016\/09\/IMG_4797-IMG_4799-Large-768x329.jpg 768w, http:\/\/glacas.fr\/rosee\/wp-content\/uploads\/sites\/17\/2016\/09\/IMG_4797-IMG_4799-Large.jpg 1920w\" sizes=\"auto, (max-width: 640px) 100vw, 640px\" \/><\/a><\/p>\n<ul>\n<li>Maison du Parc Naturel R\u00e9gional du Vercors \u00e0 Lans en Vercors (38)<\/li>\n<li>N\u00e9cessit\u00e9 d\u2019appeler avant pour visiter l&rsquo;expo (04 76 94 38 26)<\/li>\n<\/ul>\n<p><strong>Du lundi 17 avril au samedi 6 mai 2017<\/strong> :<\/p>\n<p><img loading=\"lazy\" decoding=\"async\" class=\"aligncenter size-medium wp-image-54079\" src=\"http:\/\/glacas.fr\/rosee\/wp-content\/uploads\/sites\/17\/2025\/06\/IMG_6955-Grand-225x300.jpg\" alt=\"\" width=\"225\" height=\"300\" srcset=\"http:\/\/glacas.fr\/rosee\/wp-content\/uploads\/sites\/17\/2025\/06\/IMG_6955-Grand-225x300.jpg 225w, http:\/\/glacas.fr\/rosee\/wp-content\/uploads\/sites\/17\/2025\/06\/IMG_6955-Grand-768x1024.jpg 768w, http:\/\/glacas.fr\/rosee\/wp-content\/uploads\/sites\/17\/2025\/06\/IMG_6955-Grand.jpg 1080w\" sizes=\"auto, (max-width: 225px) 100vw, 225px\" \/><\/p>\n<ul>\n<li>Salle d&rsquo;expo de l&rsquo;OT de Lans en Vercors (38)<\/li>\n<li>Vernissage le samedi 22 avril \u00e0 11h. Venez d\u00e9couvrir les photos et \u00e9changer autour d&rsquo;un verre !<\/li>\n<li>Article de presse sur le vernissage :<\/li>\n<\/ul>\n<p><strong>Du jeudi 25 mai au dimanche 28 mai 2017<\/strong> :<\/p>\n<p><a href=\"http:\/\/glacas.fr\/rosee\/wp-content\/uploads\/sites\/17\/2016\/09\/Bandeau.jpg\" data-rel=\"lightbox-image-0\" data-rl_title=\"\" data-rl_caption=\"\" title=\"\"><img loading=\"lazy\" decoding=\"async\" class=\"aligncenter size-medium wp-image-54081\" src=\"http:\/\/glacas.fr\/rosee\/wp-content\/uploads\/sites\/17\/2025\/06\/Prix_focales2017_0001-Large-179x300.jpg\" alt=\"\" width=\"179\" height=\"300\" srcset=\"http:\/\/glacas.fr\/rosee\/wp-content\/uploads\/sites\/17\/2025\/06\/Prix_focales2017_0001-Large-179x300.jpg 179w, http:\/\/glacas.fr\/rosee\/wp-content\/uploads\/sites\/17\/2025\/06\/Prix_focales2017_0001-Large-613x1024.jpg 613w, http:\/\/glacas.fr\/rosee\/wp-content\/uploads\/sites\/17\/2025\/06\/Prix_focales2017_0001-Large.jpg 646w\" sizes=\"auto, (max-width: 179px) 100vw, 179px\" \/><\/a><\/p>\n<ul>\n<li>7 des photos de l&rsquo;expo ont \u00e9t\u00e9 s\u00e9lectionn\u00e9es par le festival \u00a0\u00bb Focales en Vercors\u00a0\u00bb \u00e0 Villard de Lans (38)<\/li>\n<li>Elle seront donc expos\u00e9es, avec celles de 13 autres photographes, \u00e0 la Maison du Patrimoine.<\/li>\n<li>Je serai pas mal sur place pour discuter avec le public durant ces quatre jours<\/li>\n<li>Pour en savoir plus sur le festival Focales en Vercors 2017 : <a href=\"http:\/\/www.focales-en-vercors.org\/\"><strong>lien<\/strong> <\/a><\/li>\n<\/ul>\n<p><strong>Du samedi 3 juin au samedi 1 juillet 2017<\/strong> :<\/p>\n<ul>\n<li>MPT de Villard de Lans (38)<\/li>\n<li>Pour l&rsquo;instant pas de vernissage pr\u00e9vu mais on verra&#8230;<\/li>\n<\/ul>\n<p><span style=\"text-decoration: underline; color: #ffff00;\">Infos :<\/span><\/p>\n<p><strong>Dossier de presse :\u00a0<a href=\"http:\/\/glacas.fr\/Transit\/Photos\/Dossier_Presse_Rosee_Intersiderale.pdf\">T\u00e9l\u00e9charger le dossier de presse<\/a><\/strong><\/p>\n<p>Si vous \u00eates int\u00e9ress\u00e9 par cette exposition ou si vous connaissez des lieux susceptibles de l&rsquo;accueillir, n&rsquo;h\u00e9sitez pas \u00e0 me contacter \u00e0 l&rsquo;aide du formulaire ci-dessous.<\/p>\n<p>Vous pouvez \u00e9galement <span style=\"color: #ffff00;\">laisser un commentaire, une suggestion, une critique<\/span> dans le livre d&rsquo;or :<\/p>\n<p><a href=\"http:\/\/glacas.fr\/rosee\/livre-dor\/\" rel=\"attachment wp-att-200\"><img loading=\"lazy\" decoding=\"async\" class=\"aligncenter wp-image-200 size-thumbnail\" src=\"http:\/\/glacas.fr\/rosee\/wp-content\/uploads\/sites\/17\/2016\/09\/Livredor-150x150.jpg\" alt=\"livredor\" width=\"150\" height=\"150\" \/><\/a><\/p>\n<p><span style=\"text-decoration: underline; color: #ffff00;\">Pour proposer un lieu pour l&rsquo;accueillir ou pour poser une question sur l&rsquo;exposition :<\/span><\/p>\n<p>\u00a0<\/p>\n\n\n<p><\/p>\n","protected":false},"excerpt":{"rendered":"<p>Dates et lieux d&rsquo;exposition r r A partir du dimanche 25 mai 2025 : Le Sentier des Saisons \u00e9t\u00e9 2025\u00a0 vous propose \u201cVercors, Voix et Lumi\u00e8res\u201d 25 photos grands formats en pleine nature, r\u00e9alis\u00e9es par 5 photographes naturalistes habitant le Vercors Lors d\u2019une promenade immersive accessible \u00e0 tous, les visiteurs pourront d\u00e9couvrir ces \u0153uvres. Munis [&hellip;]<\/p>\n","protected":false},"author":1,"featured_media":141,"parent":0,"menu_order":6,"comment_status":"closed","ping_status":"closed","template":"page-full-width.php","meta":{"ngg_post_thumbnail":0,"jetpack_post_was_ever_published":false,"footnotes":"","_links_to":"","_links_to_target":""},"categories":[1],"tags":[],"class_list":["post-139","page","type-page","status-publish","has-post-thumbnail","hentry","category-non-classe","gallery-content-unit"],"aioseo_notices":[],"jetpack_sharing_enabled":true,"jetpack_shortlink":"https:\/\/wp.me\/P7Wn1u-2f","jetpack_likes_enabled":true,"_links":{"self":[{"href":"http:\/\/glacas.fr\/rosee\/wp-json\/wp\/v2\/pages\/139","targetHints":{"allow":["GET"]}}],"collection":[{"href":"http:\/\/glacas.fr\/rosee\/wp-json\/wp\/v2\/pages"}],"about":[{"href":"http:\/\/glacas.fr\/rosee\/wp-json\/wp\/v2\/types\/page"}],"author":[{"embeddable":true,"href":"http:\/\/glacas.fr\/rosee\/wp-json\/wp\/v2\/users\/1"}],"replies":[{"embeddable":true,"href":"http:\/\/glacas.fr\/rosee\/wp-json\/wp\/v2\/comments?post=139"}],"version-history":[{"count":50,"href":"http:\/\/glacas.fr\/rosee\/wp-json\/wp\/v2\/pages\/139\/revisions"}],"predecessor-version":[{"id":54082,"href":"http:\/\/glacas.fr\/rosee\/wp-json\/wp\/v2\/pages\/139\/revisions\/54082"}],"wp:featuredmedia":[{"embeddable":true,"href":"http:\/\/glacas.fr\/rosee\/wp-json\/wp\/v2\/media\/141"}],"wp:attachment":[{"href":"http:\/\/glacas.fr\/rosee\/wp-json\/wp\/v2\/media?parent=139"}],"wp:term":[{"taxonomy":"category","embeddable":true,"href":"http:\/\/glacas.fr\/rosee\/wp-json\/wp\/v2\/categories?post=139"},{"taxonomy":"post_tag","embeddable":true,"href":"http:\/\/glacas.fr\/rosee\/wp-json\/wp\/v2\/tags?post=139"}],"curies":[{"name":"wp","href":"https:\/\/api.w.org\/{rel}","templated":true}]}}