{"id":133,"date":"2016-09-25T21:07:57","date_gmt":"2016-09-25T19:07:57","guid":{"rendered":"http:\/\/glacas.fr\/rosee\/?page_id=133"},"modified":"2017-01-15T16:41:45","modified_gmt":"2017-01-15T15:41:45","slug":"lexposition","status":"publish","type":"page","link":"http:\/\/glacas.fr\/rosee\/lexposition\/","title":{"rendered":"L&rsquo;exposition"},"content":{"rendered":"<p style=\"text-align: center;\"><a href=\"http:\/\/glacas.fr\/rosee\/lexposition\/img_4797-img_4799-large-2\/#main\" rel=\"attachment wp-att-322\"><img loading=\"lazy\" decoding=\"async\" class=\"alignnone wp-image-322 size-large\" src=\"http:\/\/glacas.fr\/rosee\/wp-content\/uploads\/sites\/17\/2016\/09\/IMG_4797-IMG_4799-Large-1-1024x438.jpg\" width=\"640\" height=\"274\" srcset=\"http:\/\/glacas.fr\/rosee\/wp-content\/uploads\/sites\/17\/2016\/09\/IMG_4797-IMG_4799-Large-1-1024x438.jpg 1024w, http:\/\/glacas.fr\/rosee\/wp-content\/uploads\/sites\/17\/2016\/09\/IMG_4797-IMG_4799-Large-1-300x128.jpg 300w, http:\/\/glacas.fr\/rosee\/wp-content\/uploads\/sites\/17\/2016\/09\/IMG_4797-IMG_4799-Large-1-768x329.jpg 768w, http:\/\/glacas.fr\/rosee\/wp-content\/uploads\/sites\/17\/2016\/09\/IMG_4797-IMG_4799-Large-1.jpg 1920w\" sizes=\"auto, (max-width: 640px) 100vw, 640px\" \/><\/a><\/p>\n<p>&nbsp;<\/p>\n<p><strong><span style=\"text-decoration: underline;\">L&rsquo;exposition<\/span> :<\/strong><\/p>\n<p>Elle est constitu\u00e9e de 29 panneaux en Dibond 3 mm de 60 X 40 cm. Chacun dispose de son syst\u00e8me d&rsquo;accroche.<\/p>\n<p><a href=\"http:\/\/glacas.fr\/rosee\/lexposition\/img_8057-large\/#main\" rel=\"attachment wp-att-321\"><img loading=\"lazy\" decoding=\"async\" class=\"alignnone wp-image-321 size-large\" src=\"http:\/\/glacas.fr\/rosee\/wp-content\/uploads\/sites\/17\/2016\/09\/IMG_8057-Large-1024x828.jpg\" width=\"640\" height=\"518\" srcset=\"http:\/\/glacas.fr\/rosee\/wp-content\/uploads\/sites\/17\/2016\/09\/IMG_8057-Large-1024x828.jpg 1024w, http:\/\/glacas.fr\/rosee\/wp-content\/uploads\/sites\/17\/2016\/09\/IMG_8057-Large-300x243.jpg 300w, http:\/\/glacas.fr\/rosee\/wp-content\/uploads\/sites\/17\/2016\/09\/IMG_8057-Large-768x621.jpg 768w, http:\/\/glacas.fr\/rosee\/wp-content\/uploads\/sites\/17\/2016\/09\/IMG_8057-Large.jpg 1336w\" sizes=\"auto, (max-width: 640px) 100vw, 640px\" \/><\/a><\/p>\n<p>Elle comprend 27 panneaux avec une photo en lien avec le th\u00e8me (<a href=\"http:\/\/glacas.fr\/rosee\/les-photos\/\">Voir la galerie<\/a>).<\/p>\n<p><a href=\"http:\/\/glacas.fr\/rosee\/lexposition\/img_4793-img_4794-large\/#main\" rel=\"attachment wp-att-323\"><img loading=\"lazy\" decoding=\"async\" class=\"alignnone wp-image-323 size-large\" src=\"http:\/\/glacas.fr\/rosee\/wp-content\/uploads\/sites\/17\/2016\/09\/IMG_4793-IMG_4794-Large-1024x565.jpg\" width=\"640\" height=\"353\" srcset=\"http:\/\/glacas.fr\/rosee\/wp-content\/uploads\/sites\/17\/2016\/09\/IMG_4793-IMG_4794-Large-1024x565.jpg 1024w, http:\/\/glacas.fr\/rosee\/wp-content\/uploads\/sites\/17\/2016\/09\/IMG_4793-IMG_4794-Large-300x166.jpg 300w, http:\/\/glacas.fr\/rosee\/wp-content\/uploads\/sites\/17\/2016\/09\/IMG_4793-IMG_4794-Large-768x424.jpg 768w, http:\/\/glacas.fr\/rosee\/wp-content\/uploads\/sites\/17\/2016\/09\/IMG_4793-IMG_4794-Large.jpg 1920w\" sizes=\"auto, (max-width: 640px) 100vw, 640px\" \/><\/a><\/p>\n<p>S&rsquo;y rajoute deux panneaux avec du texte explicatif (un sur l&rsquo;environnement o\u00f9 on \u00e9t\u00e9 prises les photos et un sur les araign\u00e9es qui ont tiss\u00e9 les toiles)<\/p>\n<div id=\"gallery-2\" class=\"gallery galleryid-2 default columns_3 gallery-columns-3  gallery-size-medium \">\n<dl class=\"gallery-item gallery-startcol\">\n\t<dt class=\"gallery-icon\"><a href=\"http:\/\/glacas.fr\/rosee\/lexposition\/panoprairie-large\/#main\" title=\"\" class=\"rl-gallery-link\">\t\t\t<img loading=\"lazy\" decoding=\"async\" src=\"http:\/\/glacas.fr\/rosee\/wp-content\/uploads\/sites\/17\/2016\/09\/PanoPrairie-Large-200x300.jpg\" width=\"200\" height=\"300\" title=\"\" class=\"attachment-medium\" alt=\"\" \/><\/a>\t<\/dt>\n\t<\/dl>\n<dl class=\"gallery-item\">\n\t<dt class=\"gallery-icon\"><a href=\"http:\/\/glacas.fr\/rosee\/lexposition\/panotisseuses-large\/#main\" title=\"\" class=\"rl-gallery-link\">\t\t\t<img loading=\"lazy\" decoding=\"async\" src=\"http:\/\/glacas.fr\/rosee\/wp-content\/uploads\/sites\/17\/2016\/09\/PanoTisseuses-Large-200x300.jpg\" width=\"200\" height=\"300\" title=\"\" class=\"attachment-medium\" alt=\"\" \/><\/a>\t<\/dt>\n\t<\/dl>\n\n\n<\/div>\n<p>&nbsp;<\/p>\n<p>En fonction des lieux, elle peut se moduler en s\u00e9ries de 8, 12, 16, 24 ou 29 panneaux.<\/p>\n<p>La grande majorit\u00e9 des panneaux est en format paysage sauf les deux panneaux explicatifs. Chaque panneau est \u00e9quip\u00e9 d&rsquo;un syst\u00e8me d&rsquo;accrochage \u00e0 l&rsquo;arri\u00e8re.<\/p>\n<p>L&rsquo;impression a \u00e9t\u00e9 r\u00e9alis\u00e9e par <span style=\"color: #ffff00;\"><strong>Tirages Pro<\/strong><\/span> que je remercie pour leur aide (<a href=\"https:\/\/www.tirages-pro.com\/\">lien<\/a>).<\/p>\n<p>&nbsp;<\/p>\n<p><strong><span style=\"text-decoration: underline;\">Les photos<\/span> :<\/strong><\/p>\n<p>Toutes ces photos ont \u00e9t\u00e9 prises dans le Vercors \u00e0 1\u00a0000 m d\u2019altitude durant trois \u00e9t\u00e9s.<\/p>\n<p>Elles ont \u00e9t\u00e9 r\u00e9alis\u00e9es sans flash, sans lumi\u00e8re ajout\u00e9e, sans r\u00e9flecteur et sans filtre. Elles ont \u00e9t\u00e9 tr\u00e8s peu retrait\u00e9es \u00e0 part pour des recadrages et accentuation du contraste.<\/p>\n<p>&nbsp;<\/p>\n<p><strong><span style=\"text-decoration: underline;\">Autres supports<\/span> :<\/strong><\/p>\n<p>Une <strong>affiche<\/strong> \u00e0 compl\u00e9ter en fonction des lieux (<a href=\"http:\/\/glacas.fr\/Transit\/Photos\/Affiche-1%20(Large).jpg\" data-rel=\"lightbox-image-0\" data-rl_title=\"\" data-rl_caption=\"\" title=\"\">lien pour la t\u00e9l\u00e9charger<\/a>) et un <strong>dossier de presse<\/strong> de pr\u00e9sentation de l&rsquo;exposition (<a href=\"http:\/\/glacas.fr\/Transit\/Photos\/Dossier_Presse_Rosee_Intersiderale.pdf\">lien pour le t\u00e9l\u00e9charger<\/a>) sont disponibles.<\/p>\n<p>Des tirages sur papier Photo Rag Satin Hahnemulhe 310g existent en trois formats et sont en vente.<\/p>\n<p>Des cartes postales sont \u00e9galement disponibles (<a href=\"http:\/\/glacas.fr\/rosee\/produits\/\">lien vers leur pr\u00e9sentation<\/a>)<\/p>\n","protected":false},"excerpt":{"rendered":"<p>&nbsp; L&rsquo;exposition : Elle est constitu\u00e9e de 29 panneaux en Dibond 3 mm de 60 X 40 cm. Chacun dispose de son syst\u00e8me d&rsquo;accroche. Elle comprend 27 panneaux avec une photo en lien avec le th\u00e8me (Voir la galerie). S&rsquo;y rajoute deux panneaux avec du texte explicatif (un sur l&rsquo;environnement o\u00f9 on \u00e9t\u00e9 prises les [&hellip;]<\/p>\n","protected":false},"author":1,"featured_media":144,"parent":0,"menu_order":3,"comment_status":"closed","ping_status":"closed","template":"page-full-width.php","meta":{"ngg_post_thumbnail":0,"jetpack_post_was_ever_published":false,"footnotes":"","_links_to":"","_links_to_target":""},"categories":[1],"tags":[],"class_list":["post-133","page","type-page","status-publish","has-post-thumbnail","hentry","category-non-classe","gallery-content-unit"],"aioseo_notices":[],"jetpack_sharing_enabled":true,"jetpack_shortlink":"https:\/\/wp.me\/P7Wn1u-29","jetpack_likes_enabled":true,"_links":{"self":[{"href":"http:\/\/glacas.fr\/rosee\/wp-json\/wp\/v2\/pages\/133","targetHints":{"allow":["GET"]}}],"collection":[{"href":"http:\/\/glacas.fr\/rosee\/wp-json\/wp\/v2\/pages"}],"about":[{"href":"http:\/\/glacas.fr\/rosee\/wp-json\/wp\/v2\/types\/page"}],"author":[{"embeddable":true,"href":"http:\/\/glacas.fr\/rosee\/wp-json\/wp\/v2\/users\/1"}],"replies":[{"embeddable":true,"href":"http:\/\/glacas.fr\/rosee\/wp-json\/wp\/v2\/comments?post=133"}],"version-history":[{"count":20,"href":"http:\/\/glacas.fr\/rosee\/wp-json\/wp\/v2\/pages\/133\/revisions"}],"predecessor-version":[{"id":332,"href":"http:\/\/glacas.fr\/rosee\/wp-json\/wp\/v2\/pages\/133\/revisions\/332"}],"wp:featuredmedia":[{"embeddable":true,"href":"http:\/\/glacas.fr\/rosee\/wp-json\/wp\/v2\/media\/144"}],"wp:attachment":[{"href":"http:\/\/glacas.fr\/rosee\/wp-json\/wp\/v2\/media?parent=133"}],"wp:term":[{"taxonomy":"category","embeddable":true,"href":"http:\/\/glacas.fr\/rosee\/wp-json\/wp\/v2\/categories?post=133"},{"taxonomy":"post_tag","embeddable":true,"href":"http:\/\/glacas.fr\/rosee\/wp-json\/wp\/v2\/tags?post=133"}],"curies":[{"name":"wp","href":"https:\/\/api.w.org\/{rel}","templated":true}]}}