{"id":131,"date":"2016-09-25T21:07:54","date_gmt":"2016-09-25T19:07:54","guid":{"rendered":"http:\/\/glacas.fr\/rosee\/?page_id=131"},"modified":"2016-09-26T12:49:26","modified_gmt":"2016-09-26T10:49:26","slug":"le-projet","status":"publish","type":"page","link":"http:\/\/glacas.fr\/rosee\/le-projet\/","title":{"rendered":"Le projet"},"content":{"rendered":"<p style=\"text-align: center;\"><a href=\"http:\/\/glacas.fr\/rosee\/le-projet\/wu5h7889-large-2\/#main\" rel=\"attachment wp-att-170\"><img loading=\"lazy\" decoding=\"async\" class=\"alignnone wp-image-170 size-large\" src=\"http:\/\/glacas.fr\/rosee\/wp-content\/uploads\/sites\/17\/2016\/09\/WU5H7889-Large-1-1024x683.jpg\" alt=\"wu5h7889-large\" width=\"640\" height=\"427\" srcset=\"http:\/\/glacas.fr\/rosee\/wp-content\/uploads\/sites\/17\/2016\/09\/WU5H7889-Large-1-1024x683.jpg 1024w, http:\/\/glacas.fr\/rosee\/wp-content\/uploads\/sites\/17\/2016\/09\/WU5H7889-Large-1-300x200.jpg 300w, http:\/\/glacas.fr\/rosee\/wp-content\/uploads\/sites\/17\/2016\/09\/WU5H7889-Large-1-768x512.jpg 768w, http:\/\/glacas.fr\/rosee\/wp-content\/uploads\/sites\/17\/2016\/09\/WU5H7889-Large-1.jpg 1620w\" sizes=\"auto, (max-width: 640px) 100vw, 640px\" \/><\/a><\/p>\n<p>Quand on veut d\u00e9couvrir la nature, les angles d&rsquo;approche ne manquent pas : naturaliste, scientifique, ludique, sensoriel, artistique, etc.<\/p>\n<p>Pour ce travail, j&rsquo;ai choisi l&rsquo;approche \u00e9vocatrice. Ou plut\u00f4t, elle s&rsquo;est impos\u00e9e sans que je m&rsquo;en rende vraiment compte au d\u00e9but&#8230;<\/p>\n<p>Tout commence au matin, quand les premiers rayons du soleil effleurent les pr\u00e9s humides ; des dizaines de petites toiles d\u2019araign\u00e9es apparaissent alors au sol. Elles ne sont visibles que gr\u00e2ce \u00e0 la ros\u00e9e et disparaissent d\u00e8s que celle-ci s\u2019est \u00e9vapor\u00e9e.<\/p>\n<p>Certaines sont en forme de bol, de nappe, de galion, de labyrinthe, d\u2019entonnoir, de trampoline, etc. C&rsquo;est d\u00e9j\u00e0 un jeu que de laisser son imagination leur attribuer une correspondance.<\/p>\n<p>Mais si on se donne la peine de regarder de plus pr\u00e8s, les jeux de lumi\u00e8re dans la ros\u00e9e invitent l&rsquo;imaginaire \u00e0 plonger encore plus loin, dans d\u2019autres univers intersid\u00e9raux o\u00f9 des vaisseaux stellaires croisent au large d\u2019\u00e9tranges galaxies\u2026<\/p>\n<p>On fait alors un voyage immobile comme lorsqu&rsquo;on regarde \u00ab\u00a0Star Trek\u00a0\u00bb, \u00ab\u00a0la Guerre des \u00e9toiles\u00a0\u00bb ou \u00ab\u00a02001, Odyss\u00e9e de l&rsquo;espace\u00a0\u00bb.<\/p>\n<p>Cette \u00e9vocation m&rsquo;est apparue comme une \u00e9vidence alors que j&rsquo;examinais sur mon \u00e9cran, les premi\u00e8res photos de ces toiles prises il y a deux ans. D\u00e9s le lendemain matin, j&rsquo;\u00e9tais \u00e0 nouveau allong\u00e9 dans la prairie (tr\u00e8s) humide pour voir si le voyage s&rsquo;offrait encore \u00e0 mon imagination.<\/p>\n<p>Et ce fut le cas ! Je pris des centaines de photos. Alors que les montrais dans les jours suivants \u00e0 mes proches, je m&rsquo;aper\u00e7us que m\u00eame les personnes phobiques des araign\u00e9es \u00e9taient fascin\u00e9es et, tout en rentrant dans ce voyage imaginaire, faisaient un petit pas vers la connaissance des tisseuses de la prairie&#8230;<\/p>\n<p>Je me dis alors que je tenais l\u00e0 un bon vecteur pour sensibiliser et d\u00e9cidai de creuser le sujet. Afin que le voyage ne soit pas fauss\u00e9 par des artifices, je d\u00e9cidai de ne pas utiliser de flash, de lumi\u00e8re ajout\u00e9e, de r\u00e9flecteur, de filtres ou de traitement.<\/p>\n<p>L&rsquo;id\u00e9e \u00e9tait de pouvoir se dire que ce que l&rsquo;on voit sur les photos, on peut le retrouver dans la nature si on regarde bien&#8230;<\/p>\n<p>Enfin, si on accepte d&rsquo;attendre qu&rsquo;il y ait de la v\u00e9ritable ros\u00e9e dans les pr\u00e9s (et pas seulement de l&rsquo;humidit\u00e9), que le soleil daigne l&rsquo;\u00e9clairer directement de ses rayons (sans que des nuages n\u2019att\u00e9nuent par trop sa luminosit\u00e9) et que les habitants et visiteurs forc\u00e9s de ses toiles aient compos\u00e9 une sc\u00e8ne \u00e9vocatrice (autre qu&rsquo;un collier de perles de ros\u00e9e aussi joli soit-il&#8230;).<\/p>\n<p>Au final, ce projet me prit trois \u00e9t\u00e9s \u00e0 guetter la m\u00e9t\u00e9o et \u00e0 esp\u00e9rer que toutes les conditions soient r\u00e9unies.<\/p>\n<p>Mais je ne regrette pas le voyage, m\u00eame immobile et tremp\u00e9 !<\/p>\n<p>&nbsp;<\/p>\n<p>&nbsp;<\/p>\n<p>&nbsp;<\/p>\n<p>&nbsp;<\/p>\n<p>&nbsp;<\/p>\n<p>&nbsp;<\/p>\n<p>&nbsp;<\/p>\n","protected":false},"excerpt":{"rendered":"<p>Quand on veut d\u00e9couvrir la nature, les angles d&rsquo;approche ne manquent pas : naturaliste, scientifique, ludique, sensoriel, artistique, etc. Pour ce travail, j&rsquo;ai choisi l&rsquo;approche \u00e9vocatrice. Ou plut\u00f4t, elle s&rsquo;est impos\u00e9e sans que je m&rsquo;en rende vraiment compte au d\u00e9but&#8230; Tout commence au matin, quand les premiers rayons du soleil effleurent les pr\u00e9s humides ; [&hellip;]<\/p>\n","protected":false},"author":1,"featured_media":143,"parent":0,"menu_order":2,"comment_status":"closed","ping_status":"closed","template":"page-full-width.php","meta":{"ngg_post_thumbnail":0,"jetpack_post_was_ever_published":false,"footnotes":"","_links_to":"","_links_to_target":""},"categories":[1],"tags":[],"class_list":["post-131","page","type-page","status-publish","has-post-thumbnail","hentry","category-non-classe","gallery-content-unit"],"aioseo_notices":[],"jetpack_sharing_enabled":true,"jetpack_shortlink":"https:\/\/wp.me\/P7Wn1u-27","jetpack_likes_enabled":true,"_links":{"self":[{"href":"http:\/\/glacas.fr\/rosee\/wp-json\/wp\/v2\/pages\/131","targetHints":{"allow":["GET"]}}],"collection":[{"href":"http:\/\/glacas.fr\/rosee\/wp-json\/wp\/v2\/pages"}],"about":[{"href":"http:\/\/glacas.fr\/rosee\/wp-json\/wp\/v2\/types\/page"}],"author":[{"embeddable":true,"href":"http:\/\/glacas.fr\/rosee\/wp-json\/wp\/v2\/users\/1"}],"replies":[{"embeddable":true,"href":"http:\/\/glacas.fr\/rosee\/wp-json\/wp\/v2\/comments?post=131"}],"version-history":[{"count":12,"href":"http:\/\/glacas.fr\/rosee\/wp-json\/wp\/v2\/pages\/131\/revisions"}],"predecessor-version":[{"id":218,"href":"http:\/\/glacas.fr\/rosee\/wp-json\/wp\/v2\/pages\/131\/revisions\/218"}],"wp:featuredmedia":[{"embeddable":true,"href":"http:\/\/glacas.fr\/rosee\/wp-json\/wp\/v2\/media\/143"}],"wp:attachment":[{"href":"http:\/\/glacas.fr\/rosee\/wp-json\/wp\/v2\/media?parent=131"}],"wp:term":[{"taxonomy":"category","embeddable":true,"href":"http:\/\/glacas.fr\/rosee\/wp-json\/wp\/v2\/categories?post=131"},{"taxonomy":"post_tag","embeddable":true,"href":"http:\/\/glacas.fr\/rosee\/wp-json\/wp\/v2\/tags?post=131"}],"curies":[{"name":"wp","href":"https:\/\/api.w.org\/{rel}","templated":true}]}}