{"id":971,"date":"2017-03-11T00:38:09","date_gmt":"2017-03-10T23:38:09","guid":{"rendered":"http:\/\/glacas.fr\/lantredemystara\/?page_id=971"},"modified":"2020-03-18T22:42:11","modified_gmt":"2020-03-18T21:42:11","slug":"skothar","status":"publish","type":"page","link":"http:\/\/glacas.fr\/lantredemystara\/mystara\/voyage-a-mystara\/mystara\/skothar\/","title":{"rendered":"Skothar"},"content":{"rendered":"<h2 style=\"text-align: center;\"><strong>Le continent de Skothar<\/strong><\/h2>\n<p style=\"text-align: center;\"><div id=\"image-map-pro-9091\"><\/div>\n<p>Skothar est le deuxi\u00e8me grand continent de l\u2019h\u00e9misph\u00e8re nord. Il fut\u00a0 le centre historique de la civilisation de Mystara avant que les civilisations du continent Brun ne prennent \u00ab le dessus \u00bb.<\/p>\n<p>En effet, jusqu\u2019en 3.000 BC et la Grande Pluie de Feu, c\u2019est sur Skothar que fluorisait la c\u00e9l\u00e8bre civilisation techno-magique de Blackmoor.<\/p>\n<p><span id=\"result_box\" class=\"\" lang=\"fr\">Il existe deux types de sources publi\u00e9es qui peuvent \u00eatre utilis\u00e9es pour d\u00e9tailler Skothar. <\/span><span id=\"result_box\" class=\"\" lang=\"fr\">L&rsquo;une est le mat\u00e9riau standard de Mystara traitant du sujet. L&rsquo;autre concerne l&#8217;emplacement de Blackmoor. <\/span><\/p>\n<p><span id=\"result_box\" class=\"\" lang=\"fr\">Si Blackmoor \u00e9tait bien situ\u00e9 sur Skothar, selon le Hollow World Boxed Set, alors cela pourrait avoir des implications pour le Skothar moderne.<\/span><\/p>\n<p><span id=\"result_box\" class=\"\" lang=\"fr\"><span class=\"\">Notez que DA1 Adventures in Blackmoor contient des informations pertinentes pour Skothar, que vous acceptiez cet emplacement de Blackmoor<\/span><\/span><\/p>\n<div id=\"gt-src-cc\"><\/div>\n<div id=\"gt-src-c\" class=\"g-unit\">\n<div id=\"gt-res-dir-ctr\" class=\"trans-verified-button-small\" dir=\"ltr\"><span id=\"src-translit\" class=\"translit\" dir=\"ltr\" lang=\"fr\"><span class=\"\">Outre les Jennites (et les colonies Alphatiennes sur Esterhold) et Minaea, nous connaissons les guerriers de Zyxl, qui font le voyage au Bras de l&rsquo;Immortel traversant le d\u00e9troit de Tangor sur des gal\u00e8res (Dragon Magazine 189) pour acheter des fourrures des marchands<\/span> De Gombar. <\/span><\/div>\n<div class=\"trans-verified-button-small\" dir=\"ltr\"><\/div>\n<div class=\"trans-verified-button-small\" dir=\"ltr\">\n<p><span id=\"src-translit\" class=\"translit\" dir=\"ltr\" lang=\"fr\"><span class=\"\">De la m\u00eame source, nous connaissons Gombar et Suma&rsquo;a, deux principaut\u00e9s commer\u00e7antes de Tangor.<\/span> <span class=\"\">Les habitants sont des demi-ogres (hybrides Tanagoro-Ogre), ce qui fait ressortir une population similaire \u00e0 Tangor.<\/span> <span class=\"\">Ils \u00e9crivent sur des mat\u00e9riaux exotiques tels que des tablettes dor\u00e9es et des vases en porcelaine.<\/span><\/span><\/p>\n<p><span class=\"\">Lintroductione du PWA III (p. 43) indique que les exil\u00e9s de l&rsquo;Empire Milenien s&rsquo;y sont install\u00e9s en 100 av. J.-C., ce qui a amen\u00e9 la culture M-Hell\u00e9nistique \u00e0 se m\u00e9langer avec les indig\u00e8nes Oltec et Tanagoro.<\/span><\/p>\n<\/div>\n<\/div>\n<p><strong>Sources et remerciements :<\/strong><\/p>\n<p>Vault of Pandius &#8211; Havard &#8211; <strong><a href=\"http:\/\/pandius.com\/skothrov.html\">Skothar Overview<\/a><\/strong><\/p>\n<p>The Piazza &#8211; <a href=\"http:\/\/www.thepiazza.org.uk\/bb\/viewtopic.php?f=3&amp;t=11852\"><strong>Tel me about Skothar<\/strong><\/a><\/p>\n<p>Thibaut Bouchet &#8211; Atlas simplifi\u00e9 de Mystara<\/p>\n<p><a href=\"http:\/\/mystara.thorfmaps.com\/\">Thorfin Tait<\/a> et<\/p>\n","protected":false},"excerpt":{"rendered":"<p>Le continent de Skothar Skothar est le deuxi\u00e8me grand continent de l\u2019h\u00e9misph\u00e8re nord. Il fut\u00a0 le centre historique de la civilisation de Mystara avant que les civilisations du continent Brun ne prennent \u00ab le dessus \u00bb. En effet, jusqu\u2019en 3.000 BC et la Grande Pluie de Feu, c\u2019est sur Skothar<\/p>\n<p class=\"continue-reading-button\"> <a class=\"continue-reading-link\" href=\"http:\/\/glacas.fr\/lantredemystara\/mystara\/voyage-a-mystara\/mystara\/skothar\/\">Suite<i class=\"crycon-right-dir\"><\/i><\/a><\/p>\n","protected":false},"author":1,"featured_media":0,"parent":1001,"menu_order":3,"comment_status":"closed","ping_status":"closed","template":"","meta":{"ngg_post_thumbnail":0,"jetpack_post_was_ever_published":false,"footnotes":"","_links_to":"","_links_to_target":""},"categories":[1],"tags":[],"class_list":["post-971","page","type-page","status-publish","hentry","category-non-classe","gallery-content-unit"],"aioseo_notices":[],"jetpack_sharing_enabled":true,"jetpack_shortlink":"https:\/\/wp.me\/P4nvCJ-fF","_links":{"self":[{"href":"http:\/\/glacas.fr\/lantredemystara\/wp-json\/wp\/v2\/pages\/971","targetHints":{"allow":["GET"]}}],"collection":[{"href":"http:\/\/glacas.fr\/lantredemystara\/wp-json\/wp\/v2\/pages"}],"about":[{"href":"http:\/\/glacas.fr\/lantredemystara\/wp-json\/wp\/v2\/types\/page"}],"author":[{"embeddable":true,"href":"http:\/\/glacas.fr\/lantredemystara\/wp-json\/wp\/v2\/users\/1"}],"replies":[{"embeddable":true,"href":"http:\/\/glacas.fr\/lantredemystara\/wp-json\/wp\/v2\/comments?post=971"}],"version-history":[{"count":7,"href":"http:\/\/glacas.fr\/lantredemystara\/wp-json\/wp\/v2\/pages\/971\/revisions"}],"predecessor-version":[{"id":2566,"href":"http:\/\/glacas.fr\/lantredemystara\/wp-json\/wp\/v2\/pages\/971\/revisions\/2566"}],"up":[{"embeddable":true,"href":"http:\/\/glacas.fr\/lantredemystara\/wp-json\/wp\/v2\/pages\/1001"}],"wp:attachment":[{"href":"http:\/\/glacas.fr\/lantredemystara\/wp-json\/wp\/v2\/media?parent=971"}],"wp:term":[{"taxonomy":"category","embeddable":true,"href":"http:\/\/glacas.fr\/lantredemystara\/wp-json\/wp\/v2\/categories?post=971"},{"taxonomy":"post_tag","embeddable":true,"href":"http:\/\/glacas.fr\/lantredemystara\/wp-json\/wp\/v2\/tags?post=971"}],"curies":[{"name":"wp","href":"https:\/\/api.w.org\/{rel}","templated":true}]}}