{"id":915,"date":"2017-03-10T22:43:43","date_gmt":"2017-03-10T21:43:43","guid":{"rendered":"http:\/\/glacas.fr\/lantredemystara\/?page_id=915"},"modified":"2017-03-10T23:13:08","modified_gmt":"2017-03-10T22:13:08","slug":"creation-de-mystara","status":"publish","type":"page","link":"http:\/\/glacas.fr\/lantredemystara\/mystara\/creation-de-mystara\/","title":{"rendered":"Creation de Mystara"},"content":{"rendered":"<h2 style=\"text-align: center;\"><strong>La cr\u00e9ation du monde de Mystara<\/strong><\/h2>\n<p>&nbsp;<\/p>\n<p style=\"text-align: center;\"><a href=\"http:\/\/glacas.fr\/lantredemystara\/mystara\/creation-de-mystara\/carte-de-mystara-2\/\" rel=\"attachment wp-att-916\"><img data-recalc-dims=\"1\" loading=\"lazy\" decoding=\"async\" class=\"alignnone size-full wp-image-916 colorbox-915\" src=\"https:\/\/i0.wp.com\/glacas.fr\/lantredemystara\/wp-content\/uploads\/sites\/2\/2017\/03\/Carte-de-Mystara.jpg?resize=887%2C482\" alt=\"\" width=\"887\" height=\"482\" srcset=\"https:\/\/i0.wp.com\/glacas.fr\/lantredemystara\/wp-content\/uploads\/sites\/2\/2017\/03\/Carte-de-Mystara.jpg?w=887 887w, https:\/\/i0.wp.com\/glacas.fr\/lantredemystara\/wp-content\/uploads\/sites\/2\/2017\/03\/Carte-de-Mystara.jpg?resize=300%2C163 300w, https:\/\/i0.wp.com\/glacas.fr\/lantredemystara\/wp-content\/uploads\/sites\/2\/2017\/03\/Carte-de-Mystara.jpg?resize=250%2C136 250w, https:\/\/i0.wp.com\/glacas.fr\/lantredemystara\/wp-content\/uploads\/sites\/2\/2017\/03\/Carte-de-Mystara.jpg?resize=150%2C82 150w\" sizes=\"auto, (max-width: 887px) 100vw, 887px\" \/><\/a><\/p>\n<p>&nbsp;<\/p>\n<p><b>Donjon &amp; Dragon<\/b> aura permit la cr\u00e9ation d\u2019un nombre tr\u00e8s important d\u2019univers fantastiques et de mondes o\u00f9 se d\u00e9velopp\u00e8rent les diff\u00e9rents jeux de r\u00f4les. On peut notamment citer <b>Mystara, Les Royaumes Oubli\u00e9s, Greyhawk, Dark Sun, Dragonlance, Ravenloft, Spelljammer<\/b>\u2026Et bien d\u2019autres encore\u2026.<\/p>\n<p>L&rsquo;ensemble de ces univers de jeux est nomm\u00e9 le <b> Multivers<\/b>. Il existe donc des passerelles entre les diff\u00e9rents mondes qui permettent de passer, plus ou moins facilement, de l\u2019un \u00e0 l\u2019autre.<\/p>\n<p>&nbsp;<\/p>\n<p><strong>Mystara, un monde cr\u00e9\u00e9 progressivement <\/strong><\/p>\n<p>Parmi ces univers, un des premiers \u00e0 m\u00e9riter l\u2019appellation de monde fut <b> Mystara<\/b>. Lorsque <b>Gary Gigax<\/b> et <b>Dave Arneson<\/b> cr\u00e9\u00e8rent le jeu Dungeons &amp; Dragons au d\u00e9but des ann\u00e9es 70, il n\u2019existait pas encore d\u2019univers coh\u00e9rent pour accueillir les premiers sc\u00e9narios.<\/p>\n<p>La<b> Baronnie de Blackmoor<\/b> fut le tout premier d\u00e9cor de campagne cr\u00e9\u00e9. Plus tard, elle fut incluse dans <b>Mystara<\/b> comme un royaume du pass\u00e9 qui, apr\u00e8s avoir \u00e9volu\u00e9 en une civilisation avanc\u00e9e technologiquement, finit par s&rsquo;autod\u00e9truire dans une explosion nucl\u00e9aire qui modifia la physionomie de la plan\u00e8te enti\u00e8re.<\/p>\n<p>A la m\u00eame \u00e9poque, les diff\u00e9rents auteurs qui \u00e9crivaient les modules de la s\u00e9rie<b> Basic<\/b> (de B1 \u00e0 B12), les situ\u00e8rent dans un cadre g\u00e9n\u00e9ral commun assez flou. A partir de la s\u00e9rie de modules <b>Expert<\/b> (de X1 \u00e0 X13), TSR (Tactical Studies Rules) d\u00e9cida de les localiser de mani\u00e8re plus pr\u00e9cise, en situant des royaumes dans une vaste r\u00e9gion nomm\u00e9 le <b>Know World<\/b> (\u00ab\u00a0le Monde Connu\u00a0\u00bb).<\/p>\n<p><img data-recalc-dims=\"1\" loading=\"lazy\" decoding=\"async\" class=\"size-large wp-image-517 alignnone colorbox-915\" src=\"https:\/\/i0.wp.com\/glacas.fr\/lantredemystara\/wp-content\/uploads\/sites\/2\/2014\/02\/Sans-titre-1.jpg?resize=950%2C691\" alt=\"Sans titre\" width=\"950\" height=\"691\" srcset=\"https:\/\/i0.wp.com\/glacas.fr\/lantredemystara\/wp-content\/uploads\/sites\/2\/2014\/02\/Sans-titre-1.jpg?resize=1024%2C745 1024w, https:\/\/i0.wp.com\/glacas.fr\/lantredemystara\/wp-content\/uploads\/sites\/2\/2014\/02\/Sans-titre-1.jpg?resize=300%2C218 300w, https:\/\/i0.wp.com\/glacas.fr\/lantredemystara\/wp-content\/uploads\/sites\/2\/2014\/02\/Sans-titre-1.jpg?resize=150%2C109 150w, https:\/\/i0.wp.com\/glacas.fr\/lantredemystara\/wp-content\/uploads\/sites\/2\/2014\/02\/Sans-titre-1.jpg?w=1541 1541w\" sizes=\"auto, (max-width: 950px) 100vw, 950px\" \/><\/p>\n<p>La premi\u00e8re carte g\u00e9n\u00e9rale apparait d\u00e9s le module X1 (\u00ab\u00a0L\u2019\u00eele de la terreur\u00a0\u00bb) que l\u2019on trouvait dans la boite Expert (la boite bleue sombre). Elle situe une douzaine de royaumes qui seront d\u00e9crit en d\u00e9tail par la suite dans la s\u00e9rie des Gazeeters (voir plus bas).<\/p>\n<p><img data-recalc-dims=\"1\" loading=\"lazy\" decoding=\"async\" class=\"wp-image-519 size-full aligncenter colorbox-915\" src=\"https:\/\/i0.wp.com\/glacas.fr\/lantredemystara\/wp-content\/uploads\/sites\/2\/2014\/02\/Continent1.jpg?resize=458%2C725\" alt=\"Continent1\" width=\"458\" height=\"725\" srcset=\"https:\/\/i0.wp.com\/glacas.fr\/lantredemystara\/wp-content\/uploads\/sites\/2\/2014\/02\/Continent1.jpg?w=458 458w, https:\/\/i0.wp.com\/glacas.fr\/lantredemystara\/wp-content\/uploads\/sites\/2\/2014\/02\/Continent1.jpg?resize=190%2C300 190w, https:\/\/i0.wp.com\/glacas.fr\/lantredemystara\/wp-content\/uploads\/sites\/2\/2014\/02\/Continent1.jpg?resize=95%2C150 95w\" sizes=\"auto, (max-width: 458px) 100vw, 458px\" \/><\/p>\n<p>&nbsp;<\/p>\n<p>Puis au fil des ann\u00e9es (et des nouveaux produits\u2026), on assiste \u00e0 un effet zoom arri\u00e8re. Le <b>Know World<\/b> prend sa place au sud-est du continent de <b>Brun<\/b> et les continents de <b>Skothar<\/b>, de <b>Davania et<\/b> l&rsquo;\u00eele-continent <b>d&rsquo;Alphatia<\/b>, voient le jour.<\/p>\n<p><img data-recalc-dims=\"1\" loading=\"lazy\" decoding=\"async\" class=\"size-large wp-image-240 alignnone colorbox-915\" src=\"https:\/\/i0.wp.com\/glacas.fr\/lantredemystara\/wp-content\/uploads\/sites\/2\/2014\/03\/mystara-outermap2.jpg?resize=950%2C516\" alt=\"mystara - outermap2\" width=\"950\" height=\"516\" srcset=\"https:\/\/i0.wp.com\/glacas.fr\/lantredemystara\/wp-content\/uploads\/sites\/2\/2014\/03\/mystara-outermap2.jpg?resize=1024%2C556 1024w, https:\/\/i0.wp.com\/glacas.fr\/lantredemystara\/wp-content\/uploads\/sites\/2\/2014\/03\/mystara-outermap2.jpg?resize=300%2C163 300w, https:\/\/i0.wp.com\/glacas.fr\/lantredemystara\/wp-content\/uploads\/sites\/2\/2014\/03\/mystara-outermap2.jpg?resize=150%2C81 150w, https:\/\/i0.wp.com\/glacas.fr\/lantredemystara\/wp-content\/uploads\/sites\/2\/2014\/03\/mystara-outermap2.jpg?w=1104 1104w\" sizes=\"auto, (max-width: 950px) 100vw, 950px\" \/><\/p>\n<p>&nbsp;<\/p>\n","protected":false},"excerpt":{"rendered":"<p>La cr\u00e9ation du monde de Mystara &nbsp; &nbsp; Donjon &amp; Dragon aura permit la cr\u00e9ation d\u2019un nombre tr\u00e8s important d\u2019univers fantastiques et de mondes o\u00f9 se d\u00e9velopp\u00e8rent les diff\u00e9rents jeux de r\u00f4les. On peut notamment citer Mystara, Les Royaumes Oubli\u00e9s, Greyhawk, Dark Sun, Dragonlance, Ravenloft, Spelljammer\u2026Et bien d\u2019autres encore\u2026. L&rsquo;ensemble<\/p>\n<p class=\"continue-reading-button\"> <a class=\"continue-reading-link\" href=\"http:\/\/glacas.fr\/lantredemystara\/mystara\/creation-de-mystara\/\">Suite<i class=\"crycon-right-dir\"><\/i><\/a><\/p>\n","protected":false},"author":1,"featured_media":0,"parent":913,"menu_order":2,"comment_status":"closed","ping_status":"closed","template":"","meta":{"ngg_post_thumbnail":0,"jetpack_post_was_ever_published":false,"footnotes":"","_links_to":"","_links_to_target":""},"categories":[1],"tags":[],"class_list":["post-915","page","type-page","status-publish","hentry","category-non-classe","gallery-content-unit"],"aioseo_notices":[],"jetpack_sharing_enabled":true,"jetpack_shortlink":"https:\/\/wp.me\/P4nvCJ-eL","_links":{"self":[{"href":"http:\/\/glacas.fr\/lantredemystara\/wp-json\/wp\/v2\/pages\/915","targetHints":{"allow":["GET"]}}],"collection":[{"href":"http:\/\/glacas.fr\/lantredemystara\/wp-json\/wp\/v2\/pages"}],"about":[{"href":"http:\/\/glacas.fr\/lantredemystara\/wp-json\/wp\/v2\/types\/page"}],"author":[{"embeddable":true,"href":"http:\/\/glacas.fr\/lantredemystara\/wp-json\/wp\/v2\/users\/1"}],"replies":[{"embeddable":true,"href":"http:\/\/glacas.fr\/lantredemystara\/wp-json\/wp\/v2\/comments?post=915"}],"version-history":[{"count":7,"href":"http:\/\/glacas.fr\/lantredemystara\/wp-json\/wp\/v2\/pages\/915\/revisions"}],"predecessor-version":[{"id":930,"href":"http:\/\/glacas.fr\/lantredemystara\/wp-json\/wp\/v2\/pages\/915\/revisions\/930"}],"up":[{"embeddable":true,"href":"http:\/\/glacas.fr\/lantredemystara\/wp-json\/wp\/v2\/pages\/913"}],"wp:attachment":[{"href":"http:\/\/glacas.fr\/lantredemystara\/wp-json\/wp\/v2\/media?parent=915"}],"wp:term":[{"taxonomy":"category","embeddable":true,"href":"http:\/\/glacas.fr\/lantredemystara\/wp-json\/wp\/v2\/categories?post=915"},{"taxonomy":"post_tag","embeddable":true,"href":"http:\/\/glacas.fr\/lantredemystara\/wp-json\/wp\/v2\/tags?post=915"}],"curies":[{"name":"wp","href":"https:\/\/api.w.org\/{rel}","templated":true}]}}