{"id":818,"date":"2017-03-07T00:25:56","date_gmt":"2017-03-06T23:25:56","guid":{"rendered":"http:\/\/glacas.fr\/lantredemystara\/?page_id=818"},"modified":"2017-03-07T00:32:45","modified_gmt":"2017-03-06T23:32:45","slug":"la-garnison","status":"publish","type":"page","link":"http:\/\/glacas.fr\/lantredemystara\/decors-de-campagne2\/la-baronnie-dachelos\/la-garnison\/","title":{"rendered":"La garnison"},"content":{"rendered":"<h2 style=\"text-align: center;\"><strong>La garnison<\/strong><\/h2>\n<p>&nbsp;<\/p>\n<p style=\"text-align: center;\"><a href=\"http:\/\/glacas.fr\/lantredemystara\/decors-de-campagne2\/la-baronnie-dachelos\/la-garnison\/garnison\/\" rel=\"attachment wp-att-819\"><img data-recalc-dims=\"1\" loading=\"lazy\" decoding=\"async\" class=\"alignnone wp-image-819 colorbox-818\" src=\"https:\/\/i0.wp.com\/glacas.fr\/lantredemystara\/wp-content\/uploads\/sites\/2\/2017\/03\/Garnison.jpg?resize=564%2C299\" alt=\"\" width=\"564\" height=\"299\" srcset=\"https:\/\/i0.wp.com\/glacas.fr\/lantredemystara\/wp-content\/uploads\/sites\/2\/2017\/03\/Garnison.jpg?w=747 747w, https:\/\/i0.wp.com\/glacas.fr\/lantredemystara\/wp-content\/uploads\/sites\/2\/2017\/03\/Garnison.jpg?resize=300%2C159 300w, https:\/\/i0.wp.com\/glacas.fr\/lantredemystara\/wp-content\/uploads\/sites\/2\/2017\/03\/Garnison.jpg?resize=250%2C133 250w, https:\/\/i0.wp.com\/glacas.fr\/lantredemystara\/wp-content\/uploads\/sites\/2\/2017\/03\/Garnison.jpg?resize=150%2C80 150w\" sizes=\"auto, (max-width: 564px) 100vw, 564px\" \/><\/a><\/p>\n<p>&nbsp;<\/p>\n<p style=\"text-align: justify;\">De mani\u00e8re permanente, la Baronnie dispose d\u2019une garnison d\u2019environ<b> 60 hommes<\/b>. Tous disposent d\u2019un contrat d\u2019engagement pour au moins une ann\u00e9e. Elle est essentiellement compos\u00e9e de Traladariens.<\/p>\n<p>Elle est command\u00e9e par le<b> lieutenant Melikov<\/b> (guerrier 7), un Traladarien qui a \u00e9t\u00e9 au service de plusieurs nobles du royaume avant d\u2018\u00eatre engag\u00e9 par le Baron Perlimpinpin.<\/p>\n<p>Il est second\u00e9 par le <b>sergent Olheim<\/b> (guerrier 5), une elfe Callarii, excellente arch\u00e8re.<\/p>\n<p>La garnison bas\u00e9e au ch\u00e2teau d\u2019Achelos est compos\u00e9e \u00e9galement de :<\/p>\n<ul style=\"text-align: justify;\">\n<li>15 fantassins l\u00e9gers G1<\/li>\n<li>6 archers G2<\/li>\n<li>6 cavaliers moyens G2<\/li>\n<li>1 armurier HN<\/li>\n<li>2 chasseurs R1<\/li>\n<li>1 forgeron nain G2<\/li>\n<li>1 m\u00e9nestrel B2<\/li>\n<\/ul>\n<p style=\"text-align: justify;\">D\u2019autres troupes sont cantonn\u00e9es \u00e0 d\u2019autres points strat\u00e9giques de la Baronnie :<\/p>\n<p>&nbsp;<\/p>\n<p><span style=\"font-size: medium;\"><b>A Riffli<\/b><\/span>, village le plus isol\u00e9, le fortin est d\u00e9fendu par :<\/p>\n<ul style=\"text-align: justify;\">\n<li>1 sergent G3<\/li>\n<li>4 cavaliers l\u00e9gers G1<\/li>\n<li>5 fantassins G1<\/li>\n<li>1 forgeron HN<\/li>\n<\/ul>\n<p style=\"text-align: justify;\">\n<p style=\"text-align: justify;\"><span style=\"font-size: medium;\"><b>A Achel,<\/b><\/span> une garde permanente prot\u00e8ge le village qui est la porte d\u2019entr\u00e9e de la baronnie. Elle est compos\u00e9e de :<\/p>\n<ul style=\"text-align: justify;\">\n<li>1 sergent G3<\/li>\n<li>3 cavaliers l\u00e9gers G1<\/li>\n<li>5 fantassins G1<\/li>\n<\/ul>\n<p style=\"text-align: justify;\">Dans les <span style=\"font-size: medium;\"><b>deux postes fortifi\u00e9s prot\u00e9geant le bac<\/b><\/span>, deux escouades veillent sur le c\u00e2ble, vital pour les \u00e9changes entre le nord et le sud du domaine.<\/p>\n<ul style=\"text-align: justify;\">\n<li>4 fantassins . G1<\/li>\n<li>2 \u00e9claireurs \u00e0 cheval dans le poste de la rive nord.<\/li>\n<\/ul>\n<p>&nbsp;<\/p>\n<p>Au <strong>camp des Hommes du nord<\/strong>, 12 \u00e0 30 guerriers G1 sont pr\u00e9sents selon la saison. En cas de coup dur, ou d&rsquo;attaque de groupe important d&rsquo;humano\u00efdes, ils peuvent venir \u00e0 la rescousse.<\/p>\n<p>&nbsp;<\/p>\n<p><span style=\"font-size: large;\"><b>Le personnel :<\/b><\/span><\/p>\n<p>Bas\u00e9 au ch\u00e2teau, le personnel est dirig\u00e9 par <b>l\u2019intendant Terria<\/b>, un Traladarien assez \u00e2g\u00e9 mais connaissant bien le domaine et bon gestionnaire.<\/p>\n<p>L\u2019\u00e9quipe comprend \u00e9galement :<\/p>\n<ul>\n<li style=\"text-align: justify;\">15 serviteurs<\/li>\n<li style=\"text-align: justify;\">1 cuisinier<\/li>\n<li style=\"text-align: justify;\">2 aides de cuisine<\/li>\n<li style=\"text-align: justify;\">1 boulanger<\/li>\n<li style=\"text-align: justify;\">1 charpentier<\/li>\n<li style=\"text-align: justify;\">1 ma\u00e7on<\/li>\n<li style=\"text-align: justify;\">2 palefreniers<\/li>\n<\/ul>\n<p>&nbsp;<\/p>\n","protected":false},"excerpt":{"rendered":"<p>La garnison &nbsp; &nbsp; De mani\u00e8re permanente, la Baronnie dispose d\u2019une garnison d\u2019environ 60 hommes. Tous disposent d\u2019un contrat d\u2019engagement pour au moins une ann\u00e9e. Elle est essentiellement compos\u00e9e de Traladariens. Elle est command\u00e9e par le lieutenant Melikov (guerrier 7), un Traladarien qui a \u00e9t\u00e9 au service de plusieurs nobles<\/p>\n<p class=\"continue-reading-button\"> <a class=\"continue-reading-link\" href=\"http:\/\/glacas.fr\/lantredemystara\/decors-de-campagne2\/la-baronnie-dachelos\/la-garnison\/\">Suite<i class=\"crycon-right-dir\"><\/i><\/a><\/p>\n","protected":false},"author":1,"featured_media":0,"parent":62,"menu_order":5,"comment_status":"closed","ping_status":"closed","template":"","meta":{"ngg_post_thumbnail":0,"jetpack_post_was_ever_published":false,"footnotes":"","_links_to":"","_links_to_target":""},"categories":[1],"tags":[],"class_list":["post-818","page","type-page","status-publish","hentry","category-non-classe","gallery-content-unit"],"aioseo_notices":[],"jetpack_sharing_enabled":true,"jetpack_shortlink":"https:\/\/wp.me\/P4nvCJ-dc","_links":{"self":[{"href":"http:\/\/glacas.fr\/lantredemystara\/wp-json\/wp\/v2\/pages\/818","targetHints":{"allow":["GET"]}}],"collection":[{"href":"http:\/\/glacas.fr\/lantredemystara\/wp-json\/wp\/v2\/pages"}],"about":[{"href":"http:\/\/glacas.fr\/lantredemystara\/wp-json\/wp\/v2\/types\/page"}],"author":[{"embeddable":true,"href":"http:\/\/glacas.fr\/lantredemystara\/wp-json\/wp\/v2\/users\/1"}],"replies":[{"embeddable":true,"href":"http:\/\/glacas.fr\/lantredemystara\/wp-json\/wp\/v2\/comments?post=818"}],"version-history":[{"count":5,"href":"http:\/\/glacas.fr\/lantredemystara\/wp-json\/wp\/v2\/pages\/818\/revisions"}],"predecessor-version":[{"id":824,"href":"http:\/\/glacas.fr\/lantredemystara\/wp-json\/wp\/v2\/pages\/818\/revisions\/824"}],"up":[{"embeddable":true,"href":"http:\/\/glacas.fr\/lantredemystara\/wp-json\/wp\/v2\/pages\/62"}],"wp:attachment":[{"href":"http:\/\/glacas.fr\/lantredemystara\/wp-json\/wp\/v2\/media?parent=818"}],"wp:term":[{"taxonomy":"category","embeddable":true,"href":"http:\/\/glacas.fr\/lantredemystara\/wp-json\/wp\/v2\/categories?post=818"},{"taxonomy":"post_tag","embeddable":true,"href":"http:\/\/glacas.fr\/lantredemystara\/wp-json\/wp\/v2\/tags?post=818"}],"curies":[{"name":"wp","href":"https:\/\/api.w.org\/{rel}","templated":true}]}}