{"id":76,"date":"2014-02-24T14:13:59","date_gmt":"2014-02-24T13:13:59","guid":{"rendered":"http:\/\/glacas.fr\/lantredemystara\/?page_id=76"},"modified":"2017-03-06T23:02:50","modified_gmt":"2017-03-06T22:02:50","slug":"lhistoire-de-la-baronnie","status":"publish","type":"page","link":"http:\/\/glacas.fr\/lantredemystara\/decors-de-campagne2\/la-baronnie-dachelos\/lhistoire-de-la-baronnie\/","title":{"rendered":"L&rsquo;histoire de la Baronnie"},"content":{"rendered":"<h2 style=\"text-align: center;\"><strong>Histoire du Domaine<\/strong><\/h2>\n<p>&nbsp;<\/p>\n<p style=\"text-align: center;\">\n<p style=\"text-align: center;\"><a href=\"http:\/\/glacas.fr\/lantredemystara\/decors-de-campagne2\/la-baronnie-dachelos\/lhistoire-de-la-baronnie\/687ae08548bf482c9e66d82b022997b5\/\" rel=\"attachment wp-att-789\"><img data-recalc-dims=\"1\" loading=\"lazy\" decoding=\"async\" class=\"alignnone  wp-image-789 colorbox-76\" src=\"https:\/\/i0.wp.com\/glacas.fr\/lantredemystara\/wp-content\/uploads\/sites\/2\/2014\/02\/687ae08548bf482c9e66d82b022997b5.jpg?resize=561%2C300\" alt=\"\" width=\"561\" height=\"300\" srcset=\"https:\/\/i0.wp.com\/glacas.fr\/lantredemystara\/wp-content\/uploads\/sites\/2\/2014\/02\/687ae08548bf482c9e66d82b022997b5.jpg?w=736 736w, https:\/\/i0.wp.com\/glacas.fr\/lantredemystara\/wp-content\/uploads\/sites\/2\/2014\/02\/687ae08548bf482c9e66d82b022997b5.jpg?resize=300%2C161 300w, https:\/\/i0.wp.com\/glacas.fr\/lantredemystara\/wp-content\/uploads\/sites\/2\/2014\/02\/687ae08548bf482c9e66d82b022997b5.jpg?resize=250%2C134 250w, https:\/\/i0.wp.com\/glacas.fr\/lantredemystara\/wp-content\/uploads\/sites\/2\/2014\/02\/687ae08548bf482c9e66d82b022997b5.jpg?resize=150%2C80 150w\" sizes=\"auto, (max-width: 561px) 100vw, 561px\" \/><\/a><\/p>\n<p style=\"text-align: justify;\"><span style=\"font-size: large;\"><b>La construction du ch\u00e2teau :<\/b><\/span><br \/>\nLe ch\u00e2teau fut construit aux environs de l\u2019an 800 (800 DC) par un seigneur venu de Glantri. Il s\u2019agissait d\u2019un <b>puissant magicien<\/b> qui cherchait l&rsquo;\u00e9loignement de cette r\u00e9gion frontali\u00e8re pour mener \u00e0 bien ses recherches magiques.<\/p>\n<p style=\"text-align: justify;\">Il fit appel \u00e0 des <b>ma\u00e7ons nains<\/b> et \u00e0 des<b> ing\u00e9nieurs gnomes<\/b> pour la construction de celui-ci ainsi qu\u2019aux ressources de la magie. Surnomm\u00e9 <b>la Dent du Chat<\/b>, la construction d\u00e9passait de loin les standards des ch\u00e2teaux de cette r\u00e9gion.<\/p>\n<p style=\"text-align: justify;\">Apr\u00e8s sa mort, il fut transmis \u00e0 une famille locale de nobles Traldars: les <b>\u00ab\u00a0Haatulaa\u00a0\u00bb<\/b>. Au moment de l&rsquo;invasion des Thyatis (970 DC), on perd les traces de la famille Haatulaa ainsi que de l<b>&lsquo;acte de propri\u00e9t\u00e9 du ch\u00e2teau<\/b>. Depuis, le domaine vivait repli\u00e9 sur lui m\u00eame, en quasi autarcie, consommant ses propres productions.<\/p>\n<p style=\"text-align: justify;\"><b><span style=\"font-size: large;\">L&rsquo;arriv\u00e9e d&rsquo;un nouveau seigneur :<\/span><\/b><br \/>\nEn 1002 DC, une <b>\u00e9quipe d\u2019aventuriers<\/b> explorait un donjon recul\u00e9 et d\u00e9couvrit l\u2019acte de propri\u00e9t\u00e9 dans le tr\u00e9sor. Cette \u00e9quipe, qui allait devenir tr\u00e8s c\u00e9l\u00e8bre par la suite, \u00e9tait constitu\u00e9e de <b>K\u00e9bir<\/b>, un Fari (paladin) des \u00e9mirats d\u2019Ylaruam, <b>d\u2019Arik le Rageur<\/b>, un pr\u00eatre d\u2019Odin originaire d\u2019Ostland, de <b>Yahoviah<\/b>, un magicien elfe d\u2019Alpheim et de <b>Perlimpinpin<\/b>, un magicien Traladarien. Ce fut \u00e0 Perlimpinpin qu\u2019\u00e9chu l\u2019acte de propri\u00e9t\u00e9 du Domaine.<\/p>\n<p style=\"text-align: justify;\">A l\u2019automne 1002, accompagn\u00e9 de ses compagnons, <b>Perlimpinpin<\/b> arriva sur place pour prendre possession de son bien. Il d\u00e9couvrit avec stupeur que le Ch\u00e2teau \u00e9tait squatt\u00e9 par un mage nomm\u00e9<b> Barl<\/b>, appuy\u00e9 par des membres de la <b>soci\u00e9t\u00e9 de l\u2019Anneau de Fer<\/b>, qui avait fait de ce ch\u00e2teau une base dans leurs razzias pour capturer des esclaves.<\/p>\n<p style=\"text-align: justify;\">Le combat fut violent mais l\u2019\u00e9quipe d\u00e9j\u00e0 aguerrie par de multiples aventures, vint \u00e0 bout des squatters. La population locale qui vivait sous le joug et la terreur de l\u2019anneau de fer, accueillit avec soulagement le nouveau seigneur du domaine.<\/p>\n<p style=\"text-align: justify;\">Sous la houlette de Perlimpinpin, le domaine <b>se d\u00e9veloppa rapidement<\/b> tant du point de vue militaire qu\u2019\u00e9conomique.<\/p>\n<p style=\"text-align: justify;\">Le nouveau ma\u00eetre engagea une garnison, fit r\u00e9parer les fortifications, entoura le village de Riffli d\u2019une palissade et construisit des postes de gardes fortifi\u00e9s des deux cot\u00e9s de la rivi\u00e8re.<\/p>\n<p style=\"text-align: justify;\">Il b\u00e9n\u00e9ficia \u00e9galement de l\u2019appui d\u2019<b>Arik le Rageur<\/b> qui installa un camp des <b>Hommes du nord<\/b> en face d\u2019Achel. La pr\u00e9sence d\u2019une garnison bien \u00e9quip\u00e9e et d\u2019une troupe de f\u00e9roces vikings d\u00e9couragea de nombreux groupes d\u2019humano\u00efdes de mener des raids sur le domaine.<\/p>\n<p style=\"text-align: justify;\">Du point de vue <b>\u00e9conomique<\/b> et malgr\u00e9 des d\u00e9buts difficiles, le nouveau seigneur transforma lentement le domaine. Il encouragea l\u2019<b>\u00e9levage ovin et bovin<\/b>, suscita la venue de plusieurs familles de<b> Hobbits<\/b> des 5 comt\u00e9s qui \u00e9lev\u00e8rent des <b>poneys<\/b> et cultiv\u00e8rent de <b>l\u2019herbe \u00e0 pipe<\/b> au sud de Riffli et il reconstruisit un embarcad\u00e8re capable d\u2019accueillir des navires de commerce et donc d\u2019exporter les productions du Domaine.<\/p>\n<p style=\"text-align: justify;\"><span style=\"font-size: large;\"><b>Le Domaine devient Baronnie :<\/b><\/span><br \/>\nEn 1009, pour le remercier de ses actions lors de la <b>\u00ab Guerre des Immortels \u00bb<\/b>, le roi nomma Perlimpinpin <b>Baron d\u2019Achelos<\/b>. Le domaine devint donc une baronnie sous la suzerainet\u00e9 du roi de Karameikos.<\/p>\n<p style=\"text-align: justify;\">En 1010, lors de la guerre qui opposa le <b>Roi Stephan Karameikos<\/b> au <b>Baron Von Hendrix<\/b> de la baronnie de l\u2019Aigle noir, le domaine joua un r\u00f4le important en servant de <b>base arri\u00e8re<\/b> aux drakkars vikings qui particip\u00e8rent \u00e0 l\u2019assaut final avec la flotte des Hobbits.<\/p>\n<p style=\"text-align: justify;\">Depuis quelques temps, le <b>Baron Perlimpinpin d\u2019Achelos<\/b> vit retir\u00e9 dans son ch\u00e2teau, sans doute plong\u00e9 dans quelques \u00e9tudes magiques myst\u00e9rieuses\u2026<\/p>\n","protected":false},"excerpt":{"rendered":"<p>Histoire du Domaine &nbsp; La construction du ch\u00e2teau : Le ch\u00e2teau fut construit aux environs de l\u2019an 800 (800 DC) par un seigneur venu de Glantri. Il s\u2019agissait d\u2019un puissant magicien qui cherchait l&rsquo;\u00e9loignement de cette r\u00e9gion frontali\u00e8re pour mener \u00e0 bien ses recherches magiques. Il fit appel \u00e0 des<\/p>\n<p class=\"continue-reading-button\"> <a class=\"continue-reading-link\" href=\"http:\/\/glacas.fr\/lantredemystara\/decors-de-campagne2\/la-baronnie-dachelos\/lhistoire-de-la-baronnie\/\">Suite<i class=\"crycon-right-dir\"><\/i><\/a><\/p>\n","protected":false},"author":1,"featured_media":77,"parent":62,"menu_order":3,"comment_status":"open","ping_status":"open","template":"","meta":{"ngg_post_thumbnail":0,"jetpack_post_was_ever_published":false,"footnotes":"","_links_to":"","_links_to_target":""},"categories":[],"tags":[],"class_list":["post-76","page","type-page","status-publish","has-post-thumbnail","hentry","gallery-content-unit"],"aioseo_notices":[],"jetpack_sharing_enabled":true,"jetpack_shortlink":"https:\/\/wp.me\/P4nvCJ-1e","_links":{"self":[{"href":"http:\/\/glacas.fr\/lantredemystara\/wp-json\/wp\/v2\/pages\/76","targetHints":{"allow":["GET"]}}],"collection":[{"href":"http:\/\/glacas.fr\/lantredemystara\/wp-json\/wp\/v2\/pages"}],"about":[{"href":"http:\/\/glacas.fr\/lantredemystara\/wp-json\/wp\/v2\/types\/page"}],"author":[{"embeddable":true,"href":"http:\/\/glacas.fr\/lantredemystara\/wp-json\/wp\/v2\/users\/1"}],"replies":[{"embeddable":true,"href":"http:\/\/glacas.fr\/lantredemystara\/wp-json\/wp\/v2\/comments?post=76"}],"version-history":[{"count":5,"href":"http:\/\/glacas.fr\/lantredemystara\/wp-json\/wp\/v2\/pages\/76\/revisions"}],"predecessor-version":[{"id":790,"href":"http:\/\/glacas.fr\/lantredemystara\/wp-json\/wp\/v2\/pages\/76\/revisions\/790"}],"up":[{"embeddable":true,"href":"http:\/\/glacas.fr\/lantredemystara\/wp-json\/wp\/v2\/pages\/62"}],"wp:featuredmedia":[{"embeddable":true,"href":"http:\/\/glacas.fr\/lantredemystara\/wp-json\/wp\/v2\/media\/77"}],"wp:attachment":[{"href":"http:\/\/glacas.fr\/lantredemystara\/wp-json\/wp\/v2\/media?parent=76"}],"wp:term":[{"taxonomy":"category","embeddable":true,"href":"http:\/\/glacas.fr\/lantredemystara\/wp-json\/wp\/v2\/categories?post=76"},{"taxonomy":"post_tag","embeddable":true,"href":"http:\/\/glacas.fr\/lantredemystara\/wp-json\/wp\/v2\/tags?post=76"}],"curies":[{"name":"wp","href":"https:\/\/api.w.org\/{rel}","templated":true}]}}