{"id":69,"date":"2014-02-24T14:09:12","date_gmt":"2014-02-24T13:09:12","guid":{"rendered":"http:\/\/glacas.fr\/lantredemystara\/?page_id=69"},"modified":"2024-04-18T20:48:01","modified_gmt":"2024-04-18T19:48:01","slug":"la-cite-etat-de-slagovich","status":"publish","type":"page","link":"http:\/\/glacas.fr\/lantredemystara\/decors-de-campagne2\/la-cite-etat-de-slagovich\/","title":{"rendered":"La cit\u00e9-\u00e9tat de Slagovich"},"content":{"rendered":"<p><\/p>\n<figure class=\"wp-block-image size-full\"><a href=\"http:\/\/glacas.fr\/lantredemystara\/mystara\/voyage-a-mystara\/mystara\/cites-golfe-de-hule\/slagovich\/\"><img data-recalc-dims=\"1\" loading=\"lazy\" decoding=\"async\" class=\"aligncenter wp-image-3114 colorbox-69\" src=\"https:\/\/i0.wp.com\/glacas.fr\/lantredemystara\/wp-content\/uploads\/sites\/2\/2024\/04\/Slagovich_Carte_LEGENDE-Copie.jpg?resize=475%2C741\" alt=\"\" width=\"475\" height=\"741\" srcset=\"https:\/\/i0.wp.com\/glacas.fr\/lantredemystara\/wp-content\/uploads\/sites\/2\/2024\/04\/Slagovich_Carte_LEGENDE-Copie.jpg?w=558 558w, https:\/\/i0.wp.com\/glacas.fr\/lantredemystara\/wp-content\/uploads\/sites\/2\/2024\/04\/Slagovich_Carte_LEGENDE-Copie.jpg?resize=192%2C300 192w, https:\/\/i0.wp.com\/glacas.fr\/lantredemystara\/wp-content\/uploads\/sites\/2\/2024\/04\/Slagovich_Carte_LEGENDE-Copie.jpg?resize=96%2C150 96w\" sizes=\"auto, (max-width: 475px) 100vw, 475px\" \/><\/a><\/figure>\n<p><\/p>\n<p><b>La cit\u00e9 de Slagovich<\/b> est un <b>ancien petit bastion construit il y a \u00e0 peine cinq si\u00e8cles<\/b> et perch\u00e9 sur les hauteurs d\u2019un plateau, \u00e0 c\u00f4t\u00e9 d&rsquo;une falaise dominant le Golfe de Hule. La cit\u00e9-\u00e9tat contr\u00f4le ainsi un minuscule bout de terre vallonn\u00e9e entre le village de Kastr au sud et les ruines de Grabana au nord.<\/p>\n<p>Il y a toujours eu une implantation dans cette zone &#8211; <b>\u00e0 l&rsquo;origine c\u2019\u00e9tait \u00ab Slagovich le bas \u00bb<\/b>, qui \u00e9tait une petite ville bas\u00e9e sur la c\u00f4te au sud de \u00ab Slagovich le haut \u00bb.<\/p>\n<p>La topographie du terrain est importante. Slagovich le bas \u00e9tait un des rares endroits le long de la c\u00f4te <b>avec une crique de taille suffisante et accessible<\/b> &#8211; les falaises de craie s\u2019\u00e9tendant tout au long de cette zone.<\/p>\n<p>Slagovich est \u00e9galement prot\u00e9g\u00e9e par la forme de la baie. En comparaison, <b>Grabana, au nord<\/b>, est un village de p\u00eacheurs avec un petit port non prot\u00e9g\u00e9, ou <b>Kastr au sud<\/b>, que bien qu&rsquo;il ait un petit port, le dernier arr\u00eat avant la savane Konumtali , n\u2019est pas vraiment un port de commerce .<br \/><b><br \/>Slagovich le bas est un des rares endroits o\u00f9 il y a une br\u00e8che dans les falaises. <\/b>Autrefois port prosp\u00e8re, depuis le d\u00e9veloppement de Slagovich le haut, c&rsquo;est devenu un simple port de p\u00eache.<\/p>\n<p><b>Slagovich Le haut <\/b>est construit au-dessus de la falaise \u2013 rendant la position plus facilement d\u00e9fendable &#8211; et il poss\u00e8de une installation portuaire unique.<\/p>\n<p>Des <b>murs \u00e9lev\u00e9s et bien d\u00e9fendus<\/b> entourent des maisons en torchis ou en pierre ma\u00e7onn\u00e9s, mais la noblesse et les familles les plus riches sont les seuls \u00e0 vivre \u00e0 l&rsquo;int\u00e9rieur des murs. La plupart de la population vit dans des logements mal entretenus, \u00e0 l&rsquo;ext\u00e9rieur de la protection des murs. Quelques groupes de fermes dispers\u00e9es pars\u00e8ment la campagne.<\/p>\n<p>Presque tous les b\u00e2timents <b>ont une l\u00e9g\u00e8re couleur brun-rouge\u00e2tre<\/b> en raison de la pr\u00e9sence de <b><i>Cinnabryl<\/i><\/b> dans le secteur.<\/p>\n\n\n<p><\/p>\n","protected":false},"excerpt":{"rendered":"<p>La cit\u00e9 de Slagovich est un ancien petit bastion construit il y a \u00e0 peine cinq si\u00e8cles et perch\u00e9 sur les hauteurs d\u2019un plateau, \u00e0 c\u00f4t\u00e9 d&rsquo;une falaise dominant le Golfe de Hule. La cit\u00e9-\u00e9tat contr\u00f4le ainsi un minuscule bout de terre vallonn\u00e9e entre le village de Kastr au sud<\/p>\n<p class=\"continue-reading-button\"> <a class=\"continue-reading-link\" href=\"http:\/\/glacas.fr\/lantredemystara\/decors-de-campagne2\/la-cite-etat-de-slagovich\/\">Suite<i class=\"crycon-right-dir\"><\/i><\/a><\/p>\n","protected":false},"author":1,"featured_media":70,"parent":26,"menu_order":1,"comment_status":"open","ping_status":"open","template":"","meta":{"ngg_post_thumbnail":0,"jetpack_post_was_ever_published":false,"footnotes":"","_links_to":"","_links_to_target":""},"categories":[],"tags":[],"class_list":["post-69","page","type-page","status-publish","has-post-thumbnail","hentry","gallery-content-unit"],"aioseo_notices":[],"jetpack_sharing_enabled":true,"jetpack_shortlink":"https:\/\/wp.me\/P4nvCJ-17","_links":{"self":[{"href":"http:\/\/glacas.fr\/lantredemystara\/wp-json\/wp\/v2\/pages\/69","targetHints":{"allow":["GET"]}}],"collection":[{"href":"http:\/\/glacas.fr\/lantredemystara\/wp-json\/wp\/v2\/pages"}],"about":[{"href":"http:\/\/glacas.fr\/lantredemystara\/wp-json\/wp\/v2\/types\/page"}],"author":[{"embeddable":true,"href":"http:\/\/glacas.fr\/lantredemystara\/wp-json\/wp\/v2\/users\/1"}],"replies":[{"embeddable":true,"href":"http:\/\/glacas.fr\/lantredemystara\/wp-json\/wp\/v2\/comments?post=69"}],"version-history":[{"count":3,"href":"http:\/\/glacas.fr\/lantredemystara\/wp-json\/wp\/v2\/pages\/69\/revisions"}],"predecessor-version":[{"id":3117,"href":"http:\/\/glacas.fr\/lantredemystara\/wp-json\/wp\/v2\/pages\/69\/revisions\/3117"}],"up":[{"embeddable":true,"href":"http:\/\/glacas.fr\/lantredemystara\/wp-json\/wp\/v2\/pages\/26"}],"wp:featuredmedia":[{"embeddable":true,"href":"http:\/\/glacas.fr\/lantredemystara\/wp-json\/wp\/v2\/media\/70"}],"wp:attachment":[{"href":"http:\/\/glacas.fr\/lantredemystara\/wp-json\/wp\/v2\/media?parent=69"}],"wp:term":[{"taxonomy":"category","embeddable":true,"href":"http:\/\/glacas.fr\/lantredemystara\/wp-json\/wp\/v2\/categories?post=69"},{"taxonomy":"post_tag","embeddable":true,"href":"http:\/\/glacas.fr\/lantredemystara\/wp-json\/wp\/v2\/tags?post=69"}],"curies":[{"name":"wp","href":"https:\/\/api.w.org\/{rel}","templated":true}]}}