{"id":528,"date":"2016-02-10T00:07:45","date_gmt":"2016-02-09T23:07:45","guid":{"rendered":"http:\/\/glacas.fr\/lantredemystara\/?page_id=528"},"modified":"2020-03-08T13:35:26","modified_gmt":"2020-03-08T12:35:26","slug":"le-chateau","status":"publish","type":"page","link":"http:\/\/glacas.fr\/lantredemystara\/decors-de-campagne2\/la-baronnie-dachelos\/le-chateau\/","title":{"rendered":"Le ch\u00e2teau"},"content":{"rendered":"<h2 style=\"text-align: center;\"><strong>Le ch\u00e2teau d&rsquo;Achelos<\/strong><\/h2>\n<p>&nbsp;<\/p>\n<p style=\"text-align: center;\"><img data-recalc-dims=\"1\" loading=\"lazy\" decoding=\"async\" class=\"size-full wp-image-144 colorbox-528\" src=\"https:\/\/i0.wp.com\/glacas.fr\/lantredemystara\/wp-content\/uploads\/sites\/2\/2014\/02\/Chateau_Achelos1.jpg?resize=500%2C489\" alt=\" Le Ch\u00e2teau\" width=\"500\" height=\"489\" srcset=\"https:\/\/i0.wp.com\/glacas.fr\/lantredemystara\/wp-content\/uploads\/sites\/2\/2014\/02\/Chateau_Achelos1.jpg?w=500 500w, https:\/\/i0.wp.com\/glacas.fr\/lantredemystara\/wp-content\/uploads\/sites\/2\/2014\/02\/Chateau_Achelos1.jpg?resize=300%2C293 300w, https:\/\/i0.wp.com\/glacas.fr\/lantredemystara\/wp-content\/uploads\/sites\/2\/2014\/02\/Chateau_Achelos1.jpg?resize=153%2C150 153w, https:\/\/i0.wp.com\/glacas.fr\/lantredemystara\/wp-content\/uploads\/sites\/2\/2014\/02\/Chateau_Achelos1.jpg?resize=150%2C146 150w\" sizes=\"auto, (max-width: 500px) 100vw, 500px\" \/><\/p>\n<p><b>Le ch\u00e2teau de la baronnie d&rsquo;Achelos<\/b> fut construit aux environs de l\u2019an 800 (<b>800 DC<\/b>) par un seigneur venu de Glantri. Il s\u2019agissait d\u2019un <b>puissant magicien<\/b> qui cherchait l&rsquo;\u00e9loignement de cette r\u00e9gion frontali\u00e8re pour mener \u00e0 bien ses recherches magiques.<\/p>\n<p>Il fit appel \u00e0 des <b>ma\u00e7ons nains<\/b> et \u00e0 des<b> ing\u00e9nieurs gnomes<\/b> pour la construction de celui-ci ainsi qu\u2019aux ressources de la magie.<\/p>\n<p>Surnomm\u00e9 <b>la Dent du Chat<\/b>, la construction d\u00e9passait de loin les standards des ch\u00e2teaux de cette r\u00e9gion.<\/p>\n<h2><span style=\"text-decoration: underline;\"><strong>Plans du ch\u00e2teau :<br \/>\n<\/strong><\/span><\/h2>\n<p>&nbsp;<\/p>\n<p><img data-recalc-dims=\"1\" loading=\"lazy\" decoding=\"async\" class=\"size-large wp-image-537 alignnone colorbox-528\" src=\"https:\/\/i0.wp.com\/glacas.fr\/lantredemystara\/wp-content\/uploads\/sites\/2\/2016\/02\/Chateau_nivRDC2.jpg?resize=950%2C787\" alt=\"Chateau_nivRDC2\" width=\"950\" height=\"787\" srcset=\"https:\/\/i0.wp.com\/glacas.fr\/lantredemystara\/wp-content\/uploads\/sites\/2\/2016\/02\/Chateau_nivRDC2.jpg?resize=1024%2C848 1024w, https:\/\/i0.wp.com\/glacas.fr\/lantredemystara\/wp-content\/uploads\/sites\/2\/2016\/02\/Chateau_nivRDC2.jpg?resize=300%2C248 300w, https:\/\/i0.wp.com\/glacas.fr\/lantredemystara\/wp-content\/uploads\/sites\/2\/2016\/02\/Chateau_nivRDC2.jpg?resize=150%2C124 150w, https:\/\/i0.wp.com\/glacas.fr\/lantredemystara\/wp-content\/uploads\/sites\/2\/2016\/02\/Chateau_nivRDC2.jpg?w=1140 1140w\" sizes=\"auto, (max-width: 950px) 100vw, 950px\" \/><\/p>\n<p>&nbsp;<\/p>\n<p><img data-recalc-dims=\"1\" loading=\"lazy\" decoding=\"async\" class=\"size-large wp-image-536 alignnone colorbox-528\" src=\"https:\/\/i0.wp.com\/glacas.fr\/lantredemystara\/wp-content\/uploads\/sites\/2\/2016\/02\/Chateau_niv1V2.jpg?resize=950%2C773\" alt=\"Chateau_niv1V2\" width=\"950\" height=\"773\" srcset=\"https:\/\/i0.wp.com\/glacas.fr\/lantredemystara\/wp-content\/uploads\/sites\/2\/2016\/02\/Chateau_niv1V2.jpg?resize=1024%2C833 1024w, https:\/\/i0.wp.com\/glacas.fr\/lantredemystara\/wp-content\/uploads\/sites\/2\/2016\/02\/Chateau_niv1V2.jpg?resize=300%2C244 300w, https:\/\/i0.wp.com\/glacas.fr\/lantredemystara\/wp-content\/uploads\/sites\/2\/2016\/02\/Chateau_niv1V2.jpg?resize=150%2C122 150w, https:\/\/i0.wp.com\/glacas.fr\/lantredemystara\/wp-content\/uploads\/sites\/2\/2016\/02\/Chateau_niv1V2.jpg?w=1102 1102w\" sizes=\"auto, (max-width: 950px) 100vw, 950px\" \/><\/p>\n<p><img data-recalc-dims=\"1\" loading=\"lazy\" decoding=\"async\" class=\"size-large wp-image-535 alignnone colorbox-528\" src=\"https:\/\/i0.wp.com\/glacas.fr\/lantredemystara\/wp-content\/uploads\/sites\/2\/2016\/02\/Chateau_niv2.jpg?resize=560%2C775\" alt=\"Chateau_niv2\" width=\"560\" height=\"775\" srcset=\"https:\/\/i0.wp.com\/glacas.fr\/lantredemystara\/wp-content\/uploads\/sites\/2\/2016\/02\/Chateau_niv2.jpg?w=560 560w, https:\/\/i0.wp.com\/glacas.fr\/lantredemystara\/wp-content\/uploads\/sites\/2\/2016\/02\/Chateau_niv2.jpg?resize=217%2C300 217w, https:\/\/i0.wp.com\/glacas.fr\/lantredemystara\/wp-content\/uploads\/sites\/2\/2016\/02\/Chateau_niv2.jpg?resize=108%2C150 108w\" sizes=\"auto, (max-width: 560px) 100vw, 560px\" \/><\/p>\n<p><img data-recalc-dims=\"1\" loading=\"lazy\" decoding=\"async\" class=\"size-large wp-image-534 alignnone colorbox-528\" src=\"https:\/\/i0.wp.com\/glacas.fr\/lantredemystara\/wp-content\/uploads\/sites\/2\/2016\/02\/Chateau_niv3.jpg?resize=476%2C773\" alt=\"Chateau_niv3\" width=\"476\" height=\"773\" srcset=\"https:\/\/i0.wp.com\/glacas.fr\/lantredemystara\/wp-content\/uploads\/sites\/2\/2016\/02\/Chateau_niv3.jpg?w=476 476w, https:\/\/i0.wp.com\/glacas.fr\/lantredemystara\/wp-content\/uploads\/sites\/2\/2016\/02\/Chateau_niv3.jpg?resize=185%2C300 185w, https:\/\/i0.wp.com\/glacas.fr\/lantredemystara\/wp-content\/uploads\/sites\/2\/2016\/02\/Chateau_niv3.jpg?resize=92%2C150 92w\" sizes=\"auto, (max-width: 476px) 100vw, 476px\" \/><img data-recalc-dims=\"1\" loading=\"lazy\" decoding=\"async\" class=\"size-large wp-image-533 alignnone colorbox-528\" src=\"https:\/\/i0.wp.com\/glacas.fr\/lantredemystara\/wp-content\/uploads\/sites\/2\/2016\/02\/Chateau_niv4.jpg?resize=519%2C784\" alt=\"Chateau_niv4\" width=\"519\" height=\"784\" srcset=\"https:\/\/i0.wp.com\/glacas.fr\/lantredemystara\/wp-content\/uploads\/sites\/2\/2016\/02\/Chateau_niv4.jpg?w=519 519w, https:\/\/i0.wp.com\/glacas.fr\/lantredemystara\/wp-content\/uploads\/sites\/2\/2016\/02\/Chateau_niv4.jpg?resize=199%2C300 199w, https:\/\/i0.wp.com\/glacas.fr\/lantredemystara\/wp-content\/uploads\/sites\/2\/2016\/02\/Chateau_niv4.jpg?resize=99%2C150 99w\" sizes=\"auto, (max-width: 519px) 100vw, 519px\" \/><\/p>\n<p><img data-recalc-dims=\"1\" loading=\"lazy\" decoding=\"async\" class=\"size-large wp-image-529 alignnone colorbox-528\" src=\"https:\/\/i0.wp.com\/glacas.fr\/lantredemystara\/wp-content\/uploads\/sites\/2\/2016\/02\/Chateau_niv5.jpg?resize=365%2C1024\" alt=\"Chateau_niv5\" width=\"365\" height=\"1024\" srcset=\"https:\/\/i0.wp.com\/glacas.fr\/lantredemystara\/wp-content\/uploads\/sites\/2\/2016\/02\/Chateau_niv5.jpg?resize=365%2C1024 365w, https:\/\/i0.wp.com\/glacas.fr\/lantredemystara\/wp-content\/uploads\/sites\/2\/2016\/02\/Chateau_niv5.jpg?resize=107%2C300 107w, https:\/\/i0.wp.com\/glacas.fr\/lantredemystara\/wp-content\/uploads\/sites\/2\/2016\/02\/Chateau_niv5.jpg?resize=53%2C150 53w, https:\/\/i0.wp.com\/glacas.fr\/lantredemystara\/wp-content\/uploads\/sites\/2\/2016\/02\/Chateau_niv5.jpg?w=447 447w\" sizes=\"auto, (max-width: 365px) 100vw, 365px\" \/> <img data-recalc-dims=\"1\" loading=\"lazy\" decoding=\"async\" class=\"size-large wp-image-530 alignnone colorbox-528\" src=\"https:\/\/i0.wp.com\/glacas.fr\/lantredemystara\/wp-content\/uploads\/sites\/2\/2016\/02\/Chateau_nivCaves.jpg?resize=632%2C179\" alt=\"Chateau_nivCaves\" width=\"632\" height=\"179\" srcset=\"https:\/\/i0.wp.com\/glacas.fr\/lantredemystara\/wp-content\/uploads\/sites\/2\/2016\/02\/Chateau_nivCaves.jpg?w=632 632w, https:\/\/i0.wp.com\/glacas.fr\/lantredemystara\/wp-content\/uploads\/sites\/2\/2016\/02\/Chateau_nivCaves.jpg?resize=300%2C85 300w, https:\/\/i0.wp.com\/glacas.fr\/lantredemystara\/wp-content\/uploads\/sites\/2\/2016\/02\/Chateau_nivCaves.jpg?resize=150%2C42 150w\" sizes=\"auto, (max-width: 632px) 100vw, 632px\" \/><\/p>\n<p><span style=\"text-decoration: underline;\"><strong>Sources et remerciements :<\/strong><\/span><\/p>\n<p>Dragon Magazine N\u00b010, mars-avril 1993 pour la description de la Dent du Chat,<\/p>\n","protected":false},"excerpt":{"rendered":"<p>Le ch\u00e2teau d&rsquo;Achelos &nbsp; Le ch\u00e2teau de la baronnie d&rsquo;Achelos fut construit aux environs de l\u2019an 800 (800 DC) par un seigneur venu de Glantri. Il s\u2019agissait d\u2019un puissant magicien qui cherchait l&rsquo;\u00e9loignement de cette r\u00e9gion frontali\u00e8re pour mener \u00e0 bien ses recherches magiques. Il fit appel \u00e0 des ma\u00e7ons<\/p>\n<p class=\"continue-reading-button\"> <a class=\"continue-reading-link\" href=\"http:\/\/glacas.fr\/lantredemystara\/decors-de-campagne2\/la-baronnie-dachelos\/le-chateau\/\">Suite<i class=\"crycon-right-dir\"><\/i><\/a><\/p>\n","protected":false},"author":1,"featured_media":0,"parent":62,"menu_order":4,"comment_status":"closed","ping_status":"closed","template":"","meta":{"ngg_post_thumbnail":0,"jetpack_post_was_ever_published":false,"footnotes":"","_links_to":"","_links_to_target":""},"categories":[],"tags":[],"class_list":["post-528","page","type-page","status-publish","hentry","gallery-content-unit"],"aioseo_notices":[],"jetpack_sharing_enabled":true,"jetpack_shortlink":"https:\/\/wp.me\/P4nvCJ-8w","_links":{"self":[{"href":"http:\/\/glacas.fr\/lantredemystara\/wp-json\/wp\/v2\/pages\/528","targetHints":{"allow":["GET"]}}],"collection":[{"href":"http:\/\/glacas.fr\/lantredemystara\/wp-json\/wp\/v2\/pages"}],"about":[{"href":"http:\/\/glacas.fr\/lantredemystara\/wp-json\/wp\/v2\/types\/page"}],"author":[{"embeddable":true,"href":"http:\/\/glacas.fr\/lantredemystara\/wp-json\/wp\/v2\/users\/1"}],"replies":[{"embeddable":true,"href":"http:\/\/glacas.fr\/lantredemystara\/wp-json\/wp\/v2\/comments?post=528"}],"version-history":[{"count":9,"href":"http:\/\/glacas.fr\/lantredemystara\/wp-json\/wp\/v2\/pages\/528\/revisions"}],"predecessor-version":[{"id":2428,"href":"http:\/\/glacas.fr\/lantredemystara\/wp-json\/wp\/v2\/pages\/528\/revisions\/2428"}],"up":[{"embeddable":true,"href":"http:\/\/glacas.fr\/lantredemystara\/wp-json\/wp\/v2\/pages\/62"}],"wp:attachment":[{"href":"http:\/\/glacas.fr\/lantredemystara\/wp-json\/wp\/v2\/media?parent=528"}],"wp:term":[{"taxonomy":"category","embeddable":true,"href":"http:\/\/glacas.fr\/lantredemystara\/wp-json\/wp\/v2\/categories?post=528"},{"taxonomy":"post_tag","embeddable":true,"href":"http:\/\/glacas.fr\/lantredemystara\/wp-json\/wp\/v2\/tags?post=528"}],"curies":[{"name":"wp","href":"https:\/\/api.w.org\/{rel}","templated":true}]}}