{"id":501,"date":"2016-02-09T18:06:18","date_gmt":"2016-02-09T17:06:18","guid":{"rendered":"http:\/\/glacas.fr\/lantredemystara\/?page_id=501"},"modified":"2020-03-08T18:13:24","modified_gmt":"2020-03-08T17:13:24","slug":"classes-optionnelles","status":"publish","type":"page","link":"http:\/\/glacas.fr\/lantredemystara\/persos\/classes-optionnelles\/","title":{"rendered":"Classes optionnelles"},"content":{"rendered":"<h2 style=\"text-align: center;\"><a href=\"http:\/\/glacas.fr\/lantredemystara\/persos\/classes-optionnelles\/\" rel=\"attachment wp-att-640\"><img data-recalc-dims=\"1\" loading=\"lazy\" decoding=\"async\" class=\"alignnone wp-image-640 size-full colorbox-501\" src=\"https:\/\/i0.wp.com\/glacas.fr\/lantredemystara\/wp-content\/uploads\/sites\/2\/2016\/02\/Banniees.jpg?resize=618%2C274\" width=\"618\" height=\"274\" srcset=\"https:\/\/i0.wp.com\/glacas.fr\/lantredemystara\/wp-content\/uploads\/sites\/2\/2016\/02\/Banniees.jpg?w=618 618w, https:\/\/i0.wp.com\/glacas.fr\/lantredemystara\/wp-content\/uploads\/sites\/2\/2016\/02\/Banniees.jpg?resize=300%2C133 300w, https:\/\/i0.wp.com\/glacas.fr\/lantredemystara\/wp-content\/uploads\/sites\/2\/2016\/02\/Banniees.jpg?resize=250%2C111 250w, https:\/\/i0.wp.com\/glacas.fr\/lantredemystara\/wp-content\/uploads\/sites\/2\/2016\/02\/Banniees.jpg?resize=150%2C67 150w\" sizes=\"auto, (max-width: 618px) 100vw, 618px\" \/><\/a><\/h2>\n<h2 style=\"text-align: center;\"><strong>Classes de personnages optionnelles<\/strong><\/h2>\n<p>Bien sur le charme de D&amp;D Basic, comme son nom l&rsquo;indique, c&rsquo;est d&rsquo;\u00eatre basique&#8230; Le fait de ne jouer que les classes arch\u00e9typales oblige \u00e0 devoir enrichir leur personnalit\u00e9 et donc \u00e0 plonger dans le jeu de r\u00f4le.<\/p>\n<p>Mais parfois, il est utile et rafra\u00eechissant de pouvoir jouer une autre classe, fut-elle secondaire, \u00e0 la limite du PNJ ou uniquement li\u00e9e au contexte d&rsquo;un royaume.<\/p>\n<p>Une centaine de classes optionnelles ont \u00e9t\u00e9 con\u00e7ues que ce soit dans les Gazetteers, les Extensions ou dans Dragon Magazine.<\/p>\n<p>En voici quelques unes traduites de l&rsquo;anglais :<\/p>\n<div id=\"gallery-2\" class=\"gallery galleryid-2 default columns_5 gallery-columns-5  gallery-size-thumbnail \">\n<dl class=\"gallery-item gallery-startcol\">\n\t<dt class=\"gallery-icon\"><a href=\"http:\/\/glacas.fr\/lantredemystara\/2016\/02\/09\/le-marchand\/\" title=\"\" class=\"rl-gallery-link no-lightbox\">\t\t\t<img loading=\"lazy\" decoding=\"async\" src=\"https:\/\/i0.wp.com\/glacas.fr\/lantredemystara\/wp-content\/uploads\/sites\/2\/2016\/02\/Marchand1.jpg?resize=250%2C250\" width=\"250\" height=\"250\" title=\"\" class=\"attachment-thumbnail colorbox-501\" alt=\"\" \/><\/a>\t<\/dt>\n\t\t<dd class=\"wp-caption-text gallery-caption\">\n\t\tLe Marchand\t<\/dd><\/dl>\n<dl class=\"gallery-item\">\n\t<dt class=\"gallery-icon\"><a href=\"glacas.fr\/lantredemystara\/2017\/01\/07\/le-shaman\/\" title=\"\" class=\"rl-gallery-link no-lightbox\">\t\t\t<img loading=\"lazy\" decoding=\"async\" src=\"https:\/\/i0.wp.com\/glacas.fr\/lantredemystara\/wp-content\/uploads\/sites\/2\/2017\/03\/amerindiens-edward-sheriff-curtis-17.jpg?resize=250%2C250\" width=\"250\" height=\"250\" title=\"\" class=\"attachment-thumbnail colorbox-501\" alt=\"\" \/><\/a>\t<\/dt>\n\t\t<dd class=\"wp-caption-text gallery-caption\">\n\t\tLe Shaman\t<\/dd><\/dl>\n<dl class=\"gallery-item\">\n\t<dt class=\"gallery-icon\"><a href=\"http:\/\/glacas.fr\/lantredemystara\/2017\/02\/05\/le-forestier\/\" title=\"\" class=\"rl-gallery-link no-lightbox\">\t\t\t<img loading=\"lazy\" decoding=\"async\" src=\"https:\/\/i0.wp.com\/glacas.fr\/lantredemystara\/wp-content\/uploads\/sites\/2\/2016\/02\/Forestier_Humain.jpg?resize=250%2C250\" width=\"250\" height=\"250\" title=\"\" class=\"attachment-thumbnail colorbox-501\" alt=\"\" \/><\/a>\t<\/dt>\n\t\t<dd class=\"wp-caption-text gallery-caption\">\n\t\tLe Forestier\t<\/dd><\/dl>\n<dl class=\"gallery-item\">\n\t<dt class=\"gallery-icon\"><a href=\"http:\/\/glacas.fr\/lantredemystara\/2017\/01\/05\/le-mystique\/\" title=\"\" class=\"rl-gallery-link no-lightbox\">\t\t\t<img loading=\"lazy\" decoding=\"async\" src=\"https:\/\/i0.wp.com\/glacas.fr\/lantredemystara\/wp-content\/uploads\/sites\/2\/2017\/03\/e9a1ee8089f43d223fbabe848ecc969c.jpg?resize=250%2C250\" width=\"250\" height=\"250\" title=\"\" class=\"attachment-thumbnail colorbox-501\" alt=\"\" \/><\/a>\t<\/dt>\n\t\t<dd class=\"wp-caption-text gallery-caption\">\n\t\tLe Mystique\t<\/dd><\/dl>\n<dl class=\"gallery-item gallery-endcol\">\n\t<dt class=\"gallery-icon\"><a href=\"http:\/\/glacas.fr\/lantredemystara\/2017\/05\/30\/le-pretre-nain\/\" title=\"\" class=\"rl-gallery-link no-lightbox\">\t\t\t<img loading=\"lazy\" decoding=\"async\" src=\"https:\/\/i0.wp.com\/glacas.fr\/lantredemystara\/wp-content\/uploads\/sites\/2\/2017\/05\/Pretre_Nain2.jpg?resize=250%2C250\" width=\"250\" height=\"250\" title=\"\" class=\"attachment-thumbnail colorbox-501\" alt=\"\" \/><\/a>\t<\/dt>\n\t\t<dd class=\"wp-caption-text gallery-caption\">\n\t\tLe Pr\u00eatre nain\t<\/dd><\/dl>\n\n<br class='clear' \/>\n\n\n<\/div>\n","protected":false},"excerpt":{"rendered":"<p>Classes de personnages optionnelles Bien sur le charme de D&amp;D Basic, comme son nom l&rsquo;indique, c&rsquo;est d&rsquo;\u00eatre basique&#8230; Le fait de ne jouer que les classes arch\u00e9typales oblige \u00e0 devoir enrichir leur personnalit\u00e9 et donc \u00e0 plonger dans le jeu de r\u00f4le. Mais parfois, il est utile et rafra\u00eechissant de<\/p>\n<p class=\"continue-reading-button\"> <a class=\"continue-reading-link\" href=\"http:\/\/glacas.fr\/lantredemystara\/persos\/classes-optionnelles\/\">Suite<i class=\"crycon-right-dir\"><\/i><\/a><\/p>\n","protected":false},"author":1,"featured_media":0,"parent":496,"menu_order":1,"comment_status":"closed","ping_status":"closed","template":"templates\/template-page-with-intro.php","meta":{"ngg_post_thumbnail":0,"jetpack_post_was_ever_published":false,"footnotes":"","_links_to":"","_links_to_target":""},"categories":[18],"tags":[],"class_list":["post-501","page","type-page","status-publish","hentry","category-classe","gallery-content-unit"],"aioseo_notices":[],"jetpack_sharing_enabled":true,"jetpack_shortlink":"https:\/\/wp.me\/P4nvCJ-85","_links":{"self":[{"href":"http:\/\/glacas.fr\/lantredemystara\/wp-json\/wp\/v2\/pages\/501","targetHints":{"allow":["GET"]}}],"collection":[{"href":"http:\/\/glacas.fr\/lantredemystara\/wp-json\/wp\/v2\/pages"}],"about":[{"href":"http:\/\/glacas.fr\/lantredemystara\/wp-json\/wp\/v2\/types\/page"}],"author":[{"embeddable":true,"href":"http:\/\/glacas.fr\/lantredemystara\/wp-json\/wp\/v2\/users\/1"}],"replies":[{"embeddable":true,"href":"http:\/\/glacas.fr\/lantredemystara\/wp-json\/wp\/v2\/comments?post=501"}],"version-history":[{"count":22,"href":"http:\/\/glacas.fr\/lantredemystara\/wp-json\/wp\/v2\/pages\/501\/revisions"}],"predecessor-version":[{"id":3108,"href":"http:\/\/glacas.fr\/lantredemystara\/wp-json\/wp\/v2\/pages\/501\/revisions\/3108"}],"up":[{"embeddable":true,"href":"http:\/\/glacas.fr\/lantredemystara\/wp-json\/wp\/v2\/pages\/496"}],"wp:attachment":[{"href":"http:\/\/glacas.fr\/lantredemystara\/wp-json\/wp\/v2\/media?parent=501"}],"wp:term":[{"taxonomy":"category","embeddable":true,"href":"http:\/\/glacas.fr\/lantredemystara\/wp-json\/wp\/v2\/categories?post=501"},{"taxonomy":"post_tag","embeddable":true,"href":"http:\/\/glacas.fr\/lantredemystara\/wp-json\/wp\/v2\/tags?post=501"}],"curies":[{"name":"wp","href":"https:\/\/api.w.org\/{rel}","templated":true}]}}