{"id":496,"date":"2016-02-09T17:24:25","date_gmt":"2016-02-09T16:24:25","guid":{"rendered":"http:\/\/glacas.fr\/lantredemystara\/?page_id=496"},"modified":"2017-03-10T22:54:45","modified_gmt":"2017-03-10T21:54:45","slug":"persos","status":"publish","type":"page","link":"http:\/\/glacas.fr\/lantredemystara\/persos\/","title":{"rendered":"Persos"},"content":{"rendered":"<p style=\"text-align: center;\"><a href=\"http:\/\/glacas.fr\/lantredemystara\/persos\/classes\/\" rel=\"attachment wp-att-656\"><img data-recalc-dims=\"1\" loading=\"lazy\" decoding=\"async\" class=\"alignnone wp-image-656 colorbox-496\" src=\"https:\/\/i0.wp.com\/glacas.fr\/lantredemystara\/wp-content\/uploads\/sites\/2\/2016\/02\/classes.jpg?resize=489%2C306\" alt=\"\" width=\"489\" height=\"306\" srcset=\"https:\/\/i0.wp.com\/glacas.fr\/lantredemystara\/wp-content\/uploads\/sites\/2\/2016\/02\/classes.jpg?w=1440 1440w, https:\/\/i0.wp.com\/glacas.fr\/lantredemystara\/wp-content\/uploads\/sites\/2\/2016\/02\/classes.jpg?resize=300%2C188 300w, https:\/\/i0.wp.com\/glacas.fr\/lantredemystara\/wp-content\/uploads\/sites\/2\/2016\/02\/classes.jpg?resize=1024%2C640 1024w, https:\/\/i0.wp.com\/glacas.fr\/lantredemystara\/wp-content\/uploads\/sites\/2\/2016\/02\/classes.jpg?resize=240%2C150 240w, https:\/\/i0.wp.com\/glacas.fr\/lantredemystara\/wp-content\/uploads\/sites\/2\/2016\/02\/classes.jpg?resize=150%2C94 150w\" sizes=\"auto, (max-width: 489px) 100vw, 489px\" \/><\/a><\/p>\n<h3 style=\"text-align: center;\"><strong>Pour aller plus loin dans l&rsquo;interpr\u00e9tation de votre perso<\/strong><\/h3>\n<p>&nbsp;<\/p>\n<p style=\"text-align: justify;\">Le plus important dans un jeu de r\u00f4le, c&rsquo;est quand m\u00eame le personnage que l&rsquo;on joue&#8230; Pour aider les joueurs \u00e0 mieux s&rsquo;approprier leur perso, nous vous proposons deux compl\u00e9ments :<\/p>\n<ul style=\"text-align: justify;\">\n<li>Des <strong>biographies<\/strong> pour donner du fond \u00e0 votre perso, de sa naissance au moment o\u00f9 vous le prenez en main.<\/li>\n<li>Des <strong>classes compl\u00e9mentaires<\/strong> aux classes de bases de D&amp;D Basic\/Expert\/compagnon<\/li>\n<\/ul>\n<p style=\"text-align: justify;\">Cliquez sur la page qui vous int\u00e9resse, en sachant que les deux sont compl\u00e9mentaires&#8230;<\/p>\n<div id=\"attachment_476\" style=\"width: 310px\" class=\"wp-caption alignleft\"><a href=\"http:\/\/glacas.fr\/lantredemystara\/persos\/biographies\/\"><img data-recalc-dims=\"1\" loading=\"lazy\" decoding=\"async\" aria-describedby=\"caption-attachment-476\" class=\"wp-image-476 size-full colorbox-496\" src=\"https:\/\/i0.wp.com\/glacas.fr\/lantredemystara\/wp-content\/uploads\/sites\/2\/2016\/02\/Vignette_Biographie-7.jpg?resize=300%2C300\" alt=\"Vous voulez jouer des personnages avec un peu de fond et d'historique ? Savoir ce qui les a pouss\u00e9 \u00e0 devenir aventurier ?\" width=\"300\" height=\"300\" srcset=\"https:\/\/i0.wp.com\/glacas.fr\/lantredemystara\/wp-content\/uploads\/sites\/2\/2016\/02\/Vignette_Biographie-7.jpg?w=300 300w, https:\/\/i0.wp.com\/glacas.fr\/lantredemystara\/wp-content\/uploads\/sites\/2\/2016\/02\/Vignette_Biographie-7.jpg?resize=150%2C150 150w, https:\/\/i0.wp.com\/glacas.fr\/lantredemystara\/wp-content\/uploads\/sites\/2\/2016\/02\/Vignette_Biographie-7.jpg?resize=200%2C200 200w, https:\/\/i0.wp.com\/glacas.fr\/lantredemystara\/wp-content\/uploads\/sites\/2\/2016\/02\/Vignette_Biographie-7.jpg?resize=263%2C263 263w\" sizes=\"auto, (max-width: 300px) 100vw, 300px\" \/><\/a><p id=\"caption-attachment-476\" class=\"wp-caption-text\">Vous voulez jouer des personnages avec un peu de fond et d&rsquo;historique ? Savoir ce qui les a pouss\u00e9s \u00e0 devenir aventurier ?<\/p><\/div>\n<div id=\"attachment_473\" style=\"width: 310px\" class=\"wp-caption alignleft\"><a href=\"http:\/\/glacas.fr\/lantredemystara\/persos\/classes-optionnelles\/\"><img data-recalc-dims=\"1\" loading=\"lazy\" decoding=\"async\" aria-describedby=\"caption-attachment-473\" class=\"wp-image-473 size-full colorbox-496\" src=\"https:\/\/i0.wp.com\/glacas.fr\/lantredemystara\/wp-content\/uploads\/sites\/2\/2016\/02\/Vignette_druide-9.jpg?resize=300%2C300\" alt=\"Des classes optionnelles pour jouer autre chose que les arch\u00e9types de D&amp;D Basic.\" width=\"300\" height=\"300\" srcset=\"https:\/\/i0.wp.com\/glacas.fr\/lantredemystara\/wp-content\/uploads\/sites\/2\/2016\/02\/Vignette_druide-9.jpg?w=300 300w, https:\/\/i0.wp.com\/glacas.fr\/lantredemystara\/wp-content\/uploads\/sites\/2\/2016\/02\/Vignette_druide-9.jpg?resize=150%2C150 150w, https:\/\/i0.wp.com\/glacas.fr\/lantredemystara\/wp-content\/uploads\/sites\/2\/2016\/02\/Vignette_druide-9.jpg?resize=200%2C200 200w, https:\/\/i0.wp.com\/glacas.fr\/lantredemystara\/wp-content\/uploads\/sites\/2\/2016\/02\/Vignette_druide-9.jpg?resize=263%2C263 263w\" sizes=\"auto, (max-width: 300px) 100vw, 300px\" \/><\/a><p id=\"caption-attachment-473\" class=\"wp-caption-text\">Des classes optionnelles pour jouer autre chose que les arch\u00e9types de D&amp;D Basic.<\/p><\/div>\n","protected":false},"excerpt":{"rendered":"<p>Pour aller plus loin dans l&rsquo;interpr\u00e9tation de votre perso &nbsp; Le plus important dans un jeu de r\u00f4le, c&rsquo;est quand m\u00eame le personnage que l&rsquo;on joue&#8230; Pour aider les joueurs \u00e0 mieux s&rsquo;approprier leur perso, nous vous proposons deux compl\u00e9ments : Des biographies pour donner du fond \u00e0 votre perso,<\/p>\n<p class=\"continue-reading-button\"> <a class=\"continue-reading-link\" href=\"http:\/\/glacas.fr\/lantredemystara\/persos\/\">Suite<i class=\"crycon-right-dir\"><\/i><\/a><\/p>\n","protected":false},"author":1,"featured_media":0,"parent":0,"menu_order":4,"comment_status":"closed","ping_status":"closed","template":"","meta":{"ngg_post_thumbnail":0,"jetpack_post_was_ever_published":false,"footnotes":"","_links_to":"","_links_to_target":""},"categories":[],"tags":[],"class_list":["post-496","page","type-page","status-publish","hentry","gallery-content-unit"],"aioseo_notices":[],"jetpack_sharing_enabled":true,"jetpack_shortlink":"https:\/\/wp.me\/P4nvCJ-80","_links":{"self":[{"href":"http:\/\/glacas.fr\/lantredemystara\/wp-json\/wp\/v2\/pages\/496","targetHints":{"allow":["GET"]}}],"collection":[{"href":"http:\/\/glacas.fr\/lantredemystara\/wp-json\/wp\/v2\/pages"}],"about":[{"href":"http:\/\/glacas.fr\/lantredemystara\/wp-json\/wp\/v2\/types\/page"}],"author":[{"embeddable":true,"href":"http:\/\/glacas.fr\/lantredemystara\/wp-json\/wp\/v2\/users\/1"}],"replies":[{"embeddable":true,"href":"http:\/\/glacas.fr\/lantredemystara\/wp-json\/wp\/v2\/comments?post=496"}],"version-history":[{"count":13,"href":"http:\/\/glacas.fr\/lantredemystara\/wp-json\/wp\/v2\/pages\/496\/revisions"}],"predecessor-version":[{"id":665,"href":"http:\/\/glacas.fr\/lantredemystara\/wp-json\/wp\/v2\/pages\/496\/revisions\/665"}],"wp:attachment":[{"href":"http:\/\/glacas.fr\/lantredemystara\/wp-json\/wp\/v2\/media?parent=496"}],"wp:term":[{"taxonomy":"category","embeddable":true,"href":"http:\/\/glacas.fr\/lantredemystara\/wp-json\/wp\/v2\/categories?post=496"},{"taxonomy":"post_tag","embeddable":true,"href":"http:\/\/glacas.fr\/lantredemystara\/wp-json\/wp\/v2\/tags?post=496"}],"curies":[{"name":"wp","href":"https:\/\/api.w.org\/{rel}","templated":true}]}}