{"id":32,"date":"2014-02-24T10:59:27","date_gmt":"2014-02-24T09:59:27","guid":{"rendered":"http:\/\/glacas.fr\/lantredemystara\/?page_id=32"},"modified":"2017-03-17T18:08:47","modified_gmt":"2017-03-17T17:08:47","slug":"voyage-a-mystara","status":"publish","type":"page","link":"http:\/\/glacas.fr\/lantredemystara\/mystara\/voyage-a-mystara\/","title":{"rendered":"Voyage Interactif"},"content":{"rendered":"<h2 style=\"text-align: center;\"><strong>Voyage interactif \u00e0 Mystara<\/strong><\/h2>\n<p style=\"text-align: center;\"><img data-recalc-dims=\"1\" loading=\"lazy\" decoding=\"async\" class=\"alignnone wp-image-1607 colorbox-32\" src=\"https:\/\/i0.wp.com\/glacas.fr\/lantredemystara\/wp-content\/uploads\/sites\/2\/2014\/02\/Mystara-2016-2e-render-13-sm-1024x1024-978x400.jpg?resize=386%2C158\" alt=\"\" width=\"386\" height=\"158\" srcset=\"https:\/\/i0.wp.com\/glacas.fr\/lantredemystara\/wp-content\/uploads\/sites\/2\/2014\/02\/Mystara-2016-2e-render-13-sm-1024x1024-978x400.jpg?resize=978%2C400 978w, https:\/\/i0.wp.com\/glacas.fr\/lantredemystara\/wp-content\/uploads\/sites\/2\/2014\/02\/Mystara-2016-2e-render-13-sm-1024x1024-978x400.jpg?resize=300%2C123 300w, https:\/\/i0.wp.com\/glacas.fr\/lantredemystara\/wp-content\/uploads\/sites\/2\/2014\/02\/Mystara-2016-2e-render-13-sm-1024x1024-978x400.jpg?resize=250%2C102 250w, https:\/\/i0.wp.com\/glacas.fr\/lantredemystara\/wp-content\/uploads\/sites\/2\/2014\/02\/Mystara-2016-2e-render-13-sm-1024x1024-978x400.jpg?resize=150%2C61 150w\" sizes=\"auto, (max-width: 386px) 100vw, 386px\" \/><\/p>\n<p>&nbsp;<\/p>\n<p style=\"text-align: left;\">Pour ceux qui ont envie de parcourir les continents, les r\u00e9gions, les royaumes et les recoins de Mystara, que ce soit \u00e0 la surface ou sous la terre, cette rubrique est pour vous !<\/p>\n<p style=\"text-align: left;\">Elle est par contre toujours en chantier, donc ne vous \u00e9tonnez pas si nombre de secteurs ne sont pas encore d\u00e9crits&#8230; D&rsquo;ailleurs si d&rsquo;autres passionn\u00e9s ont envie de contribuer, ils sont les bienvenus.<\/p>\n<p>&nbsp;<\/p>\n<p><strong>Cliquez sur la mappemonde qui vous int\u00e9resse et bon voyage \u00e0 Mystara !<\/strong><\/p>\n<div id=\"attachment_1608\" style=\"width: 310px\" class=\"wp-caption alignleft\"><a href=\"http:\/\/glacas.fr\/lantredemystara\/mystara\/voyage-a-mystara\/mystara\/\"><img data-recalc-dims=\"1\" loading=\"lazy\" decoding=\"async\" aria-describedby=\"caption-attachment-1608\" class=\"wp-image-1608 size-medium colorbox-32\" src=\"https:\/\/i0.wp.com\/glacas.fr\/lantredemystara\/wp-content\/uploads\/sites\/2\/2014\/02\/Mystara-2016-2e-render-13-sm-Large-1.jpg?resize=300%2C300\" alt=\"\" width=\"300\" height=\"300\" srcset=\"https:\/\/i0.wp.com\/glacas.fr\/lantredemystara\/wp-content\/uploads\/sites\/2\/2014\/02\/Mystara-2016-2e-render-13-sm-Large-1.jpg?resize=300%2C300 300w, https:\/\/i0.wp.com\/glacas.fr\/lantredemystara\/wp-content\/uploads\/sites\/2\/2014\/02\/Mystara-2016-2e-render-13-sm-Large-1.jpg?resize=250%2C250 250w, https:\/\/i0.wp.com\/glacas.fr\/lantredemystara\/wp-content\/uploads\/sites\/2\/2014\/02\/Mystara-2016-2e-render-13-sm-Large-1.jpg?resize=1024%2C1024 1024w, https:\/\/i0.wp.com\/glacas.fr\/lantredemystara\/wp-content\/uploads\/sites\/2\/2014\/02\/Mystara-2016-2e-render-13-sm-Large-1.jpg?resize=150%2C150 150w, https:\/\/i0.wp.com\/glacas.fr\/lantredemystara\/wp-content\/uploads\/sites\/2\/2014\/02\/Mystara-2016-2e-render-13-sm-Large-1.jpg?w=1080 1080w\" sizes=\"auto, (max-width: 300px) 100vw, 300px\" \/><\/a><p id=\"caption-attachment-1608\" class=\"wp-caption-text\">Mystara &#8211; La surface<\/p><\/div>\n<div id=\"attachment_1609\" style=\"width: 310px\" class=\"wp-caption alignleft\"><a href=\"http:\/\/glacas.fr\/lantredemystara\/mystara\/voyage-a-mystara\/hollow-world\/\"><img data-recalc-dims=\"1\" loading=\"lazy\" decoding=\"async\" aria-describedby=\"caption-attachment-1609\" class=\"wp-image-1609 size-medium colorbox-32\" src=\"https:\/\/i0.wp.com\/glacas.fr\/lantredemystara\/wp-content\/uploads\/sites\/2\/2014\/02\/Mystara-2016-2e-render-7.jpg?resize=300%2C300\" alt=\"\" width=\"300\" height=\"300\" srcset=\"https:\/\/i0.wp.com\/glacas.fr\/lantredemystara\/wp-content\/uploads\/sites\/2\/2014\/02\/Mystara-2016-2e-render-7.jpg?resize=300%2C300 300w, https:\/\/i0.wp.com\/glacas.fr\/lantredemystara\/wp-content\/uploads\/sites\/2\/2014\/02\/Mystara-2016-2e-render-7.jpg?resize=250%2C250 250w, https:\/\/i0.wp.com\/glacas.fr\/lantredemystara\/wp-content\/uploads\/sites\/2\/2014\/02\/Mystara-2016-2e-render-7.jpg?resize=150%2C150 150w, https:\/\/i0.wp.com\/glacas.fr\/lantredemystara\/wp-content\/uploads\/sites\/2\/2014\/02\/Mystara-2016-2e-render-7.jpg?w=1024 1024w\" sizes=\"auto, (max-width: 300px) 100vw, 300px\" \/><\/a><p id=\"caption-attachment-1609\" class=\"wp-caption-text\">Mystara &#8211; Le Hollow World<\/p><\/div>\n<p>&nbsp;<\/p>\n<p>&nbsp;<\/p>\n<p>&nbsp;<\/p>\n<p>&nbsp;<\/p>\n<p>&nbsp;<\/p>\n<p>&nbsp;<\/p>\n<p>&nbsp;<\/p>\n<p>&nbsp;<\/p>\n<p>&nbsp;<\/p>\n<p>&nbsp;<\/p>\n<p><span style=\"text-decoration: underline;\"><strong>D&rsquo;autres cartes interactives faites par des fans :<\/strong><\/span><\/p>\n<p><strong><a href=\"http:\/\/dkourmyshov.github.io\/mystaramap\/\">Dans Vault of Pandius<\/a><\/strong>, une tr\u00e8s grande carte interactive organis\u00e9e autour des villes<\/p>\n<p>Dans\u00a0<strong><a href=\"http:\/\/www.roberto.roma.it\/map\/MYSTARA.html\"> La Tana del Drago<\/a><\/strong> avec une belle carte<\/p>\n<p>&nbsp;<\/p>\n<p><span style=\"text-decoration: underline;\"><strong>Sources et remerciements :<\/strong><\/span><\/p>\n<p>En premier, <strong><a href=\"http:\/\/www.thorfmaps.com\/\">Thorfinn Tait<\/a><\/strong> sans qui rien n&rsquo;aurait \u00e9t\u00e9 possible dans cette rubrique (un tr\u00e8s grand merci !).<\/p>\n<p><strong><a href=\"http:\/\/pandius.com\/atlas.html\">Vault of Pandius<\/a><\/strong> avec toutes les ressources cartes et informations qui nous ont plus qu&rsquo;aid\u00e9.<\/p>\n","protected":false},"excerpt":{"rendered":"<p>Voyage interactif \u00e0 Mystara &nbsp; Pour ceux qui ont envie de parcourir les continents, les r\u00e9gions, les royaumes et les recoins de Mystara, que ce soit \u00e0 la surface ou sous la terre, cette rubrique est pour vous ! Elle est par contre toujours en chantier, donc ne vous \u00e9tonnez<\/p>\n<p class=\"continue-reading-button\"> <a class=\"continue-reading-link\" href=\"http:\/\/glacas.fr\/lantredemystara\/mystara\/voyage-a-mystara\/\">Suite<i class=\"crycon-right-dir\"><\/i><\/a><\/p>\n","protected":false},"author":1,"featured_media":0,"parent":913,"menu_order":1,"comment_status":"open","ping_status":"open","template":"","meta":{"ngg_post_thumbnail":0,"jetpack_post_was_ever_published":false,"footnotes":"","_links_to":"","_links_to_target":""},"categories":[],"tags":[],"class_list":["post-32","page","type-page","status-publish","hentry","gallery-content-unit"],"aioseo_notices":[],"jetpack_sharing_enabled":true,"jetpack_shortlink":"https:\/\/wp.me\/P4nvCJ-w","_links":{"self":[{"href":"http:\/\/glacas.fr\/lantredemystara\/wp-json\/wp\/v2\/pages\/32","targetHints":{"allow":["GET"]}}],"collection":[{"href":"http:\/\/glacas.fr\/lantredemystara\/wp-json\/wp\/v2\/pages"}],"about":[{"href":"http:\/\/glacas.fr\/lantredemystara\/wp-json\/wp\/v2\/types\/page"}],"author":[{"embeddable":true,"href":"http:\/\/glacas.fr\/lantredemystara\/wp-json\/wp\/v2\/users\/1"}],"replies":[{"embeddable":true,"href":"http:\/\/glacas.fr\/lantredemystara\/wp-json\/wp\/v2\/comments?post=32"}],"version-history":[{"count":23,"href":"http:\/\/glacas.fr\/lantredemystara\/wp-json\/wp\/v2\/pages\/32\/revisions"}],"predecessor-version":[{"id":1613,"href":"http:\/\/glacas.fr\/lantredemystara\/wp-json\/wp\/v2\/pages\/32\/revisions\/1613"}],"up":[{"embeddable":true,"href":"http:\/\/glacas.fr\/lantredemystara\/wp-json\/wp\/v2\/pages\/913"}],"wp:attachment":[{"href":"http:\/\/glacas.fr\/lantredemystara\/wp-json\/wp\/v2\/media?parent=32"}],"wp:term":[{"taxonomy":"category","embeddable":true,"href":"http:\/\/glacas.fr\/lantredemystara\/wp-json\/wp\/v2\/categories?post=32"},{"taxonomy":"post_tag","embeddable":true,"href":"http:\/\/glacas.fr\/lantredemystara\/wp-json\/wp\/v2\/tags?post=32"}],"curies":[{"name":"wp","href":"https:\/\/api.w.org\/{rel}","templated":true}]}}