{"id":2,"date":"2014-02-23T16:05:05","date_gmt":"2014-02-23T15:05:05","guid":{"rendered":"http:\/\/glacas.fr\/lantredemystara\/?page_id=2"},"modified":"2017-03-06T18:49:50","modified_gmt":"2017-03-06T17:49:50","slug":"biographies","status":"publish","type":"page","link":"http:\/\/glacas.fr\/lantredemystara\/persos\/biographies\/","title":{"rendered":"Biographies"},"content":{"rendered":"<div id=\"gallery-2\" class=\"gallery galleryid-2 default columns_8 gallery-columns-8  gallery-size-thumbnail \">\n<dl class=\"gallery-item gallery-startcol\">\n\t<dt class=\"gallery-icon\"><a href=\"http:\/\/glacas.fr\/lantredemystara\/2017\/03\/05\/guerrier-humain-niv1\/\" title=\"\" class=\"rl-gallery-link no-lightbox\">\t\t\t<img loading=\"lazy\" decoding=\"async\" src=\"https:\/\/i0.wp.com\/glacas.fr\/lantredemystara\/wp-content\/uploads\/sites\/2\/2014\/02\/arng110_V2.jpg?resize=250%2C250\" width=\"250\" height=\"250\" title=\"\" class=\"attachment-thumbnail colorbox-2\" alt=\"\" \/><\/a>\t<\/dt>\n\t<\/dl>\n<dl class=\"gallery-item\">\n\t<dt class=\"gallery-icon\"><a href=\"http:\/\/glacas.fr\/lantredemystara\/2017\/03\/05\/pretresse-de-valerias-niv1\/\" title=\"\" class=\"rl-gallery-link no-lightbox\">\t\t\t<img loading=\"lazy\" decoding=\"async\" src=\"https:\/\/i0.wp.com\/glacas.fr\/lantredemystara\/wp-content\/uploads\/sites\/2\/2014\/02\/Valerias.jpg?resize=150%2C150\" width=\"150\" height=\"150\" title=\"\" class=\"attachment-thumbnail colorbox-2\" alt=\"\" \/><\/a>\t<\/dt>\n\t<\/dl>\n<dl class=\"gallery-item\">\n\t<dt class=\"gallery-icon\"><a href=\"http:\/\/glacas.fr\/lantredemystara\/2017\/03\/06\/druide-de-lile-blanche-niv-1-ou-9\/\" title=\"\" class=\"rl-gallery-link no-lightbox\">\t\t\t<img loading=\"lazy\" decoding=\"async\" src=\"https:\/\/i0.wp.com\/glacas.fr\/lantredemystara\/wp-content\/uploads\/sites\/2\/2014\/02\/Druide_V2.jpg?resize=250%2C250\" width=\"250\" height=\"250\" title=\"\" class=\"attachment-thumbnail colorbox-2\" alt=\"\" \/><\/a>\t<\/dt>\n\t<\/dl>\n<dl class=\"gallery-item\">\n\t<dt class=\"gallery-icon\"><a href=\"http:\/\/glacas.fr\/lantredemystara\/2017\/03\/05\/voleuse-humaine-niv1\/\" title=\"\" class=\"rl-gallery-link no-lightbox\">\t\t\t<img loading=\"lazy\" decoding=\"async\" src=\"https:\/\/i0.wp.com\/glacas.fr\/lantredemystara\/wp-content\/uploads\/sites\/2\/2014\/02\/elmore_p083al.jpg?resize=150%2C150\" width=\"150\" height=\"150\" title=\"\" class=\"attachment-thumbnail colorbox-2\" alt=\"\" \/><\/a>\t<\/dt>\n\t<\/dl>\n<dl class=\"gallery-item\">\n\t<dt class=\"gallery-icon\"><a href=\"http:\/\/glacas.fr\/lantredemystara\/2014\/02\/27\/magicien-niveau-1\/\" title=\"\" class=\"rl-gallery-link no-lightbox\">\t\t\t<img loading=\"lazy\" decoding=\"async\" src=\"https:\/\/i0.wp.com\/glacas.fr\/lantredemystara\/wp-content\/uploads\/sites\/2\/2014\/02\/Mage_Chaotic.jpg?resize=150%2C150\" width=\"150\" height=\"150\" title=\"\" class=\"attachment-thumbnail colorbox-2\" alt=\"\" \/><\/a>\t<\/dt>\n\t<\/dl>\n<dl class=\"gallery-item\">\n\t<dt class=\"gallery-icon\"><a href=\"http:\/\/glacas.fr\/lantredemystara\/2017\/03\/05\/pretre-de-halav-niv1\/\" title=\"\" class=\"rl-gallery-link no-lightbox\">\t\t\t<img loading=\"lazy\" decoding=\"async\" src=\"https:\/\/i0.wp.com\/glacas.fr\/lantredemystara\/wp-content\/uploads\/sites\/2\/2017\/03\/bleredd_avatar.jpg?resize=250%2C250\" width=\"250\" height=\"250\" title=\"\" class=\"attachment-thumbnail colorbox-2\" alt=\"\" \/><\/a>\t<\/dt>\n\t<\/dl>\n<dl class=\"gallery-item\">\n\t<dt class=\"gallery-icon\"><a href=\"http:\/\/glacas.fr\/lantredemystara\/2014\/02\/28\/voleur-niveau-1\/\" title=\"\" class=\"rl-gallery-link no-lightbox\">\t\t\t<img loading=\"lazy\" decoding=\"async\" src=\"https:\/\/i0.wp.com\/glacas.fr\/lantredemystara\/wp-content\/uploads\/sites\/2\/2014\/02\/Assassin.jpg?resize=150%2C150\" width=\"150\" height=\"150\" title=\"\" class=\"attachment-thumbnail colorbox-2\" alt=\"\" \/><\/a>\t<\/dt>\n\t<\/dl>\n<dl class=\"gallery-item gallery-endcol\">\n\t<dt class=\"gallery-icon\"><a href=\"http:\/\/glacas.fr\/lantredemystara\/2017\/03\/06\/forestier-niv1\/\" title=\"\" class=\"rl-gallery-link no-lightbox\">\t\t\t<img loading=\"lazy\" decoding=\"async\" src=\"https:\/\/i0.wp.com\/glacas.fr\/lantredemystara\/wp-content\/uploads\/sites\/2\/2014\/02\/Forestier_Humain.jpg?resize=150%2C150\" width=\"150\" height=\"150\" title=\"\" class=\"attachment-thumbnail colorbox-2\" alt=\"\" \/><\/a>\t<\/dt>\n\t<\/dl>\n\n<br class='clear' \/>\n<dl class=\"gallery-item gallery-startcol\">\n\t<dt class=\"gallery-icon\"><a href=\"http:\/\/glacas.fr\/lantredemystara\/2017\/03\/06\/magicienne-humaine-niv1\/\" title=\"\" class=\"rl-gallery-link no-lightbox\">\t\t\t<img loading=\"lazy\" decoding=\"async\" src=\"https:\/\/i0.wp.com\/glacas.fr\/lantredemystara\/wp-content\/uploads\/sites\/2\/2017\/03\/Mage_by_Ironshod.jpg?resize=250%2C250\" width=\"250\" height=\"250\" title=\"\" class=\"attachment-thumbnail colorbox-2\" alt=\"\" \/><\/a>\t<\/dt>\n\t<\/dl>\n<dl class=\"gallery-item\">\n\t<dt class=\"gallery-icon\"><a href=\"http:\/\/glacas.fr\/lantredemystara\/2017\/03\/06\/barbare-niv1-a-3\/\" title=\"\" class=\"rl-gallery-link no-lightbox\">\t\t\t<img loading=\"lazy\" decoding=\"async\" src=\"https:\/\/i0.wp.com\/glacas.fr\/lantredemystara\/wp-content\/uploads\/sites\/2\/2014\/02\/Barbare_V2.jpg?resize=250%2C250\" width=\"250\" height=\"250\" title=\"\" class=\"attachment-thumbnail colorbox-2\" alt=\"\" \/><\/a>\t<\/dt>\n\t<\/dl>\n<dl class=\"gallery-item\">\n\t<dt class=\"gallery-icon\"><a href=\"http:\/\/glacas.fr\/lantredemystara\/2017\/03\/06\/elfe-niv-1-a-3\/\" title=\"\" class=\"rl-gallery-link no-lightbox\">\t\t\t<img loading=\"lazy\" decoding=\"async\" src=\"https:\/\/i0.wp.com\/glacas.fr\/lantredemystara\/wp-content\/uploads\/sites\/2\/2014\/02\/Elfe_V2.jpg?resize=250%2C250\" width=\"250\" height=\"250\" title=\"\" class=\"attachment-thumbnail colorbox-2\" alt=\"\" \/><\/a>\t<\/dt>\n\t<\/dl>\n\n\n<\/div>\n<h4 style=\"text-align: center;\" align=\"center\"><b>DES PERSOS PR\u00caTS A L&rsquo;EMPLOI :<br \/>\n<\/b><\/h4>\n<p>&nbsp;<\/p>\n<p style=\"text-align: justify;\">Cette rubrique est faite pour les masters ou les joueurs qui voudraient jouer des personnages avec un peu de fond et d&rsquo;historique personnel.<\/p>\n<p style=\"text-align: justify;\">En effet, quand on joue un personnage de niveau 1 et qu&rsquo;il d\u00e9bute entre 17 et 20 ans, quid de son pass\u00e9 ? Dans quel milieu est-il n\u00e9 ? Qu&rsquo;a-t&rsquo;il fait de son adolescence ? Et surtout, <b>qu&rsquo;est ce qui a fait qu&rsquo;il a choisi (ou pas&#8230;) d&#8217;embrasser la carri\u00e8re d&rsquo;aventurier <\/b>?<\/p>\n<p style=\"text-align: justify;\">Aimant bien \u00e9crire des biographies pr\u00e9alables pour mes joueurs, je me suis dit que ces textes pourraient int\u00e9resser d&rsquo;autres MDJ ou joueurs. Vous les trouverez ci-dessous, avec une br\u00e8ve pr\u00e9sentation. Les biographies s&rsquo;adressent directement au joueur (<i>\u00ab\u00a0tu es n\u00e9&#8230;\u00a0\u00bb<\/i>) afin de pouvoir les lui donner directement; il y a juste son nom de personnage \u00e0 ajouter dans l&rsquo;ent\u00eate.<\/p>\n<p style=\"text-align: justify;\">Attention, il ne s&rsquo;agit pas de persos pr\u00e9-tir\u00e9s,<b> vous ne trouverez donc pas pas leurs caract\u00e9ristiques, juste leur biographie<\/b>.<\/p>\n","protected":false},"excerpt":{"rendered":"<p>DES PERSOS PR\u00caTS A L&rsquo;EMPLOI : &nbsp; Cette rubrique est faite pour les masters ou les joueurs qui voudraient jouer des personnages avec un peu de fond et d&rsquo;historique personnel. En effet, quand on joue un personnage de niveau 1 et qu&rsquo;il d\u00e9bute entre 17 et 20 ans, quid de<\/p>\n<p class=\"continue-reading-button\"> <a class=\"continue-reading-link\" href=\"http:\/\/glacas.fr\/lantredemystara\/persos\/biographies\/\">Suite<i class=\"crycon-right-dir\"><\/i><\/a><\/p>\n","protected":false},"author":1,"featured_media":95,"parent":496,"menu_order":0,"comment_status":"open","ping_status":"closed","template":"templates\/template-page-with-intro.php","meta":{"ngg_post_thumbnail":0,"jetpack_post_was_ever_published":false,"footnotes":"","_links_to":"","_links_to_target":""},"categories":[],"tags":[],"class_list":["post-2","page","type-page","status-publish","has-post-thumbnail","hentry","gallery-content-unit"],"aioseo_notices":[],"jetpack_sharing_enabled":false,"jetpack_shortlink":"https:\/\/wp.me\/P4nvCJ-2","_links":{"self":[{"href":"http:\/\/glacas.fr\/lantredemystara\/wp-json\/wp\/v2\/pages\/2","targetHints":{"allow":["GET"]}}],"collection":[{"href":"http:\/\/glacas.fr\/lantredemystara\/wp-json\/wp\/v2\/pages"}],"about":[{"href":"http:\/\/glacas.fr\/lantredemystara\/wp-json\/wp\/v2\/types\/page"}],"author":[{"embeddable":true,"href":"http:\/\/glacas.fr\/lantredemystara\/wp-json\/wp\/v2\/users\/1"}],"replies":[{"embeddable":true,"href":"http:\/\/glacas.fr\/lantredemystara\/wp-json\/wp\/v2\/comments?post=2"}],"version-history":[{"count":51,"href":"http:\/\/glacas.fr\/lantredemystara\/wp-json\/wp\/v2\/pages\/2\/revisions"}],"predecessor-version":[{"id":766,"href":"http:\/\/glacas.fr\/lantredemystara\/wp-json\/wp\/v2\/pages\/2\/revisions\/766"}],"up":[{"embeddable":true,"href":"http:\/\/glacas.fr\/lantredemystara\/wp-json\/wp\/v2\/pages\/496"}],"wp:featuredmedia":[{"embeddable":true,"href":"http:\/\/glacas.fr\/lantredemystara\/wp-json\/wp\/v2\/media\/95"}],"wp:attachment":[{"href":"http:\/\/glacas.fr\/lantredemystara\/wp-json\/wp\/v2\/media?parent=2"}],"wp:term":[{"taxonomy":"category","embeddable":true,"href":"http:\/\/glacas.fr\/lantredemystara\/wp-json\/wp\/v2\/categories?post=2"},{"taxonomy":"post_tag","embeddable":true,"href":"http:\/\/glacas.fr\/lantredemystara\/wp-json\/wp\/v2\/tags?post=2"}],"curies":[{"name":"wp","href":"https:\/\/api.w.org\/{rel}","templated":true}]}}