{"id":1946,"date":"2017-04-04T22:38:19","date_gmt":"2017-04-04T21:38:19","guid":{"rendered":"http:\/\/glacas.fr\/lantredemystara\/?page_id=1946"},"modified":"2024-04-18T21:33:21","modified_gmt":"2024-04-18T20:33:21","slug":"la-foret-de-dymrak","status":"publish","type":"page","link":"http:\/\/glacas.fr\/lantredemystara\/mystara\/voyage-a-mystara\/mystara\/continent-de-brun\/monde-connu\/karameikos\/la-foret-de-dymrak\/","title":{"rendered":"La for\u00eat de Dymrak"},"content":{"rendered":"<h2 style=\"text-align: center;\">La for\u00eat de Dymrak<\/h2>\n<p style=\"text-align: center;\"><img data-recalc-dims=\"1\" loading=\"lazy\" decoding=\"async\" class=\"alignnone size-full wp-image-1947 colorbox-1946\" src=\"https:\/\/i0.wp.com\/glacas.fr\/lantredemystara\/wp-content\/uploads\/sites\/2\/2017\/04\/dymrak-forest.jpg?resize=620%2C450\" alt=\"\" width=\"620\" height=\"450\" srcset=\"https:\/\/i0.wp.com\/glacas.fr\/lantredemystara\/wp-content\/uploads\/sites\/2\/2017\/04\/dymrak-forest.jpg?w=620 620w, https:\/\/i0.wp.com\/glacas.fr\/lantredemystara\/wp-content\/uploads\/sites\/2\/2017\/04\/dymrak-forest.jpg?resize=300%2C218 300w, https:\/\/i0.wp.com\/glacas.fr\/lantredemystara\/wp-content\/uploads\/sites\/2\/2017\/04\/dymrak-forest.jpg?resize=150%2C109 150w\" sizes=\"auto, (max-width: 620px) 100vw, 620px\" \/><\/p>\n<p>Depuis votre enfance, vous avez entendu des histoires effrayantes \u00e0 propos de la for\u00eat de Dymrak. Bien que les forestiers humains et les clans elfes qui y vivent soient aimables et pacifiques, on y trouve aussi des gobelins, et m\u00eame des monstres bien plus terribles ! Beaucoup de ces cr\u00e9atures vivent dans les profondeurs au c\u0153ur de la for\u00eat, o\u00f9 humains et elfes n\u2019osent pas s\u2019aventurer.<\/p>\n<p>Ces gobelins ne sont pas imaginaires, ni tir\u00e9s d\u2019histoires destin\u00e9es \u00e0 effrayer les enfants turbulents. Les raids qui ont frapp\u00e9 les communaut\u00e9s tant humaines qu\u2019elfiques les derni\u00e8res ann\u00e9es prouvent qu\u2019ils sont bien r\u00e9els et dangereux<\/p>\n<p>La for\u00eat de Dymrak est donc un d\u00e9cor id\u00e9al pour faire \u00e9voluer des aventuriers. L\u2019absence de chemins et la localisation toujours impr\u00e9cise des tani\u00e8res des monstres permettent au MJ d\u2019adapter son sc\u00e9nario \u00e0 ce d\u00e9cor.<\/p>\n<h4><strong>Description<\/strong><\/h4>\n<p style=\"text-align: center;\"><div id=\"image-map-pro-6032\"><\/div>\n<p>La for\u00eat de Dymrak est situ\u00e9 au sud-est de Kelven et s\u2019\u00e9tend jusqu\u2019\u00e0 la fronti\u00e8re avec l\u2019Empire de Thyatis. Elle mesure environ 120 km d\u2019ouest en est et environ 80 km du nord au sud.<\/p>\n<p>Ce qu&rsquo;on appelle la for\u00eat de Dymrak c&rsquo;est avant tout la zone centrale qui est constitu\u00e9e de boisements tr\u00e8s denses et myst\u00e9rieux. C&rsquo;est dans cette partie que vivent les tribus de gobelins et nombres de monstres.<\/p>\n<p>Mais elle comprend \u00e9galement des zones de for\u00eats moins denses o\u00f9 sont implant\u00e9s la plupart des peuplements humains ainsi que des zones mixtes de collines bois\u00e9es et m\u00eame des zones mar\u00e9cageuses vers les sources de la rivi\u00e8re Syereb.<\/p>\n<p><strong>Les habitants de la for\u00eat<\/strong><\/p>\n<div id=\"attachment_1980\" style=\"width: 260px\" class=\"wp-caption alignleft\"><img data-recalc-dims=\"1\" loading=\"lazy\" decoding=\"async\" aria-describedby=\"caption-attachment-1980\" class=\"wp-image-1980 size-thumbnail colorbox-1946\" title=\"http:\/\/glacas.fr\/lantredemystara\/mystara\/voyage-a-mystara\/mystara\/continent-de-brun\/monde-connu\/karameikos\/la-foret-de-dymrak\/les-tribus-de-gobelins\/\" src=\"https:\/\/i0.wp.com\/glacas.fr\/lantredemystara\/wp-content\/uploads\/sites\/2\/2017\/04\/logo_tribus.jpg?resize=250%2C250\" alt=\"\" width=\"250\" height=\"250\" srcset=\"https:\/\/i0.wp.com\/glacas.fr\/lantredemystara\/wp-content\/uploads\/sites\/2\/2017\/04\/logo_tribus.jpg?resize=250%2C250 250w, https:\/\/i0.wp.com\/glacas.fr\/lantredemystara\/wp-content\/uploads\/sites\/2\/2017\/04\/logo_tribus.jpg?resize=300%2C300 300w, https:\/\/i0.wp.com\/glacas.fr\/lantredemystara\/wp-content\/uploads\/sites\/2\/2017\/04\/logo_tribus.jpg?resize=150%2C150 150w, https:\/\/i0.wp.com\/glacas.fr\/lantredemystara\/wp-content\/uploads\/sites\/2\/2017\/04\/logo_tribus.jpg?w=589 589w\" sizes=\"auto, (max-width: 250px) 100vw, 250px\" \/><p id=\"caption-attachment-1980\" class=\"wp-caption-text\">Les tribus de gobelins<\/p><\/div>\n<div id=\"attachment_1984\" style=\"width: 260px\" class=\"wp-caption alignleft\"><a href=\"http:\/\/glacas.fr\/lantredemystara\/mystara\/voyage-a-mystara\/mystara\/continent-de-brun\/monde-connu\/karameikos\/la-foret-de-dymrak\/les-communautes-humaines\/\"><img data-recalc-dims=\"1\" loading=\"lazy\" decoding=\"async\" aria-describedby=\"caption-attachment-1984\" class=\"wp-image-1984 size-thumbnail colorbox-1946\" src=\"https:\/\/i0.wp.com\/glacas.fr\/lantredemystara\/wp-content\/uploads\/sites\/2\/2017\/04\/motte_and_bailey_halton.jpg?resize=250%2C250\" alt=\"\" width=\"250\" height=\"250\" srcset=\"https:\/\/i0.wp.com\/glacas.fr\/lantredemystara\/wp-content\/uploads\/sites\/2\/2017\/04\/motte_and_bailey_halton.jpg?resize=250%2C250 250w, https:\/\/i0.wp.com\/glacas.fr\/lantredemystara\/wp-content\/uploads\/sites\/2\/2017\/04\/motte_and_bailey_halton.jpg?zoom=2&amp;resize=250%2C250 500w\" sizes=\"auto, (max-width: 250px) 100vw, 250px\" \/><\/a><p id=\"caption-attachment-1984\" class=\"wp-caption-text\">les communaut\u00e9s humaines<\/p><\/div>\n<div id=\"attachment_1985\" style=\"width: 260px\" class=\"wp-caption alignleft\"><a href=\"http:\/\/glacas.fr\/lantredemystara\/2017\/04\/06\/les-tribus-delfes\/\"><img data-recalc-dims=\"1\" loading=\"lazy\" decoding=\"async\" aria-describedby=\"caption-attachment-1985\" class=\"wp-image-1985 size-thumbnail colorbox-1946\" src=\"https:\/\/i0.wp.com\/glacas.fr\/lantredemystara\/wp-content\/uploads\/sites\/2\/2017\/04\/Maison-1.jpg?resize=250%2C250\" alt=\"\" width=\"250\" height=\"250\" \/><\/a><p id=\"caption-attachment-1985\" class=\"wp-caption-text\">Les tribus d&rsquo;elfes<\/p><\/div>\n<div id=\"attachment_1986\" style=\"width: 260px\" class=\"wp-caption alignleft\"><a href=\"http:\/\/glacas.fr\/lantredemystara\/2017\/04\/06\/argos-le-dragon\/\"><img data-recalc-dims=\"1\" loading=\"lazy\" decoding=\"async\" aria-describedby=\"caption-attachment-1986\" class=\"wp-image-1986 size-thumbnail colorbox-1946\" src=\"https:\/\/i0.wp.com\/glacas.fr\/lantredemystara\/wp-content\/uploads\/sites\/2\/2017\/04\/092e56dc.jpg?resize=250%2C250\" alt=\"\" width=\"250\" height=\"250\" srcset=\"https:\/\/i0.wp.com\/glacas.fr\/lantredemystara\/wp-content\/uploads\/sites\/2\/2017\/04\/092e56dc.jpg?resize=250%2C250 250w, https:\/\/i0.wp.com\/glacas.fr\/lantredemystara\/wp-content\/uploads\/sites\/2\/2017\/04\/092e56dc.jpg?zoom=2&amp;resize=250%2C250 500w\" sizes=\"auto, (max-width: 250px) 100vw, 250px\" \/><\/a><p id=\"caption-attachment-1986\" class=\"wp-caption-text\">Argos le dragon<\/p><\/div>\n<div id=\"attachment_1989\" style=\"width: 260px\" class=\"wp-caption alignleft\"><a href=\"http:\/\/glacas.fr\/lantredemystara\/2017\/04\/06\/grizzelda\/\" target=\"_blank\" rel=\"noopener noreferrer\"><img data-recalc-dims=\"1\" loading=\"lazy\" decoding=\"async\" aria-describedby=\"caption-attachment-1989\" class=\"wp-image-1989 size-thumbnail colorbox-1946\" src=\"https:\/\/i0.wp.com\/glacas.fr\/lantredemystara\/wp-content\/uploads\/sites\/2\/2017\/04\/chaos_queen____by_bloodrosescoll.jpg?resize=250%2C250\" alt=\"\" width=\"250\" height=\"250\" srcset=\"https:\/\/i0.wp.com\/glacas.fr\/lantredemystara\/wp-content\/uploads\/sites\/2\/2017\/04\/chaos_queen____by_bloodrosescoll.jpg?resize=250%2C250 250w, https:\/\/i0.wp.com\/glacas.fr\/lantredemystara\/wp-content\/uploads\/sites\/2\/2017\/04\/chaos_queen____by_bloodrosescoll.jpg?zoom=2&amp;resize=250%2C250 500w\" sizes=\"auto, (max-width: 250px) 100vw, 250px\" \/><\/a><p id=\"caption-attachment-1989\" class=\"wp-caption-text\">les Comm\u00e8res du Chaos<\/p><\/div>\n<div id=\"attachment_1987\" style=\"width: 260px\" class=\"wp-caption alignleft\"><a href=\"http:\/\/glacas.fr\/lantredemystara\/2017\/04\/06\/le-voyant\/\"><img data-recalc-dims=\"1\" loading=\"lazy\" decoding=\"async\" aria-describedby=\"caption-attachment-1987\" class=\"wp-image-1987 size-thumbnail colorbox-1946\" src=\"https:\/\/i0.wp.com\/glacas.fr\/lantredemystara\/wp-content\/uploads\/sites\/2\/2017\/04\/55113076f007a79e54a468c984d31d5d.jpg?resize=250%2C250\" alt=\"\" width=\"250\" height=\"250\" \/><\/a><p id=\"caption-attachment-1987\" class=\"wp-caption-text\">le Voyant<\/p><\/div>\n<div id=\"attachment_2071\" style=\"width: 260px\" class=\"wp-caption alignnone\"><a href=\"http:\/\/glacas.fr\/lantredemystara\/2017\/04\/06\/rencontres-aleatoires\/\"><img data-recalc-dims=\"1\" loading=\"lazy\" decoding=\"async\" aria-describedby=\"caption-attachment-2071\" class=\"wp-image-2071 size-thumbnail colorbox-1946\" src=\"https:\/\/i0.wp.com\/glacas.fr\/lantredemystara\/wp-content\/uploads\/sites\/2\/2017\/04\/warg-1.jpg?resize=250%2C250\" alt=\"\" width=\"250\" height=\"250\" srcset=\"https:\/\/i0.wp.com\/glacas.fr\/lantredemystara\/wp-content\/uploads\/sites\/2\/2017\/04\/warg-1.jpg?resize=250%2C250 250w, https:\/\/i0.wp.com\/glacas.fr\/lantredemystara\/wp-content\/uploads\/sites\/2\/2017\/04\/warg-1.jpg?zoom=2&amp;resize=250%2C250 500w, https:\/\/i0.wp.com\/glacas.fr\/lantredemystara\/wp-content\/uploads\/sites\/2\/2017\/04\/warg-1.jpg?zoom=3&amp;resize=250%2C250 750w\" sizes=\"auto, (max-width: 250px) 100vw, 250px\" \/><\/a><p id=\"caption-attachment-2071\" class=\"wp-caption-text\">Rencontres al\u00e9atoires<\/p><\/div>\n<p>eeeeeeee<\/p>\n<p>eeeee<\/p>\n","protected":false},"excerpt":{"rendered":"<p>La for\u00eat de Dymrak Depuis votre enfance, vous avez entendu des histoires effrayantes \u00e0 propos de la for\u00eat de Dymrak. Bien que les forestiers humains et les clans elfes qui y vivent soient aimables et pacifiques, on y trouve aussi des gobelins, et m\u00eame des monstres bien plus terribles !<\/p>\n<p class=\"continue-reading-button\"> <a class=\"continue-reading-link\" href=\"http:\/\/glacas.fr\/lantredemystara\/mystara\/voyage-a-mystara\/mystara\/continent-de-brun\/monde-connu\/karameikos\/la-foret-de-dymrak\/\">Suite<i class=\"crycon-right-dir\"><\/i><\/a><\/p>\n","protected":false},"author":1,"featured_media":1947,"parent":863,"menu_order":0,"comment_status":"closed","ping_status":"closed","template":"","meta":{"ngg_post_thumbnail":0,"jetpack_post_was_ever_published":false,"footnotes":"","_links_to":"","_links_to_target":""},"categories":[1],"tags":[],"class_list":["post-1946","page","type-page","status-publish","has-post-thumbnail","hentry","category-non-classe","gallery-content-unit"],"aioseo_notices":[],"jetpack_sharing_enabled":true,"jetpack_shortlink":"https:\/\/wp.me\/P4nvCJ-vo","_links":{"self":[{"href":"http:\/\/glacas.fr\/lantredemystara\/wp-json\/wp\/v2\/pages\/1946","targetHints":{"allow":["GET"]}}],"collection":[{"href":"http:\/\/glacas.fr\/lantredemystara\/wp-json\/wp\/v2\/pages"}],"about":[{"href":"http:\/\/glacas.fr\/lantredemystara\/wp-json\/wp\/v2\/types\/page"}],"author":[{"embeddable":true,"href":"http:\/\/glacas.fr\/lantredemystara\/wp-json\/wp\/v2\/users\/1"}],"replies":[{"embeddable":true,"href":"http:\/\/glacas.fr\/lantredemystara\/wp-json\/wp\/v2\/comments?post=1946"}],"version-history":[{"count":28,"href":"http:\/\/glacas.fr\/lantredemystara\/wp-json\/wp\/v2\/pages\/1946\/revisions"}],"predecessor-version":[{"id":3129,"href":"http:\/\/glacas.fr\/lantredemystara\/wp-json\/wp\/v2\/pages\/1946\/revisions\/3129"}],"up":[{"embeddable":true,"href":"http:\/\/glacas.fr\/lantredemystara\/wp-json\/wp\/v2\/pages\/863"}],"wp:featuredmedia":[{"embeddable":true,"href":"http:\/\/glacas.fr\/lantredemystara\/wp-json\/wp\/v2\/media\/1947"}],"wp:attachment":[{"href":"http:\/\/glacas.fr\/lantredemystara\/wp-json\/wp\/v2\/media?parent=1946"}],"wp:term":[{"taxonomy":"category","embeddable":true,"href":"http:\/\/glacas.fr\/lantredemystara\/wp-json\/wp\/v2\/categories?post=1946"},{"taxonomy":"post_tag","embeddable":true,"href":"http:\/\/glacas.fr\/lantredemystara\/wp-json\/wp\/v2\/tags?post=1946"}],"curies":[{"name":"wp","href":"https:\/\/api.w.org\/{rel}","templated":true}]}}