{"id":1724,"date":"2017-03-20T13:20:30","date_gmt":"2017-03-20T12:20:30","guid":{"rendered":"http:\/\/glacas.fr\/lantredemystara\/?page_id=1724"},"modified":"2017-03-20T13:20:30","modified_gmt":"2017-03-20T12:20:30","slug":"decors-intro","status":"publish","type":"page","link":"http:\/\/glacas.fr\/lantredemystara\/decors-de-campagne2\/la-baronnie-dachelos\/decors-intro\/","title":{"rendered":"D\u00e9cors Intro"},"content":{"rendered":"<h2 style=\"text-align: center;\"><strong>D\u00e9cors de parties<\/strong><\/h2>\n<p>&nbsp;<\/p>\n<div id=\"attachment_804\" style=\"width: 375px\" class=\"wp-caption aligncenter\"><a href=\"http:\/\/glacas.fr\/lantredemystara\/decors-de-campagne2\/la-baronnie-dachelos\/6histoire_v2\/\" rel=\"attachment wp-att-804\"><img data-recalc-dims=\"1\" loading=\"lazy\" decoding=\"async\" aria-describedby=\"caption-attachment-804\" class=\" wp-image-804 colorbox-1724\" src=\"https:\/\/i0.wp.com\/glacas.fr\/lantredemystara\/wp-content\/uploads\/sites\/2\/2014\/02\/6Histoire_V2.jpg?resize=365%2C365\" alt=\"\" width=\"365\" height=\"365\" srcset=\"https:\/\/i0.wp.com\/glacas.fr\/lantredemystara\/wp-content\/uploads\/sites\/2\/2014\/02\/6Histoire_V2.jpg?w=300 300w, https:\/\/i0.wp.com\/glacas.fr\/lantredemystara\/wp-content\/uploads\/sites\/2\/2014\/02\/6Histoire_V2.jpg?resize=250%2C250 250w, https:\/\/i0.wp.com\/glacas.fr\/lantredemystara\/wp-content\/uploads\/sites\/2\/2014\/02\/6Histoire_V2.jpg?resize=150%2C150 150w\" sizes=\"auto, (max-width: 365px) 100vw, 365px\" \/><\/a><p id=\"caption-attachment-804\" class=\"wp-caption-text\">Histoire du domaine<\/p><\/div>\n<p>&nbsp;<\/p>\n<p>Vous trouverez ici des descriptions de coins de Mystara que nous avons un peu plus d\u00e9velopp\u00e9s pour nos parties par rapport aux sources officielles.<\/p>\n<p>Elles peuvent servir de cadre pour y situer vos aventures ou comme lieu d&rsquo;origine de certains de vos personnages.<\/p>\n<p>Il y a notamment :<\/p>\n<p>&nbsp;<\/p>\n<div id=\"gallery-2\" class=\"gallery galleryid-2 default columns_3 gallery-columns-3  gallery-size-thumbnail \">\n<dl class=\"gallery-item gallery-startcol\">\n\t<dt class=\"gallery-icon\"><a href=\"http:\/\/glacas.fr\/lantredemystara\/decors-de-campagne2\/la-baronnie-dachelos\/\" title=\"\" class=\"rl-gallery-link no-lightbox\">\t\t\t<img loading=\"lazy\" decoding=\"async\" src=\"https:\/\/i0.wp.com\/glacas.fr\/lantredemystara\/wp-content\/uploads\/sites\/2\/2014\/02\/Achelos5_V2-1.jpg?resize=250%2C250\" width=\"250\" height=\"250\" title=\"\" class=\"attachment-thumbnail colorbox-1724\" alt=\"\" \/><\/a>\t<\/dt>\n\t\t<dd class=\"wp-caption-text gallery-caption\">\n\t\tLa baronnie d'Achelos au nord-ouest de Karameikos\t<\/dd><\/dl>\n<dl class=\"gallery-item\">\n\t<dt class=\"gallery-icon\"><a href=\"http:\/\/glacas.fr\/lantredemystara\/decors-de-campagne2\/la-cite-etat-de-slagovich\/\" title=\"\" class=\"rl-gallery-link no-lightbox\">\t\t\t<img loading=\"lazy\" decoding=\"async\" src=\"https:\/\/i0.wp.com\/glacas.fr\/lantredemystara\/wp-content\/uploads\/sites\/2\/2014\/02\/Slagovich_Carte_LEGENDE_V2.jpg?resize=250%2C250\" width=\"250\" height=\"250\" title=\"\" class=\"attachment-thumbnail colorbox-1724\" alt=\"\" \/><\/a>\t<\/dt>\n\t\t<dd class=\"wp-caption-text gallery-caption\">\n\t\tLa Cit\u00e9-\u00e9tat de Slagovich au nord de la p\u00e9ninsule du Serpent\t<\/dd><\/dl>\n<dl class=\"gallery-item gallery-endcol\">\n\t<dt class=\"gallery-icon\"><a href=\"http:\/\/glacas.fr\/lantredemystara\/decors-de-campagne2\/la-tribu-de-lours-de-laltan-tepes\/\" title=\"\" class=\"rl-gallery-link no-lightbox\">\t\t\t<img loading=\"lazy\" decoding=\"async\" src=\"https:\/\/i0.wp.com\/glacas.fr\/lantredemystara\/wp-content\/uploads\/sites\/2\/2014\/02\/Altan_Tepes_Barbares_V2.jpg?resize=250%2C250\" width=\"250\" height=\"250\" title=\"\" class=\"attachment-thumbnail colorbox-1724\" alt=\"\" \/><\/a>\t<\/dt>\n\t\t<dd class=\"wp-caption-text gallery-caption\">\n\t\tLa tribu de l\u2019ours de l\u2019Altan Tepes au nord-est de Karameikos\t<\/dd><\/dl>\n\n<br class='clear' \/>\n\n\n<\/div>\n<p>&nbsp;<\/p>\n<p>&#8211; la Baronnie d&rsquo;Achelos au nord-ouest de Karameikos<\/p>\n<p>&#8211; La tribu de l&rsquo;ours de l&rsquo;Altan Tepes au nord-est de Karameikos<\/p>\n<p>&#8211; La ville de Slagovich au nord de la p\u00e9ninsule du Serpent<\/p>\n<p>&nbsp;<\/p>\n","protected":false},"excerpt":{"rendered":"<p>D\u00e9cors de parties &nbsp; &nbsp; Vous trouverez ici des descriptions de coins de Mystara que nous avons un peu plus d\u00e9velopp\u00e9s pour nos parties par rapport aux sources officielles. Elles peuvent servir de cadre pour y situer vos aventures ou comme lieu d&rsquo;origine de certains de vos personnages. Il y<\/p>\n<p class=\"continue-reading-button\"> <a class=\"continue-reading-link\" href=\"http:\/\/glacas.fr\/lantredemystara\/decors-de-campagne2\/la-baronnie-dachelos\/decors-intro\/\">Suite<i class=\"crycon-right-dir\"><\/i><\/a><\/p>\n","protected":false},"author":1,"featured_media":0,"parent":62,"menu_order":0,"comment_status":"closed","ping_status":"closed","template":"","meta":{"ngg_post_thumbnail":0,"jetpack_post_was_ever_published":false,"footnotes":"","_links_to":"","_links_to_target":""},"categories":[1],"tags":[],"class_list":["post-1724","page","type-page","status-publish","hentry","category-non-classe","gallery-content-unit"],"aioseo_notices":[],"jetpack_sharing_enabled":true,"jetpack_shortlink":"https:\/\/wp.me\/P4nvCJ-rO","_links":{"self":[{"href":"http:\/\/glacas.fr\/lantredemystara\/wp-json\/wp\/v2\/pages\/1724","targetHints":{"allow":["GET"]}}],"collection":[{"href":"http:\/\/glacas.fr\/lantredemystara\/wp-json\/wp\/v2\/pages"}],"about":[{"href":"http:\/\/glacas.fr\/lantredemystara\/wp-json\/wp\/v2\/types\/page"}],"author":[{"embeddable":true,"href":"http:\/\/glacas.fr\/lantredemystara\/wp-json\/wp\/v2\/users\/1"}],"replies":[{"embeddable":true,"href":"http:\/\/glacas.fr\/lantredemystara\/wp-json\/wp\/v2\/comments?post=1724"}],"version-history":[{"count":1,"href":"http:\/\/glacas.fr\/lantredemystara\/wp-json\/wp\/v2\/pages\/1724\/revisions"}],"predecessor-version":[{"id":1725,"href":"http:\/\/glacas.fr\/lantredemystara\/wp-json\/wp\/v2\/pages\/1724\/revisions\/1725"}],"up":[{"embeddable":true,"href":"http:\/\/glacas.fr\/lantredemystara\/wp-json\/wp\/v2\/pages\/62"}],"wp:attachment":[{"href":"http:\/\/glacas.fr\/lantredemystara\/wp-json\/wp\/v2\/media?parent=1724"}],"wp:term":[{"taxonomy":"category","embeddable":true,"href":"http:\/\/glacas.fr\/lantredemystara\/wp-json\/wp\/v2\/categories?post=1724"},{"taxonomy":"post_tag","embeddable":true,"href":"http:\/\/glacas.fr\/lantredemystara\/wp-json\/wp\/v2\/tags?post=1724"}],"curies":[{"name":"wp","href":"https:\/\/api.w.org\/{rel}","templated":true}]}}