{"id":1711,"date":"2017-03-20T13:06:04","date_gmt":"2017-03-20T12:06:04","guid":{"rendered":"http:\/\/glacas.fr\/lantredemystara\/?page_id=1711"},"modified":"2017-03-20T16:03:43","modified_gmt":"2017-03-20T15:03:43","slug":"immortels-intro","status":"publish","type":"page","link":"http:\/\/glacas.fr\/lantredemystara\/immortels\/immortels-intro\/","title":{"rendered":"Immortels Intro"},"content":{"rendered":"<h2 style=\"text-align: center;\"><strong>Les Immortels de Mystara<\/strong><\/h2>\n<p style=\"text-align: center;\"><img data-recalc-dims=\"1\" loading=\"lazy\" decoding=\"async\" class=\"alignnone wp-image-1582 colorbox-1711\" src=\"https:\/\/i0.wp.com\/glacas.fr\/lantredemystara\/wp-content\/uploads\/sites\/2\/2014\/02\/immortal2.jpg?resize=563%2C334\" alt=\"\" width=\"563\" height=\"334\" srcset=\"https:\/\/i0.wp.com\/glacas.fr\/lantredemystara\/wp-content\/uploads\/sites\/2\/2014\/02\/immortal2.jpg?w=1045 1045w, https:\/\/i0.wp.com\/glacas.fr\/lantredemystara\/wp-content\/uploads\/sites\/2\/2014\/02\/immortal2.jpg?resize=300%2C178 300w, https:\/\/i0.wp.com\/glacas.fr\/lantredemystara\/wp-content\/uploads\/sites\/2\/2014\/02\/immortal2.jpg?resize=1024%2C608 1024w, https:\/\/i0.wp.com\/glacas.fr\/lantredemystara\/wp-content\/uploads\/sites\/2\/2014\/02\/immortal2.jpg?resize=250%2C148 250w, https:\/\/i0.wp.com\/glacas.fr\/lantredemystara\/wp-content\/uploads\/sites\/2\/2014\/02\/immortal2.jpg?resize=150%2C89 150w\" sizes=\"auto, (max-width: 563px) 100vw, 563px\" \/><\/p>\n<p>&nbsp;<\/p>\n<p>Sur Mystara, tout aventurier a la possibilit\u00e9 de s&rsquo;\u00e9lever graduellement en puissance et ma\u00eetrise jusqu&rsquo;au niveau o\u00f9 il deviendra un des Immortels qui tirent les ficelles du plan primaire.<\/p>\n<p>Mais la qu\u00eate de l&rsquo;Immortalit\u00e9 est longue et peu y sont arriv\u00e9s au cours des derniers mill\u00e9naires.<\/p>\n<p>Nous essayerons de vous donner ici un maximum d&rsquo;information sur le plus possible des 250 Immortels qui forment le panth\u00e9on de Mystara et notamment :<\/p>\n<p>&nbsp;<\/p>\n<div id=\"attachment_1586\" style=\"width: 235px\" class=\"wp-caption alignleft\"><a href=\"http:\/\/glacas.fr\/lantredemystara\/immortels\/quete-de-limmortalite\/\"><img data-recalc-dims=\"1\" loading=\"lazy\" decoding=\"async\" aria-describedby=\"caption-attachment-1586\" class=\"wp-image-1586 size-medium colorbox-1711\" src=\"https:\/\/i0.wp.com\/glacas.fr\/lantredemystara\/wp-content\/uploads\/sites\/2\/2014\/02\/HerQuest02_V2.png?resize=225%2C300\" alt=\"\" width=\"225\" height=\"300\" srcset=\"https:\/\/i0.wp.com\/glacas.fr\/lantredemystara\/wp-content\/uploads\/sites\/2\/2014\/02\/HerQuest02_V2.png?resize=225%2C300 225w, https:\/\/i0.wp.com\/glacas.fr\/lantredemystara\/wp-content\/uploads\/sites\/2\/2014\/02\/HerQuest02_V2.png?resize=113%2C150 113w, https:\/\/i0.wp.com\/glacas.fr\/lantredemystara\/wp-content\/uploads\/sites\/2\/2014\/02\/HerQuest02_V2.png?w=424 424w\" sizes=\"auto, (max-width: 225px) 100vw, 225px\" \/><\/a><p id=\"caption-attachment-1586\" class=\"wp-caption-text\">La Qu\u00eate de l&rsquo;Immortalit\u00e9<\/p><\/div>\n<div id=\"attachment_1588\" style=\"width: 277px\" class=\"wp-caption alignleft\"><a href=\"http:\/\/glacas.fr\/lantredemystara\/immortels\/liste-des-immortels\/\"><img data-recalc-dims=\"1\" loading=\"lazy\" decoding=\"async\" aria-describedby=\"caption-attachment-1588\" class=\"wp-image-1588 size-medium colorbox-1711\" src=\"https:\/\/i0.wp.com\/glacas.fr\/lantredemystara\/wp-content\/uploads\/sites\/2\/2014\/02\/IMM9.jpg?resize=267%2C300\" alt=\"\" width=\"267\" height=\"300\" srcset=\"https:\/\/i0.wp.com\/glacas.fr\/lantredemystara\/wp-content\/uploads\/sites\/2\/2014\/02\/IMM9.jpg?resize=267%2C300 267w, https:\/\/i0.wp.com\/glacas.fr\/lantredemystara\/wp-content\/uploads\/sites\/2\/2014\/02\/IMM9.jpg?resize=912%2C1024 912w, https:\/\/i0.wp.com\/glacas.fr\/lantredemystara\/wp-content\/uploads\/sites\/2\/2014\/02\/IMM9.jpg?resize=134%2C150 134w, https:\/\/i0.wp.com\/glacas.fr\/lantredemystara\/wp-content\/uploads\/sites\/2\/2014\/02\/IMM9.jpg?w=1159 1159w\" sizes=\"auto, (max-width: 267px) 100vw, 267px\" \/><\/a><p id=\"caption-attachment-1588\" class=\"wp-caption-text\">La liste des Immortels<\/p><\/div>\n<div id=\"attachment_1585\" style=\"width: 215px\" class=\"wp-caption alignleft\"><a href=\"http:\/\/glacas.fr\/lantredemystara\/category\/immortel\/\"><img data-recalc-dims=\"1\" loading=\"lazy\" decoding=\"async\" aria-describedby=\"caption-attachment-1585\" class=\"wp-image-1585 size-medium colorbox-1711\" src=\"https:\/\/i0.wp.com\/glacas.fr\/lantredemystara\/wp-content\/uploads\/sites\/2\/2014\/02\/immortal1-1.jpg?resize=205%2C300\" alt=\"\" width=\"205\" height=\"300\" srcset=\"https:\/\/i0.wp.com\/glacas.fr\/lantredemystara\/wp-content\/uploads\/sites\/2\/2014\/02\/immortal1-1.jpg?resize=205%2C300 205w, https:\/\/i0.wp.com\/glacas.fr\/lantredemystara\/wp-content\/uploads\/sites\/2\/2014\/02\/immortal1-1.jpg?resize=102%2C150 102w, https:\/\/i0.wp.com\/glacas.fr\/lantredemystara\/wp-content\/uploads\/sites\/2\/2014\/02\/immortal1-1.jpg?w=405 405w\" sizes=\"auto, (max-width: 205px) 100vw, 205px\" \/><\/a><p id=\"caption-attachment-1585\" class=\"wp-caption-text\">Les fiches des Immortels<\/p><\/div>\n<div id=\"attachment_1706\" style=\"width: 220px\" class=\"wp-caption alignleft\"><a href=\"http:\/\/glacas.fr\/lantredemystara\/2017\/03\/20\/leglise-de-karameikos\/\"><img data-recalc-dims=\"1\" loading=\"lazy\" decoding=\"async\" aria-describedby=\"caption-attachment-1706\" class=\"wp-image-1706 size-medium colorbox-1711\" src=\"https:\/\/i0.wp.com\/glacas.fr\/lantredemystara\/wp-content\/uploads\/sites\/2\/2014\/02\/laG6Uy3.jpg?resize=210%2C300\" alt=\"\" width=\"210\" height=\"300\" srcset=\"https:\/\/i0.wp.com\/glacas.fr\/lantredemystara\/wp-content\/uploads\/sites\/2\/2014\/02\/laG6Uy3.jpg?resize=210%2C300 210w, https:\/\/i0.wp.com\/glacas.fr\/lantredemystara\/wp-content\/uploads\/sites\/2\/2014\/02\/laG6Uy3.jpg?resize=718%2C1024 718w, https:\/\/i0.wp.com\/glacas.fr\/lantredemystara\/wp-content\/uploads\/sites\/2\/2014\/02\/laG6Uy3.jpg?resize=105%2C150 105w, https:\/\/i0.wp.com\/glacas.fr\/lantredemystara\/wp-content\/uploads\/sites\/2\/2014\/02\/laG6Uy3.jpg?w=1435 1435w\" sizes=\"auto, (max-width: 210px) 100vw, 210px\" \/><\/a><p id=\"caption-attachment-1706\" class=\"wp-caption-text\">Cultes et \u00c9glises<\/p><\/div>\n<p>&nbsp;<\/p>\n<p>&nbsp;<\/p>\n<p>&nbsp;<\/p>\n<p>&nbsp;<\/p>\n<p>&nbsp;<\/p>\n<p>&nbsp;<\/p>\n<p>&nbsp;<\/p>\n<p>&nbsp;<\/p>\n<p>&nbsp;<\/p>\n<p>&nbsp;<\/p>\n<p>&nbsp;<\/p>\n<p>&nbsp;<\/p>\n<p>&nbsp;<\/p>\n<p>&nbsp;<\/p>\n<p>&nbsp;<\/p>\n<p>&nbsp;<\/p>\n<p>&nbsp;<\/p>\n<p>&nbsp;<\/p>\n<p><strong>Sources et remerciements :<\/strong><\/p>\n<p>Marco Delmonte &#8211; Vault of Pandius<\/p>\n<ul>\n<li>Book One: <a href=\"http:\/\/pandius.com\/Codex1e.pdf\">Guide to the Immortals<\/a>.<\/li>\n<li>Book Two: <a href=\"http:\/\/pandius.com\/Codex2e.pdf\">Religions of Mystara<\/a>.<\/li>\n<\/ul>\n<p>Thibaut Bouchet : Les dieux de Mystara<\/p>\n<p><span class=\"post-author vcard\"><span class=\"fn\">Phersv<\/span><\/span> &#8211; Aniceris &#8211; <a href=\"http:\/\/anniceris.blogspot.fr\/2013\/01\/une-mythologie-pour-mystara.html\">Une mythologie pour Mystara<\/a><\/p>\n","protected":false},"excerpt":{"rendered":"<p>Les Immortels de Mystara &nbsp; Sur Mystara, tout aventurier a la possibilit\u00e9 de s&rsquo;\u00e9lever graduellement en puissance et ma\u00eetrise jusqu&rsquo;au niveau o\u00f9 il deviendra un des Immortels qui tirent les ficelles du plan primaire. Mais la qu\u00eate de l&rsquo;Immortalit\u00e9 est longue et peu y sont arriv\u00e9s au cours des derniers<\/p>\n<p class=\"continue-reading-button\"> <a class=\"continue-reading-link\" href=\"http:\/\/glacas.fr\/lantredemystara\/immortels\/immortels-intro\/\">Suite<i class=\"crycon-right-dir\"><\/i><\/a><\/p>\n","protected":false},"author":1,"featured_media":0,"parent":37,"menu_order":0,"comment_status":"closed","ping_status":"closed","template":"","meta":{"ngg_post_thumbnail":0,"jetpack_post_was_ever_published":false,"footnotes":"","_links_to":"","_links_to_target":""},"categories":[1],"tags":[],"class_list":["post-1711","page","type-page","status-publish","hentry","category-non-classe","gallery-content-unit"],"aioseo_notices":[],"jetpack_sharing_enabled":true,"jetpack_shortlink":"https:\/\/wp.me\/P4nvCJ-rB","_links":{"self":[{"href":"http:\/\/glacas.fr\/lantredemystara\/wp-json\/wp\/v2\/pages\/1711","targetHints":{"allow":["GET"]}}],"collection":[{"href":"http:\/\/glacas.fr\/lantredemystara\/wp-json\/wp\/v2\/pages"}],"about":[{"href":"http:\/\/glacas.fr\/lantredemystara\/wp-json\/wp\/v2\/types\/page"}],"author":[{"embeddable":true,"href":"http:\/\/glacas.fr\/lantredemystara\/wp-json\/wp\/v2\/users\/1"}],"replies":[{"embeddable":true,"href":"http:\/\/glacas.fr\/lantredemystara\/wp-json\/wp\/v2\/comments?post=1711"}],"version-history":[{"count":4,"href":"http:\/\/glacas.fr\/lantredemystara\/wp-json\/wp\/v2\/pages\/1711\/revisions"}],"predecessor-version":[{"id":1737,"href":"http:\/\/glacas.fr\/lantredemystara\/wp-json\/wp\/v2\/pages\/1711\/revisions\/1737"}],"up":[{"embeddable":true,"href":"http:\/\/glacas.fr\/lantredemystara\/wp-json\/wp\/v2\/pages\/37"}],"wp:attachment":[{"href":"http:\/\/glacas.fr\/lantredemystara\/wp-json\/wp\/v2\/media?parent=1711"}],"wp:term":[{"taxonomy":"category","embeddable":true,"href":"http:\/\/glacas.fr\/lantredemystara\/wp-json\/wp\/v2\/categories?post=1711"},{"taxonomy":"post_tag","embeddable":true,"href":"http:\/\/glacas.fr\/lantredemystara\/wp-json\/wp\/v2\/tags?post=1711"}],"curies":[{"name":"wp","href":"https:\/\/api.w.org\/{rel}","templated":true}]}}