{"id":1568,"date":"2017-03-16T00:25:12","date_gmt":"2017-03-15T23:25:12","guid":{"rendered":"http:\/\/glacas.fr\/lantredemystara\/?page_id=1568"},"modified":"2017-03-20T17:57:07","modified_gmt":"2017-03-20T16:57:07","slug":"quete-de-limmortalite","status":"publish","type":"page","link":"http:\/\/glacas.fr\/lantredemystara\/immortels\/quete-de-limmortalite\/","title":{"rendered":"Qu\u00eate de l&rsquo;Immortalit\u00e9"},"content":{"rendered":"<h2 style=\"text-align: center;\"><strong>La qu\u00eate de l&rsquo;Immortalit\u00e9<\/strong><\/h2>\n<p style=\"text-align: center;\"><img data-recalc-dims=\"1\" loading=\"lazy\" decoding=\"async\" class=\"alignnone wp-image-1569 colorbox-1568\" src=\"https:\/\/i0.wp.com\/glacas.fr\/lantredemystara\/wp-content\/uploads\/sites\/2\/2017\/03\/HerQuest01.png?resize=518%2C294\" alt=\"\" width=\"518\" height=\"294\" srcset=\"https:\/\/i0.wp.com\/glacas.fr\/lantredemystara\/wp-content\/uploads\/sites\/2\/2017\/03\/HerQuest01.png?w=1023 1023w, https:\/\/i0.wp.com\/glacas.fr\/lantredemystara\/wp-content\/uploads\/sites\/2\/2017\/03\/HerQuest01.png?resize=300%2C170 300w, https:\/\/i0.wp.com\/glacas.fr\/lantredemystara\/wp-content\/uploads\/sites\/2\/2017\/03\/HerQuest01.png?resize=250%2C142 250w, https:\/\/i0.wp.com\/glacas.fr\/lantredemystara\/wp-content\/uploads\/sites\/2\/2017\/03\/HerQuest01.png?resize=150%2C85 150w\" sizes=\"auto, (max-width: 518px) 100vw, 518px\" \/><\/p>\n<p>En fonction de la sph\u00e8re du sponsor du mortel sur le chemin de l\u2019immortalit\u00e9, il existe 5 voies diff\u00e9rentes pour gagner l\u2019immortalit\u00e9.<\/p>\n<ul>\n<li style=\"text-align: justify;\">La Voie du Polymathe : c\u2019est la voie de la sph\u00e8re de la Mati\u00e8re<\/li>\n<li style=\"text-align: justify;\">La Voie du Parangon : c\u2019est la voie de la sph\u00e8re de l\u2019Energie<\/li>\n<li style=\"text-align: justify;\">La Voie du Dynaste : c\u2019est la voie de la sph\u00e8re du Temps<\/li>\n<li style=\"text-align: justify;\">Voie du h\u00e9ros \u00e9pique : c\u2019est la voie de la sph\u00e8re de la Pens\u00e9e<\/li>\n<li style=\"text-align: justify;\">la voie de l\u2019Entropie mais inaccessible aux PJs (normalement&#8230;)<\/li>\n<\/ul>\n<p style=\"text-align: justify;\">Pour commencer, le candidat \u00e0 l\u2019ascension divine doit se trouver un sponsor, un parrain, dans la sph\u00e8re choisie. Il doit le contacter (il est arriv\u00e9 que ce soit le dieu lui-m\u00eame qui contacte un candidat potentiel\u2026) et gagner son soutien. Seul un personnage \u00e9pique (c&rsquo;est \u00e0-dire ayant atteint le 21\u00b0 niveau minimum), peut pr\u00e9tendre devenir immortel et chercher un sponsor.<\/p>\n<p style=\"text-align: justify;\">Si son sponsor l\u2019accepte, il peut alors commencer sa qu\u00eate, ou la continuer, car mis \u00e0 part pour la t\u00e2che n\u00b01 (Cf. ci-dessous), les actions accomplies avant le d\u00e9marrage officiel de sa qu\u00eate sont prises en compte (y compris les actions r\u00e9alis\u00e9es quand il n\u2019\u00e9tait pas encore \u00e9pique). Il est m\u00eame arriv\u00e9, certes tr\u00e8s rarement dans l\u2019histoire, qu\u2019un h\u00e9ros devienne immortel sans m\u00eame le savoir, ayant accompli ses qu\u00eates et ayant \u00e9t\u00e9 choisi par un sponsor.<\/p>\n<p style=\"text-align: justify;\">Il est possible d\u2019accomplir sa qu\u00eate en couple, voire en groupe, m\u00eame si appartenant \u00e0 des sph\u00e8res diff\u00e9rentes, tous les membres devront chacun m\u00e9riter l\u2019accomplissement de leur qu\u00eate pour esp\u00e9rer obtenir chacun le statut divin.<\/p>\n<p style=\"text-align: justify;\"><img data-recalc-dims=\"1\" loading=\"lazy\" decoding=\"async\" class=\"alignnone wp-image-1571 colorbox-1568\" src=\"https:\/\/i0.wp.com\/glacas.fr\/lantredemystara\/wp-content\/uploads\/sites\/2\/2017\/03\/HerQuest02.png?resize=543%2C308\" alt=\"\" width=\"543\" height=\"308\" srcset=\"https:\/\/i0.wp.com\/glacas.fr\/lantredemystara\/wp-content\/uploads\/sites\/2\/2017\/03\/HerQuest02.png?w=1032 1032w, https:\/\/i0.wp.com\/glacas.fr\/lantredemystara\/wp-content\/uploads\/sites\/2\/2017\/03\/HerQuest02.png?resize=300%2C170 300w, https:\/\/i0.wp.com\/glacas.fr\/lantredemystara\/wp-content\/uploads\/sites\/2\/2017\/03\/HerQuest02.png?resize=1024%2C581 1024w, https:\/\/i0.wp.com\/glacas.fr\/lantredemystara\/wp-content\/uploads\/sites\/2\/2017\/03\/HerQuest02.png?resize=250%2C142 250w, https:\/\/i0.wp.com\/glacas.fr\/lantredemystara\/wp-content\/uploads\/sites\/2\/2017\/03\/HerQuest02.png?resize=150%2C85 150w\" sizes=\"auto, (max-width: 543px) 100vw, 543px\" \/><\/p>\n<p>Quelle que soit la voie choisie, la qu\u00eate s\u2019effectue en 5 \u00e9tapes. Seule la premi\u00e8re est identique pour toutes les voies :<\/p>\n<ol>\n<li>A compter du moment o\u00f9 le sponsor a choisi de parrainer le candidat \u00e0 l\u2019immortalit\u00e9 \u2013 qui doit \u00eatre d\u00e9j\u00e0 d\u2019un niveau \u00e9pique, c&rsquo;est-\u00e0-dire le 21\u00b0 niveau minimum \u2013 le candidat doit ensuite encore gagner au minimum 4 niveaux d\u2019exp\u00e9rience,<\/li>\n<li><strong>La qu\u00eate<\/strong> : le candidat doit accomplir une qu\u00eate pour le compte de sa sph\u00e8re,<\/li>\n<li><strong>Le test<\/strong> : le candidat doit accomplir une t\u00e2che sp\u00e9cifique de sa sph\u00e8re,<\/li>\n<li><strong>Le serment<\/strong> : le candidat doit prouver sa \u00ab sup\u00e9riorit\u00e9 \u00bb sur les autres mortels et donc sa capacit\u00e9 \u00e0 atteindre le statut supr\u00eame, celui d&rsquo;Immortel<\/li>\n<li><strong>La t\u00e2che<\/strong> : le candidat doit accomplir une t\u00e2che tr\u00e8s difficile en accord avec sa sph\u00e8re.<\/li>\n<\/ol>\n<p style=\"text-align: justify;\">Les diff\u00e9rentes \u00e9tapes peuvent \u00eatre accomplies dans le d\u00e9sordre et surtout plus ou moins simultan\u00e9ment. Pour certaines sph\u00e8res, il arrive que des \u00e9tapes soient fusionn\u00e9es.<\/p>\n<p style=\"text-align: justify;\">Une fois que le candidat a valid\u00e9 tous ses tests, le sponsor, s\u2019il valide la candidature, va la pr\u00e9senter aux hierarches de Mystara, lors d\u2019un conseil de la cit\u00e9 de Pandius. Si les hierarches consid\u00e8rent que tout a \u00e9t\u00e9 fait selon les r\u00e8gles \u00e9tablies, alors le candidat est d\u00e9ifi\u00e9.<\/p>\n<p style=\"text-align: justify;\">Il quitte alors le monde physique de Mystara, ainsi que ses possessions mat\u00e9rielles et devient un Immortel de statut initi\u00e9.<\/p>\n<p style=\"text-align: justify;\"><img data-recalc-dims=\"1\" loading=\"lazy\" decoding=\"async\" class=\"wp-image-1574 aligncenter colorbox-1568\" src=\"https:\/\/i0.wp.com\/glacas.fr\/lantredemystara\/wp-content\/uploads\/sites\/2\/2017\/03\/immortal2.jpg?resize=679%2C403\" alt=\"\" width=\"679\" height=\"403\" srcset=\"https:\/\/i0.wp.com\/glacas.fr\/lantredemystara\/wp-content\/uploads\/sites\/2\/2017\/03\/immortal2.jpg?w=1045 1045w, https:\/\/i0.wp.com\/glacas.fr\/lantredemystara\/wp-content\/uploads\/sites\/2\/2017\/03\/immortal2.jpg?resize=300%2C178 300w, https:\/\/i0.wp.com\/glacas.fr\/lantredemystara\/wp-content\/uploads\/sites\/2\/2017\/03\/immortal2.jpg?resize=1024%2C608 1024w, https:\/\/i0.wp.com\/glacas.fr\/lantredemystara\/wp-content\/uploads\/sites\/2\/2017\/03\/immortal2.jpg?resize=250%2C148 250w, https:\/\/i0.wp.com\/glacas.fr\/lantredemystara\/wp-content\/uploads\/sites\/2\/2017\/03\/immortal2.jpg?resize=150%2C89 150w\" sizes=\"auto, (max-width: 679px) 100vw, 679px\" \/><\/p>\n<p style=\"text-align: justify;\">\n<p style=\"text-align: justify;\">Il peut alors entamer une autre carri\u00e8re et une autre ascension dans les 36 niveaux d&rsquo;Immortels&#8230;<\/p>\n<p style=\"text-align: justify;\">Initi\u00e9\u00a0\u00a0\u00a0\u00a0\u00a0\u00a0\u00a0\u00a0\u00a0\u00a0\u00a0\u00a0\u00a0\u00a0\u00a0\u00a0\u00a0\u00a0 Niveau 1 \u00e0 5<br \/>\nTemporel\u00a0\u00a0\u00a0\u00a0\u00a0\u00a0\u00a0\u00a0\u00a0\u00a0 Niveau 6 \u00e0 10<br \/>\nC\u00e9leste\u00a0\u00a0\u00a0\u00a0\u00a0\u00a0\u00a0\u00a0\u00a0\u00a0\u00a0\u00a0\u00a0\u00a0\u00a0 Niveau 11 \u00e0 15<br \/>\nEmpyr\u00e9al \u00a0\u00a0\u00a0\u00a0\u00a0\u00a0\u00a0\u00a0\u00a0 Niveau 16 \u00e0 20<br \/>\n\u00c9ternel\u00a0\u00a0\u00a0\u00a0\u00a0\u00a0\u00a0\u00a0\u00a0\u00a0\u00a0\u00a0\u00a0\u00a0 Niveau\u00a0 21 \u00e0 25<br \/>\nHi\u00e9rarche\u00a0\u00a0\u00a0\u00a0\u00a0\u00a0\u00a0\u00a0\u00a0 Niveau 26 \u00e0 36<\/p>\n<p style=\"text-align: justify;\">Mais c&rsquo;est une autre histoire&#8230;.<\/p>\n","protected":false},"excerpt":{"rendered":"<p>La qu\u00eate de l&rsquo;Immortalit\u00e9 En fonction de la sph\u00e8re du sponsor du mortel sur le chemin de l\u2019immortalit\u00e9, il existe 5 voies diff\u00e9rentes pour gagner l\u2019immortalit\u00e9. La Voie du Polymathe : c\u2019est la voie de la sph\u00e8re de la Mati\u00e8re La Voie du Parangon : c\u2019est la voie de la<\/p>\n<p class=\"continue-reading-button\"> <a class=\"continue-reading-link\" href=\"http:\/\/glacas.fr\/lantredemystara\/immortels\/quete-de-limmortalite\/\">Suite<i class=\"crycon-right-dir\"><\/i><\/a><\/p>\n","protected":false},"author":1,"featured_media":0,"parent":37,"menu_order":1,"comment_status":"closed","ping_status":"closed","template":"","meta":{"ngg_post_thumbnail":0,"jetpack_post_was_ever_published":false,"footnotes":"","_links_to":"","_links_to_target":""},"categories":[1],"tags":[],"class_list":["post-1568","page","type-page","status-publish","hentry","category-non-classe","gallery-content-unit"],"aioseo_notices":[],"jetpack_sharing_enabled":true,"jetpack_shortlink":"https:\/\/wp.me\/P4nvCJ-pi","_links":{"self":[{"href":"http:\/\/glacas.fr\/lantredemystara\/wp-json\/wp\/v2\/pages\/1568","targetHints":{"allow":["GET"]}}],"collection":[{"href":"http:\/\/glacas.fr\/lantredemystara\/wp-json\/wp\/v2\/pages"}],"about":[{"href":"http:\/\/glacas.fr\/lantredemystara\/wp-json\/wp\/v2\/types\/page"}],"author":[{"embeddable":true,"href":"http:\/\/glacas.fr\/lantredemystara\/wp-json\/wp\/v2\/users\/1"}],"replies":[{"embeddable":true,"href":"http:\/\/glacas.fr\/lantredemystara\/wp-json\/wp\/v2\/comments?post=1568"}],"version-history":[{"count":6,"href":"http:\/\/glacas.fr\/lantredemystara\/wp-json\/wp\/v2\/pages\/1568\/revisions"}],"predecessor-version":[{"id":1742,"href":"http:\/\/glacas.fr\/lantredemystara\/wp-json\/wp\/v2\/pages\/1568\/revisions\/1742"}],"up":[{"embeddable":true,"href":"http:\/\/glacas.fr\/lantredemystara\/wp-json\/wp\/v2\/pages\/37"}],"wp:attachment":[{"href":"http:\/\/glacas.fr\/lantredemystara\/wp-json\/wp\/v2\/media?parent=1568"}],"wp:term":[{"taxonomy":"category","embeddable":true,"href":"http:\/\/glacas.fr\/lantredemystara\/wp-json\/wp\/v2\/categories?post=1568"},{"taxonomy":"post_tag","embeddable":true,"href":"http:\/\/glacas.fr\/lantredemystara\/wp-json\/wp\/v2\/tags?post=1568"}],"curies":[{"name":"wp","href":"https:\/\/api.w.org\/{rel}","templated":true}]}}