{"id":1345,"date":"2017-03-14T21:39:58","date_gmt":"2017-03-14T20:39:58","guid":{"rendered":"http:\/\/glacas.fr\/lantredemystara\/?page_id=1345"},"modified":"2017-03-14T21:43:35","modified_gmt":"2017-03-14T20:43:35","slug":"economie","status":"publish","type":"page","link":"http:\/\/glacas.fr\/lantredemystara\/decors-de-campagne2\/la-baronnie-dachelos\/economie\/","title":{"rendered":"Economie"},"content":{"rendered":"<h2 style=\"text-align: center;\"><strong>\u00c9conomie du domaine<\/strong><\/h2>\n<p>&nbsp;<\/p>\n<p style=\"text-align: center;\"><img data-recalc-dims=\"1\" loading=\"lazy\" decoding=\"async\" class=\"aligncenter wp-image-1356 size-full colorbox-1345\" src=\"https:\/\/i0.wp.com\/glacas.fr\/lantredemystara\/wp-content\/uploads\/sites\/2\/2017\/03\/p4.jpg?resize=512%2C304\" alt=\"\" width=\"512\" height=\"304\" srcset=\"https:\/\/i0.wp.com\/glacas.fr\/lantredemystara\/wp-content\/uploads\/sites\/2\/2017\/03\/p4.jpg?w=512 512w, https:\/\/i0.wp.com\/glacas.fr\/lantredemystara\/wp-content\/uploads\/sites\/2\/2017\/03\/p4.jpg?resize=300%2C178 300w, https:\/\/i0.wp.com\/glacas.fr\/lantredemystara\/wp-content\/uploads\/sites\/2\/2017\/03\/p4.jpg?resize=250%2C148 250w, https:\/\/i0.wp.com\/glacas.fr\/lantredemystara\/wp-content\/uploads\/sites\/2\/2017\/03\/p4.jpg?resize=150%2C89 150w\" sizes=\"auto, (max-width: 512px) 100vw, 512px\" \/><\/p>\n<p style=\"text-align: center;\">\n<p style=\"text-align: left;\">Ces revenus sont ceux obtenus en 1010 DC, sept ann\u00e9es apr\u00e8s que le Baron Perlimpinpin ait entrepris l&rsquo;exploitation du Domaine.<\/p>\n<p>La gestion et les investissements du Baron ont permis de d\u00e9gager un l\u00e9ger b\u00e9n\u00e9fice, ce qui est d\u00e9j\u00e0 remarquable compte tenu du climat plut\u00f4t rude et des raids des diff\u00e9rents pillards et humano\u00efdes pr\u00e9sents dans ce secteur.<\/p>\n<p>Toutefois, ce r\u00e9sultat reste fragile et il faudrait peu de choses pour qu&rsquo;une mauvaise r\u00e9colte ou la perte d&rsquo;une partie du cheptel viennent modifier les comptes&#8230;<\/p>\n<p>&nbsp;<\/p>\n<table width=\"613\">\n<tbody>\n<tr>\n<td colspan=\"3\" width=\"320\"><strong>Les d\u00e9penses du Domaine :<\/strong><\/td>\n<td width=\"68\"><\/td>\n<td width=\"74\"><\/td>\n<td width=\"71\"><\/td>\n<td width=\"80\"><\/td>\n<\/tr>\n<tr>\n<td><\/td>\n<td><\/td>\n<td><\/td>\n<td><\/td>\n<td><\/td>\n<td><\/td>\n<td><\/td>\n<\/tr>\n<tr>\n<td rowspan=\"10\"><strong>Garnison<\/strong><\/td>\n<td><strong>Role\/grade<\/strong><\/td>\n<td><strong>Niveau<\/strong><\/td>\n<td><strong>Nombre<\/strong><\/td>\n<td><strong>Po\/mois<\/strong><\/td>\n<td><strong>Po\/mois<\/strong><\/td>\n<td><strong>Po\/an<\/strong><\/td>\n<\/tr>\n<tr>\n<td>Lieutenant de la garde<\/td>\n<td>G7<\/td>\n<td>1<\/td>\n<td>100<\/td>\n<td>100<\/td>\n<td>1 200<\/td>\n<\/tr>\n<tr>\n<td>Sergent de la garde<\/td>\n<td>G5<\/td>\n<td>1<\/td>\n<td>50<\/td>\n<td>50<\/td>\n<td>600<\/td>\n<\/tr>\n<tr>\n<td>Sergent de la garde<\/td>\n<td>G3<\/td>\n<td>2<\/td>\n<td>20<\/td>\n<td>40<\/td>\n<td>480<\/td>\n<\/tr>\n<tr>\n<td>Cavaliers moyens<\/td>\n<td>G2<\/td>\n<td>6<\/td>\n<td>7<\/td>\n<td>42<\/td>\n<td>504<\/td>\n<\/tr>\n<tr>\n<td>Cavaliers l\u00e9gers<\/td>\n<td>G1<\/td>\n<td>9<\/td>\n<td>5<\/td>\n<td>45<\/td>\n<td>540<\/td>\n<\/tr>\n<tr>\n<td>Fantasins l\u00e9gers<\/td>\n<td>G1<\/td>\n<td>33<\/td>\n<td>3<\/td>\n<td>99<\/td>\n<td>1 188<\/td>\n<\/tr>\n<tr>\n<td>Archers<\/td>\n<td>G2<\/td>\n<td>6<\/td>\n<td>4<\/td>\n<td>24<\/td>\n<td>288<\/td>\n<\/tr>\n<tr>\n<td>Armurier<\/td>\n<td>HN<\/td>\n<td>1<\/td>\n<td>35<\/td>\n<td>35<\/td>\n<td>420<\/td>\n<\/tr>\n<tr>\n<td>Total<\/td>\n<td><\/td>\n<td>59<\/td>\n<td><\/td>\n<td>435<\/td>\n<td>5 220<\/td>\n<\/tr>\n<tr>\n<td><\/td>\n<td><\/td>\n<td><\/td>\n<td><\/td>\n<td><\/td>\n<td><\/td>\n<td><\/td>\n<\/tr>\n<tr>\n<td rowspan=\"13\"><strong>Personnel<\/strong><\/td>\n<td>Fonction<\/td>\n<td>Niveau<\/td>\n<td>Nombre<\/td>\n<td>Po\/mois<\/td>\n<td>Po\/mois<\/td>\n<td>Po\/an<\/td>\n<\/tr>\n<tr>\n<td>Intendant<\/td>\n<td>HN<\/td>\n<td>1<\/td>\n<td>70<\/td>\n<td>70<\/td>\n<td>840<\/td>\n<\/tr>\n<tr>\n<td>M\u00e9nestrel<\/td>\n<td>B2<\/td>\n<td>1<\/td>\n<td>7<\/td>\n<td>7<\/td>\n<td>84<\/td>\n<\/tr>\n<tr>\n<td>Serviteurs<\/td>\n<td>HN<\/td>\n<td>15<\/td>\n<td>1<\/td>\n<td>15<\/td>\n<td>180<\/td>\n<\/tr>\n<tr>\n<td>Cuisinier<\/td>\n<td>HN<\/td>\n<td>1<\/td>\n<td>3<\/td>\n<td>3<\/td>\n<td>36<\/td>\n<\/tr>\n<tr>\n<td>Aides de cuisine<\/td>\n<td>HN<\/td>\n<td>2<\/td>\n<td>1<\/td>\n<td>2<\/td>\n<td>24<\/td>\n<\/tr>\n<tr>\n<td>Boulanger<\/td>\n<td>HN<\/td>\n<td>1<\/td>\n<td>3<\/td>\n<td>3<\/td>\n<td>36<\/td>\n<\/tr>\n<tr>\n<td>Chasseurs<\/td>\n<td>HN<\/td>\n<td>4<\/td>\n<td>2<\/td>\n<td>8<\/td>\n<td>96<\/td>\n<\/tr>\n<tr>\n<td>Forgeron<\/td>\n<td>HN<\/td>\n<td>2<\/td>\n<td>6<\/td>\n<td>12<\/td>\n<td>144<\/td>\n<\/tr>\n<tr>\n<td>Charpentier<\/td>\n<td>HN<\/td>\n<td>1<\/td>\n<td>5<\/td>\n<td>5<\/td>\n<td>60<\/td>\n<\/tr>\n<tr>\n<td>Ma\u00e7on<\/td>\n<td>HN<\/td>\n<td>1<\/td>\n<td>5<\/td>\n<td>5<\/td>\n<td>60<\/td>\n<\/tr>\n<tr>\n<td>Palefrenier<\/td>\n<td>HN<\/td>\n<td>2<\/td>\n<td>1<\/td>\n<td>2<\/td>\n<td>24<\/td>\n<\/tr>\n<tr>\n<td>Total<\/td>\n<td><\/td>\n<td>31<\/td>\n<td><\/td>\n<td>132<\/td>\n<td>1 584<\/td>\n<\/tr>\n<tr>\n<td><\/td>\n<td><\/td>\n<td><\/td>\n<td><\/td>\n<td><\/td>\n<td><\/td>\n<td><\/td>\n<\/tr>\n<tr>\n<td rowspan=\"7\"><strong>Ch\u00e2teau<\/strong><\/td>\n<td><\/td>\n<td><\/td>\n<td>Nombre<\/td>\n<td>Po\/mois<\/td>\n<td>Po\/mois<\/td>\n<td>Po\/an<\/td>\n<\/tr>\n<tr>\n<td>Nourriture des hommes<\/td>\n<td><\/td>\n<td>90<\/td>\n<td>0,60<\/td>\n<td>54<\/td>\n<td>648<\/td>\n<\/tr>\n<tr>\n<td>Entretien des hommes<\/td>\n<td><\/td>\n<td>90<\/td>\n<td>0,30<\/td>\n<td>27<\/td>\n<td>324<\/td>\n<\/tr>\n<tr>\n<td>Entretien des armes<\/td>\n<td><\/td>\n<td>59<\/td>\n<td>1<\/td>\n<td>59<\/td>\n<td>708<\/td>\n<\/tr>\n<tr>\n<td>Entretien du ch\u00e2teau<\/td>\n<td><\/td>\n<td><\/td>\n<td><\/td>\n<td>100<\/td>\n<td>1 200<\/td>\n<\/tr>\n<tr>\n<td>Entretien des\u00a0 chevaux<\/td>\n<td><\/td>\n<td>25<\/td>\n<td>1<\/td>\n<td>25<\/td>\n<td>300<\/td>\n<\/tr>\n<tr>\n<td>Total<\/td>\n<td><\/td>\n<td><\/td>\n<td><\/td>\n<td>265<\/td>\n<td>3 180<\/td>\n<\/tr>\n<tr>\n<td><\/td>\n<td><\/td>\n<td><\/td>\n<td><\/td>\n<td><\/td>\n<td><\/td>\n<td><\/td>\n<\/tr>\n<tr>\n<td rowspan=\"5\"><strong>Autres<\/strong><\/td>\n<td>Routes et infrastructures<\/td>\n<td><\/td>\n<td><\/td>\n<td><\/td>\n<td>100<\/td>\n<td>1 200<\/td>\n<\/tr>\n<tr>\n<td>Temple de Zirchev<\/td>\n<td><\/td>\n<td><\/td>\n<td><\/td>\n<td>20<\/td>\n<td>240<\/td>\n<\/tr>\n<tr>\n<td>Entretien Fortins<\/td>\n<td><\/td>\n<td>4<\/td>\n<td>15<\/td>\n<td>60<\/td>\n<td>720<\/td>\n<\/tr>\n<tr>\n<td>Impots au roi (20% ressources)<\/td>\n<td><\/td>\n<td><\/td>\n<td><\/td>\n<td>268<\/td>\n<td>3 221<\/td>\n<\/tr>\n<tr>\n<td>Total<\/td>\n<td><\/td>\n<td><\/td>\n<td><\/td>\n<td>448<\/td>\n<td>5 381<\/td>\n<\/tr>\n<tr>\n<td><\/td>\n<td><\/td>\n<td><\/td>\n<td><\/td>\n<td><\/td>\n<td><\/td>\n<td><\/td>\n<\/tr>\n<tr>\n<td colspan=\"2\"><strong>TOTAL D\u00c9PENSES EN PO<\/strong><\/td>\n<td><\/td>\n<td><\/td>\n<td><\/td>\n<td><strong>1 280<\/strong><\/td>\n<td><strong>15 365<\/strong><\/td>\n<\/tr>\n<tr>\n<td colspan=\"3\">&nbsp;<\/p>\n<p><strong>Les ressources du Domaine d&rsquo;Achelos :<\/strong><\/td>\n<td><\/td>\n<td><\/td>\n<td><\/td>\n<td><\/td>\n<\/tr>\n<tr>\n<td><\/td>\n<td><\/td>\n<td><\/td>\n<td><\/td>\n<td><\/td>\n<td><\/td>\n<td><\/td>\n<\/tr>\n<tr>\n<td rowspan=\"10\"><strong>RESSOURCES<\/strong><\/td>\n<td><\/td>\n<td><\/td>\n<td><strong>Nombre<\/strong><\/td>\n<td><strong>Po\/mois<\/strong><\/td>\n<td><strong>Po\/mois<\/strong><\/td>\n<td><strong>Po\/an<\/strong><\/td>\n<\/tr>\n<tr>\n<td>Taxe individuelle adultes<\/td>\n<td><\/td>\n<td>400<\/td>\n<td>0,55<\/td>\n<td>220<\/td>\n<td>2 640<\/td>\n<\/tr>\n<tr>\n<td>Revenu Bovin<\/td>\n<td><\/td>\n<td>500<\/td>\n<td>0,50<\/td>\n<td>250<\/td>\n<td>3 000<\/td>\n<\/tr>\n<tr>\n<td>Revenu ovin<\/td>\n<td><\/td>\n<td>5 000<\/td>\n<td>0,10<\/td>\n<td>500<\/td>\n<td>6 000<\/td>\n<\/tr>\n<tr>\n<td>Revenu poneys<\/td>\n<td><\/td>\n<td>250<\/td>\n<td>0,60<\/td>\n<td>150<\/td>\n<td>1 800<\/td>\n<\/tr>\n<tr>\n<td>Revenu herbe \u00e0 pipe<\/td>\n<td><\/td>\n<td><\/td>\n<td><\/td>\n<td>120<\/td>\n<td>1 440<\/td>\n<\/tr>\n<tr>\n<td>Revenu pisciculture<\/td>\n<td><\/td>\n<td><\/td>\n<td><\/td>\n<td>15<\/td>\n<td>180<\/td>\n<\/tr>\n<tr>\n<td>Taxe comptoir commercial<\/td>\n<td><\/td>\n<td>1<\/td>\n<td>50<\/td>\n<td>50<\/td>\n<td>600<\/td>\n<\/tr>\n<tr>\n<td>Taxe bateau p\u00eache<\/td>\n<td><\/td>\n<td>13<\/td>\n<td>1<\/td>\n<td>13<\/td>\n<td>156<\/td>\n<\/tr>\n<tr>\n<td>Taxe artisan<\/td>\n<td><\/td>\n<td>6<\/td>\n<td>4<\/td>\n<td>24<\/td>\n<td>288<\/td>\n<\/tr>\n<tr>\n<td colspan=\"2\"><strong>TOTAL RECETTES EN PO<\/strong><\/td>\n<td><\/td>\n<td><\/td>\n<td><\/td>\n<td>1 342<\/td>\n<td>16 104<\/td>\n<\/tr>\n<tr>\n<td><\/td>\n<td><\/td>\n<td><\/td>\n<td><\/td>\n<td><\/td>\n<td><\/td>\n<td><\/td>\n<\/tr>\n<tr>\n<td><\/td>\n<td><\/td>\n<td><\/td>\n<td><\/td>\n<td><\/td>\n<td><\/td>\n<td><\/td>\n<\/tr>\n<tr>\n<td colspan=\"2\"><strong>Avantages en nature :<\/strong><\/td>\n<td><\/td>\n<td><\/td>\n<td><\/td>\n<td><\/td>\n<td><\/td>\n<\/tr>\n<tr>\n<td><\/td>\n<td colspan=\"5\">10 % de la production c\u00e9r\u00e9ali\u00e8re<\/td>\n<td><\/td>\n<\/tr>\n<tr>\n<td><\/td>\n<td colspan=\"5\">5 % de la p\u00eache<\/td>\n<td><\/td>\n<\/tr>\n<tr>\n<td><\/td>\n<td colspan=\"5\">Aide de 10 % de la population \u00e0 la demande, 3 fois par an et par adulte<\/td>\n<td><\/td>\n<\/tr>\n<tr>\n<td><\/td>\n<td><\/td>\n<td><\/td>\n<td><\/td>\n<td><\/td>\n<td><\/td>\n<td><\/td>\n<\/tr>\n<tr>\n<td><\/td>\n<td><\/td>\n<td><\/td>\n<td><\/td>\n<td><\/td>\n<td><\/td>\n<td><\/td>\n<\/tr>\n<tr>\n<td colspan=\"4\"><strong>BILAN DES REVENUS DU DOMAINE EN 1010 :<\/strong><\/td>\n<td><\/td>\n<td><\/td>\n<td><\/td>\n<\/tr>\n<tr>\n<td><\/td>\n<td><\/td>\n<td><\/td>\n<td><\/td>\n<td><\/td>\n<td><\/td>\n<td><\/td>\n<\/tr>\n<tr>\n<td colspan=\"5\"><strong>Revenus en 1010 DC<\/strong><\/td>\n<td><strong>Po\/mois<\/strong><\/td>\n<td><strong>Po\/an<\/strong><\/td>\n<\/tr>\n<tr>\n<td colspan=\"5\">TOTAL DEPENSES<\/td>\n<td>1 280<\/td>\n<td>15 365<\/td>\n<\/tr>\n<tr>\n<td colspan=\"5\">TOTAL RECETTES<\/td>\n<td>1 342<\/td>\n<td>16 104<\/td>\n<\/tr>\n<tr>\n<td colspan=\"5\"><strong>REVENU DU BARON<\/strong><\/td>\n<td><strong>\u00a0\u00a0\u00a0\u00a0 62<\/strong><\/td>\n<td>\u00a0\u00a0\u00a0\u00a0 <strong>739<\/strong><\/td>\n<\/tr>\n<\/tbody>\n<\/table>\n","protected":false},"excerpt":{"rendered":"<p>\u00c9conomie du domaine &nbsp; Ces revenus sont ceux obtenus en 1010 DC, sept ann\u00e9es apr\u00e8s que le Baron Perlimpinpin ait entrepris l&rsquo;exploitation du Domaine. La gestion et les investissements du Baron ont permis de d\u00e9gager un l\u00e9ger b\u00e9n\u00e9fice, ce qui est d\u00e9j\u00e0 remarquable compte tenu du climat plut\u00f4t rude et<\/p>\n<p class=\"continue-reading-button\"> <a class=\"continue-reading-link\" href=\"http:\/\/glacas.fr\/lantredemystara\/decors-de-campagne2\/la-baronnie-dachelos\/economie\/\">Suite<i class=\"crycon-right-dir\"><\/i><\/a><\/p>\n","protected":false},"author":1,"featured_media":0,"parent":62,"menu_order":6,"comment_status":"closed","ping_status":"closed","template":"","meta":{"ngg_post_thumbnail":0,"jetpack_post_was_ever_published":false,"footnotes":"","_links_to":"","_links_to_target":""},"categories":[1],"tags":[],"class_list":["post-1345","page","type-page","status-publish","hentry","category-non-classe","gallery-content-unit"],"aioseo_notices":[],"jetpack_sharing_enabled":true,"jetpack_shortlink":"https:\/\/wp.me\/P4nvCJ-lH","_links":{"self":[{"href":"http:\/\/glacas.fr\/lantredemystara\/wp-json\/wp\/v2\/pages\/1345","targetHints":{"allow":["GET"]}}],"collection":[{"href":"http:\/\/glacas.fr\/lantredemystara\/wp-json\/wp\/v2\/pages"}],"about":[{"href":"http:\/\/glacas.fr\/lantredemystara\/wp-json\/wp\/v2\/types\/page"}],"author":[{"embeddable":true,"href":"http:\/\/glacas.fr\/lantredemystara\/wp-json\/wp\/v2\/users\/1"}],"replies":[{"embeddable":true,"href":"http:\/\/glacas.fr\/lantredemystara\/wp-json\/wp\/v2\/comments?post=1345"}],"version-history":[{"count":14,"href":"http:\/\/glacas.fr\/lantredemystara\/wp-json\/wp\/v2\/pages\/1345\/revisions"}],"predecessor-version":[{"id":1361,"href":"http:\/\/glacas.fr\/lantredemystara\/wp-json\/wp\/v2\/pages\/1345\/revisions\/1361"}],"up":[{"embeddable":true,"href":"http:\/\/glacas.fr\/lantredemystara\/wp-json\/wp\/v2\/pages\/62"}],"wp:attachment":[{"href":"http:\/\/glacas.fr\/lantredemystara\/wp-json\/wp\/v2\/media?parent=1345"}],"wp:term":[{"taxonomy":"category","embeddable":true,"href":"http:\/\/glacas.fr\/lantredemystara\/wp-json\/wp\/v2\/categories?post=1345"},{"taxonomy":"post_tag","embeddable":true,"href":"http:\/\/glacas.fr\/lantredemystara\/wp-json\/wp\/v2\/tags?post=1345"}],"curies":[{"name":"wp","href":"https:\/\/api.w.org\/{rel}","templated":true}]}}