{"id":1228,"date":"2017-03-14T14:45:29","date_gmt":"2017-03-14T13:45:29","guid":{"rendered":"http:\/\/glacas.fr\/lantredemystara\/?page_id=1228"},"modified":"2017-03-14T14:56:30","modified_gmt":"2017-03-14T13:56:30","slug":"description-generale","status":"publish","type":"page","link":"http:\/\/glacas.fr\/lantredemystara\/mystara\/voyage-a-mystara\/mystara\/cites-golfe-de-hule\/slagovich\/description-generale\/","title":{"rendered":"Description g\u00e9n\u00e9rale"},"content":{"rendered":"<h2 style=\"text-align: center;\"><strong>Description g\u00e9n\u00e9rale de Slagovich<\/strong><\/h2>\n<p>&nbsp;<\/p>\n<p style=\"text-align: center;\"><a href=\"http:\/\/glacas.fr\/lantredemystara\/mystara\/voyage-a-mystara\/mystara\/cites-golfe-de-hule\/slagovich\/description-generale\/slagovich_carte_legende-copie-2\/\" rel=\"attachment wp-att-1232\"><img data-recalc-dims=\"1\" loading=\"lazy\" decoding=\"async\" class=\"alignnone size-full wp-image-1232 colorbox-1228\" src=\"https:\/\/i0.wp.com\/glacas.fr\/lantredemystara\/wp-content\/uploads\/sites\/2\/2017\/03\/Slagovich_Carte_LEGENDE-Copie-1.jpg?resize=558%2C871\" alt=\"\" width=\"558\" height=\"871\" srcset=\"https:\/\/i0.wp.com\/glacas.fr\/lantredemystara\/wp-content\/uploads\/sites\/2\/2017\/03\/Slagovich_Carte_LEGENDE-Copie-1.jpg?w=558 558w, https:\/\/i0.wp.com\/glacas.fr\/lantredemystara\/wp-content\/uploads\/sites\/2\/2017\/03\/Slagovich_Carte_LEGENDE-Copie-1.jpg?resize=192%2C300 192w, https:\/\/i0.wp.com\/glacas.fr\/lantredemystara\/wp-content\/uploads\/sites\/2\/2017\/03\/Slagovich_Carte_LEGENDE-Copie-1.jpg?resize=96%2C150 96w\" sizes=\"auto, (max-width: 558px) 100vw, 558px\" \/><\/a><\/p>\n<p>&nbsp;<\/p>\n<p><strong>La cit\u00e9 de Slagovich<\/strong> est un ancien petit bastion construit il y a \u00e0 peine cinq si\u00e8cles et perch\u00e9 sur les hauteurs d\u2019un plateau, \u00e0 c\u00f4t\u00e9 d&rsquo;une falaise dominant le Golfe de Hule. La cit\u00e9-\u00e9tat contr\u00f4le ainsi un minuscule bout de terre vallonn\u00e9e entre le village de Kastr au sud et les ruines de Grabana au nord.<\/p>\n<p>Il y a toujours eu une implantation dans cette zone &#8211; <strong>\u00e0 l&rsquo;origine c\u2019\u00e9tait \u00ab\u00a0Slagovich le bas\u00a0\u00bb<\/strong>, qui \u00e9tait une petite ville bas\u00e9e sur la c\u00f4te au sud de \u00ab\u00a0Slagovich le haut\u00a0\u00bb. La topographie du terrain est importante. Slagovich le bas \u00e9tait un des rares endroits le long de la c\u00f4te avec une crique de taille suffisante et accessible &#8211; les falaises de craie s\u2019\u00e9tendant tout au long de cette zone.<\/p>\n<p>Slagovich est \u00e9galement prot\u00e9g\u00e9e par la forme de la baie. En comparaison, Grabana, au nord, est un village de p\u00eacheurs avec un petit port non prot\u00e9g\u00e9, ou Kastr au sud, que bien qu&rsquo;il ait un petit port, le dernier arr\u00eat avant la savane Konumtali , n\u2019est pas vraiment un port de commerce .<\/p>\n<p>Slagovich le bas est un des rares endroits o\u00f9 il y a une <strong>br\u00e8che dans les falaises<\/strong>. Autrefois port prosp\u00e8re, depuis le d\u00e9veloppement de Slagovich le haut, c&rsquo;est devenu un simple port de p\u00eache. Slagovich Le haut est construit au-dessus de la falaise \u2013 rendant la position plus facilement d\u00e9fendable &#8211; et il poss\u00e8de une installation portuaire unique.<\/p>\n<p>Des murs \u00e9lev\u00e9s et bien d\u00e9fendus entourent des maisons en torchis ou en pierre ma\u00e7onn\u00e9s. Toutefois, la noblesse, les familles les plus riches et les artisans et mineurs ais\u00e9s sont les seuls \u00e0 vivre \u00e0 l&rsquo;int\u00e9rieur des murs.<\/p>\n<p>La plupart de la population pauvre vit dans des logements mal entretenus, \u00e0 l&rsquo;ext\u00e9rieur de la protection des murs, \u00e0 Slagovich le bas. Quelques groupes de fermes dispers\u00e9es pars\u00e8ment la campagne.<\/p>\n<p>Presque tous les b\u00e2timents ont une l\u00e9g\u00e8re couleur brun-rouge\u00e2tre en raison de la pr\u00e9sence de Cinnabryl dans le secteur.<\/p>\n<p>&nbsp;<\/p>\n<h4><strong>La population :<\/strong><\/h4>\n<p>Les habitants de Slagovich, sont essentiellement des humains issus de m\u00e9langes\u00a0 entre le peuple de Yavdlom et des apports Traladariens. Ils ont des cheveux sombres et la peau brun-rouge\u00e2tre. Quelques demi-humains peuplent \u00e9galement la ville.<\/p>\n<p>Malgr\u00e9 les nombreux aventuriers et l\u2019activit\u00e9 commerciale intense, la plupart de la population est constitu\u00e9e de mineurs pauvres qui travaillent dans les riches mines de Cinnabryl. La ville dispose \u00e9galement d\u2019un nombre important d\u2019ing\u00e9nieurs hydrauliciens tr\u00e8s r\u00e9put\u00e9s.<\/p>\n<p>Le Culte de Halav est la foi principale dans ce secteur, d&rsquo;autant plus depuis que la fraternit\u00e9 appel\u00e9e \u00ab\u00a0Les Chevaliers de Halav\u00a0\u00bb a aid\u00e9 Slagovich \u00e0 r\u00e9sister aux tentatives de prise de la ville par le peuple de Hule.<\/p>\n<p>&nbsp;<\/p>\n<h4><strong>L\u2019histoire telle qu\u2019elle est connue par tous :<\/strong><\/h4>\n<p>Les cit\u00e9s du Golfe de Hule ont \u00e9t\u00e9 <strong>fond\u00e9es par des expatri\u00e9s Traladariens<\/strong> au milieu du 5<sup>\u00e8me<\/sup> si\u00e8cle AC.<\/p>\n<p>Ce groupe de Traladariens, qui <strong>fuyait des pers\u00e9cutions religieuses<\/strong>, fut guid\u00e9 par un pr\u00eatre de Halav qui avait eu une vision dans laquelle l\u2019Immortel aux cheveux roux les invitaient \u00e0 naviguer vers l&rsquo;ouest o\u00f9 ils trouveraient une nouvelle patrie dans quel <strong>reconstruire l&rsquo;\u00c2ge D&rsquo;or<\/strong> et dans lequel se trouverait le Tombeau de Halav. Seuls ceux qui d\u00e9couvriraient l&rsquo;endroit o\u00f9 sa d\u00e9pouille mortelle avait \u00e9t\u00e9 enterr\u00e9e pourraient le r\u00e9veiller et il les m\u00e8nerait alors \u00e0 la victoire et la prosp\u00e9rit\u00e9.<\/p>\n<p>De nombreux bateaux prirent le large suivant cette vision et arriv\u00e8rent dans le Golfe de Hule, o\u00f9 les colons \u00e9puis\u00e9s par les maladies et les privations s\u2019install\u00e8rent.<\/p>\n<p>Compos\u00e9s principalement de p\u00eacheurs et de commer\u00e7ants, les Traldars colonis\u00e8rent lentement l&rsquo;ouest de Slagovich, le long des rivi\u00e8res.<\/p>\n<p>Chacune des cinq familles qui fond\u00e8rent les cit\u00e9s du golfe oriental proclama qu&rsquo;elle avait trouv\u00e9 le tombeau de Halav et r\u00e9clama le droit de diriger les autres.<\/p>\n<p><strong>Durant les derni\u00e8res d\u00e9cennies<\/strong>, la zone enti\u00e8re a subit des guerres continuelles. Slagovich est un comptoir important et la porte vers l&rsquo;est, de plus il poss\u00e8de un important gisement de cinnabryl. \u00a0En cons\u00e9quence, <strong>le Ma\u00eetre mal\u00e9fique de Hule<\/strong> a essay\u00e9 de la conqu\u00e9rir \u00e0 plusieurs reprises. Il a presque r\u00e9ussi \u00e0 le faire en AC 1000, quand le Margrave Miosz II, alors encore enfant, n\u2019a pu conserver son tr\u00f4ne que gr\u00e2ce \u00e0 l&rsquo;intervention des <strong>Chevaliers de Halav<\/strong> et \u00e0 un aventurier Alphatien nomm\u00e9 Haldemar.<\/p>\n<p>Le dirigeant de Slagovich, <strong>MioszII,<\/strong> est mont\u00e9 sur le tr\u00f4ne tr\u00e8s jeune. Malgr\u00e9 des complots foment\u00e9s par Hule et les agissements\u00a0 d\u2019un H\u00e9ritier mal\u00e9fique de Hule (Zgozod du Rubis), il a gard\u00e9 son tr\u00f4ne, principalement en raison de l&rsquo;intervention de son oncle Stavro. <strong>Stavro<\/strong> sert d&rsquo;un conseiller \u00e0 Miosz et dirige la garde personnelle du Margrave, les Chevaliers de Halav, une petite fraternit\u00e9 de guerriers qui a contribu\u00e9 \u00e0 guider Slagovich vers un \u00e2ge relativement \u00e9clair\u00e9.<\/p>\n<p>Miosz n&rsquo;a aucun amour pour des H\u00e9ritiers. Ils sont importuns, quoique non pers\u00e9cut\u00e9s dans la ville. Les H\u00e9ritiers qui entrent vraiment dans Slagovich sont \u00e9troitement surveill\u00e9s.<\/p>\n<p>Dans les ann\u00e9es suivantes Hule a envahi Sind et a essay\u00e9 de conqu\u00e9rir toutes les cit\u00e9s-\u00c9tats, mais l&rsquo;alliance des cinq villes a r\u00e9ussi \u00e0 repousser les troupes mal\u00e9fiques de Hule.<\/p>\n<p>R\u00e9cemment, comme la menace de Hule s&rsquo;est desserr\u00e9e, Slagovich a \u00e9t\u00e9 attaqu\u00e9 par les forces conjointes de Zvornik et Hojah et la tension est toujours importante dans la zone.<\/p>\n<p>&nbsp;<\/p>\n<h4><strong>Curiosit\u00e9s :<\/strong><\/h4>\n<p>Le monument\u00a0 le plus c\u00e9l\u00e8bre de Slagovich, except\u00e9 l&rsquo;Auberge du Samovar Noir, est le <strong>m\u00e9canisme hydraulique<\/strong> con\u00e7u par les excellents ing\u00e9nieurs Slagoviens et pr\u00e9sent partout dans la ville.<\/p>\n<p>Localis\u00e9 dans une \u00e9norme caverne naturelle connect\u00e9e \u00e0 la ville par un puits naturel, le port est un chef-d&rsquo;\u0153uvre d&rsquo;ing\u00e9nierie. Les habitants contr\u00f4lent une <strong>porte vers le plan \u00e9l\u00e9mentaire de l\u2019eau<\/strong> et, en \u00e9change d\u2019une somme importante, la caverne peut \u00eatre scell\u00e9e et remplie d&rsquo;eau, permettant ainsi \u00e0 un bateau de se d\u00e9placer profond\u00e9ment dans la ville le long d&rsquo;une s\u00e9rie de canaux, pour y d\u00e9charger directement ses marchandises.<\/p>\n<p>Pour les navires qui ne peuvent payer le prix de ce service, des tra\u00eeneaux, tract\u00e9s par un r\u00e9seau de c\u00e2bles, permettent ensuite \u00e0 des chariots de grimper jusqu\u2019en haut de la ville.<\/p>\n<p>A l\u2019approche de Slagovich, et apr\u00e8s avoir contourn\u00e9 Slagovich le bas, l\u2019impressionnante paroi de la falaise et l&rsquo;entr\u00e9e pour la <strong>caverne sous-marine<\/strong> apparaissent. La falaise mesure ici environ 175 m de haut et l&rsquo;entr\u00e9e de la caverne 50 m. L&rsquo;entr\u00e9e de caverne n&rsquo;est visiblement pas naturelle &#8211; elle forme une forme de fer \u00e0 cheval au-dessus de l&rsquo;eau et on peut voir des runes \u00e9normes taill\u00e9es entourant l&rsquo;entr\u00e9e.<\/p>\n<p>Une cha\u00eene est g\u00e9n\u00e9ralement plac\u00e9e en travers de l&rsquo;entr\u00e9e de la caverne et tous les bateaux doivent laisser monter \u00e0 bord par les pilotes Slagoviens. Les bateaux sont alors guid\u00e9s dans la caverne. Une fois entr\u00e9 dans la caverne, les bateaux voyagent environ 300 m, avant de s\u2019amarrer \u00e0 l&rsquo;une des douzaines de plots\u00a0 de la caverne &#8211; qui un diam\u00e8tre d\u2019environ 175 m (formant un cercle presque parfait et dont beaucoup de fonctionnalit\u00e9s ne sont clairement pas naturelles).<\/p>\n<p>&nbsp;<\/p>\n<h4><strong>La trombe d\u2019eau \u00e9l\u00e9vatrice\u00a0:<\/strong><\/h4>\n<p>Au centre de la caverne \u2013 et qui sera soigneusement \u00e9vit\u00e9 par les pilotes Slagoviens \u2013 se trouve une zone d\u2019eau tourbillonnante d\u2019environ 30 m de diam\u00e8tre.\u00a0 Lorsqu\u2019elle est \u00ab\u00a0au repos\u00a0\u00bb cette eau forme n\u00e9anmoins un lent tourbillon. Cependant lorsque les eaux sont activ\u00e9es, elles s\u2019\u00e9l\u00e8vent et remontent rapidement les 150 m du niveau de la mer \u00e0 la ville sup\u00e9rieure. Ceux observant l&rsquo;int\u00e9rieur de la caverne verront une grande trombe d\u2019eau qui reste miraculeusement constante.<\/p>\n<p>La trombe d\u2019eau peut \u00eatre maintenue aussi longtemps que les mages qui font fonctionner la chambre de cristal de Slagovich le d\u00e9sirent. Cependant, une fois que les bateaux auront atteint le haut de cette chute d\u2019eau, ils seront vite d\u00e9plac\u00e9s rapidement dans un des quatre docks adjacents. Ces zones de dock sont alors vite referm\u00e9es, avant que la trombe ne soit \u00ab\u00a0d\u00e9sactiv\u00e9e\u00a0\u00bb.<\/p>\n<p>En temps de guerre, les pilotes Slagoviens sont r\u00e9put\u00e9s \u00eatre capables de permettre aux bateaux d\u2019acc\u00e9der jusqu&rsquo;\u00e0 Slagovich le haut avant la d\u00e9sactivation de la trombe, sans fermer les portes de dock.<\/p>\n<p>En raison du grand nombre de canaux, de ponts tournants et d\u2019\u00e9cluses, la ville de Slagovich est connue des voyageurs orientaux, comme la \u00ab\u00a0Glantri de l&rsquo;Ouest.\u00a0\u00bb<\/p>\n<p>&nbsp;<\/p>\n<h4><strong>Ressources\u00a0:<\/strong><\/h4>\n<p>La ville exporte du Cinnabryl vers les Baronnies Sauvages. Quand le Cinnabryl est export\u00e9 (deux fois par an), un groupe de Chevaliers de Halav rencontre en mer avec un petit groupe d&rsquo;H\u00e9ritiers, qui payent pour le Cinnabryl avec de l&rsquo;acier rouge. A Slagovich, l&rsquo;acier rouge est utilis\u00e9 pour des armes par les Chevaliers de Halav et la garde de la ville, mais seulement les Chevaliers et les officiers de la garde portent aussi l&rsquo;armure d&rsquo;acier rouge.<\/p>\n<p>Slagovich doit importer \u00e0 un co\u00fbt prohibitif, d\u2019importantes quantit\u00e9s de nourriture pour alimenter sa population urbaine (la ville de Slagovich h\u00e9berge beaucoup plus de gens que qu\u2019elle ne peut nourrir avec ses propres ressources). C\u2019est donc une chance de poss\u00e9der cette mine de Cinnabryl sans laquelle elle serait en faillite.<\/p>\n<p>Slagovich utilise comme principale monnaie \u00e0 la place de l\u2019or, des pi\u00e8ces en Cinnabryl, de couleur rouge. N\u00e9anmoins cette mati\u00e8re constitue un poison au toucher pour tous les non natifs de la C\u00f4t\u00e9 Sauvage. Elle teint les peaux des habitants et les objets. On remarque ainsi rapidement les \u00e9trangers\u2026<\/p>\n<ul>\n<li>Revenu total du royaume : 15\u00a0232 po\/mois<\/li>\n<li>Tr\u00e9sor disponible dans les caisses du royaume\u00a0: 2 727 po<\/li>\n<li>Imp\u00f4t moyen par contribuable : 1,7 pa\/mois<\/li>\n<li>Cout d\u2019entretien moyen d\u2019un soldat : 16,6 pa\/guerrier\/mois<\/li>\n<\/ul>\n<p><strong>\u00a0<\/strong><\/p>\n<h4><strong>Troupes Slagoviennes:<\/strong><\/h4>\n<ul>\n<li>Flotte : 10 vaisseaux de guerre<br \/>\n\u00c9quipages: 797 marins<\/li>\n<li>Arm\u00e9e\u00a0: 1 373 soldats (5% de la population) dont 576 guerriers.<br \/>\nClasse de bataille: 106 \u00ab\u00a0Excellent\u00a0\u00bb<\/li>\n<li>Milices civiles (en cas de mobilisation) : 6 710 Miliciens<br \/>\nClasse de bataille: 79 \u00ab\u00a0Moyenne\u00a0\u00bb<\/li>\n<li>Paysans r\u00e9quisitionn\u00e9s (en cas de mobilisation) : 2 418 Paysans<br \/>\nClasse de bataille: 12 \u00ab\u00a0Inexp\u00e9riment\u00e9\u00a0\u00bb<\/li>\n<\/ul>\n<p>&nbsp;<\/p>\n<h4><strong>Religions:<\/strong><\/h4>\n<p>Halav est le principal Immortel r\u00e9v\u00e9r\u00e9 dans les cit\u00e9s-\u00e9tats, ce qui n&rsquo;a rien d&rsquo;\u00e9tonnant quand on sit que la Cit\u00e9 fut fond\u00e9 par des pers\u00e9cut\u00e9s du Culte de Halav qui avaient fuit la Traladara. Le culte de Halav est donc la religion officielle de la cit\u00e9.<\/p>\n<p>P\u00e9tra, sa compagne, est \u00e9galement pri\u00e9e mais secr\u00e8tement<\/p>\n<p>Zirchev, son compagnon de la Geste, l&rsquo;est \u00e9galement secr\u00e8tement<\/p>\n<p>Eiryndul et Faunus sont pri\u00e9s par les autres races.<\/p>\n<p><strong>\u00a0<\/strong><\/p>\n","protected":false},"excerpt":{"rendered":"<p>Description g\u00e9n\u00e9rale de Slagovich &nbsp; &nbsp; La cit\u00e9 de Slagovich est un ancien petit bastion construit il y a \u00e0 peine cinq si\u00e8cles et perch\u00e9 sur les hauteurs d\u2019un plateau, \u00e0 c\u00f4t\u00e9 d&rsquo;une falaise dominant le Golfe de Hule. La cit\u00e9-\u00e9tat contr\u00f4le ainsi un minuscule bout de terre vallonn\u00e9e entre<\/p>\n<p class=\"continue-reading-button\"> <a class=\"continue-reading-link\" href=\"http:\/\/glacas.fr\/lantredemystara\/mystara\/voyage-a-mystara\/mystara\/cites-golfe-de-hule\/slagovich\/description-generale\/\">Suite<i class=\"crycon-right-dir\"><\/i><\/a><\/p>\n","protected":false},"author":1,"featured_media":0,"parent":1172,"menu_order":1,"comment_status":"closed","ping_status":"closed","template":"","meta":{"ngg_post_thumbnail":0,"jetpack_post_was_ever_published":false,"footnotes":"","_links_to":"","_links_to_target":""},"categories":[1],"tags":[],"class_list":["post-1228","page","type-page","status-publish","hentry","category-non-classe","gallery-content-unit"],"aioseo_notices":[],"jetpack_sharing_enabled":true,"jetpack_shortlink":"https:\/\/wp.me\/P4nvCJ-jO","_links":{"self":[{"href":"http:\/\/glacas.fr\/lantredemystara\/wp-json\/wp\/v2\/pages\/1228","targetHints":{"allow":["GET"]}}],"collection":[{"href":"http:\/\/glacas.fr\/lantredemystara\/wp-json\/wp\/v2\/pages"}],"about":[{"href":"http:\/\/glacas.fr\/lantredemystara\/wp-json\/wp\/v2\/types\/page"}],"author":[{"embeddable":true,"href":"http:\/\/glacas.fr\/lantredemystara\/wp-json\/wp\/v2\/users\/1"}],"replies":[{"embeddable":true,"href":"http:\/\/glacas.fr\/lantredemystara\/wp-json\/wp\/v2\/comments?post=1228"}],"version-history":[{"count":6,"href":"http:\/\/glacas.fr\/lantredemystara\/wp-json\/wp\/v2\/pages\/1228\/revisions"}],"predecessor-version":[{"id":1237,"href":"http:\/\/glacas.fr\/lantredemystara\/wp-json\/wp\/v2\/pages\/1228\/revisions\/1237"}],"up":[{"embeddable":true,"href":"http:\/\/glacas.fr\/lantredemystara\/wp-json\/wp\/v2\/pages\/1172"}],"wp:attachment":[{"href":"http:\/\/glacas.fr\/lantredemystara\/wp-json\/wp\/v2\/media?parent=1228"}],"wp:term":[{"taxonomy":"category","embeddable":true,"href":"http:\/\/glacas.fr\/lantredemystara\/wp-json\/wp\/v2\/categories?post=1228"},{"taxonomy":"post_tag","embeddable":true,"href":"http:\/\/glacas.fr\/lantredemystara\/wp-json\/wp\/v2\/tags?post=1228"}],"curies":[{"name":"wp","href":"https:\/\/api.w.org\/{rel}","templated":true}]}}