{"id":1177,"date":"2017-03-14T13:42:44","date_gmt":"2017-03-14T12:42:44","guid":{"rendered":"http:\/\/glacas.fr\/lantredemystara\/?page_id=1177"},"modified":"2017-03-14T13:43:11","modified_gmt":"2017-03-14T12:43:11","slug":"nova-svoga","status":"publish","type":"page","link":"http:\/\/glacas.fr\/lantredemystara\/mystara\/voyage-a-mystara\/mystara\/cites-golfe-de-hule\/nova-svoga\/","title":{"rendered":"Nova Svoga"},"content":{"rendered":"<p style=\"text-align: center;\"><a href=\"http:\/\/glacas.fr\/lantredemystara\/mystara\/voyage-a-mystara\/mystara\/cites-golfe-de-hule\/nova-svoga\/blason_nova_svoga-2\/\" rel=\"attachment wp-att-1194\"><img data-recalc-dims=\"1\" loading=\"lazy\" decoding=\"async\" class=\"alignnone size-full wp-image-1194 colorbox-1177\" src=\"https:\/\/i0.wp.com\/glacas.fr\/lantredemystara\/wp-content\/uploads\/sites\/2\/2017\/03\/Blason_Nova_Svoga-1.jpg?resize=95%2C121\" alt=\"\" width=\"95\" height=\"121\" \/><\/a><\/p>\n<h2 style=\"text-align: center;\"><strong>Nova Svoga<\/strong><\/h2>\n<p>&nbsp;<\/p>\n<p><strong>Capitale:<\/strong> Nova Svoga<\/p>\n<p><strong>Population :<\/strong> 5 300 habitants, essentiellement des humains, quelques petites-gens.<\/p>\n<p><strong>Ruler:<\/strong> Stefan Karvich (fier, comp\u00e9tent, Guerrier humain de haut niveau).<\/p>\n<p><strong>PNJ Typique:<\/strong> fermier ou trappeur.<\/p>\n<p><strong>Description: <\/strong>Paisible \u00e9tat agricole situ\u00e9 en amont de Zagora, Nova Svoga partage une fronti\u00e8re tr\u00e8s vaste avec Hule. L&rsquo;\u00e9tat \u00e0 beaucoup souffert durant les guerres r\u00e9centes, pendant lesquelles le Margrave et la plupart de ses h\u00e9ritiers sont morts.<\/p>\n<p>Stefan Karvich, l&rsquo;ancien leader de l&rsquo;arm\u00e9e de Nova Svoga, sert maintenant du r\u00e9gent pour Anya, l&rsquo;h\u00e9ritier du tr\u00f4ne \u00e2g\u00e9 de cinq ans.<\/p>\n<p>&nbsp;<\/p>\n","protected":false},"excerpt":{"rendered":"<p>Nova Svoga &nbsp; Capitale: Nova Svoga Population : 5 300 habitants, essentiellement des humains, quelques petites-gens. Ruler: Stefan Karvich (fier, comp\u00e9tent, Guerrier humain de haut niveau). PNJ Typique: fermier ou trappeur. Description: Paisible \u00e9tat agricole situ\u00e9 en amont de Zagora, Nova Svoga partage une fronti\u00e8re tr\u00e8s vaste avec Hule. L&rsquo;\u00e9tat<\/p>\n<p class=\"continue-reading-button\"> <a class=\"continue-reading-link\" href=\"http:\/\/glacas.fr\/lantredemystara\/mystara\/voyage-a-mystara\/mystara\/cites-golfe-de-hule\/nova-svoga\/\">Suite<i class=\"crycon-right-dir\"><\/i><\/a><\/p>\n","protected":false},"author":1,"featured_media":0,"parent":1144,"menu_order":4,"comment_status":"closed","ping_status":"closed","template":"","meta":{"ngg_post_thumbnail":0,"jetpack_post_was_ever_published":false,"footnotes":"","_links_to":"","_links_to_target":""},"categories":[1],"tags":[],"class_list":["post-1177","page","type-page","status-publish","hentry","category-non-classe","gallery-content-unit"],"aioseo_notices":[],"jetpack_sharing_enabled":true,"jetpack_shortlink":"https:\/\/wp.me\/P4nvCJ-iZ","_links":{"self":[{"href":"http:\/\/glacas.fr\/lantredemystara\/wp-json\/wp\/v2\/pages\/1177","targetHints":{"allow":["GET"]}}],"collection":[{"href":"http:\/\/glacas.fr\/lantredemystara\/wp-json\/wp\/v2\/pages"}],"about":[{"href":"http:\/\/glacas.fr\/lantredemystara\/wp-json\/wp\/v2\/types\/page"}],"author":[{"embeddable":true,"href":"http:\/\/glacas.fr\/lantredemystara\/wp-json\/wp\/v2\/users\/1"}],"replies":[{"embeddable":true,"href":"http:\/\/glacas.fr\/lantredemystara\/wp-json\/wp\/v2\/comments?post=1177"}],"version-history":[{"count":3,"href":"http:\/\/glacas.fr\/lantredemystara\/wp-json\/wp\/v2\/pages\/1177\/revisions"}],"predecessor-version":[{"id":1197,"href":"http:\/\/glacas.fr\/lantredemystara\/wp-json\/wp\/v2\/pages\/1177\/revisions\/1197"}],"up":[{"embeddable":true,"href":"http:\/\/glacas.fr\/lantredemystara\/wp-json\/wp\/v2\/pages\/1144"}],"wp:attachment":[{"href":"http:\/\/glacas.fr\/lantredemystara\/wp-json\/wp\/v2\/media?parent=1177"}],"wp:term":[{"taxonomy":"category","embeddable":true,"href":"http:\/\/glacas.fr\/lantredemystara\/wp-json\/wp\/v2\/categories?post=1177"},{"taxonomy":"post_tag","embeddable":true,"href":"http:\/\/glacas.fr\/lantredemystara\/wp-json\/wp\/v2\/tags?post=1177"}],"curies":[{"name":"wp","href":"https:\/\/api.w.org\/{rel}","templated":true}]}}