{"id":1175,"date":"2017-03-14T13:33:41","date_gmt":"2017-03-14T12:33:41","guid":{"rendered":"http:\/\/glacas.fr\/lantredemystara\/?page_id=1175"},"modified":"2017-03-14T13:34:06","modified_gmt":"2017-03-14T12:34:06","slug":"zvornik","status":"publish","type":"page","link":"http:\/\/glacas.fr\/lantredemystara\/mystara\/voyage-a-mystara\/mystara\/cites-golfe-de-hule\/zvornik\/","title":{"rendered":"Zvornik"},"content":{"rendered":"<p style=\"text-align: center;\"><a href=\"http:\/\/glacas.fr\/lantredemystara\/mystara\/voyage-a-mystara\/mystara\/cites-golfe-de-hule\/zvornik\/blason_zvornik-2\/\" rel=\"attachment wp-att-1185\"><img data-recalc-dims=\"1\" loading=\"lazy\" decoding=\"async\" class=\"alignnone size-full wp-image-1185 colorbox-1175\" src=\"https:\/\/i0.wp.com\/glacas.fr\/lantredemystara\/wp-content\/uploads\/sites\/2\/2017\/03\/Blason_Zvornik-1.jpg?resize=94%2C116\" alt=\"\" width=\"94\" height=\"116\" \/><\/a><\/p>\n<h2 style=\"text-align: center;\"><strong>Zvornik<\/strong><\/h2>\n<p>&nbsp;<\/p>\n<p><strong>Capitale : <\/strong>Raska<\/p>\n<p><strong>Population :<\/strong> 6 700 habitants, essentiellement des humains, quelques nains et halflings<\/p>\n<p><strong>Dirigeant : <\/strong>Margrave Galben Zvornik (noble humain \u00e2g\u00e9 de 87 ans).<\/p>\n<p><strong>PNJ Typique :<\/strong> fermier ou marchand itin\u00e9rant.<\/p>\n<p><strong>Description : <\/strong>Comme Hojah, Zvornik porte le nom de la famille qui s\u2019est d&rsquo;abord install\u00e9 dans la r\u00e9gion. Sa population se concentre autour du fleuve et ses commer\u00e7ants utilisent des petits bateaux qui parcourent les rivi\u00e8res et les c\u00f4tes de la r\u00e9gion.<\/p>\n<p>Zvornik rivalise avec Slagovich dans le commerce, parfois violemment, mais ils sont actuellement en paix. Zvornik et Hojah sont alli\u00e9s. Cependant, le margrave actuel est tr\u00e8s \u00e2g\u00e9 et son h\u00e9ritier a tendance \u00e0 \u00eatre plus agressif.<\/p>\n","protected":false},"excerpt":{"rendered":"<p>Zvornik &nbsp; Capitale : Raska Population : 6 700 habitants, essentiellement des humains, quelques nains et halflings Dirigeant : Margrave Galben Zvornik (noble humain \u00e2g\u00e9 de 87 ans). PNJ Typique : fermier ou marchand itin\u00e9rant. Description : Comme Hojah, Zvornik porte le nom de la famille qui s\u2019est d&rsquo;abord install\u00e9<\/p>\n<p class=\"continue-reading-button\"> <a class=\"continue-reading-link\" href=\"http:\/\/glacas.fr\/lantredemystara\/mystara\/voyage-a-mystara\/mystara\/cites-golfe-de-hule\/zvornik\/\">Suite<i class=\"crycon-right-dir\"><\/i><\/a><\/p>\n","protected":false},"author":1,"featured_media":0,"parent":1144,"menu_order":2,"comment_status":"closed","ping_status":"closed","template":"","meta":{"ngg_post_thumbnail":0,"jetpack_post_was_ever_published":false,"footnotes":"","_links_to":"","_links_to_target":""},"categories":[1],"tags":[],"class_list":["post-1175","page","type-page","status-publish","hentry","category-non-classe","gallery-content-unit"],"aioseo_notices":[],"jetpack_sharing_enabled":true,"jetpack_shortlink":"https:\/\/wp.me\/P4nvCJ-iX","_links":{"self":[{"href":"http:\/\/glacas.fr\/lantredemystara\/wp-json\/wp\/v2\/pages\/1175","targetHints":{"allow":["GET"]}}],"collection":[{"href":"http:\/\/glacas.fr\/lantredemystara\/wp-json\/wp\/v2\/pages"}],"about":[{"href":"http:\/\/glacas.fr\/lantredemystara\/wp-json\/wp\/v2\/types\/page"}],"author":[{"embeddable":true,"href":"http:\/\/glacas.fr\/lantredemystara\/wp-json\/wp\/v2\/users\/1"}],"replies":[{"embeddable":true,"href":"http:\/\/glacas.fr\/lantredemystara\/wp-json\/wp\/v2\/comments?post=1175"}],"version-history":[{"count":3,"href":"http:\/\/glacas.fr\/lantredemystara\/wp-json\/wp\/v2\/pages\/1175\/revisions"}],"predecessor-version":[{"id":1188,"href":"http:\/\/glacas.fr\/lantredemystara\/wp-json\/wp\/v2\/pages\/1175\/revisions\/1188"}],"up":[{"embeddable":true,"href":"http:\/\/glacas.fr\/lantredemystara\/wp-json\/wp\/v2\/pages\/1144"}],"wp:attachment":[{"href":"http:\/\/glacas.fr\/lantredemystara\/wp-json\/wp\/v2\/media?parent=1175"}],"wp:term":[{"taxonomy":"category","embeddable":true,"href":"http:\/\/glacas.fr\/lantredemystara\/wp-json\/wp\/v2\/categories?post=1175"},{"taxonomy":"post_tag","embeddable":true,"href":"http:\/\/glacas.fr\/lantredemystara\/wp-json\/wp\/v2\/tags?post=1175"}],"curies":[{"name":"wp","href":"https:\/\/api.w.org\/{rel}","templated":true}]}}