{"id":1173,"date":"2017-03-14T13:25:54","date_gmt":"2017-03-14T12:25:54","guid":{"rendered":"http:\/\/glacas.fr\/lantredemystara\/?page_id=1173"},"modified":"2017-03-14T13:28:41","modified_gmt":"2017-03-14T12:28:41","slug":"hojah","status":"publish","type":"page","link":"http:\/\/glacas.fr\/lantredemystara\/mystara\/voyage-a-mystara\/mystara\/cites-golfe-de-hule\/hojah\/","title":{"rendered":"Hojah"},"content":{"rendered":"<h2 style=\"text-align: center;\"><img data-recalc-dims=\"1\" loading=\"lazy\" decoding=\"async\" class=\"aligncenter wp-image-1178 size-full colorbox-1173\" src=\"https:\/\/i0.wp.com\/glacas.fr\/lantredemystara\/wp-content\/uploads\/sites\/2\/2017\/03\/Blason_Hojah-1.jpg?resize=94%2C118\" alt=\"\" width=\"94\" height=\"118\" \/><\/h2>\n<h2 style=\"text-align: center;\"><strong>Hojah<\/strong><\/h2>\n<p>&nbsp;<\/p>\n<p style=\"text-align: justify;\"><strong>Capitale:<\/strong> Shkodar<\/p>\n<p style=\"text-align: justify;\"><strong>Population :<\/strong> 7 800 habitants, essentiellement des humains, quelques nains et elfes<\/p>\n<p style=\"text-align: justify;\"><strong>Dirigeant:<\/strong> Margrave Bosit Hojah (humain, ancien guerrier).<\/p>\n<p style=\"text-align: justify;\"><strong>PNJ Typique: <\/strong>marchand maritime<\/p>\n<p style=\"text-align: justify;\"><strong>Description:<\/strong> Hojah (nom de la famille ayant fond\u00e9 la ville) est un \u00e9tat marchand, comme Slagovich. Cependant, tandis que les affaires de Slagovich se traitent tant sur la terre que sur mer, l&rsquo;\u00e9tat insulaire de Hojah fait du commerce seulement par mer. Il a affaire surtout avec les autres Cit\u00e9s, les Baronnies Sauvages et les villes libres de la r\u00e9gion.<\/p>\n<p style=\"text-align: justify;\">Cet \u00e9tat rivalise avec acharnement avec Slagovich pour le commerce et bien qu&rsquo;actuellement en paix, les conflits arm\u00e9s entre les deux sont fr\u00e9quents.Hojah reste en bons termes avec Zvornik.<\/p>\n<p style=\"text-align: justify;\">Hojah entretient la plupart des phares dans la r\u00e9gion et a la flotte navale et commerciale la plus forte. \u00c0 cause des bateaux d&rsquo;Hojah, les pirates ont du mal \u00e0 s\u2019implanter pr\u00e8s des Cit\u00e9s.<\/p>\n<p style=\"text-align: justify;\">\n<p style=\"text-align: justify;\">\n","protected":false},"excerpt":{"rendered":"<p>Hojah &nbsp; Capitale: Shkodar Population : 7 800 habitants, essentiellement des humains, quelques nains et elfes Dirigeant: Margrave Bosit Hojah (humain, ancien guerrier). PNJ Typique: marchand maritime Description: Hojah (nom de la famille ayant fond\u00e9 la ville) est un \u00e9tat marchand, comme Slagovich. Cependant, tandis que les affaires de Slagovich<\/p>\n<p class=\"continue-reading-button\"> <a class=\"continue-reading-link\" href=\"http:\/\/glacas.fr\/lantredemystara\/mystara\/voyage-a-mystara\/mystara\/cites-golfe-de-hule\/hojah\/\">Suite<i class=\"crycon-right-dir\"><\/i><\/a><\/p>\n","protected":false},"author":1,"featured_media":0,"parent":1144,"menu_order":1,"comment_status":"closed","ping_status":"closed","template":"","meta":{"ngg_post_thumbnail":0,"jetpack_post_was_ever_published":false,"footnotes":"","_links_to":"","_links_to_target":""},"categories":[1],"tags":[],"class_list":["post-1173","page","type-page","status-publish","hentry","category-non-classe","gallery-content-unit"],"aioseo_notices":[],"jetpack_sharing_enabled":true,"jetpack_shortlink":"https:\/\/wp.me\/P4nvCJ-iV","_links":{"self":[{"href":"http:\/\/glacas.fr\/lantredemystara\/wp-json\/wp\/v2\/pages\/1173","targetHints":{"allow":["GET"]}}],"collection":[{"href":"http:\/\/glacas.fr\/lantredemystara\/wp-json\/wp\/v2\/pages"}],"about":[{"href":"http:\/\/glacas.fr\/lantredemystara\/wp-json\/wp\/v2\/types\/page"}],"author":[{"embeddable":true,"href":"http:\/\/glacas.fr\/lantredemystara\/wp-json\/wp\/v2\/users\/1"}],"replies":[{"embeddable":true,"href":"http:\/\/glacas.fr\/lantredemystara\/wp-json\/wp\/v2\/comments?post=1173"}],"version-history":[{"count":7,"href":"http:\/\/glacas.fr\/lantredemystara\/wp-json\/wp\/v2\/pages\/1173\/revisions"}],"predecessor-version":[{"id":1184,"href":"http:\/\/glacas.fr\/lantredemystara\/wp-json\/wp\/v2\/pages\/1173\/revisions\/1184"}],"up":[{"embeddable":true,"href":"http:\/\/glacas.fr\/lantredemystara\/wp-json\/wp\/v2\/pages\/1144"}],"wp:attachment":[{"href":"http:\/\/glacas.fr\/lantredemystara\/wp-json\/wp\/v2\/media?parent=1173"}],"wp:term":[{"taxonomy":"category","embeddable":true,"href":"http:\/\/glacas.fr\/lantredemystara\/wp-json\/wp\/v2\/categories?post=1173"},{"taxonomy":"post_tag","embeddable":true,"href":"http:\/\/glacas.fr\/lantredemystara\/wp-json\/wp\/v2\/tags?post=1173"}],"curies":[{"name":"wp","href":"https:\/\/api.w.org\/{rel}","templated":true}]}}