{"id":1172,"date":"2017-03-14T13:53:27","date_gmt":"2017-03-14T12:53:27","guid":{"rendered":"http:\/\/glacas.fr\/lantredemystara\/?page_id=1172"},"modified":"2020-03-08T14:36:13","modified_gmt":"2020-03-08T13:36:13","slug":"slagovich","status":"publish","type":"page","link":"http:\/\/glacas.fr\/lantredemystara\/mystara\/voyage-a-mystara\/mystara\/cites-golfe-de-hule\/slagovich\/","title":{"rendered":"Slagovich"},"content":{"rendered":"<p style=\"text-align: center;\"><a href=\"http:\/\/glacas.fr\/lantredemystara\/mystara\/voyage-a-mystara\/mystara\/cites-golfe-de-hule\/slagovich\/blason_slagovich-2\/\" rel=\"attachment wp-att-1199\"><img data-recalc-dims=\"1\" loading=\"lazy\" decoding=\"async\" class=\"alignnone size-full wp-image-1199 colorbox-1172\" src=\"https:\/\/i0.wp.com\/glacas.fr\/lantredemystara\/wp-content\/uploads\/sites\/2\/2017\/03\/Blason_Slagovich-1.jpg?resize=93%2C122\" alt=\"\" width=\"93\" height=\"122\"><\/a><\/p>\n<h2 style=\"text-align: center;\"><strong>Slagovich<\/strong><\/h2>\n<p>&nbsp;<\/p>\n<p><strong>Capitale :<\/strong> Slagovich<\/p>\n<p><strong>Superficie :<\/strong> 3 190 km\u00b2<\/p>\n<p><strong>Population :<\/strong> 17 000 habitants, essentiellement des humains et quelques demi-humains<\/p>\n<p><strong>Langues :<\/strong> Slag, Slagich (dialecte Traladarien).<\/p>\n<p><strong>Monnaie :<\/strong> Le<em> brillant &nbsp;<\/em>(90% d\u2019argent, 10% de <em>Cinnabryl <\/em>appauvri), &nbsp;le <em>clair <\/em>(98% de cuivre, 2% de <em>Cinnabryl <\/em>appauvri), &nbsp;le<em> faible <\/em>(<em>brillant<\/em> appauvri), &nbsp;le <em>sombre <\/em>(<em>clair<\/em> appauvri). Valeur: 1 <em>Brillant <\/em>= 5 <em>Clairs<\/em>= 50 <em>Faibles <\/em>= 500 <em>Sombres<\/em>. Les lingots d\u2019argent sont \u00e9galement utilis\u00e9s pour les \u00e9changes commerciaux.<\/p>\n<p><strong>Industries<\/strong>: Commerce, exploitations mini\u00e8res (le <em>Cinnabryl<\/em>).<\/p>\n<p style=\"text-align: left;\"><strong>Personnages importants:<\/strong> Miosz II (le <em>Margrave<\/em>), Stavro (Chef des Chevaliers de Halav).<\/p>\n<p style=\"text-align: center;\">&#8212;&#8212;&#8212;&#8212;&#8212;&#8212;&#8212;-<\/p>\n<p>La cit\u00e9 de Slagovich est un ancien petit bastion construit il y a \u00e0 peine cinq si\u00e8cles et perch\u00e9 sur les hauteurs d\u2019un plateau, \u00e0 c\u00f4t\u00e9 d\u2019une falaise dominant le Golfe de Hule. La cit\u00e9-\u00e9tat contr\u00f4le ainsi un minuscule bout de terre vallonn\u00e9e entre le village de Kastr au sud et les ruines de Grabana au nord.<\/p>\n<p>Il y a toujours eu une implantation dans cette zone \u2013 <b>\u00e0 l\u2019origine c\u2019\u00e9tait \u00ab Slagovich le bas \u00bb<\/b>, qui \u00e9tait une petite ville bas\u00e9e sur la c\u00f4te au sud de \u00ab Slagovich le haut \u00bb.<\/p>\n<p>La topographie du terrain est importante. Slagovich le bas \u00e9tait un des rares endroits le long de la c\u00f4te avec une crique de taille suffisante et accessible \u2013 les falaises de craie s\u2019\u00e9tendant tout au long de cette zone.<\/p>\n<p>Slagovich est \u00e9galement prot\u00e9g\u00e9e par la forme de la baie. En comparaison, <b>Grabana, au nord<\/b>, est un village de p\u00eacheurs avec un petit port non prot\u00e9g\u00e9, ou <b>Kastr au sud<\/b>, que bien qu\u2019il ait un petit port, le dernier arr\u00eat avant la savane Konumtali , n\u2019est pas vraiment un port de commerce .<br \/>\n<b><br \/>\nSlagovich le bas est un des rares endroits o\u00f9 il y a une br\u00e8che dans les falaises. <\/b>Autrefois port prosp\u00e8re, depuis le d\u00e9veloppement de Slagovich le haut, c\u2019est devenu un simple port de p\u00eache.<\/p>\n<p><b>Slagovich Le haut <\/b>est construit au-dessus de la falaise \u2013 rendant la position plus facilement d\u00e9fendable \u2013 et il poss\u00e8de une installation portuaire unique.<\/p>\n<p>Des <b>murs \u00e9lev\u00e9s et bien d\u00e9fendus<\/b> entourent des maisons en torchis ou en pierre ma\u00e7onn\u00e9s, mais la noblesse et les familles les plus riches sont les seuls \u00e0 vivre \u00e0 l\u2019int\u00e9rieur des murs. La plupart de la population vit dans des logements mal entretenus, \u00e0 l\u2019ext\u00e9rieur de la protection des murs. Quelques groupes de fermes dispers\u00e9es pars\u00e8ment la campagne.<\/p>\n<p>Presque tous les b\u00e2timents <b>ont une l\u00e9g\u00e8re couleur brun-rouge\u00e2tre<\/b> en raison de la pr\u00e9sence de <b><i>Cinnabryl<\/i><\/b> dans le secteur.<\/p>\n<p>&nbsp;<\/p>\n<div id=\"gallery-2\" class=\"gallery galleryid-2 default columns_4 gallery-columns-4  gallery-size-thumbnail \">\n<dl class=\"gallery-item gallery-startcol\">\n\t<dt class=\"gallery-icon\"><a href=\"http:\/\/glacas.fr\/lantredemystara\/mystara\/voyage-a-mystara\/mystara\/cites-golfe-de-hule\/slagovich\/situation-geographique\/\" title=\"\" class=\"rl-gallery-link no-lightbox\">\t\t\t<img loading=\"lazy\" decoding=\"async\" src=\"https:\/\/i0.wp.com\/glacas.fr\/lantredemystara\/wp-content\/uploads\/sites\/2\/2017\/03\/SousContinent-Large-1.jpg?resize=250%2C250\" width=\"250\" height=\"250\" title=\"\" class=\"attachment-thumbnail colorbox-1172\" alt=\"\" \/><\/a>\t<\/dt>\n\t\t<dd class=\"wp-caption-text gallery-caption\">\n\t\tSituation g\u00e9ographique\t<\/dd><\/dl>\n<dl class=\"gallery-item\">\n\t<dt class=\"gallery-icon\"><a href=\"http:\/\/glacas.fr\/lantredemystara\/mystara\/voyage-a-mystara\/mystara\/cites-golfe-de-hule\/slagovich\/description-generale\/\" title=\"\" class=\"rl-gallery-link no-lightbox\">\t\t\t<img loading=\"lazy\" decoding=\"async\" src=\"https:\/\/i0.wp.com\/glacas.fr\/lantredemystara\/wp-content\/uploads\/sites\/2\/2017\/03\/slagovich-8-3.png?resize=250%2C250\" width=\"250\" height=\"250\" title=\"\" class=\"attachment-thumbnail colorbox-1172\" alt=\"\" \/><\/a>\t<\/dt>\n\t\t<dd class=\"wp-caption-text gallery-caption\">\n\t\tDescription g\u00e9n\u00e9rale\t<\/dd><\/dl>\n<dl class=\"gallery-item\">\n\t<dt class=\"gallery-icon\"><a href=\"http:\/\/glacas.fr\/lantredemystara\/mystara\/voyage-a-mystara\/mystara\/cites-golfe-de-hule\/slagovich\/plan-de-la-ville\/\" title=\"\" class=\"rl-gallery-link no-lightbox\">\t\t\t<img loading=\"lazy\" decoding=\"async\" src=\"https:\/\/i0.wp.com\/glacas.fr\/lantredemystara\/wp-content\/uploads\/sites\/2\/2017\/03\/Slagovich_Carte_LEGENDE-Copie.jpg?resize=250%2C250\" width=\"250\" height=\"250\" title=\"\" class=\"attachment-thumbnail colorbox-1172\" alt=\"\" \/><\/a>\t<\/dt>\n\t\t<dd class=\"wp-caption-text gallery-caption\">\n\t\tPlan de la ville\t<\/dd><\/dl>\n\n\n<\/div>\n<p>&nbsp;<\/p>\n<p>&nbsp;<\/p>\n<p><strong>Sources et remerciements :<\/strong><\/p>\n<p><a href=\"http:\/\/lesherautsdujeu.alwaysdata.net\/mondes-80.html\">Thibaut BOUCHET<\/a>, le petit Atlas de Mystara<\/p>\n<p><a href=\"http:\/\/www.pandius.com\/authors.html#happylarry\">hapyplarry<\/a>, &nbsp;Vault of Pandius et pour la carte originale de Slagovich et les infos sur les deux villes de Slagovich<\/p>\n<p><a href=\"http:\/\/pandius.com\/citystat.html\">Bruce Heard<\/a>, Vault of Pandius<\/p>\n<p><a href=\"http:\/\/www.thorfmaps.com\/\">Thorfinn Tait<\/a>, Thorf.Co.uk pour les cartes de slagovich<\/p>\n<p><a href=\"http:\/\/pandius.com\/authors.html#adsantos\">\u00c1tila Pires dos Santos<\/a>, Vault of Pandius<\/p>\n","protected":false},"excerpt":{"rendered":"<p>Slagovich &nbsp; Capitale : Slagovich Superficie : 3 190 km\u00b2 Population : 17 000 habitants, essentiellement des humains et quelques demi-humains Langues : Slag, Slagich (dialecte Traladarien). Monnaie : Le brillant &nbsp;(90% d\u2019argent, 10% de Cinnabryl appauvri), &nbsp;le clair (98% de cuivre, 2% de Cinnabryl appauvri), &nbsp;le faible (brillant appauvri),<\/p>\n<p class=\"continue-reading-button\"> <a class=\"continue-reading-link\" href=\"http:\/\/glacas.fr\/lantredemystara\/mystara\/voyage-a-mystara\/mystara\/cites-golfe-de-hule\/slagovich\/\">Suite<i class=\"crycon-right-dir\"><\/i><\/a><\/p>\n","protected":false},"author":1,"featured_media":0,"parent":1144,"menu_order":0,"comment_status":"closed","ping_status":"closed","template":"","meta":{"ngg_post_thumbnail":0,"jetpack_post_was_ever_published":false,"footnotes":"","_links_to":"","_links_to_target":""},"categories":[1],"tags":[],"class_list":["post-1172","page","type-page","status-publish","hentry","category-non-classe","gallery-content-unit"],"aioseo_notices":[],"jetpack_sharing_enabled":true,"jetpack_shortlink":"https:\/\/wp.me\/P4nvCJ-iU","_links":{"self":[{"href":"http:\/\/glacas.fr\/lantredemystara\/wp-json\/wp\/v2\/pages\/1172","targetHints":{"allow":["GET"]}}],"collection":[{"href":"http:\/\/glacas.fr\/lantredemystara\/wp-json\/wp\/v2\/pages"}],"about":[{"href":"http:\/\/glacas.fr\/lantredemystara\/wp-json\/wp\/v2\/types\/page"}],"author":[{"embeddable":true,"href":"http:\/\/glacas.fr\/lantredemystara\/wp-json\/wp\/v2\/users\/1"}],"replies":[{"embeddable":true,"href":"http:\/\/glacas.fr\/lantredemystara\/wp-json\/wp\/v2\/comments?post=1172"}],"version-history":[{"count":20,"href":"http:\/\/glacas.fr\/lantredemystara\/wp-json\/wp\/v2\/pages\/1172\/revisions"}],"predecessor-version":[{"id":2429,"href":"http:\/\/glacas.fr\/lantredemystara\/wp-json\/wp\/v2\/pages\/1172\/revisions\/2429"}],"up":[{"embeddable":true,"href":"http:\/\/glacas.fr\/lantredemystara\/wp-json\/wp\/v2\/pages\/1144"}],"wp:attachment":[{"href":"http:\/\/glacas.fr\/lantredemystara\/wp-json\/wp\/v2\/media?parent=1172"}],"wp:term":[{"taxonomy":"category","embeddable":true,"href":"http:\/\/glacas.fr\/lantredemystara\/wp-json\/wp\/v2\/categories?post=1172"},{"taxonomy":"post_tag","embeddable":true,"href":"http:\/\/glacas.fr\/lantredemystara\/wp-json\/wp\/v2\/tags?post=1172"}],"curies":[{"name":"wp","href":"https:\/\/api.w.org\/{rel}","templated":true}]}}