{"id":1123,"date":"2017-03-14T02:29:18","date_gmt":"2017-03-14T01:29:18","guid":{"rendered":"http:\/\/glacas.fr\/lantredemystara\/?page_id=1123"},"modified":"2020-03-20T20:59:39","modified_gmt":"2020-03-20T19:59:39","slug":"thyatis","status":"publish","type":"page","link":"http:\/\/glacas.fr\/lantredemystara\/mystara\/voyage-a-mystara\/mystara\/continent-de-brun\/monde-connu\/thyatis\/","title":{"rendered":"Thyatis"},"content":{"rendered":"<h2 style=\"text-align: center;\"><strong>L&rsquo;Empire de Thyatis<\/strong><\/h2>\n<p style=\"text-align: center;\"><a href=\"http:\/\/glacas.fr\/lantredemystara\/mystara\/voyage-a-mystara\/mystara\/continent-de-brun\/monde-connu\/thyatis\/71el3yls-fl-_ac_ul320_sr258320_\/\" rel=\"attachment wp-att-1124\"><img data-recalc-dims=\"1\" loading=\"lazy\" decoding=\"async\" class=\"alignnone size-full wp-image-1124 colorbox-1123\" src=\"https:\/\/i0.wp.com\/glacas.fr\/lantredemystara\/wp-content\/uploads\/sites\/2\/2017\/03\/71el3Yls-FL._AC_UL320_SR258320_.jpg?resize=258%2C320\" alt=\"\" width=\"258\" height=\"320\" srcset=\"https:\/\/i0.wp.com\/glacas.fr\/lantredemystara\/wp-content\/uploads\/sites\/2\/2017\/03\/71el3Yls-FL._AC_UL320_SR258320_.jpg?w=258 258w, https:\/\/i0.wp.com\/glacas.fr\/lantredemystara\/wp-content\/uploads\/sites\/2\/2017\/03\/71el3Yls-FL._AC_UL320_SR258320_.jpg?resize=242%2C300 242w, https:\/\/i0.wp.com\/glacas.fr\/lantredemystara\/wp-content\/uploads\/sites\/2\/2017\/03\/71el3Yls-FL._AC_UL320_SR258320_.jpg?resize=121%2C150 121w\" sizes=\"auto, (max-width: 258px) 100vw, 258px\" \/><\/a><\/p>\n<p style=\"text-align: center;\">\n<\/p><p style=\"text-align: center;\"><a href=\"http:\/\/glacas.fr\/lantredemystara\/mystara\/voyage-a-mystara\/mystara\/continent-de-brun\/monde-connu\/thyatis\/dawn-empires-of-alphatia-and-thyatis-72-3\/\" rel=\"attachment wp-att-1127\"><img data-recalc-dims=\"1\" loading=\"lazy\" decoding=\"async\" class=\"alignnone size-full wp-image-1127 colorbox-1123\" src=\"https:\/\/i0.wp.com\/glacas.fr\/lantredemystara\/wp-content\/uploads\/sites\/2\/2017\/03\/dawn-empires-of-alphatia-and-thyatis-72-2.png?resize=950%2C888\" alt=\"\" width=\"950\" height=\"888\" srcset=\"https:\/\/i0.wp.com\/glacas.fr\/lantredemystara\/wp-content\/uploads\/sites\/2\/2017\/03\/dawn-empires-of-alphatia-and-thyatis-72-2.png?w=2055 2055w, https:\/\/i0.wp.com\/glacas.fr\/lantredemystara\/wp-content\/uploads\/sites\/2\/2017\/03\/dawn-empires-of-alphatia-and-thyatis-72-2.png?resize=300%2C280 300w, https:\/\/i0.wp.com\/glacas.fr\/lantredemystara\/wp-content\/uploads\/sites\/2\/2017\/03\/dawn-empires-of-alphatia-and-thyatis-72-2.png?resize=1024%2C957 1024w, https:\/\/i0.wp.com\/glacas.fr\/lantredemystara\/wp-content\/uploads\/sites\/2\/2017\/03\/dawn-empires-of-alphatia-and-thyatis-72-2.png?resize=161%2C150 161w, https:\/\/i0.wp.com\/glacas.fr\/lantredemystara\/wp-content\/uploads\/sites\/2\/2017\/03\/dawn-empires-of-alphatia-and-thyatis-72-2.png?resize=150%2C140 150w, https:\/\/i0.wp.com\/glacas.fr\/lantredemystara\/wp-content\/uploads\/sites\/2\/2017\/03\/dawn-empires-of-alphatia-and-thyatis-72-2.png?w=1900 1900w\" sizes=\"auto, (max-width: 950px) 100vw, 950px\" \/><\/a><a href=\"http:\/\/glacas.fr\/lantredemystara\/mystara\/voyage-a-mystara\/mystara\/continent-de-brun\/monde-connu\/thyatis\/dawn-thyatis-8\/\" rel=\"attachment wp-att-1125\"><img data-recalc-dims=\"1\" loading=\"lazy\" decoding=\"async\" class=\"alignnone size-full wp-image-1125 colorbox-1123\" src=\"https:\/\/i0.wp.com\/glacas.fr\/lantredemystara\/wp-content\/uploads\/sites\/2\/2017\/03\/dawn-thyatis-8.png?resize=950%2C1173\" alt=\"\" width=\"950\" height=\"1173\" srcset=\"https:\/\/i0.wp.com\/glacas.fr\/lantredemystara\/wp-content\/uploads\/sites\/2\/2017\/03\/dawn-thyatis-8.png?w=1509 1509w, https:\/\/i0.wp.com\/glacas.fr\/lantredemystara\/wp-content\/uploads\/sites\/2\/2017\/03\/dawn-thyatis-8.png?resize=243%2C300 243w, https:\/\/i0.wp.com\/glacas.fr\/lantredemystara\/wp-content\/uploads\/sites\/2\/2017\/03\/dawn-thyatis-8.png?resize=829%2C1024 829w, https:\/\/i0.wp.com\/glacas.fr\/lantredemystara\/wp-content\/uploads\/sites\/2\/2017\/03\/dawn-thyatis-8.png?resize=121%2C150 121w\" sizes=\"auto, (max-width: 950px) 100vw, 950px\" \/><\/a><\/p>\n\n\n<p class=\"has-text-align-justify\"><br><strong>Introduction :<\/strong><br><br>L&rsquo;Empire de Thyatis est une autocratie. L&#8217;empereur y d\u00e9tient un pouvoir absolu mais ses d\u00e9cisions doivent tenir compte des d\u00e9sirs des nobles puissants ainsi que de possibles r\u00e9voltes civiles contre des lois trop injustes. <br><br>La cit\u00e9 de Thyatis est construite pr\u00e8s d&rsquo;un grand canal s\u00e9parant la p\u00e9ninsule m\u00e9ridionale du continent, ce qui fait de cette ville un centre de commerce important. Les routes des caravanes de cette r\u00e9gion sont d\u00e9crites dans le livre des r\u00e8gles Expert. <br><br>La culture Thyatienne est similaire \u00e0 celle des empires Byzantins m\u00e9di\u00e9vaux.<br><\/p>\n\n\n\n<p class=\"has-text-align-justify\">Cet empire est beaucoup plus jeune que celui d&rsquo;Alphatia : il a maintenant \u00e0 peine plus d&rsquo;un si\u00e8cle. Il s&rsquo;est rapidement \u00e9tendu hors des limites de Thyatis, sa capitale, et comprend \u00e0 pr\u00e9sent plusieurs grandes \u00eeles de la c\u00f4te sud du continent.<br> <br>Contrairement \u00e0 Alphatia, Thyatis est b\u00e2ti sur trois sortes de pouvoirs : pr\u00eatres, mages et militaires se partagent la responsabilit\u00e9 de r\u00e9soudre les probl\u00e8mes et d\u00e9velopper les diverses politiques.<br><br>Thincol le Brave, un guerrier 36\u00e8me niveau, est l\u2019empereur r\u00e9gnant de Thyatis. Il s&rsquo;est souvent montr\u00e9 cruel et sans piti\u00e9, mais c&rsquo;est son esprit aiguis\u00e9 de militaire qui a permit \u00e0 son empire de garder son ind\u00e9pendance face aux puissantes l\u00e9gions d &lsquo;Alphatia.<br><br> De nombreux historiens attribuent la rapide extension de Thyatis \u00e0 la rapacit\u00e9 et la fourberie l\u00e9gendaires de ses dirigeants.  Et ils s&rsquo;accordent tous \u00e0 dire que si certaines de ses batailles territoriales ont \u00e9t\u00e9 livr\u00e9es avec honneur, la plupart ont \u00e9t\u00e9 gagn\u00e9es par ruse et par duperie&#8230;<\/p>\n","protected":false},"excerpt":{"rendered":"<p>L&rsquo;Empire de Thyatis Introduction : L&rsquo;Empire de Thyatis est une autocratie. L&#8217;empereur y d\u00e9tient un pouvoir absolu mais ses d\u00e9cisions doivent tenir compte des d\u00e9sirs des nobles puissants ainsi que de possibles r\u00e9voltes civiles contre des lois trop injustes. La cit\u00e9 de Thyatis est construite pr\u00e8s d&rsquo;un grand canal s\u00e9parant<\/p>\n<p class=\"continue-reading-button\"> <a class=\"continue-reading-link\" href=\"http:\/\/glacas.fr\/lantredemystara\/mystara\/voyage-a-mystara\/mystara\/continent-de-brun\/monde-connu\/thyatis\/\">Suite<i class=\"crycon-right-dir\"><\/i><\/a><\/p>\n","protected":false},"author":1,"featured_media":0,"parent":877,"menu_order":17,"comment_status":"closed","ping_status":"closed","template":"","meta":{"ngg_post_thumbnail":0,"jetpack_post_was_ever_published":false,"footnotes":"","_links_to":"","_links_to_target":""},"categories":[1],"tags":[],"class_list":["post-1123","page","type-page","status-publish","hentry","category-non-classe","gallery-content-unit"],"aioseo_notices":[],"jetpack_sharing_enabled":true,"jetpack_shortlink":"https:\/\/wp.me\/P4nvCJ-i7","_links":{"self":[{"href":"http:\/\/glacas.fr\/lantredemystara\/wp-json\/wp\/v2\/pages\/1123","targetHints":{"allow":["GET"]}}],"collection":[{"href":"http:\/\/glacas.fr\/lantredemystara\/wp-json\/wp\/v2\/pages"}],"about":[{"href":"http:\/\/glacas.fr\/lantredemystara\/wp-json\/wp\/v2\/types\/page"}],"author":[{"embeddable":true,"href":"http:\/\/glacas.fr\/lantredemystara\/wp-json\/wp\/v2\/users\/1"}],"replies":[{"embeddable":true,"href":"http:\/\/glacas.fr\/lantredemystara\/wp-json\/wp\/v2\/comments?post=1123"}],"version-history":[{"count":11,"href":"http:\/\/glacas.fr\/lantredemystara\/wp-json\/wp\/v2\/pages\/1123\/revisions"}],"predecessor-version":[{"id":2631,"href":"http:\/\/glacas.fr\/lantredemystara\/wp-json\/wp\/v2\/pages\/1123\/revisions\/2631"}],"up":[{"embeddable":true,"href":"http:\/\/glacas.fr\/lantredemystara\/wp-json\/wp\/v2\/pages\/877"}],"wp:attachment":[{"href":"http:\/\/glacas.fr\/lantredemystara\/wp-json\/wp\/v2\/media?parent=1123"}],"wp:term":[{"taxonomy":"category","embeddable":true,"href":"http:\/\/glacas.fr\/lantredemystara\/wp-json\/wp\/v2\/categories?post=1123"},{"taxonomy":"post_tag","embeddable":true,"href":"http:\/\/glacas.fr\/lantredemystara\/wp-json\/wp\/v2\/tags?post=1123"}],"curies":[{"name":"wp","href":"https:\/\/api.w.org\/{rel}","templated":true}]}}