{"id":1115,"date":"2017-03-14T02:13:27","date_gmt":"2017-03-14T01:13:27","guid":{"rendered":"http:\/\/glacas.fr\/lantredemystara\/?page_id=1115"},"modified":"2020-03-20T18:07:46","modified_gmt":"2020-03-20T17:07:46","slug":"heldannic","status":"publish","type":"page","link":"http:\/\/glacas.fr\/lantredemystara\/mystara\/voyage-a-mystara\/mystara\/continent-de-brun\/monde-connu\/heldannic\/","title":{"rendered":"Heldannic"},"content":{"rendered":"<h2 style=\"text-align: center;\"><strong>Les territoires libres Heldanniques<\/strong><\/h2>\n<p style=\"text-align: center;\"><a href=\"http:\/\/glacas.fr\/lantredemystara\/mystara\/voyage-a-mystara\/mystara\/continent-de-brun\/monde-connu\/heldannic\/the-heldannic-order-vaults-of-pandius\/\" rel=\"attachment wp-att-1120\"><img data-recalc-dims=\"1\" loading=\"lazy\" decoding=\"async\" class=\"alignnone size-full wp-image-1120 colorbox-1115\" src=\"https:\/\/i0.wp.com\/glacas.fr\/lantredemystara\/wp-content\/uploads\/sites\/2\/2017\/03\/the-heldannic-order-vaults-of-pandius.jpg?resize=357%2C462\" alt=\"\" width=\"357\" height=\"462\" srcset=\"https:\/\/i0.wp.com\/glacas.fr\/lantredemystara\/wp-content\/uploads\/sites\/2\/2017\/03\/the-heldannic-order-vaults-of-pandius.jpg?w=357 357w, https:\/\/i0.wp.com\/glacas.fr\/lantredemystara\/wp-content\/uploads\/sites\/2\/2017\/03\/the-heldannic-order-vaults-of-pandius.jpg?resize=232%2C300 232w, https:\/\/i0.wp.com\/glacas.fr\/lantredemystara\/wp-content\/uploads\/sites\/2\/2017\/03\/the-heldannic-order-vaults-of-pandius.jpg?resize=116%2C150 116w\" sizes=\"auto, (max-width: 357px) 100vw, 357px\" \/><\/a><\/p>\n<p style=\"text-align: center;\"><a href=\"http:\/\/glacas.fr\/lantredemystara\/mystara\/voyage-a-mystara\/mystara\/continent-de-brun\/monde-connu\/heldannic\/heldann\/\" rel=\"attachment wp-att-1116\"><img data-recalc-dims=\"1\" loading=\"lazy\" decoding=\"async\" class=\"alignnone size-full wp-image-1116 colorbox-1115\" src=\"https:\/\/i0.wp.com\/glacas.fr\/lantredemystara\/wp-content\/uploads\/sites\/2\/2017\/03\/heldann.gif?resize=950%2C756\" alt=\"\" width=\"950\" height=\"756\"><\/a><\/p>\n\n\n<p><br><br><\/p>\n\n\n\n<p class=\"has-text-align-justify\"><strong>Introduction : <\/strong><br><br>Les Heldanns sont des tribus barbares qui chassent, p\u00eachent et cultivent la terre dans des fermes isol\u00e9es. Les hommes y sont blonds et de peau tr\u00e8s claire. <br><br>Ils descendent des royaumes du Nord-Est, mais, entre eux, ils n&rsquo;acceptent aucun autre chef que celui qui dirige la ferme familiale. Leur culture est tr\u00e8s similaire \u00e0 celle de I&rsquo;Islande m\u00e9di\u00e9vale.<\/p>\n\n\n\n<p><\/p>\n\n\n\n<p><\/p>\n","protected":false},"excerpt":{"rendered":"<p>Les territoires libres Heldanniques Introduction : Les Heldanns sont des tribus barbares qui chassent, p\u00eachent et cultivent la terre dans des fermes isol\u00e9es. Les hommes y sont blonds et de peau tr\u00e8s claire. Ils descendent des royaumes du Nord-Est, mais, entre eux, ils n&rsquo;acceptent aucun autre chef que celui qui<\/p>\n<p class=\"continue-reading-button\"> <a class=\"continue-reading-link\" href=\"http:\/\/glacas.fr\/lantredemystara\/mystara\/voyage-a-mystara\/mystara\/continent-de-brun\/monde-connu\/heldannic\/\">Suite<i class=\"crycon-right-dir\"><\/i><\/a><\/p>\n","protected":false},"author":1,"featured_media":0,"parent":877,"menu_order":16,"comment_status":"closed","ping_status":"closed","template":"","meta":{"ngg_post_thumbnail":0,"jetpack_post_was_ever_published":false,"footnotes":"","_links_to":"","_links_to_target":""},"categories":[1],"tags":[],"class_list":["post-1115","page","type-page","status-publish","hentry","category-non-classe","gallery-content-unit"],"aioseo_notices":[],"jetpack_sharing_enabled":true,"jetpack_shortlink":"https:\/\/wp.me\/P4nvCJ-hZ","_links":{"self":[{"href":"http:\/\/glacas.fr\/lantredemystara\/wp-json\/wp\/v2\/pages\/1115","targetHints":{"allow":["GET"]}}],"collection":[{"href":"http:\/\/glacas.fr\/lantredemystara\/wp-json\/wp\/v2\/pages"}],"about":[{"href":"http:\/\/glacas.fr\/lantredemystara\/wp-json\/wp\/v2\/types\/page"}],"author":[{"embeddable":true,"href":"http:\/\/glacas.fr\/lantredemystara\/wp-json\/wp\/v2\/users\/1"}],"replies":[{"embeddable":true,"href":"http:\/\/glacas.fr\/lantredemystara\/wp-json\/wp\/v2\/comments?post=1115"}],"version-history":[{"count":5,"href":"http:\/\/glacas.fr\/lantredemystara\/wp-json\/wp\/v2\/pages\/1115\/revisions"}],"predecessor-version":[{"id":2608,"href":"http:\/\/glacas.fr\/lantredemystara\/wp-json\/wp\/v2\/pages\/1115\/revisions\/2608"}],"up":[{"embeddable":true,"href":"http:\/\/glacas.fr\/lantredemystara\/wp-json\/wp\/v2\/pages\/877"}],"wp:attachment":[{"href":"http:\/\/glacas.fr\/lantredemystara\/wp-json\/wp\/v2\/media?parent=1115"}],"wp:term":[{"taxonomy":"category","embeddable":true,"href":"http:\/\/glacas.fr\/lantredemystara\/wp-json\/wp\/v2\/categories?post=1115"},{"taxonomy":"post_tag","embeddable":true,"href":"http:\/\/glacas.fr\/lantredemystara\/wp-json\/wp\/v2\/tags?post=1115"}],"curies":[{"name":"wp","href":"https:\/\/api.w.org\/{rel}","templated":true}]}}