{"id":1104,"date":"2017-03-14T02:04:26","date_gmt":"2017-03-14T01:04:26","guid":{"rendered":"http:\/\/glacas.fr\/lantredemystara\/?page_id=1104"},"modified":"2017-05-07T17:57:33","modified_gmt":"2017-05-07T16:57:33","slug":"sind","status":"publish","type":"page","link":"http:\/\/glacas.fr\/lantredemystara\/mystara\/voyage-a-mystara\/mystara\/continent-de-brun\/monde-connu\/sind\/","title":{"rendered":"Sind"},"content":{"rendered":"<h2 style=\"text-align: center;\"><strong>Le Royaume de Sind<\/strong><\/h2>\n<p>&nbsp;<\/p>\n<p style=\"text-align: center;\"><img data-recalc-dims=\"1\" loading=\"lazy\" decoding=\"async\" class=\"aligncenter wp-image-2367 size-large colorbox-1104\" src=\"https:\/\/i0.wp.com\/glacas.fr\/lantredemystara\/wp-content\/uploads\/sites\/2\/2017\/03\/Sind_Population.jpg?resize=950%2C540\" alt=\"\" width=\"950\" height=\"540\" srcset=\"https:\/\/i0.wp.com\/glacas.fr\/lantredemystara\/wp-content\/uploads\/sites\/2\/2017\/03\/Sind_Population.jpg?resize=1024%2C582 1024w, https:\/\/i0.wp.com\/glacas.fr\/lantredemystara\/wp-content\/uploads\/sites\/2\/2017\/03\/Sind_Population.jpg?resize=300%2C171 300w, https:\/\/i0.wp.com\/glacas.fr\/lantredemystara\/wp-content\/uploads\/sites\/2\/2017\/03\/Sind_Population.jpg?resize=150%2C85 150w, https:\/\/i0.wp.com\/glacas.fr\/lantredemystara\/wp-content\/uploads\/sites\/2\/2017\/03\/Sind_Population.jpg?w=1191 1191w\" sizes=\"auto, (max-width: 950px) 100vw, 950px\" \/><\/p>\n<p><strong>Dirigeant :<\/strong> Chandra Ul Nervi, Maharadjah de Sayr Ulan,<\/p>\n<p><strong>Capitale :\u00a0<\/strong> Sayr Ulan<\/p>\n<p><strong>Ressources :<\/strong> Livres, \u00c9pices, Sel<\/p>\n<p><strong>Monnaie :<\/strong> guru (platine), roupie (or), bhani (\u00e9lectrum), khundar (argent), piastre (cuivre)<\/p>\n<p><strong>Population :<\/strong> Humains, Nains<\/p>\n<p><strong>Langages :<\/strong> Sindhi, Urduk (dans le d\u00e9sert), Commun (thyatien), Nain<\/p>\n<p><strong>Immortels ador\u00e9s :\u00a0<\/strong> Ixion, Kala (Hel),<\/p>\n<p>&nbsp;<\/p>\n<p><strong>Tour d\u2019horizon :<\/strong><\/p>\n<p><img data-recalc-dims=\"1\" loading=\"lazy\" decoding=\"async\" class=\"aligncenter wp-image-1106 size-large colorbox-1104\" src=\"https:\/\/i0.wp.com\/glacas.fr\/lantredemystara\/wp-content\/uploads\/sites\/2\/2017\/03\/dragon169-sind-24-sm.png?resize=945%2C1024\" alt=\"\" width=\"945\" height=\"1024\" srcset=\"https:\/\/i0.wp.com\/glacas.fr\/lantredemystara\/wp-content\/uploads\/sites\/2\/2017\/03\/dragon169-sind-24-sm.png?resize=945%2C1024 945w, https:\/\/i0.wp.com\/glacas.fr\/lantredemystara\/wp-content\/uploads\/sites\/2\/2017\/03\/dragon169-sind-24-sm.png?resize=277%2C300 277w, https:\/\/i0.wp.com\/glacas.fr\/lantredemystara\/wp-content\/uploads\/sites\/2\/2017\/03\/dragon169-sind-24-sm.png?resize=138%2C150 138w, https:\/\/i0.wp.com\/glacas.fr\/lantredemystara\/wp-content\/uploads\/sites\/2\/2017\/03\/dragon169-sind-24-sm.png?w=1846 1846w\" sizes=\"auto, (max-width: 945px) 100vw, 945px\" \/><\/p>\n<p>Sind est un royaume situ\u00e9 \u00e0 l\u2019extr\u00eame ouest du Monde connu et \u00e0 la fronti\u00e8re de celui-ci.<\/p>\n<p>Il est frontalier des clans d&rsquo;Atruaghin et de la r\u00e9publique de Darokin. A l\u2019ouestet au nord, il est bord\u00e9 par le Grand D\u00e9sert, une \u00e9tendue d\u00e9sertique et d\u00e9sol\u00e9e ou par la plaine de feu de Graakhalia.<\/p>\n<p>Le pays est compos\u00e9 de plusieurs provinces toutes gouvern\u00e9es par un raja. Le pays est dirig\u00e9 par le raja des rajas, le maharaja de Sayr Ulan, la capitale.<\/p>\n<p>En dehors de ses parties d\u00e9sertiques, le Sind comporte aussi des prairies, des mar\u00e9cages et des collines. La grande rivi\u00e8re Asanda coupe le pays en deux parts presque \u00e9gales. Au sud, la mer de la Terreur borde le pays.<\/p>\n<p>Le climat est assez variable en fonction de la province. Il peut \u00eatre assez sec et froid sur les plateaux et plus chauds au sud dans les basses terres. Le pays est balay\u00e9, \u00e0 certaines saisons, par des ouragans venus de la mer au sud. Cette m\u00eame c\u00f4te sud re\u00e7oit donc beaucoup de pluies.<\/p>\n<p>Le nord est une terre beaucoup plus montagneuse avec quelques hauts sommets et un volcan.<\/p>\n<p>&nbsp;<\/p>\n<p><strong>Les castes :<\/strong><\/p>\n<p>La soci\u00e9t\u00e9 du Sind est divis\u00e9e en plusieurs castes extr\u00eamement rigides\u00a0 :<\/p>\n<ul>\n<li><strong>Himaya : <\/strong>la caste dirigeante qui comprend les familles ayant combattu durant la guerre contre les orques rouges. Cette caste comporte la plupart des guerriers de haut rang du Sind.<\/li>\n<\/ul>\n<ul>\n<li><strong>Rishiya : <\/strong>cette caste pourvoit Sind en pr\u00eatres, mystiques et autres guides spirituels. Contrairement aux autres castes dont les membres ne peuvent manger qu\u2019avec des membres de la m\u00eame caste qu\u2019eux, les rishiyas ne sont pas soumis \u00e0 cette limitation. Le maharaja actuel est lui-m\u00eame issu de cette caste.<\/li>\n<\/ul>\n<ul>\n<li><strong>Jadugerya : <\/strong>cette caste comprend les familles dont le savoir faire en magie profane n\u2019est plus \u00e0 d\u00e9montrer. Elle comprend donc nombre de magiciens, ensorceleurs, sorciers. Ils ont aussi souvent la charge de fabriquer les objets magiques.<\/li>\n<\/ul>\n<ul>\n<li><strong>Prajaya : <\/strong>cette caste comprend les fermiers et les artisans du Sind. Il existe des sous castes de celle-ci qui s\u2019organisent par m\u00e9tier (un peu comme des guildes).<\/li>\n<\/ul>\n<ul>\n<li><strong>Kuliya : <\/strong>c\u2019est la caste des serviteurs et des paysans sans terre. C\u2019est la caste \u00ab libre \u00bb la plus pauvre du pays.<\/li>\n<\/ul>\n<ul>\n<li><strong>Nantyaj : <\/strong>cette caste est en fait une sous-caste de la caste Kuliya. Il s\u2019agit de la caste des \u00ab intouchables \u00bb, la plus basse de la soci\u00e9t\u00e9 du Sind. Ils sont charg\u00e9s de tous les travaux dont tous les autres ne veulent pas : croque-morts, fossoyeurs, bourreaux, nettoyeurs,\u2026 Les autres sindhis \u00e9vitent tout contact avec eux.<\/li>\n<\/ul>\n<p>&nbsp;<\/p>\n<p>Les \u00e9trangers sont souvent consid\u00e9r\u00e9s comme d\u2019une caste correspondant \u00e0 leurs comp\u00e9tences : Himaya pour les guerriers, Rishiya pour les pr\u00eatres, Jadugerya pour les marchands qui viennent des autres contr\u00e9es,\u2026<\/p>\n<p>Le gouvernement est assur\u00e9 par les membres des trois premi\u00e8res castes. Actuellement le maharaja de Sayr Ulan est le roi du Sind. Il est issu de la caste Rishiya. Il gouverne avec un conseil de 11 ministres comp\u00e9tents dans leurs domaines respectifs.<\/p>\n<p>Chacune des provinces, a un repr\u00e9sentant \u00e0 ce conseil, nomm\u00e9 par le raja de la province concern\u00e9e. Chaque province est semi-autonome.<\/p>\n<p>&nbsp;<\/p>\n<p><strong>Les ordres mystiques :<\/strong><\/p>\n<p><img data-recalc-dims=\"1\" loading=\"lazy\" decoding=\"async\" class=\"alignnone wp-image-2369 size-full colorbox-1104\" src=\"https:\/\/i0.wp.com\/glacas.fr\/lantredemystara\/wp-content\/uploads\/sites\/2\/2017\/03\/Sind_Moines.jpg?resize=595%2C679\" alt=\"\" width=\"595\" height=\"679\" srcset=\"https:\/\/i0.wp.com\/glacas.fr\/lantredemystara\/wp-content\/uploads\/sites\/2\/2017\/03\/Sind_Moines.jpg?w=595 595w, https:\/\/i0.wp.com\/glacas.fr\/lantredemystara\/wp-content\/uploads\/sites\/2\/2017\/03\/Sind_Moines.jpg?resize=263%2C300 263w, https:\/\/i0.wp.com\/glacas.fr\/lantredemystara\/wp-content\/uploads\/sites\/2\/2017\/03\/Sind_Moines.jpg?resize=131%2C150 131w\" sizes=\"auto, (max-width: 595px) 100vw, 595px\" \/><\/p>\n<p>Les guides spirituels du pays sont r\u00e9partis en plusieurs ordres mystiques :<\/p>\n<ul>\n<li><strong>Les fakirs : <\/strong>un ordre d\u2019asc\u00e8tes qui suivent les enseignements venus d\u2019Ylaruam. Ils ont fait voeu de pauvret\u00e9 et vivent nu ou quasi-nu, de la g\u00e9n\u00e9rosit\u00e9 des autres. Leur d\u00e9votion comprend des rituels physiques \u00e9prouvants.<\/li>\n<\/ul>\n<ul>\n<li><strong>Les keis : <\/strong>c\u2019est l\u2019ordre le plus repr\u00e9sent\u00e9 avec plus de 5.000 membres. Il s\u2019agit d\u2019une caste de moines combattant, qui travaillent leur perfection physique et mentale et sont sp\u00e9cialis\u00e9s dans le combat \u00e0 mains nues. Il n\u2019est pas rare que des \u00e9trangersviennent se joindre \u00e0 leur temple et apprendre.<\/li>\n<\/ul>\n<ul>\n<li><strong>Les jashpurdhanas : <\/strong>ce petit ordre vit reclus dans un seul monast\u00e8re, perdu dans les montagnes de la province de Kadesh. Il passe le plus clair de leur temps \u00e0 m\u00e9diter sur l\u2019existence. Ils se sp\u00e9cialisent aussi dans le combat \u00e0 mains nues. Une fois pass\u00e9 leur initiation, ils se doivent de voyager durant dix ann\u00e9es, en qu\u00eate de v\u00e9rit\u00e9 et de savoir.<\/li>\n<\/ul>\n<ul>\n<li><strong>Les shehids : <\/strong>ces mystiques sont connus pour leur d\u00e9votion et leur croyance en la bont\u00e9 de l\u2019\u00e2me humaine non souill\u00e9e. Ils combattent donc toutes les formes d\u2019abus, d\u2019oppression et d\u2019injustice. Un certains nombre d\u2019entre eux ont d\u00e9j\u00e0 \u00e9t\u00e9 tu\u00e9s par des rajas agac\u00e9s.<\/li>\n<\/ul>\n<ul>\n<li><strong>Les svamins : <\/strong>ces mystiques sont r\u00e9put\u00e9s pour leurs r\u00e9ponses \u00e9nigmatiques \u00e0 des questions impossibles comme \u00ab quel est le sens de la vie ? \u00bb. Ils vivent reclus dans la nature, jamais en monast\u00e8re.<\/li>\n<\/ul>\n<ul>\n<li><strong>Les yogins : <\/strong>ces mystiques sont les ma\u00eetres du corps et de l\u2019esprit et m\u00e9ditent dans des postures portant le corps \u00e0 ses limites physiques. On peut les trouver pratiquant leur art, absolument n\u2019importe o\u00f9, y compris dans les endroits les plus incongrus pour une telle activit\u00e9.<\/li>\n<\/ul>\n<p>&nbsp;<\/p>\n<p><strong>Histoire :<\/strong><\/p>\n<p><img data-recalc-dims=\"1\" loading=\"lazy\" decoding=\"async\" class=\"alignnone wp-image-1107 size-full colorbox-1104\" src=\"https:\/\/i0.wp.com\/glacas.fr\/lantredemystara\/wp-content\/uploads\/sites\/2\/2017\/03\/sind-8.png?resize=950%2C1163\" alt=\"\" width=\"950\" height=\"1163\" srcset=\"https:\/\/i0.wp.com\/glacas.fr\/lantredemystara\/wp-content\/uploads\/sites\/2\/2017\/03\/sind-8.png?w=2101 2101w, https:\/\/i0.wp.com\/glacas.fr\/lantredemystara\/wp-content\/uploads\/sites\/2\/2017\/03\/sind-8.png?resize=245%2C300 245w, https:\/\/i0.wp.com\/glacas.fr\/lantredemystara\/wp-content\/uploads\/sites\/2\/2017\/03\/sind-8.png?resize=837%2C1024 837w, https:\/\/i0.wp.com\/glacas.fr\/lantredemystara\/wp-content\/uploads\/sites\/2\/2017\/03\/sind-8.png?resize=123%2C150 123w, https:\/\/i0.wp.com\/glacas.fr\/lantredemystara\/wp-content\/uploads\/sites\/2\/2017\/03\/sind-8.png?w=1900 1900w\" sizes=\"auto, (max-width: 950px) 100vw, 950px\" \/><\/p>\n<p>En 67 AC, de grandes tribus d\u2019orques vivaient pr\u00e8s du lac Amsorak, dans ce qui est \u00e0 pr\u00e9sent l\u2019ouest de Darokin. Les humains de Darokin et les elfes se joignirent pour les chasser. Les orques furent vaincus et s\u2019abattirent sur ce qui est \u00e0 pr\u00e9sent le Sind, dont ils vainquirent les combattants des humains qui vivaient l\u00e0. Les humains mirent dix ans \u00e0 vaincre et \u00e0 se d\u00e9barrasser des orques.<\/p>\n<p>Durant le si\u00e8cle qui suivit, trois grandes familles renforc\u00e8rent leur influence au sein du pays. En 250 AC des nomades chass\u00e9s d\u2019Ylaruam s\u2019\u00e9tablirent au Sind, apportant avec eux des dromadaires, des chevaux de guerre l\u00e9gers et l\u2019art de fabriquer des tapis volants.<\/p>\n<p>En 425 AC des marchands minrothadiens introduisirent sans le vouloir la lycanthropie au Sind. Cela causa de tr\u00e8s grands d\u00e9g\u00e2ts au sein de la population et \u00e0 tous les niveaux. La forme de lycanthropie qui fut la plus repr\u00e9sent\u00e9e, fut celle des tigres-garous. Ces derniers s\u2019alli\u00e8rent d\u2019ailleurs avec d\u2019autres changeformes : les doppelg\u00e4ngers et les mujinas.\u00a0 Ka l&rsquo;Immortel, d\u00e9cida d\u2019en transplanter une grande partie dans le Hollow World afin de pr\u00e9server la \u00ab civilisation \u00bb qu\u2019ils avaient commenc\u00e9 \u00e0 cr\u00e9er au Sind.<\/p>\n<p>En 451, les mages du Sind \u00e9radiqu\u00e8rent la menace restante gr\u00e2ce \u00e0 une \u00ab purge \u00bb aussi brutale qu\u2019efficace.<\/p>\n<p>En 695 AC le processus de reconqu\u00eate et de r\u00e9unification du Sind commen\u00e7a. Et il commen\u00e7a dans le sang. Le processus mit longtemps avant que le Sind ne devienne une nation unie telle qu\u2019on la conna\u00eet \u00e0 pr\u00e9sent.<\/p>\n<p>En 805 AC, des nains fuyant les pers\u00e9cutions \u00e0 Glantri, s\u2019install\u00e8rent au Sind dans les montagnes de Nagpuri, du Gunjab et de Peshmir.<\/p>\n<p>Le maharaja actuel prit ses fonctions en 992 AC apr\u00e8s la mort de son grand p\u00e8re dans un combat contre un dragon bleu qui pillait Baratkand.<\/p>\n<p>&nbsp;<\/p>\n<p style=\"text-align: left;\"><strong>Sources et remerciements :<\/strong><\/p>\n<p style=\"text-align: left;\">D&amp;D &#8211; Champions of Mystara &#8211; Explorer&rsquo;s manual<\/p>\n<p style=\"text-align: left;\">Thibault Bouchet &#8211; Atlas de Mystara<\/p>\n","protected":false},"excerpt":{"rendered":"<p>Le Royaume de Sind &nbsp; Dirigeant : Chandra Ul Nervi, Maharadjah de Sayr Ulan, Capitale :\u00a0 Sayr Ulan Ressources : Livres, \u00c9pices, Sel Monnaie : guru (platine), roupie (or), bhani (\u00e9lectrum), khundar (argent), piastre (cuivre) Population : Humains, Nains Langages : Sindhi, Urduk (dans le d\u00e9sert), Commun (thyatien), Nain Immortels<\/p>\n<p class=\"continue-reading-button\"> <a class=\"continue-reading-link\" href=\"http:\/\/glacas.fr\/lantredemystara\/mystara\/voyage-a-mystara\/mystara\/continent-de-brun\/monde-connu\/sind\/\">Suite<i class=\"crycon-right-dir\"><\/i><\/a><\/p>\n","protected":false},"author":1,"featured_media":2367,"parent":877,"menu_order":14,"comment_status":"closed","ping_status":"closed","template":"","meta":{"ngg_post_thumbnail":0,"jetpack_post_was_ever_published":false,"footnotes":"","_links_to":"","_links_to_target":""},"categories":[1,24],"tags":[],"class_list":["post-1104","page","type-page","status-publish","has-post-thumbnail","hentry","category-non-classe","category-royaume","gallery-content-unit"],"aioseo_notices":[],"jetpack_sharing_enabled":false,"jetpack_shortlink":"https:\/\/wp.me\/P4nvCJ-hO","_links":{"self":[{"href":"http:\/\/glacas.fr\/lantredemystara\/wp-json\/wp\/v2\/pages\/1104","targetHints":{"allow":["GET"]}}],"collection":[{"href":"http:\/\/glacas.fr\/lantredemystara\/wp-json\/wp\/v2\/pages"}],"about":[{"href":"http:\/\/glacas.fr\/lantredemystara\/wp-json\/wp\/v2\/types\/page"}],"author":[{"embeddable":true,"href":"http:\/\/glacas.fr\/lantredemystara\/wp-json\/wp\/v2\/users\/1"}],"replies":[{"embeddable":true,"href":"http:\/\/glacas.fr\/lantredemystara\/wp-json\/wp\/v2\/comments?post=1104"}],"version-history":[{"count":10,"href":"http:\/\/glacas.fr\/lantredemystara\/wp-json\/wp\/v2\/pages\/1104\/revisions"}],"predecessor-version":[{"id":2373,"href":"http:\/\/glacas.fr\/lantredemystara\/wp-json\/wp\/v2\/pages\/1104\/revisions\/2373"}],"up":[{"embeddable":true,"href":"http:\/\/glacas.fr\/lantredemystara\/wp-json\/wp\/v2\/pages\/877"}],"wp:featuredmedia":[{"embeddable":true,"href":"http:\/\/glacas.fr\/lantredemystara\/wp-json\/wp\/v2\/media\/2367"}],"wp:attachment":[{"href":"http:\/\/glacas.fr\/lantredemystara\/wp-json\/wp\/v2\/media?parent=1104"}],"wp:term":[{"taxonomy":"category","embeddable":true,"href":"http:\/\/glacas.fr\/lantredemystara\/wp-json\/wp\/v2\/categories?post=1104"},{"taxonomy":"post_tag","embeddable":true,"href":"http:\/\/glacas.fr\/lantredemystara\/wp-json\/wp\/v2\/tags?post=1104"}],"curies":[{"name":"wp","href":"https:\/\/api.w.org\/{rel}","templated":true}]}}