{"id":1085,"date":"2017-03-14T01:34:24","date_gmt":"2017-03-14T00:34:24","guid":{"rendered":"http:\/\/glacas.fr\/lantredemystara\/?page_id=1085"},"modified":"2020-03-20T17:06:36","modified_gmt":"2020-03-20T16:06:36","slug":"ethengars","status":"publish","type":"page","link":"http:\/\/glacas.fr\/lantredemystara\/mystara\/voyage-a-mystara\/mystara\/continent-de-brun\/monde-connu\/ethengars\/","title":{"rendered":"Ethengars"},"content":{"rendered":"<h2 style=\"text-align: center;\"><strong>Les Khanates d&rsquo;Ethengars<\/strong><\/h2>\n<p style=\"text-align: center;\"><a href=\"http:\/\/glacas.fr\/lantredemystara\/mystara\/voyage-a-mystara\/mystara\/continent-de-brun\/monde-connu\/ethengars\/ethengar-1\/\" rel=\"attachment wp-att-1086\"><img data-recalc-dims=\"1\" loading=\"lazy\" decoding=\"async\" class=\"alignnone size-full wp-image-1086 colorbox-1085\" src=\"https:\/\/i0.wp.com\/glacas.fr\/lantredemystara\/wp-content\/uploads\/sites\/2\/2017\/03\/ethengar-1.jpg?resize=390%2C500\" alt=\"\" width=\"390\" height=\"500\" srcset=\"https:\/\/i0.wp.com\/glacas.fr\/lantredemystara\/wp-content\/uploads\/sites\/2\/2017\/03\/ethengar-1.jpg?w=390 390w, https:\/\/i0.wp.com\/glacas.fr\/lantredemystara\/wp-content\/uploads\/sites\/2\/2017\/03\/ethengar-1.jpg?resize=234%2C300 234w, https:\/\/i0.wp.com\/glacas.fr\/lantredemystara\/wp-content\/uploads\/sites\/2\/2017\/03\/ethengar-1.jpg?resize=117%2C150 117w\" sizes=\"auto, (max-width: 390px) 100vw, 390px\" \/><\/a><\/p>\n<p><strong>Introduction :<\/strong><\/p>\n<p style=\"text-align: justify;\">Les nomades de I&rsquo;Ethengar sont des \u00e9leveurs de chevaux, de b\u00e9tail et de ch\u00e8vres. Ils sont divis\u00e9s en petits clans familiaux qui se pillent et se volent les uns et les autres.<\/p>\n<p>Cependant, leur dirigeant (le Khan) est puissant et il appara\u00eet de temps \u00e0 autre pour r\u00e9unifier son peuple en une \u00ab\u00a0nation\u00a0\u00bb forte. Malheureusement, quand un Khan vient \u00e0 mourir, son h\u00e9ritier n&rsquo;est pas assez fort pour maintenir la nation en ordre. Elle se morcelle \u00e0 nouveau et les clans familiaux recommencent \u00e0 guerroyer.<\/p>\n<p>Leur culture est similaire \u00e0 celle des cavaliers des steppes d&rsquo;Asie Centrale (Huns, Mongols, Magyars, Turques, etc).<strong><\/p>\n<p>Dirigeant\u00a0: <\/strong>Le Grand Khan, Mogla\u00ef Khan<\/p>\n<p><strong>Capitale\u00a0: <\/strong>Chagon-Nah en \u00e9t\u00e9, Bargha en hiver<\/p>\n<p><strong>Villes principales : <\/strong>Pas de villes<\/p>\n<p><strong>Provinces : <\/strong>Bortaks, Kaeruts, Kiyats, Murkits, Taijits, Uighurs, Yakkas, Yugata\u00efs<\/p>\n<p><strong>Ressources : <\/strong>Chevaux, Sel, Fourrures<\/p>\n<p><strong>Monnaie : <\/strong>Platine, or, \u00e9lectrum, argent, cuivre<\/p>\n<p><strong>Population : <\/strong>Humains, Orques, Gobelins, Hobgobelins, Ogres<\/p>\n<p><strong>Langages <\/strong><strong>Ethengarien, <\/strong>Commun<\/p>\n<p><strong>Dieux adoptables : <\/strong>Chiron (Skerrit), Cr\u00e9tia, Djaea (Rh\u00e9a), Harrow, Ixion sous le nom<\/p>\n<p>de Tubak, Terra (Ga\u00efa) sous le nom de Yamuga<\/p>\n<p><strong>Dieux non adoptables : <\/strong>Jammudaru (Vaprak), Karaash (Illneval), Nomog-Geaya, Yagra\u00ef, Yurtrus<\/p>\n<p><strong>Alli\u00e9s : <\/strong>Aucun<\/p>\n<p><strong>Ennemis : <\/strong>Glantri, Terres bris\u00e9es, Heldann<\/p>\n<p><strong>Tour d\u2019horizon :<\/strong><\/p>\n<p><a href=\"http:\/\/glacas.fr\/lantredemystara\/mystara\/voyage-a-mystara\/mystara\/continent-de-brun\/monde-connu\/ethengars\/ethengar-8\/\" rel=\"attachment wp-att-1087\"><img data-recalc-dims=\"1\" loading=\"lazy\" decoding=\"async\" class=\"alignnone size-full wp-image-1087 colorbox-1085\" src=\"https:\/\/i0.wp.com\/glacas.fr\/lantredemystara\/wp-content\/uploads\/sites\/2\/2017\/03\/ethengar-8.png?resize=950%2C612\" alt=\"\" width=\"950\" height=\"612\" srcset=\"https:\/\/i0.wp.com\/glacas.fr\/lantredemystara\/wp-content\/uploads\/sites\/2\/2017\/03\/ethengar-8.png?w=1495 1495w, https:\/\/i0.wp.com\/glacas.fr\/lantredemystara\/wp-content\/uploads\/sites\/2\/2017\/03\/ethengar-8.png?resize=300%2C193 300w, https:\/\/i0.wp.com\/glacas.fr\/lantredemystara\/wp-content\/uploads\/sites\/2\/2017\/03\/ethengar-8.png?resize=1024%2C660 1024w, https:\/\/i0.wp.com\/glacas.fr\/lantredemystara\/wp-content\/uploads\/sites\/2\/2017\/03\/ethengar-8.png?resize=233%2C150 233w, https:\/\/i0.wp.com\/glacas.fr\/lantredemystara\/wp-content\/uploads\/sites\/2\/2017\/03\/ethengar-8.png?resize=150%2C97 150w\" sizes=\"auto, (max-width: 950px) 100vw, 950px\" \/><\/a><\/p>\n<p>Les khanates d\u2019Ethengar sont une terre vers le nord du Monde connu. C\u2019est en grande partie une terre de steppes sans fin. C\u2019est le pays du Monde connu offrant le plus de paysages identiques sur tout son territoire. Des grandes rivi\u00e8res brisent la monotonie des paysages et autour de leurs rives des terres plus riches se pr\u00e9sentent.<\/p>\n<p>Une autre zone d\u00e9teint dans le paysage, il s\u2019agit des terres du sable noir. C\u2019est une grande zone totalement infertile vers le centre-est du pays. Elle a \u00e9t\u00e9 cr\u00e9\u00e9e par le d\u00e9sastre survenue \u00e0 Glantri en 1.700 AVC. C\u2019est depuis une terre de mort et de d\u00e9solation, parcourue par des esprits (morts-vivants). Il est probable que la zone soit li\u00e9e au plan mat\u00e9riel n\u00e9gatif.<\/p>\n<p>Une ou deux fois par an, un vent qui rend fou souffle au travers des terres du sable noir. Probablement venu par un portail venant du Pand\u00e9monium. Le centre de ces terres abrite une montagne, o\u00f9 sont enterr\u00e9s les grands khans de la nation \u00e9thengarienne.<\/p>\n<p>Ces terres sont peupl\u00e9es majoritairement par un peuple fier d\u2019humains. Ce sont de redoutables guerriers et cavaliers, dont les hordes font trembler les pays voisins, bien qu\u2019ils se fassent \u00e9norm\u00e9ment la guerre entre les diff\u00e9rents clans qui les composent. Le territoire est aussi peupl\u00e9 de gobelins, d\u2019hobgobelins, d\u2019ogres et d\u2019orques, qui ont adopt\u00e9 les m\u00eames modes de vie, m\u00eame s\u2019ils n\u2019ont pas tous choisi les chevaux comme montures (et aucunes pour les ogres\u2026)<\/p>\n<p><strong>Histoire :<\/strong><\/p>\n<p><a href=\"https:\/\/i0.wp.com\/glacas.fr\/lantredemystara\/wp-content\/uploads\/sites\/2\/2017\/03\/Image_Gaz7.jpg\" data-rel=\"lightbox-image-0\" data-rl_title=\"\" data-rl_caption=\"\" title=\"\"><img data-recalc-dims=\"1\" loading=\"lazy\" decoding=\"async\" class=\"alignnone wp-image-2363 size-full colorbox-1085\" src=\"https:\/\/i0.wp.com\/glacas.fr\/lantredemystara\/wp-content\/uploads\/sites\/2\/2017\/03\/Image_Gaz7.jpg?resize=689%2C480\" alt=\"\" width=\"689\" height=\"480\" srcset=\"https:\/\/i0.wp.com\/glacas.fr\/lantredemystara\/wp-content\/uploads\/sites\/2\/2017\/03\/Image_Gaz7.jpg?w=689 689w, https:\/\/i0.wp.com\/glacas.fr\/lantredemystara\/wp-content\/uploads\/sites\/2\/2017\/03\/Image_Gaz7.jpg?resize=300%2C209 300w, https:\/\/i0.wp.com\/glacas.fr\/lantredemystara\/wp-content\/uploads\/sites\/2\/2017\/03\/Image_Gaz7.jpg?resize=150%2C104 150w, https:\/\/i0.wp.com\/glacas.fr\/lantredemystara\/wp-content\/uploads\/sites\/2\/2017\/03\/Image_Gaz7.jpg?resize=360%2C250 360w\" sizes=\"auto, (max-width: 689px) 100vw, 689px\" \/><\/a><\/p>\n<p>Les premiers \u00e9thengariens se sont \u00e9tablis sur ces terres en 2000 AC. Ils furent asservis par la grande horde des humano\u00efdes en 1710 AC mais le khan Akkila r\u00e9ussit \u00e0 les lib\u00e9rer, en vainquant le roi Loark \u00e0 la bataille de Changor.<\/p>\n<p>Dix ans plus tard, suite au cataclysme provoqu\u00e9 par les elfes \u00e0 Glantri, les Terres du sable noir se form\u00e8rent et sont depuis, toujours pr\u00e9sentes aux khanates d\u2019Ethengar.<\/p>\n<p>Les si\u00e8cles qui suivirent le couronnement du premier empereur de Thyatis, virent les \u00e9thengariens tenter d\u2019envahir leurs ennemis, en commen\u00e7ant par Glantri en 585 AC et en 645 PC, puis l\u2019Heldann en 919 AC et en 926 AC.<\/p>\n<p>En 984 AC, le khan Mogla\u00ef unifia la tribu des Murkits sous sa banni\u00e8re, et l\u2019ann\u00e9e d\u2019apr\u00e8s, la coalition vainquit le clan des Maghurs. Suite \u00e0 cela, l\u2019int\u00e9gralit\u00e9 des m\u00e2les maghurs furent ex\u00e9cut\u00e9s. Et en 986 APC, ce fut le tour du clan des Hajiks. Apr\u00e8s quoi, tous les autres clans finirent par chercher sa protection ou s\u2019allier, plus ou moins de bonne gr\u00e2ce.<\/p>\n<p>En 996 AC, l\u2019ensemble des tribus sont unifi\u00e9es sous le commandement du khan Mogla\u00ef qui est alors khan des khans, le khan dor\u00e9 et le keshak est form\u00e9.<\/p>\n<p><strong>\u00a0<\/strong><\/p>\n<p><strong>Les tribus:<\/strong><\/p>\n<p><a href=\"https:\/\/i0.wp.com\/glacas.fr\/lantredemystara\/wp-content\/uploads\/sites\/2\/2017\/03\/Image_Gaz2.jpg\" data-rel=\"lightbox-image-1\" data-rl_title=\"\" data-rl_caption=\"\" title=\"\"><img data-recalc-dims=\"1\" loading=\"lazy\" decoding=\"async\" class=\"wp-image-2362 size-large alignnone colorbox-1085\" src=\"https:\/\/i0.wp.com\/glacas.fr\/lantredemystara\/wp-content\/uploads\/sites\/2\/2017\/03\/Image_Gaz2.jpg?resize=950%2C507\" alt=\"\" width=\"950\" height=\"507\" srcset=\"https:\/\/i0.wp.com\/glacas.fr\/lantredemystara\/wp-content\/uploads\/sites\/2\/2017\/03\/Image_Gaz2.jpg?resize=1024%2C547 1024w, https:\/\/i0.wp.com\/glacas.fr\/lantredemystara\/wp-content\/uploads\/sites\/2\/2017\/03\/Image_Gaz2.jpg?resize=300%2C160 300w, https:\/\/i0.wp.com\/glacas.fr\/lantredemystara\/wp-content\/uploads\/sites\/2\/2017\/03\/Image_Gaz2.jpg?resize=150%2C80 150w, https:\/\/i0.wp.com\/glacas.fr\/lantredemystara\/wp-content\/uploads\/sites\/2\/2017\/03\/Image_Gaz2.jpg?w=1072 1072w\" sizes=\"auto, (max-width: 950px) 100vw, 950px\" \/><\/a><\/p>\n<p>En 996 AC, le Khan de la tribu des Murkits est d\u00e9clar\u00e9 Grand Khan des Khanates d\u2019Ethengar. Il d\u00e9tient ainsi le pouvoir souverain sur l\u2019ensemble des nomades \u2013 humains \u2013 des steppes. Les khanates sont divis\u00e9s en plusieurs tribus (avec le nom de son khan entre parenth\u00e8ses) :<\/p>\n<ul>\n<li><strong>Tribu des Bortaks<\/strong> : (Batu Khan), cette tribu du nord est du pays est dirig\u00e9e par Batu Khan. Ce dernier esp\u00e8re un jour pouvoir devenir le Grand Khan \u00e0 la place de Mogla\u00ef. Il s\u2019est dans cet objectif, mari\u00e9 avec Baka\u00ef, la fille de Mogla\u00ef. Cette tribu est ennemie de la tribu des Kiyats. Le khan joue plusieurs jeux politiques et essaie de s\u2019y placer au mieux.<\/li>\n<\/ul>\n<ul>\n<li><strong>Tribu des Kaeruts<\/strong> : (Huaji Khan), cette tribu situ\u00e9e au nord \/ nord ouest soutient la croisade des Uighurs contre les Territoires libres de l\u2019Heldann. Cette tribu est aussi tr\u00e8s fortement alli\u00e9e au Grand Khan Mogla\u00ef dont elle suit les ordres aveugl\u00e9ment.<\/li>\n<\/ul>\n<ul>\n<li><strong>Tribu des Kiyats<\/strong> : (Kadan Khan), cette tribu est assez li\u00e9e aux Terres du sable noir et \u00e0 ses esprits. Le culte du dieu Cr\u00e9tia est particuli\u00e8rement fort au sein de cette tribu. C\u2019est l\u2019une des plus secr\u00e8tes et possiblement tourn\u00e9es vers le Mal, des khanates d\u2019Ethengar. Elle est situ\u00e9e au sud est, aux fronti\u00e8res avec Rockologis et le Vestland.<\/li>\n<\/ul>\n<ul>\n<li><strong>Tribu des Murkits<\/strong> : (Mogla\u00ef le Grand Khan ou Khan dor\u00e9), c\u2019est la tribu qui d\u00e9tient le pouvoir. Elle est situ\u00e9e au centre des Khanates. Elle est \u00e9galement fid\u00e8le \u00e0 son Khan, \u00e0 l\u2019exception notable de son cousin Ortu.<\/li>\n<\/ul>\n<ul>\n<li><strong>Tribu des Taijits<\/strong> : (Oktai Khan), les taijits sont situ\u00e9s au sud ouest du pays. Ils ont gard\u00e9 un fort ressentiment contre le Grand Khan pour n\u2019avoir pas permis de venger la mort du p\u00e8re du Khan Oktai tu\u00e9 par les Yakkas. Certains ont nou\u00e9 quelques liens avec l\u2019ennemi jur\u00e9 glantrien.<\/li>\n<\/ul>\n<ul>\n<li><strong>Tribu des Uighurs <\/strong>: (Hulagu Khan), cette tribu du nord, m\u00e8ne une croisade sanglante contre les territoires libres de l\u2019Heldann. Le khan Hulagu s\u2019oppose ouvertement \u00e0 la politique du Grand Khan.<\/li>\n<\/ul>\n<ul>\n<li><strong>Tribu des Yakkas<\/strong> : (Chagata\u00ef Khan), le khan Chagata\u00ef n\u2019a jamais oubli\u00e9 qu\u2019il fut forc\u00e9 de construire une alliance avec Mogla\u00ef Khan, les Grand Khan, ce qui l\u2019a emp\u00each\u00e9 de d\u00e9truire les Taijits honnis. N\u00e9anmoins, il sert \u00e0 pr\u00e9sent Mogla\u00ef Khan, car il voit en lui un grand leader. Ils sont situ\u00e9s au sud, \u00e0 la fronti\u00e8re avec Darokin.<\/li>\n<\/ul>\n<ul>\n<li>T<strong>ribu des Yugata\u00efs <\/strong>: (Temur Khan), les yugata\u00efs sont situ\u00e9s \u00e0 l\u2019extr\u00eame ouest, \u00e0 la fronti\u00e8re avec Glantri. Ils sont de f\u00e9roces anti-glantriens et Temur Khan s\u2019est ralli\u00e9 au Grand Khan, dans l\u2019espoir de b\u00e9n\u00e9ficier de sa protection face \u00e0 Glantri. Ils combattent aussi en permanence les gobelins gosta\u00efs.<\/li>\n<\/ul>\n<p>Ces clans vivent d\u2019un peu d\u2019agriculture, de rapines parfois, de l\u2019\u00e9levage et du commerce de chevaux, de moutons et de yaks. Ils r\u00e9cup\u00e8rent aussi du sel qui est vendu \u00e0 l\u2019\u00e9tranger, et aussi de fourrures (moutons et yaks). Leur vie est souvent nomade, utilisant les yourtes traditionnelles.<\/p>\n<p>En plus des tribus humaines, quelques tribus humano\u00efdes r\u00f4dent \u00e9galement sur le territoire des khanates d\u2019Ethengar et donnent du fil \u00e0 retordre aux humains.<\/p>\n<p><a href=\"https:\/\/i0.wp.com\/glacas.fr\/lantredemystara\/wp-content\/uploads\/sites\/2\/2017\/03\/Image_Gaz8.jpg\" data-rel=\"lightbox-image-2\" data-rl_title=\"\" data-rl_caption=\"\" title=\"\"><img data-recalc-dims=\"1\" loading=\"lazy\" decoding=\"async\" class=\"wp-image-2361 size-large aligncenter colorbox-1085\" src=\"https:\/\/i0.wp.com\/glacas.fr\/lantredemystara\/wp-content\/uploads\/sites\/2\/2017\/03\/Image_Gaz8.jpg?resize=950%2C507\" alt=\"\" width=\"950\" height=\"507\" srcset=\"https:\/\/i0.wp.com\/glacas.fr\/lantredemystara\/wp-content\/uploads\/sites\/2\/2017\/03\/Image_Gaz8.jpg?resize=1024%2C547 1024w, https:\/\/i0.wp.com\/glacas.fr\/lantredemystara\/wp-content\/uploads\/sites\/2\/2017\/03\/Image_Gaz8.jpg?resize=300%2C160 300w, https:\/\/i0.wp.com\/glacas.fr\/lantredemystara\/wp-content\/uploads\/sites\/2\/2017\/03\/Image_Gaz8.jpg?resize=150%2C80 150w, https:\/\/i0.wp.com\/glacas.fr\/lantredemystara\/wp-content\/uploads\/sites\/2\/2017\/03\/Image_Gaz8.jpg?w=1065 1065w\" sizes=\"auto, (max-width: 950px) 100vw, 950px\" \/><\/a><\/p>\n<ul>\n<li><strong>Gobelins Gosta\u00ef<\/strong> : ces tribus gobelines, mont\u00e9es sur worgs vivent dans les territoires situ\u00e9s entre les Yugata\u00efs et les Kaeruts. Elles ont \u00e9t\u00e9 d\u00e9cim\u00e9es par les humains et bougent en permanence pour \u00e9viter l\u2019an\u00e9antissement.<\/li>\n<\/ul>\n<ul>\n<li><strong>Hobgobelins Hooplak<\/strong> : ces tribus ont \u00e9t\u00e9 pouss\u00e9es par Kiyats et les Murkits jusque dans les collines qui forment la fronti\u00e8re avec Rockologis, au sud sud-est du pays. Ils montent des loups sanguinaires g\u00e9ants et forment des unit\u00e9s de cavalerie tr\u00e8s mobiles. Ils abritent quelques ogres au sein de leurs clans.<\/li>\n<\/ul>\n<ul>\n<li><strong>Orques Tangut<\/strong> : ils vivent dans un tunnel qui m\u00e8ne de la rivi\u00e8re Streel jusqu\u2019aux Terres Bris\u00e9es. De l\u00e0, ils attaquent les campements des Yakkas. Ils sont alli\u00e9s au Moghul-Khan de la tribu du Jaune Orkia, situ\u00e9e dans les Terres Bris\u00e9es.<\/li>\n<\/ul>\n<ul>\n<li><strong>Orques Sliktor<\/strong> : ils m\u00e8nent une existence pr\u00e9caire dans les cavernes qui bordent les Terres du sable noir. Ils attaquent parfois les Uighurs, mais la moiti\u00e9 de leur tribu a d\u00e9j\u00e0 \u00e9t\u00e9 extermin\u00e9e. Ils montent des sangliers g\u00e9ants et prient les esprits des Terres du sable noir de leur venir en aide.<\/li>\n<\/ul>\n<p><strong>\u00a0<\/strong><\/p>\n<p><strong>Sources et remerciements :<\/strong><\/p>\n<ul>\n<li><a href=\"http:\/\/www.pandius.com\/guide\">Mystara Newbie Guide<\/a><\/li>\n<li><a href=\"http:\/\/www.pandius.com\/m_ethngr.html\">Ethengar, 8 miles per hex<\/a><\/li>\n<\/ul>\n","protected":false},"excerpt":{"rendered":"<p>Les Khanates d&rsquo;Ethengars Introduction : Les nomades de I&rsquo;Ethengar sont des \u00e9leveurs de chevaux, de b\u00e9tail et de ch\u00e8vres. Ils sont divis\u00e9s en petits clans familiaux qui se pillent et se volent les uns et les autres. Cependant, leur dirigeant (le Khan) est puissant et il appara\u00eet de temps \u00e0<\/p>\n<p class=\"continue-reading-button\"> <a class=\"continue-reading-link\" href=\"http:\/\/glacas.fr\/lantredemystara\/mystara\/voyage-a-mystara\/mystara\/continent-de-brun\/monde-connu\/ethengars\/\">Suite<i class=\"crycon-right-dir\"><\/i><\/a><\/p>\n","protected":false},"author":1,"featured_media":0,"parent":877,"menu_order":11,"comment_status":"closed","ping_status":"closed","template":"","meta":{"ngg_post_thumbnail":0,"jetpack_post_was_ever_published":false,"footnotes":"","_links_to":"","_links_to_target":""},"categories":[1,24],"tags":[],"class_list":["post-1085","page","type-page","status-publish","hentry","category-non-classe","category-royaume","gallery-content-unit"],"aioseo_notices":[],"jetpack_sharing_enabled":false,"jetpack_shortlink":"https:\/\/wp.me\/P4nvCJ-hv","_links":{"self":[{"href":"http:\/\/glacas.fr\/lantredemystara\/wp-json\/wp\/v2\/pages\/1085","targetHints":{"allow":["GET"]}}],"collection":[{"href":"http:\/\/glacas.fr\/lantredemystara\/wp-json\/wp\/v2\/pages"}],"about":[{"href":"http:\/\/glacas.fr\/lantredemystara\/wp-json\/wp\/v2\/types\/page"}],"author":[{"embeddable":true,"href":"http:\/\/glacas.fr\/lantredemystara\/wp-json\/wp\/v2\/users\/1"}],"replies":[{"embeddable":true,"href":"http:\/\/glacas.fr\/lantredemystara\/wp-json\/wp\/v2\/comments?post=1085"}],"version-history":[{"count":7,"href":"http:\/\/glacas.fr\/lantredemystara\/wp-json\/wp\/v2\/pages\/1085\/revisions"}],"predecessor-version":[{"id":2607,"href":"http:\/\/glacas.fr\/lantredemystara\/wp-json\/wp\/v2\/pages\/1085\/revisions\/2607"}],"up":[{"embeddable":true,"href":"http:\/\/glacas.fr\/lantredemystara\/wp-json\/wp\/v2\/pages\/877"}],"wp:attachment":[{"href":"http:\/\/glacas.fr\/lantredemystara\/wp-json\/wp\/v2\/media?parent=1085"}],"wp:term":[{"taxonomy":"category","embeddable":true,"href":"http:\/\/glacas.fr\/lantredemystara\/wp-json\/wp\/v2\/categories?post=1085"},{"taxonomy":"post_tag","embeddable":true,"href":"http:\/\/glacas.fr\/lantredemystara\/wp-json\/wp\/v2\/tags?post=1085"}],"curies":[{"name":"wp","href":"https:\/\/api.w.org\/{rel}","templated":true}]}}