{"id":1075,"date":"2017-03-14T01:28:05","date_gmt":"2017-03-14T00:28:05","guid":{"rendered":"http:\/\/glacas.fr\/lantredemystara\/?page_id=1075"},"modified":"2020-03-20T18:18:38","modified_gmt":"2020-03-20T17:18:38","slug":"darokin","status":"publish","type":"page","link":"http:\/\/glacas.fr\/lantredemystara\/mystara\/voyage-a-mystara\/mystara\/continent-de-brun\/monde-connu\/darokin\/","title":{"rendered":"Darokin"},"content":{"rendered":"<h2 style=\"text-align: center;\"><strong>La R\u00e9publique de Darokin<\/strong><\/h2>\n<p style=\"text-align: center;\"><a href=\"http:\/\/glacas.fr\/lantredemystara\/mystara\/voyage-a-mystara\/mystara\/continent-de-brun\/monde-connu\/darokin\/61zp7poqral-_sx258_bo1204203200_\/\" rel=\"attachment wp-att-1076\"><img data-recalc-dims=\"1\" loading=\"lazy\" decoding=\"async\" class=\"alignnone size-full wp-image-1076 colorbox-1075\" src=\"https:\/\/i0.wp.com\/glacas.fr\/lantredemystara\/wp-content\/uploads\/sites\/2\/2017\/03\/61zp7poQRaL._SX258_BO1204203200_.jpg?resize=260%2C336\" alt=\"\" width=\"260\" height=\"336\" srcset=\"https:\/\/i0.wp.com\/glacas.fr\/lantredemystara\/wp-content\/uploads\/sites\/2\/2017\/03\/61zp7poQRaL._SX258_BO1204203200_.jpg?w=260 260w, https:\/\/i0.wp.com\/glacas.fr\/lantredemystara\/wp-content\/uploads\/sites\/2\/2017\/03\/61zp7poQRaL._SX258_BO1204203200_.jpg?resize=232%2C300 232w, https:\/\/i0.wp.com\/glacas.fr\/lantredemystara\/wp-content\/uploads\/sites\/2\/2017\/03\/61zp7poQRaL._SX258_BO1204203200_.jpg?resize=116%2C150 116w\" sizes=\"auto, (max-width: 260px) 100vw, 260px\" \/><\/a><\/p>\n<p style=\"text-align: center;\"><a href=\"http:\/\/glacas.fr\/lantredemystara\/mystara\/voyage-a-mystara\/mystara\/continent-de-brun\/monde-connu\/darokin\/darokin-8-domestic\/\" rel=\"attachment wp-att-1083\"><img data-recalc-dims=\"1\" loading=\"lazy\" decoding=\"async\" class=\"alignnone size-full wp-image-1083 colorbox-1075\" src=\"https:\/\/i0.wp.com\/glacas.fr\/lantredemystara\/wp-content\/uploads\/sites\/2\/2017\/03\/darokin-8-domestic.png?resize=950%2C633\" alt=\"\" width=\"950\" height=\"633\" srcset=\"https:\/\/i0.wp.com\/glacas.fr\/lantredemystara\/wp-content\/uploads\/sites\/2\/2017\/03\/darokin-8-domestic.png?w=2146 2146w, https:\/\/i0.wp.com\/glacas.fr\/lantredemystara\/wp-content\/uploads\/sites\/2\/2017\/03\/darokin-8-domestic.png?resize=300%2C200 300w, https:\/\/i0.wp.com\/glacas.fr\/lantredemystara\/wp-content\/uploads\/sites\/2\/2017\/03\/darokin-8-domestic.png?resize=1024%2C682 1024w, https:\/\/i0.wp.com\/glacas.fr\/lantredemystara\/wp-content\/uploads\/sites\/2\/2017\/03\/darokin-8-domestic.png?resize=225%2C150 225w, https:\/\/i0.wp.com\/glacas.fr\/lantredemystara\/wp-content\/uploads\/sites\/2\/2017\/03\/darokin-8-domestic.png?resize=150%2C100 150w, https:\/\/i0.wp.com\/glacas.fr\/lantredemystara\/wp-content\/uploads\/sites\/2\/2017\/03\/darokin-8-domestic.png?w=1900 1900w\" sizes=\"auto, (max-width: 950px) 100vw, 950px\" \/><\/a><\/p>\n<p style=\"text-align: center;\"><a href=\"http:\/\/glacas.fr\/lantredemystara\/mystara\/voyage-a-mystara\/mystara\/continent-de-brun\/monde-connu\/darokin\/gaz11-darokin-8-sm\/\" rel=\"attachment wp-att-1078\"><img data-recalc-dims=\"1\" loading=\"lazy\" decoding=\"async\" class=\"alignnone size-full wp-image-1078 colorbox-1075\" src=\"https:\/\/i0.wp.com\/glacas.fr\/lantredemystara\/wp-content\/uploads\/sites\/2\/2017\/03\/gaz11-darokin-8-sm.png?resize=950%2C641\" alt=\"\" width=\"950\" height=\"641\" srcset=\"https:\/\/i0.wp.com\/glacas.fr\/lantredemystara\/wp-content\/uploads\/sites\/2\/2017\/03\/gaz11-darokin-8-sm.png?w=2000 2000w, https:\/\/i0.wp.com\/glacas.fr\/lantredemystara\/wp-content\/uploads\/sites\/2\/2017\/03\/gaz11-darokin-8-sm.png?resize=300%2C203 300w, https:\/\/i0.wp.com\/glacas.fr\/lantredemystara\/wp-content\/uploads\/sites\/2\/2017\/03\/gaz11-darokin-8-sm.png?resize=1024%2C691 1024w, https:\/\/i0.wp.com\/glacas.fr\/lantredemystara\/wp-content\/uploads\/sites\/2\/2017\/03\/gaz11-darokin-8-sm.png?resize=222%2C150 222w, https:\/\/i0.wp.com\/glacas.fr\/lantredemystara\/wp-content\/uploads\/sites\/2\/2017\/03\/gaz11-darokin-8-sm.png?resize=150%2C101 150w, https:\/\/i0.wp.com\/glacas.fr\/lantredemystara\/wp-content\/uploads\/sites\/2\/2017\/03\/gaz11-darokin-8-sm.png?w=1900 1900w\" sizes=\"auto, (max-width: 950px) 100vw, 950px\" \/><\/a><\/p>\n<p style=\"text-align: center;\"><a href=\"http:\/\/glacas.fr\/lantredemystara\/mystara\/voyage-a-mystara\/mystara\/continent-de-brun\/monde-connu\/darokin\/darokin-8-2006-02-19\/\" rel=\"attachment wp-att-1082\"><img data-recalc-dims=\"1\" loading=\"lazy\" decoding=\"async\" class=\"alignnone size-full wp-image-1082 colorbox-1075\" src=\"https:\/\/i0.wp.com\/glacas.fr\/lantredemystara\/wp-content\/uploads\/sites\/2\/2017\/03\/darokin-8-2006-02-19.png?resize=950%2C761\" alt=\"\" width=\"950\" height=\"761\" srcset=\"https:\/\/i0.wp.com\/glacas.fr\/lantredemystara\/wp-content\/uploads\/sites\/2\/2017\/03\/darokin-8-2006-02-19.png?w=2362 2362w, https:\/\/i0.wp.com\/glacas.fr\/lantredemystara\/wp-content\/uploads\/sites\/2\/2017\/03\/darokin-8-2006-02-19.png?resize=300%2C240 300w, https:\/\/i0.wp.com\/glacas.fr\/lantredemystara\/wp-content\/uploads\/sites\/2\/2017\/03\/darokin-8-2006-02-19.png?resize=1024%2C820 1024w, https:\/\/i0.wp.com\/glacas.fr\/lantredemystara\/wp-content\/uploads\/sites\/2\/2017\/03\/darokin-8-2006-02-19.png?resize=187%2C150 187w, https:\/\/i0.wp.com\/glacas.fr\/lantredemystara\/wp-content\/uploads\/sites\/2\/2017\/03\/darokin-8-2006-02-19.png?resize=150%2C120 150w, https:\/\/i0.wp.com\/glacas.fr\/lantredemystara\/wp-content\/uploads\/sites\/2\/2017\/03\/darokin-8-2006-02-19.png?w=1900 1900w\" sizes=\"auto, (max-width: 950px) 100vw, 950px\" \/><\/a><\/p>\n<p><strong>Introduction :<\/strong><\/p>\n<p>Cette r\u00e9publique est centr\u00e9e autour de sa capitale , Darokin. Sa richesse est bas\u00e9e sur le commerce depuis le Lac Amsorak, la rivi\u00e8re Streel, les caravanes des pistes de I&rsquo;Est et m\u00eame \u00e0 travers marais de Malpheggi.<\/p>\n<p>Darokin est une ploutocratie; ainsi le gouvernement est entre les mains des plus riches familles de marchands. Leur culture ressemble \u00e0 celle de Venise ou G\u00eanes, au temps de L\u2019Italie m\u00e9di\u00e9vale.<\/p>\n","protected":false},"excerpt":{"rendered":"<p>La R\u00e9publique de Darokin Introduction : Cette r\u00e9publique est centr\u00e9e autour de sa capitale , Darokin. Sa richesse est bas\u00e9e sur le commerce depuis le Lac Amsorak, la rivi\u00e8re Streel, les caravanes des pistes de I&rsquo;Est et m\u00eame \u00e0 travers marais de Malpheggi. Darokin est une ploutocratie; ainsi le gouvernement<\/p>\n<p class=\"continue-reading-button\"> <a class=\"continue-reading-link\" href=\"http:\/\/glacas.fr\/lantredemystara\/mystara\/voyage-a-mystara\/mystara\/continent-de-brun\/monde-connu\/darokin\/\">Suite<i class=\"crycon-right-dir\"><\/i><\/a><\/p>\n","protected":false},"author":1,"featured_media":0,"parent":877,"menu_order":10,"comment_status":"closed","ping_status":"closed","template":"","meta":{"ngg_post_thumbnail":0,"jetpack_post_was_ever_published":false,"footnotes":"","_links_to":"","_links_to_target":""},"categories":[1],"tags":[],"class_list":["post-1075","page","type-page","status-publish","hentry","category-non-classe","gallery-content-unit"],"aioseo_notices":[],"jetpack_sharing_enabled":true,"jetpack_shortlink":"https:\/\/wp.me\/P4nvCJ-hl","_links":{"self":[{"href":"http:\/\/glacas.fr\/lantredemystara\/wp-json\/wp\/v2\/pages\/1075","targetHints":{"allow":["GET"]}}],"collection":[{"href":"http:\/\/glacas.fr\/lantredemystara\/wp-json\/wp\/v2\/pages"}],"about":[{"href":"http:\/\/glacas.fr\/lantredemystara\/wp-json\/wp\/v2\/types\/page"}],"author":[{"embeddable":true,"href":"http:\/\/glacas.fr\/lantredemystara\/wp-json\/wp\/v2\/users\/1"}],"replies":[{"embeddable":true,"href":"http:\/\/glacas.fr\/lantredemystara\/wp-json\/wp\/v2\/comments?post=1075"}],"version-history":[{"count":4,"href":"http:\/\/glacas.fr\/lantredemystara\/wp-json\/wp\/v2\/pages\/1075\/revisions"}],"predecessor-version":[{"id":2613,"href":"http:\/\/glacas.fr\/lantredemystara\/wp-json\/wp\/v2\/pages\/1075\/revisions\/2613"}],"up":[{"embeddable":true,"href":"http:\/\/glacas.fr\/lantredemystara\/wp-json\/wp\/v2\/pages\/877"}],"wp:attachment":[{"href":"http:\/\/glacas.fr\/lantredemystara\/wp-json\/wp\/v2\/media?parent=1075"}],"wp:term":[{"taxonomy":"category","embeddable":true,"href":"http:\/\/glacas.fr\/lantredemystara\/wp-json\/wp\/v2\/categories?post=1075"},{"taxonomy":"post_tag","embeddable":true,"href":"http:\/\/glacas.fr\/lantredemystara\/wp-json\/wp\/v2\/tags?post=1075"}],"curies":[{"name":"wp","href":"https:\/\/api.w.org\/{rel}","templated":true}]}}