{"id":1062,"date":"2017-03-14T01:16:18","date_gmt":"2017-03-14T00:16:18","guid":{"rendered":"http:\/\/glacas.fr\/lantredemystara\/?page_id=1062"},"modified":"2020-03-20T18:41:13","modified_gmt":"2020-03-20T17:41:13","slug":"minrothad","status":"publish","type":"page","link":"http:\/\/glacas.fr\/lantredemystara\/mystara\/voyage-a-mystara\/mystara\/continent-de-brun\/monde-connu\/minrothad\/","title":{"rendered":"Minrothad"},"content":{"rendered":"<h2 style=\"text-align: center;\"><strong>les Guildes du Minrothad<\/strong><\/h2>\n<p style=\"text-align: center;\"><a href=\"http:\/\/glacas.fr\/lantredemystara\/mystara\/voyage-a-mystara\/mystara\/continent-de-brun\/monde-connu\/minrothad\/minrothad-1\/\" rel=\"attachment wp-att-1063\"><img data-recalc-dims=\"1\" loading=\"lazy\" decoding=\"async\" class=\"alignnone wp-image-1063 colorbox-1062\" src=\"https:\/\/i0.wp.com\/glacas.fr\/lantredemystara\/wp-content\/uploads\/sites\/2\/2017\/03\/Minrothad-1.jpg?resize=353%2C451\" alt=\"\" width=\"353\" height=\"451\" srcset=\"https:\/\/i0.wp.com\/glacas.fr\/lantredemystara\/wp-content\/uploads\/sites\/2\/2017\/03\/Minrothad-1.jpg?w=1251 1251w, https:\/\/i0.wp.com\/glacas.fr\/lantredemystara\/wp-content\/uploads\/sites\/2\/2017\/03\/Minrothad-1.jpg?resize=235%2C300 235w, https:\/\/i0.wp.com\/glacas.fr\/lantredemystara\/wp-content\/uploads\/sites\/2\/2017\/03\/Minrothad-1.jpg?resize=802%2C1024 802w, https:\/\/i0.wp.com\/glacas.fr\/lantredemystara\/wp-content\/uploads\/sites\/2\/2017\/03\/Minrothad-1.jpg?resize=118%2C150 118w\" sizes=\"auto, (max-width: 353px) 100vw, 353px\" \/><\/a><\/p>\n<p style=\"text-align: center;\"><a href=\"http:\/\/glacas.fr\/lantredemystara\/mystara\/voyage-a-mystara\/mystara\/continent-de-brun\/monde-connu\/minrothad\/minrothad-8\/\" rel=\"attachment wp-att-1064\"><img data-recalc-dims=\"1\" loading=\"lazy\" decoding=\"async\" class=\"alignnone size-full wp-image-1064 colorbox-1062\" src=\"https:\/\/i0.wp.com\/glacas.fr\/lantredemystara\/wp-content\/uploads\/sites\/2\/2017\/03\/minrothad-8.png?resize=950%2C709\" alt=\"\" width=\"950\" height=\"709\" srcset=\"https:\/\/i0.wp.com\/glacas.fr\/lantredemystara\/wp-content\/uploads\/sites\/2\/2017\/03\/minrothad-8.png?w=1213 1213w, https:\/\/i0.wp.com\/glacas.fr\/lantredemystara\/wp-content\/uploads\/sites\/2\/2017\/03\/minrothad-8.png?resize=300%2C224 300w, https:\/\/i0.wp.com\/glacas.fr\/lantredemystara\/wp-content\/uploads\/sites\/2\/2017\/03\/minrothad-8.png?resize=1024%2C764 1024w, https:\/\/i0.wp.com\/glacas.fr\/lantredemystara\/wp-content\/uploads\/sites\/2\/2017\/03\/minrothad-8.png?resize=201%2C150 201w, https:\/\/i0.wp.com\/glacas.fr\/lantredemystara\/wp-content\/uploads\/sites\/2\/2017\/03\/minrothad-8.png?resize=150%2C112 150w\" sizes=\"auto, (max-width: 950px) 100vw, 950px\" \/><\/a><\/p>\n<p style=\"text-align: justify;\"><strong>Introduction :<\/strong><\/p>\n<p>Les \u00eeles du Minrothad sont dirig\u00e9es par un syst\u00e8me de syndicats: le gouvernement est aux mains de diverses guildes de marchands. Le<br \/>\nMinrothad est activement alli\u00e9 \u00e0 Thyatis.<\/p>\n<p style=\"text-align: center;\">\n","protected":false},"excerpt":{"rendered":"<p>les Guildes du Minrothad Introduction : Les \u00eeles du Minrothad sont dirig\u00e9es par un syst\u00e8me de syndicats: le gouvernement est aux mains de diverses guildes de marchands. Le Minrothad est activement alli\u00e9 \u00e0 Thyatis.<\/p>\n<p class=\"continue-reading-button\"> <a class=\"continue-reading-link\" href=\"http:\/\/glacas.fr\/lantredemystara\/mystara\/voyage-a-mystara\/mystara\/continent-de-brun\/monde-connu\/minrothad\/\">Suite<i class=\"crycon-right-dir\"><\/i><\/a><\/p>\n","protected":false},"author":1,"featured_media":0,"parent":877,"menu_order":8,"comment_status":"closed","ping_status":"closed","template":"","meta":{"ngg_post_thumbnail":0,"jetpack_post_was_ever_published":false,"footnotes":"","_links_to":"","_links_to_target":""},"categories":[1],"tags":[],"class_list":["post-1062","page","type-page","status-publish","hentry","category-non-classe","gallery-content-unit"],"aioseo_notices":[],"jetpack_sharing_enabled":true,"jetpack_shortlink":"https:\/\/wp.me\/P4nvCJ-h8","_links":{"self":[{"href":"http:\/\/glacas.fr\/lantredemystara\/wp-json\/wp\/v2\/pages\/1062","targetHints":{"allow":["GET"]}}],"collection":[{"href":"http:\/\/glacas.fr\/lantredemystara\/wp-json\/wp\/v2\/pages"}],"about":[{"href":"http:\/\/glacas.fr\/lantredemystara\/wp-json\/wp\/v2\/types\/page"}],"author":[{"embeddable":true,"href":"http:\/\/glacas.fr\/lantredemystara\/wp-json\/wp\/v2\/users\/1"}],"replies":[{"embeddable":true,"href":"http:\/\/glacas.fr\/lantredemystara\/wp-json\/wp\/v2\/comments?post=1062"}],"version-history":[{"count":4,"href":"http:\/\/glacas.fr\/lantredemystara\/wp-json\/wp\/v2\/pages\/1062\/revisions"}],"predecessor-version":[{"id":2622,"href":"http:\/\/glacas.fr\/lantredemystara\/wp-json\/wp\/v2\/pages\/1062\/revisions\/2622"}],"up":[{"embeddable":true,"href":"http:\/\/glacas.fr\/lantredemystara\/wp-json\/wp\/v2\/pages\/877"}],"wp:attachment":[{"href":"http:\/\/glacas.fr\/lantredemystara\/wp-json\/wp\/v2\/media?parent=1062"}],"wp:term":[{"taxonomy":"category","embeddable":true,"href":"http:\/\/glacas.fr\/lantredemystara\/wp-json\/wp\/v2\/categories?post=1062"},{"taxonomy":"post_tag","embeddable":true,"href":"http:\/\/glacas.fr\/lantredemystara\/wp-json\/wp\/v2\/tags?post=1062"}],"curies":[{"name":"wp","href":"https:\/\/api.w.org\/{rel}","templated":true}]}}