{"id":1029,"date":"2017-03-14T00:40:35","date_gmt":"2017-03-13T23:40:35","guid":{"rendered":"http:\/\/glacas.fr\/lantredemystara\/?page_id=1029"},"modified":"2020-03-20T17:01:26","modified_gmt":"2020-03-20T16:01:26","slug":"glantri","status":"publish","type":"page","link":"http:\/\/glacas.fr\/lantredemystara\/mystara\/voyage-a-mystara\/mystara\/continent-de-brun\/monde-connu\/glantri\/","title":{"rendered":"Glantri"},"content":{"rendered":"<h2 style=\"text-align: center;\"><strong>Les Principaut\u00e9s de Glantri<\/strong><\/h2>\n<p><a href=\"http:\/\/glacas.fr\/lantredemystara\/mystara\/voyage-a-mystara\/mystara\/continent-de-brun\/monde-connu\/glantri\/tsr9208-gazetteer-3-the-principalities-of-glantri\/\" rel=\"attachment wp-att-1137\"><img data-recalc-dims=\"1\" loading=\"lazy\" decoding=\"async\" class=\"size-full wp-image-1137 aligncenter colorbox-1029\" src=\"https:\/\/i0.wp.com\/glacas.fr\/lantredemystara\/wp-content\/uploads\/sites\/2\/2017\/03\/9208_-_GAZ3_vo.jpg?resize=398%2C518\" alt=\"\" width=\"398\" height=\"518\" srcset=\"https:\/\/i0.wp.com\/glacas.fr\/lantredemystara\/wp-content\/uploads\/sites\/2\/2017\/03\/9208_-_GAZ3_vo.jpg?w=398 398w, https:\/\/i0.wp.com\/glacas.fr\/lantredemystara\/wp-content\/uploads\/sites\/2\/2017\/03\/9208_-_GAZ3_vo.jpg?resize=231%2C300 231w, https:\/\/i0.wp.com\/glacas.fr\/lantredemystara\/wp-content\/uploads\/sites\/2\/2017\/03\/9208_-_GAZ3_vo.jpg?resize=115%2C150 115w\" sizes=\"auto, (max-width: 398px) 100vw, 398px\" \/><\/a><\/p>\n<p style=\"text-align: center;\"><a href=\"http:\/\/glacas.fr\/lantredemystara\/mystara\/voyage-a-mystara\/mystara\/continent-de-brun\/monde-connu\/glantri\/gaz3-glantri-8-sm\/\" rel=\"attachment wp-att-1030\"><img data-recalc-dims=\"1\" loading=\"lazy\" decoding=\"async\" class=\"alignnone size-full wp-image-1030 colorbox-1029\" src=\"https:\/\/i0.wp.com\/glacas.fr\/lantredemystara\/wp-content\/uploads\/sites\/2\/2017\/03\/gaz3-glantri-8-sm.png?resize=950%2C627\" alt=\"\" width=\"950\" height=\"627\" srcset=\"https:\/\/i0.wp.com\/glacas.fr\/lantredemystara\/wp-content\/uploads\/sites\/2\/2017\/03\/gaz3-glantri-8-sm.png?w=2000 2000w, https:\/\/i0.wp.com\/glacas.fr\/lantredemystara\/wp-content\/uploads\/sites\/2\/2017\/03\/gaz3-glantri-8-sm.png?resize=300%2C198 300w, https:\/\/i0.wp.com\/glacas.fr\/lantredemystara\/wp-content\/uploads\/sites\/2\/2017\/03\/gaz3-glantri-8-sm.png?resize=1024%2C675 1024w, https:\/\/i0.wp.com\/glacas.fr\/lantredemystara\/wp-content\/uploads\/sites\/2\/2017\/03\/gaz3-glantri-8-sm.png?resize=227%2C150 227w, https:\/\/i0.wp.com\/glacas.fr\/lantredemystara\/wp-content\/uploads\/sites\/2\/2017\/03\/gaz3-glantri-8-sm.png?resize=150%2C99 150w, https:\/\/i0.wp.com\/glacas.fr\/lantredemystara\/wp-content\/uploads\/sites\/2\/2017\/03\/gaz3-glantri-8-sm.png?w=1900 1900w\" sizes=\"auto, (max-width: 950px) 100vw, 950px\" \/><\/a><\/p>\n<p style=\"text-align: center;\"><\/p>\n\n\n<p><strong>Introduction : <\/strong><br><br>Glantri est une magiocratie. Les princes de cette contr\u00e9e sont donc tous des magiciens de haut niveau. <br><br>Ils vivent  la plupart du temps dans la Cit\u00e9 de Glantri, bien que chacun des dirigeants poss\u00e8de une forteresse dissimul\u00e9e dans quelque r\u00e9gion sauvage. <br><br>Cependant, les princes sont plus int\u00e9ress\u00e9s par les recherches sur la magie que par la politique. Pour la plupart, les d\u00e9cisions sont laiss\u00e9es aux<br> \u00e9cuyers princiers et aux divers conseils locaux. Les princes et les princesses ne se font pas confiance et la paix entre les principaut\u00e9s<br> reste plut\u00f4t pr\u00e9caire. <br><br>Face \u00e0 des invasions, ils s&rsquo;allieront rapidement pour parer \u00e0 la menace. Dans les cas d&rsquo;extr\u00eame gravit\u00e9, ils choisiront un \u00ab\u00a0Dictateur\u00a0\u00bb auquel ils ob\u00e9iront pendant I an.<\/p>\n","protected":false},"excerpt":{"rendered":"<p>Les Principaut\u00e9s de Glantri Introduction : Glantri est une magiocratie. Les princes de cette contr\u00e9e sont donc tous des magiciens de haut niveau. Ils vivent la plupart du temps dans la Cit\u00e9 de Glantri, bien que chacun des dirigeants poss\u00e8de une forteresse dissimul\u00e9e dans quelque r\u00e9gion sauvage. Cependant, les princes<\/p>\n<p class=\"continue-reading-button\"> <a class=\"continue-reading-link\" href=\"http:\/\/glacas.fr\/lantredemystara\/mystara\/voyage-a-mystara\/mystara\/continent-de-brun\/monde-connu\/glantri\/\">Suite<i class=\"crycon-right-dir\"><\/i><\/a><\/p>\n","protected":false},"author":1,"featured_media":0,"parent":877,"menu_order":2,"comment_status":"closed","ping_status":"closed","template":"","meta":{"ngg_post_thumbnail":0,"jetpack_post_was_ever_published":false,"footnotes":"","_links_to":"","_links_to_target":""},"categories":[1],"tags":[],"class_list":["post-1029","page","type-page","status-publish","hentry","category-non-classe","gallery-content-unit"],"aioseo_notices":[],"jetpack_sharing_enabled":true,"jetpack_shortlink":"https:\/\/wp.me\/P4nvCJ-gB","_links":{"self":[{"href":"http:\/\/glacas.fr\/lantredemystara\/wp-json\/wp\/v2\/pages\/1029","targetHints":{"allow":["GET"]}}],"collection":[{"href":"http:\/\/glacas.fr\/lantredemystara\/wp-json\/wp\/v2\/pages"}],"about":[{"href":"http:\/\/glacas.fr\/lantredemystara\/wp-json\/wp\/v2\/types\/page"}],"author":[{"embeddable":true,"href":"http:\/\/glacas.fr\/lantredemystara\/wp-json\/wp\/v2\/users\/1"}],"replies":[{"embeddable":true,"href":"http:\/\/glacas.fr\/lantredemystara\/wp-json\/wp\/v2\/comments?post=1029"}],"version-history":[{"count":5,"href":"http:\/\/glacas.fr\/lantredemystara\/wp-json\/wp\/v2\/pages\/1029\/revisions"}],"predecessor-version":[{"id":2605,"href":"http:\/\/glacas.fr\/lantredemystara\/wp-json\/wp\/v2\/pages\/1029\/revisions\/2605"}],"up":[{"embeddable":true,"href":"http:\/\/glacas.fr\/lantredemystara\/wp-json\/wp\/v2\/pages\/877"}],"wp:attachment":[{"href":"http:\/\/glacas.fr\/lantredemystara\/wp-json\/wp\/v2\/media?parent=1029"}],"wp:term":[{"taxonomy":"category","embeddable":true,"href":"http:\/\/glacas.fr\/lantredemystara\/wp-json\/wp\/v2\/categories?post=1029"},{"taxonomy":"post_tag","embeddable":true,"href":"http:\/\/glacas.fr\/lantredemystara\/wp-json\/wp\/v2\/tags?post=1029"}],"curies":[{"name":"wp","href":"https:\/\/api.w.org\/{rel}","templated":true}]}}