{"id":56,"date":"2014-04-04T20:42:01","date_gmt":"2014-04-04T19:42:01","guid":{"rendered":"http:\/\/glacas.fr\/cuisine\/?page_id=56"},"modified":"2014-06-26T22:22:54","modified_gmt":"2014-06-26T21:22:54","slug":"essai-mise-en-page","status":"publish","type":"page","link":"http:\/\/glacas.fr\/cuisine\/essai-mise-en-page\/","title":{"rendered":"Proposer une recette ?"},"content":{"rendered":"<p>&nbsp;<\/p>\n<p>Si vous voulez poster une recette sur ce blog, vous avez deux solutions :<\/p>\n<p>&#8211; <strong>Envoyer par mail \u00e0 l&rsquo;administrateur<\/strong> <strong>votre recette<\/strong> en utilisant le mod\u00e8le de fond de page que vous trouverez ci dessous. Pensez \u00e9galement \u00e0 envoyer une photo illustrant la recette. Nous la mettrons en ligne d\u00e9s que possible.<\/p>\n<p>&#8211; <strong>Devenir contributeur ou auteur du site et rentrer vous m\u00eames vos recettes<\/strong> \u00e0 votre rythme. Pour cela, envoyez nous une demande par mail et on vous ouvrira les droits d&rsquo;acc\u00e8s. Vous n&rsquo;aurez plus qu&rsquo;\u00e0 rentrer votre login, utiliser le\u00a0 mod\u00e8le de fond de page ci dessous puis publier directement !<\/p>\n<p>Bien sur, le principe de ce blog communautaire va plut\u00f4t dans le sens de la seconde possibilit\u00e9 mais vous pouvez \u00e9galement commencer par nous les envoyez puis devenir contributeur quand vous en aurez envie&#8230;<\/p>\n<p>&nbsp;<\/p>\n<h2><span style=\"text-decoration: underline;\"><strong>1) Pour nous envoyer une recette que nous posterons pour vous:<\/strong><\/span><\/h2>\n<h3>Envoyez nous un mail comprenant :<\/h3>\n<ul>\n<li>un nom vous identifiant<\/li>\n<li>votre recette en utilisant le<span style=\"text-decoration: underline;\"> Mod\u00e8le de fond de page<\/span> ci dessous<\/li>\n<li>une photo en .jpeg de votre recette<\/li>\n<li>envoyez \u00e0 l&rsquo;adresse \u00ab\u00a0postmaster (at) glacas.fr\u00a0\u00bb<\/li>\n<\/ul>\n<h3><\/h3>\n<h3><span style=\"text-decoration: underline;\"><strong>Mod\u00e8le de fond de page pour \u00e9crire votre recette :<\/strong><\/span><\/h3>\n<p>Petite intro de quelques lignes pour pr\u00e9senter la recette et son histoire<\/p>\n<p><b>Ingr\u00e9dients pour x personnes :<\/b><\/p>\n<ul>\n<li>500 g de<\/li>\n<li>250 g<\/li>\n<li>1 pot de<\/li>\n<li><\/li>\n<\/ul>\n<p><b>Mat\u00e9riel :<\/b><\/p>\n<ul>\n<li>1 casserole<\/li>\n<li>1 plat \u00e0<\/li>\n<li>1 fouet<\/li>\n<\/ul>\n<p><b>Pr\u00e9paration :<\/b><\/p>\n<p>Couper les<\/p>\n<p>Faire bouillir<\/p>\n<p>Faire revenir<\/p>\n<p>Rajouter les<\/p>\n<p>Mettre au four<\/p>\n<p>Servir chaud<\/p>\n<p>&nbsp;<\/p>\n<p>Bon app\u00e9tit (ou recommandations pour servir la recette).<\/p>\n<p>&nbsp;<\/p>\n<h2><span style=\"text-decoration: underline;\">2) Mode d&#8217;emploi pour poster directement sur le site :<\/span><\/h2>\n<h3 style=\"padding-left: 30px;\">Pour obtenir vos codes d&rsquo;acc\u00e8s :<\/h3>\n<ul>\n<li>Envoyez nous un mail \u00e0 l\u2019administrateur du site (postmaster (at) glacas.fr)<\/li>\n<li>Dans ce mail pr\u00e9cisez votre email et le nom d&rsquo;utilisateur que vous avez choisi<\/li>\n<li>Pr\u00e9cisez si vous voulez \u00eatre <strong>contributeur<\/strong> (votre brouillon de recette sera relu par l&rsquo;administrateur avant publication) ou <strong>auteur<\/strong> (votre article sera directement publi\u00e9 sans relecture)<\/li>\n<li>Vous recevrez \u00e0 la suite un mail avec un lien et votre mot de passe.<\/li>\n<li>Connectez vous en cliquant sur le lien<\/li>\n<\/ul>\n<h3 style=\"padding-left: 30px;\">Pour \u00e9crire votre article :<\/h3>\n<ul>\n<li>Cliquez dans \u00ab\u00a0Article\u00a0\u00bb dans la colonne de gauche<\/li>\n<li>Cliquez dans \u00ab\u00a0Ajouter\u00a0\u00bb<\/li>\n<li>Rentrez le titre de votre recette dans le rectangle du haut (sous \u00ab\u00a0Ajouter un nouvel article\u00a0\u00bb)<\/li>\n<li>Rentrez le texte de votre article en utilisant le mod\u00e8le de fond de page ci dessus<\/li>\n<li>Cochez la case correspondant \u00e0 votre recette (plat, entr\u00e9e, dessert, etc) dans la colonne de droite \u00e0 \u00ab\u00a0Cat\u00e9gories\u00a0\u00bb<\/li>\n<li>Enregistrez le brouillon (en haut de la colonne de droite)<\/li>\n<\/ul>\n<h3 style=\"padding-left: 30px;\">Pour ajouter une image en haut de la recette :<\/h3>\n<ul>\n<li>Cliquez sur \u00ab\u00a0mettre une image \u00e0 la une\u00a0\u00bb, tout en bas de la colonne de droite de la page<\/li>\n<li>Cliquez sur l&rsquo;onglet \u00ab\u00a0envoyer des fichiers\u00a0\u00bb<\/li>\n<li>Cliquez sur le carr\u00e9 \u00ab\u00a0S\u00e9lectionner des fichiers\u00a0\u00bb<\/li>\n<li>Allez chercher l&rsquo;image d\u00e9sir\u00e9e dans votre r\u00e9pertoire<\/li>\n<li>Double cliquez\u00a0 sur l&rsquo;image<\/li>\n<li>Cliquez sur \u00ab\u00a0Mettre une image \u00e0 la une\u00a0\u00bb<\/li>\n<li>\u00a0Cliquez sur le rectangle bleu \u00ab\u00a0Mettre \u00e0 jour\u00a0\u00bb<\/li>\n<\/ul>\n<h3 style=\"padding-left: 30px;\">Cliquez sur publier (si vous \u00eates en mode \u00ab\u00a0Auteur\u00a0\u00bb)<\/h3>\n<p>Pour toute question, vous pouvez nous envoyez un mail ou t\u00e9l\u00e9phoner (pour ceux qui ont mon N\u00b0&#8230;).<\/p>\n<p>Glacas<\/p>\n","protected":false},"excerpt":{"rendered":"<p>&nbsp; Si vous voulez poster une recette sur ce blog, vous avez deux solutions : &#8211; Envoyer par mail \u00e0 l&rsquo;administrateur votre recette en utilisant le mod\u00e8le de fond de page que vous trouverez ci dessous. Pensez \u00e9galement \u00e0 envoyer une photo illustrant la recette. Nous la mettrons en ligne d\u00e9s que possible. &#8211; Devenir [&hellip;]<\/p>\n","protected":false},"author":1,"featured_media":105,"parent":0,"menu_order":1,"comment_status":"open","ping_status":"open","template":"","meta":{"ngg_post_thumbnail":0,"jetpack_post_was_ever_published":false,"footnotes":"","_links_to":"","_links_to_target":""},"categories":[],"tags":[],"class_list":["post-56","page","type-page","status-publish","has-post-thumbnail","hentry","gallery-content-unit"],"aioseo_notices":[],"jetpack_shortlink":"https:\/\/wp.me\/P4vHSl-U","jetpack_sharing_enabled":true,"_links":{"self":[{"href":"http:\/\/glacas.fr\/cuisine\/wp-json\/wp\/v2\/pages\/56","targetHints":{"allow":["GET"]}}],"collection":[{"href":"http:\/\/glacas.fr\/cuisine\/wp-json\/wp\/v2\/pages"}],"about":[{"href":"http:\/\/glacas.fr\/cuisine\/wp-json\/wp\/v2\/types\/page"}],"author":[{"embeddable":true,"href":"http:\/\/glacas.fr\/cuisine\/wp-json\/wp\/v2\/users\/1"}],"replies":[{"embeddable":true,"href":"http:\/\/glacas.fr\/cuisine\/wp-json\/wp\/v2\/comments?post=56"}],"version-history":[{"count":14,"href":"http:\/\/glacas.fr\/cuisine\/wp-json\/wp\/v2\/pages\/56\/revisions"}],"predecessor-version":[{"id":119,"href":"http:\/\/glacas.fr\/cuisine\/wp-json\/wp\/v2\/pages\/56\/revisions\/119"}],"wp:featuredmedia":[{"embeddable":true,"href":"http:\/\/glacas.fr\/cuisine\/wp-json\/wp\/v2\/media\/105"}],"wp:attachment":[{"href":"http:\/\/glacas.fr\/cuisine\/wp-json\/wp\/v2\/media?parent=56"}],"wp:term":[{"taxonomy":"category","embeddable":true,"href":"http:\/\/glacas.fr\/cuisine\/wp-json\/wp\/v2\/categories?post=56"},{"taxonomy":"post_tag","embeddable":true,"href":"http:\/\/glacas.fr\/cuisine\/wp-json\/wp\/v2\/tags?post=56"}],"curies":[{"name":"wp","href":"https:\/\/api.w.org\/{rel}","templated":true}]}}