{"id":2,"date":"2014-04-02T22:13:00","date_gmt":"2014-04-02T22:13:00","guid":{"rendered":"http:\/\/glacas.fr\/cuisine\/?page_id=2"},"modified":"2014-06-26T20:52:44","modified_gmt":"2014-06-26T19:52:44","slug":"page-d-exemple","status":"publish","type":"page","link":"http:\/\/glacas.fr\/cuisine\/","title":{"rendered":"Qui sommes nous ?"},"content":{"rendered":"<p>Bonjour !<\/p>\n<p>Ceci est le carnet de recettes de quelques potes, passionn\u00e9s de cuisine et qui ont d\u00e9cid\u00e9 de mettre en commun leurs recettes pr\u00e9f\u00e9r\u00e9es et de vous les faire d\u00e9couvrir.<\/p>\n<p>Vous y trouverez les recettes que nous avons test\u00e9es et \u00e9prouv\u00e9es et que nous conseillons !<\/p>\n<dl id=\"attachment_26\" class=\"wp-caption   alignleft\" style=\"width: 160px;\">\n<dt class=\"wp-caption-dt\"><a href=\"http:\/\/glacas.fr\/cuisine\/category\/entrees\/\" target=\"_blank\"><img loading=\"lazy\" decoding=\"async\" class=\"wp-image-26 size-thumbnail\" src=\"http:\/\/glacas.fr\/cuisine\/wp-content\/uploads\/sites\/3\/2014\/04\/380x285-cz5t-150x150.jpg\" alt=\"Les entr\u00e9es\" width=\"150\" height=\"150\" \/><\/a><\/dt>\n<dd class=\"wp-caption-dd\">Les entr\u00e9es<\/dd>\n<\/dl>\n<dl id=\"attachment_27\" class=\"wp-caption alignleft\" style=\"width: 160px;\">\n<dt class=\"wp-caption-dt\"><a href=\"http:\/\/glacas.fr\/cuisine\/category\/plats\/\"><img loading=\"lazy\" decoding=\"async\" class=\"size-thumbnail wp-image-27\" src=\"http:\/\/glacas.fr\/cuisine\/wp-content\/uploads\/sites\/3\/2014\/04\/cous-cous-041resize-150x150.jpg\" alt=\"Les plats\" width=\"150\" height=\"150\" \/><\/a><\/dt>\n<dd class=\"wp-caption-dd\">Les plats<\/dd>\n<\/dl>\n<dl id=\"attachment_18\" class=\"wp-caption alignleft\" style=\"width: 160px;\">\n<dt class=\"wp-caption-dt\"><a href=\"http:\/\/glacas.fr\/cuisine\/category\/desserts\/\"><img loading=\"lazy\" decoding=\"async\" class=\"wp-image-18 size-thumbnail\" src=\"http:\/\/glacas.fr\/cuisine\/wp-content\/uploads\/sites\/3\/2014\/04\/IMG_6260a-Small-150x150.jpg\" alt=\"Les desserts\" width=\"150\" height=\"150\" \/><\/a><\/dt>\n<dd class=\"wp-caption-dd\">Les desserts<\/dd>\n<\/dl>\n<dl id=\"attachment_28\" class=\"wp-caption alignleft\" style=\"width: 160px;\">\n<dt class=\"wp-caption-dt\"><a href=\"http:\/\/glacas.fr\/cuisine\/category\/boissons\/\"><img loading=\"lazy\" decoding=\"async\" class=\"size-thumbnail wp-image-28\" src=\"http:\/\/glacas.fr\/cuisine\/wp-content\/uploads\/sites\/3\/2014\/04\/cocktail-150x150.jpg\" alt=\"Les boissons\" width=\"150\" height=\"150\" srcset=\"http:\/\/glacas.fr\/cuisine\/wp-content\/uploads\/sites\/3\/2014\/04\/cocktail-150x150.jpg 150w, http:\/\/glacas.fr\/cuisine\/wp-content\/uploads\/sites\/3\/2014\/04\/cocktail-300x300.jpg 300w, http:\/\/glacas.fr\/cuisine\/wp-content\/uploads\/sites\/3\/2014\/04\/cocktail-1024x1024.jpg 1024w, http:\/\/glacas.fr\/cuisine\/wp-content\/uploads\/sites\/3\/2014\/04\/cocktail-230x230.jpg 230w, http:\/\/glacas.fr\/cuisine\/wp-content\/uploads\/sites\/3\/2014\/04\/cocktail.jpg 1200w\" sizes=\"auto, (max-width: 150px) 100vw, 150px\" \/><\/a><\/dt>\n<dd class=\"wp-caption-dd\">Les boissons<\/dd>\n<\/dl>\n<p>&nbsp;<\/p>\n<p>&nbsp;<\/p>\n<p>&nbsp;<\/p>\n<p>&nbsp;<\/p>\n<p>&nbsp;<\/p>\n<p>&nbsp;<\/p>\n<p>&nbsp;<\/p>\n<p>&nbsp;<\/p>\n<p>&nbsp;<\/p>\n<p>&nbsp;<\/p>\n<p>&nbsp;<\/p>\n<p>&nbsp;<\/p>\n","protected":false},"excerpt":{"rendered":"<p>Bonjour ! Ceci est le carnet de recettes de quelques potes, passionn\u00e9s de cuisine et qui ont d\u00e9cid\u00e9 de mettre en commun leurs recettes pr\u00e9f\u00e9r\u00e9es et de vous les faire d\u00e9couvrir. Vous y trouverez les recettes que nous avons test\u00e9es et \u00e9prouv\u00e9es et que nous conseillons ! Les entr\u00e9es Les plats Les desserts Les boissons [&hellip;]<\/p>\n","protected":false},"author":1,"featured_media":20,"parent":0,"menu_order":2,"comment_status":"open","ping_status":"open","template":"","meta":{"ngg_post_thumbnail":0,"jetpack_post_was_ever_published":false,"footnotes":"","_links_to":"","_links_to_target":""},"categories":[],"tags":[],"class_list":["post-2","page","type-page","status-publish","has-post-thumbnail","hentry","gallery-content-unit"],"aioseo_notices":[],"jetpack_shortlink":"https:\/\/wp.me\/P4vHSl-2","jetpack_sharing_enabled":true,"_links":{"self":[{"href":"http:\/\/glacas.fr\/cuisine\/wp-json\/wp\/v2\/pages\/2","targetHints":{"allow":["GET"]}}],"collection":[{"href":"http:\/\/glacas.fr\/cuisine\/wp-json\/wp\/v2\/pages"}],"about":[{"href":"http:\/\/glacas.fr\/cuisine\/wp-json\/wp\/v2\/types\/page"}],"author":[{"embeddable":true,"href":"http:\/\/glacas.fr\/cuisine\/wp-json\/wp\/v2\/users\/1"}],"replies":[{"embeddable":true,"href":"http:\/\/glacas.fr\/cuisine\/wp-json\/wp\/v2\/comments?post=2"}],"version-history":[{"count":34,"href":"http:\/\/glacas.fr\/cuisine\/wp-json\/wp\/v2\/pages\/2\/revisions"}],"predecessor-version":[{"id":114,"href":"http:\/\/glacas.fr\/cuisine\/wp-json\/wp\/v2\/pages\/2\/revisions\/114"}],"wp:featuredmedia":[{"embeddable":true,"href":"http:\/\/glacas.fr\/cuisine\/wp-json\/wp\/v2\/media\/20"}],"wp:attachment":[{"href":"http:\/\/glacas.fr\/cuisine\/wp-json\/wp\/v2\/media?parent=2"}],"wp:term":[{"taxonomy":"category","embeddable":true,"href":"http:\/\/glacas.fr\/cuisine\/wp-json\/wp\/v2\/categories?post=2"},{"taxonomy":"post_tag","embeddable":true,"href":"http:\/\/glacas.fr\/cuisine\/wp-json\/wp\/v2\/tags?post=2"}],"curies":[{"name":"wp","href":"https:\/\/api.w.org\/{rel}","templated":true}]}}