{"id":43,"date":"2015-10-25T21:05:21","date_gmt":"2015-10-25T20:05:21","guid":{"rendered":"http:\/\/glacas.fr\/cartesonore\/?page_id=43"},"modified":"2016-08-05T17:31:05","modified_gmt":"2016-08-05T16:31:05","slug":"qui-sommes-nous","status":"publish","type":"page","link":"http:\/\/glacas.fr\/cartesonore\/qui-sommes-nous\/","title":{"rendered":"Qui sommes nous ?"},"content":{"rendered":"<p><img data-recalc-dims=\"1\" loading=\"lazy\" decoding=\"async\" data-attachment-id=\"98\" data-permalink=\"http:\/\/glacas.fr\/cartesonore\/accueil\/olympus-digital-camera-14\/#main\" data-orig-file=\"https:\/\/i0.wp.com\/glacas.fr\/cartesonore\/wp-content\/uploads\/sites\/5\/2015\/10\/PA040045A-Large1.jpg?fit=1447%2C1080\" data-orig-size=\"1447,1080\" data-comments-opened=\"1\" data-image-meta=\"{&quot;aperture&quot;:&quot;4.8&quot;,&quot;credit&quot;:&quot;&quot;,&quot;camera&quot;:&quot;SH-2&quot;,&quot;caption&quot;:&quot;OLYMPUS DIGITAL CAMERA&quot;,&quot;created_timestamp&quot;:&quot;1443953542&quot;,&quot;copyright&quot;:&quot;&quot;,&quot;focal_length&quot;:&quot;15.8&quot;,&quot;iso&quot;:&quot;125&quot;,&quot;shutter_speed&quot;:&quot;0.004&quot;,&quot;title&quot;:&quot;OLYMPUS DIGITAL CAMERA&quot;,&quot;orientation&quot;:&quot;1&quot;}\" data-image-title=\"OLYMPUS DIGITAL CAMERA\" data-image-description=\"\" data-image-caption=\"&lt;p&gt;Qui sommes nous ?&lt;\/p&gt;\n\" data-medium-file=\"https:\/\/i0.wp.com\/glacas.fr\/cartesonore\/wp-content\/uploads\/sites\/5\/2015\/10\/PA040045A-Large1.jpg?fit=1029%2C768\" data-large-file=\"https:\/\/i0.wp.com\/glacas.fr\/cartesonore\/wp-content\/uploads\/sites\/5\/2015\/10\/PA040045A-Large1.jpg?fit=640%2C478\" class=\"wp-image-98 size-large aligncenter\" src=\"https:\/\/i0.wp.com\/glacas.fr\/cartesonore\/wp-content\/uploads\/sites\/5\/2015\/10\/PA040045A-Large1.jpg?resize=640%2C478\" alt=\"Qui sommes nous ?\" width=\"640\" height=\"478\" srcset=\"https:\/\/i0.wp.com\/glacas.fr\/cartesonore\/wp-content\/uploads\/sites\/5\/2015\/10\/PA040045A-Large1.jpg?w=1447 1447w, https:\/\/i0.wp.com\/glacas.fr\/cartesonore\/wp-content\/uploads\/sites\/5\/2015\/10\/PA040045A-Large1.jpg?resize=1029%2C768 1029w, https:\/\/i0.wp.com\/glacas.fr\/cartesonore\/wp-content\/uploads\/sites\/5\/2015\/10\/PA040045A-Large1.jpg?w=1280 1280w\" sizes=\"auto, (max-width: 640px) 100vw, 640px\" \/><\/p>\n<div class=\"csRow\">\n<div class=\"csColumnGap\" style=\"margin: 0px; padding: 0px; float: left; width: 1.56%;\"><img class=\"colorbox-43\"  data-recalc-dims=\"1\" decoding=\"async\" src=\"https:\/\/i0.wp.com\/glacas.fr\/cartesonore\/wp-content\/plugins\/advanced-wp-columns\/assets\/js\/plugins\/views\/img\/1x1-pixel.png?w=640\" alt=\"\" \/><\/div>\n<div class=\"csColumn\" style=\"margin: 0px; padding: 0px; float: left; width: 45.7%;\" data-csid=\"e052458a-44b6-d8f8-b0c6-7c333a9cdd2d\" data-cswidth=\"45.7%\" data-csendpoint=\"453.49997998828127\" data-csstartpoint=\"14.999995247070313\">\n<p style=\"text-align: justify;\">Habitant le petit village d\u2019Engins dans le Vercors, <strong>Tullio Rizzato<\/strong> est \u00e0 la fois ing\u00e9nieur du son et accompagnateur de montagne.<\/p>\n<p><img data-recalc-dims=\"1\" loading=\"lazy\" decoding=\"async\" data-attachment-id=\"136\" data-permalink=\"http:\/\/glacas.fr\/cartesonore\/qui-sommes-nous\/img_2056b-custom\/#main\" data-orig-file=\"https:\/\/i0.wp.com\/glacas.fr\/cartesonore\/wp-content\/uploads\/sites\/5\/2015\/10\/IMG_2056B-Custom.jpg?fit=399%2C300\" data-orig-size=\"399,300\" data-comments-opened=\"1\" data-image-meta=\"{&quot;aperture&quot;:&quot;5&quot;,&quot;credit&quot;:&quot;COSTA.Florent&quot;,&quot;camera&quot;:&quot;Canon EOS 7D&quot;,&quot;caption&quot;:&quot;&quot;,&quot;created_timestamp&quot;:&quot;1441621665&quot;,&quot;copyright&quot;:&quot;&quot;,&quot;focal_length&quot;:&quot;18&quot;,&quot;iso&quot;:&quot;100&quot;,&quot;shutter_speed&quot;:&quot;0.02&quot;,&quot;title&quot;:&quot;&quot;,&quot;orientation&quot;:&quot;1&quot;}\" data-image-title=\"IMG_2056B (Custom)\" data-image-description=\"\" data-image-caption=\"\" data-medium-file=\"https:\/\/i0.wp.com\/glacas.fr\/cartesonore\/wp-content\/uploads\/sites\/5\/2015\/10\/IMG_2056B-Custom.jpg?fit=399%2C300\" data-large-file=\"https:\/\/i0.wp.com\/glacas.fr\/cartesonore\/wp-content\/uploads\/sites\/5\/2015\/10\/IMG_2056B-Custom.jpg?fit=399%2C300\" class=\"wp-image-136 size-full aligncenter colorbox-43\" src=\"https:\/\/i0.wp.com\/glacas.fr\/cartesonore\/wp-content\/uploads\/sites\/5\/2015\/10\/IMG_2056B-Custom.jpg?resize=399%2C300\" alt=\"IMG_2056B (Custom)\" width=\"399\" height=\"300\" \/><\/p>\n<p style=\"text-align: justify;\">A la jonction de ces deux m\u00e9tiers, il effectue tout un travail autour des paysages sonores montagnards dans les massifs alpins et himalayens, \u00e0 travers des collectes d\u2019ambiances, de sons animaliers, de bruitages et de musiques qu\u2019il associe avec la photographie.<\/p>\n<p style=\"text-align: justify;\">Un premier ouvrage sur les sons de l\u2019Himalaya est disponible avec le livre\/CD \u00ab\u00a0Himalaya, un voyage en musiques \u00bb ed. Transboreal : <a href=\"http:\/\/musiquesdunepal.free.fr\/himalaya\/\">http:\/\/musiquesdunepal.free.fr\/himalaya\/<\/a><\/p>\n<p style=\"text-align: justify;\">Il s\u2019associe avec le photographe Florent Costa pour vous faire d\u00e9couvrir les paysages sonores et visuels du Vercors, d\u2019une fa\u00e7on originale et sensitive \u00e0 travers la prise de son sur le terrain.<\/p>\n<\/div>\n<div class=\"csColumnGap\" style=\"margin: 0px; padding: 0px; float: left; width: 5.31%; text-align: justify;\"><img class=\"colorbox-43\"  data-recalc-dims=\"1\" decoding=\"async\" src=\"https:\/\/i0.wp.com\/glacas.fr\/cartesonore\/wp-content\/plugins\/advanced-wp-columns\/assets\/js\/plugins\/views\/img\/1x1-pixel.png?w=640\" alt=\"\" \/><\/div>\n<div class=\"csColumn\" style=\"margin: 0px; padding: 0px; float: left; width: 45.9%;\" data-csid=\"dc252bcd-7116-2848-b432-c6ef6f90e55b\" data-cswidth=\"45.9%\" data-csendpoint=\"944.9999799882812\" data-csstartpoint=\"504.49997998828127\">\n<p style=\"text-align: justify;\">Habitant Lans en Vercors, au hameau de la Chenevarie, <strong>Florent Costa<\/strong> est photographe et animateur nature.<\/p>\n<p><img data-recalc-dims=\"1\" loading=\"lazy\" decoding=\"async\" data-attachment-id=\"137\" data-permalink=\"http:\/\/glacas.fr\/cartesonore\/qui-sommes-nous\/img_0952a-custom\/#main\" data-orig-file=\"https:\/\/i0.wp.com\/glacas.fr\/cartesonore\/wp-content\/uploads\/sites\/5\/2015\/10\/IMG_0952A-Custom.jpg?fit=400%2C299\" data-orig-size=\"400,299\" data-comments-opened=\"1\" data-image-meta=\"{&quot;aperture&quot;:&quot;5.9&quot;,&quot;credit&quot;:&quot;Florent Costa&quot;,&quot;camera&quot;:&quot;Canon PowerShot S110&quot;,&quot;caption&quot;:&quot;&quot;,&quot;created_timestamp&quot;:&quot;1407489569&quot;,&quot;copyright&quot;:&quot;&quot;,&quot;focal_length&quot;:&quot;26&quot;,&quot;iso&quot;:&quot;125&quot;,&quot;shutter_speed&quot;:&quot;0.0025&quot;,&quot;title&quot;:&quot;&quot;,&quot;orientation&quot;:&quot;1&quot;}\" data-image-title=\"IMG_0952A (Custom)\" data-image-description=\"\" data-image-caption=\"\" data-medium-file=\"https:\/\/i0.wp.com\/glacas.fr\/cartesonore\/wp-content\/uploads\/sites\/5\/2015\/10\/IMG_0952A-Custom.jpg?fit=400%2C299\" data-large-file=\"https:\/\/i0.wp.com\/glacas.fr\/cartesonore\/wp-content\/uploads\/sites\/5\/2015\/10\/IMG_0952A-Custom.jpg?fit=400%2C299\" class=\"wp-image-137 size-full aligncenter colorbox-43\" src=\"https:\/\/i0.wp.com\/glacas.fr\/cartesonore\/wp-content\/uploads\/sites\/5\/2015\/10\/IMG_0952A-Custom.jpg?resize=400%2C299\" alt=\"IMG_0952A (Custom)\" width=\"400\" height=\"299\" \/><\/p>\n<p style=\"text-align: justify;\">Passionn\u00e9 d&rsquo;ornithologie, d&rsquo;interpr\u00e9tation des paysages et de d\u00e9couverte de la nature, il utilise la photographie pour sensibiliser les petits et les grands aux merveilles qui nous entourent. Son objectif via la photo ? Inciter le plus grand nombre \u00e0 sortir et \u00e0 ouvrir les sens.<\/p>\n<p style=\"text-align: justify;\">Sur des sites web, il raconte des petites histoires sur les animaux qu&rsquo;il prend en photos. Parmi ces nombreuses pages, on peut citer <a href=\"http:\/\/glacas.fr\/blog\/category\/la-garzette\/\" target=\"_blank\">La Garzette<\/a>, <a href=\"http:\/\/glacas.fr\/blog\/category\/la-bestiole-du-jour\/\" target=\"_blank\">La bestiole du jour <\/a>ou <a href=\"http:\/\/glacas.fr\/mangeoire\/\" target=\"_blank\">Chronique de la mangeoire<\/a>.<\/p>\n<p style=\"text-align: justify;\">C&rsquo;est donc tout naturellement qu&rsquo;il s&rsquo;est associ\u00e9 avec Tullio Rizzato afin que la dimension sonore vienne s&rsquo;ajouter \u00e0 la d\u00e9couverte visuelle de la nature et des paysages.<\/p>\n<\/div>\n<div class=\"csColumnGap\" style=\"margin: 0px; padding: 0px; float: left; width: 1.56%; text-align: justify;\"><img class=\"colorbox-43\"  data-recalc-dims=\"1\" decoding=\"async\" src=\"https:\/\/i0.wp.com\/glacas.fr\/cartesonore\/wp-content\/plugins\/advanced-wp-columns\/assets\/js\/plugins\/views\/img\/1x1-pixel.png?w=640\" alt=\"\" \/><\/div>\n<div style=\"clear: both; float: none; display: block; visibility: hidden; width: 0px; font-size: 0px; line-height: 0; text-align: justify;\"><\/div>\n<\/div>\n<p><span style=\"text-decoration: underline;\"><strong>Vous pouvez nous contacter :<\/strong><\/span><\/p>\n<ul>\n<li>par mail : cartesonoreATglacas.fr<\/li>\n<li>par t\u00e9l\u00e9phone : Tullio Rizzato 06 61 22 35 31 ou Florent Costa 06 20 65 80 04<\/li>\n<\/ul>\n<audio class=\"wp-audio-shortcode\" id=\"audio-43-1\" autoplay preload=\"none\" style=\"width: 100%;\" controls=\"controls\"><source type=\"audio\/mpeg\" src=\"http:\/\/glacas.fr\/cartesonore\/wp-content\/uploads\/sites\/5\/2015\/10\/Ruisseau-mp3.mp3?_=1\" \/><a href=\"http:\/\/glacas.fr\/cartesonore\/wp-content\/uploads\/sites\/5\/2015\/10\/Ruisseau-mp3.mp3\">http:\/\/glacas.fr\/cartesonore\/wp-content\/uploads\/sites\/5\/2015\/10\/Ruisseau-mp3.mp3<\/a><\/audio>\n","protected":false},"excerpt":{"rendered":"<p>Habitant le petit village d\u2019Engins dans le Vercors, Tullio Rizzato est \u00e0 la fois ing\u00e9nieur du son et accompagnateur de montagne. A la jonction de ces deux m\u00e9tiers, il effectue tout un travail autour des paysages sonores montagnards dans les massifs alpins et himalayens, \u00e0 travers des collectes d\u2019ambiances, de sons animaliers, de bruitages et [&hellip;]<\/p>\n","protected":false},"author":1,"featured_media":30,"parent":0,"menu_order":3,"comment_status":"closed","ping_status":"closed","template":"page-full-width.php","meta":{"ngg_post_thumbnail":0,"jetpack_post_was_ever_published":false,"footnotes":"","_links_to":"","_links_to_target":""},"categories":[],"tags":[],"class_list":["post-43","page","type-page","status-publish","has-post-thumbnail","hentry","gallery-content-unit"],"aioseo_notices":[],"yoast_head":"<!-- This site is optimized with the Yoast SEO plugin v27.1.1 - https:\/\/yoast.com\/product\/yoast-seo-wordpress\/ -->\n<title>Qui sommes nous ? - Cartes postales sonores<\/title>\n<meta name=\"robots\" content=\"index, follow, max-snippet:-1, max-image-preview:large, max-video-preview:-1\" \/>\n<link rel=\"canonical\" href=\"http:\/\/glacas.fr\/cartesonore\/qui-sommes-nous\/\" \/>\n<meta property=\"og:locale\" content=\"fr_FR\" \/>\n<meta property=\"og:type\" content=\"article\" \/>\n<meta property=\"og:title\" content=\"Qui sommes nous ? - Cartes postales sonores\" \/>\n<meta property=\"og:description\" content=\"Habitant le petit village d\u2019Engins dans le Vercors, Tullio Rizzato est \u00e0 la fois ing\u00e9nieur du son et accompagnateur de montagne. A la jonction de ces deux m\u00e9tiers, il effectue tout un travail autour des paysages sonores montagnards dans les massifs alpins et himalayens, \u00e0 travers des collectes d\u2019ambiances, de sons animaliers, de bruitages et [&hellip;]\" \/>\n<meta property=\"og:url\" content=\"http:\/\/glacas.fr\/cartesonore\/qui-sommes-nous\/\" \/>\n<meta property=\"og:site_name\" content=\"Cartes postales sonores\" \/>\n<meta property=\"article:modified_time\" content=\"2016-08-05T16:31:05+00:00\" \/>\n<meta property=\"og:image\" content=\"https:\/\/i0.wp.com\/glacas.fr\/cartesonore\/wp-content\/uploads\/sites\/5\/2015\/10\/PA040045A-Large.jpg?fit=1447%2C1080\" \/>\n\t<meta property=\"og:image:width\" content=\"1447\" \/>\n\t<meta property=\"og:image:height\" content=\"1080\" \/>\n\t<meta property=\"og:image:type\" content=\"image\/jpeg\" \/>\n<meta name=\"twitter:card\" content=\"summary_large_image\" \/>\n<meta name=\"twitter:label1\" content=\"Dur\u00e9e de lecture estim\u00e9e\" \/>\n\t<meta name=\"twitter:data1\" content=\"1 minute\" \/>\n<script type=\"application\/ld+json\" class=\"yoast-schema-graph\">{\"@context\":\"https:\/\/schema.org\",\"@graph\":[{\"@type\":\"WebPage\",\"@id\":\"http:\/\/glacas.fr\/cartesonore\/qui-sommes-nous\/\",\"url\":\"http:\/\/glacas.fr\/cartesonore\/qui-sommes-nous\/\",\"name\":\"Qui sommes nous ? - Cartes postales sonores\",\"isPartOf\":{\"@id\":\"http:\/\/glacas.fr\/cartesonore\/#website\"},\"primaryImageOfPage\":{\"@id\":\"http:\/\/glacas.fr\/cartesonore\/qui-sommes-nous\/#primaryimage\"},\"image\":{\"@id\":\"http:\/\/glacas.fr\/cartesonore\/qui-sommes-nous\/#primaryimage\"},\"thumbnailUrl\":\"https:\/\/i0.wp.com\/glacas.fr\/cartesonore\/wp-content\/uploads\/sites\/5\/2015\/10\/PA040045A-Large.jpg?fit=1447%2C1080\",\"datePublished\":\"2015-10-25T20:05:21+00:00\",\"dateModified\":\"2016-08-05T16:31:05+00:00\",\"breadcrumb\":{\"@id\":\"http:\/\/glacas.fr\/cartesonore\/qui-sommes-nous\/#breadcrumb\"},\"inLanguage\":\"fr-FR\",\"potentialAction\":[{\"@type\":\"ReadAction\",\"target\":[\"http:\/\/glacas.fr\/cartesonore\/qui-sommes-nous\/\"]}]},{\"@type\":\"ImageObject\",\"inLanguage\":\"fr-FR\",\"@id\":\"http:\/\/glacas.fr\/cartesonore\/qui-sommes-nous\/#primaryimage\",\"url\":\"https:\/\/i0.wp.com\/glacas.fr\/cartesonore\/wp-content\/uploads\/sites\/5\/2015\/10\/PA040045A-Large.jpg?fit=1447%2C1080\",\"contentUrl\":\"https:\/\/i0.wp.com\/glacas.fr\/cartesonore\/wp-content\/uploads\/sites\/5\/2015\/10\/PA040045A-Large.jpg?fit=1447%2C1080\",\"width\":1447,\"height\":1080,\"caption\":\"OLYMPUS DIGITAL CAMERA\"},{\"@type\":\"BreadcrumbList\",\"@id\":\"http:\/\/glacas.fr\/cartesonore\/qui-sommes-nous\/#breadcrumb\",\"itemListElement\":[{\"@type\":\"ListItem\",\"position\":1,\"name\":\"Accueil\",\"item\":\"http:\/\/glacas.fr\/cartesonore\/\"},{\"@type\":\"ListItem\",\"position\":2,\"name\":\"Qui sommes nous ?\"}]},{\"@type\":\"WebSite\",\"@id\":\"http:\/\/glacas.fr\/cartesonore\/#website\",\"url\":\"http:\/\/glacas.fr\/cartesonore\/\",\"name\":\"Cartes postales sonores\",\"description\":\"Une autre fa\u00e7on de d\u00e9couvrir le Vercors\",\"potentialAction\":[{\"@type\":\"SearchAction\",\"target\":{\"@type\":\"EntryPoint\",\"urlTemplate\":\"http:\/\/glacas.fr\/cartesonore\/?s={search_term_string}\"},\"query-input\":{\"@type\":\"PropertyValueSpecification\",\"valueRequired\":true,\"valueName\":\"search_term_string\"}}],\"inLanguage\":\"fr-FR\"}]}<\/script>\n<!-- \/ Yoast SEO plugin. -->","yoast_head_json":{"title":"Qui sommes nous ? - Cartes postales sonores","robots":{"index":"index","follow":"follow","max-snippet":"max-snippet:-1","max-image-preview":"max-image-preview:large","max-video-preview":"max-video-preview:-1"},"canonical":"http:\/\/glacas.fr\/cartesonore\/qui-sommes-nous\/","og_locale":"fr_FR","og_type":"article","og_title":"Qui sommes nous ? - Cartes postales sonores","og_description":"Habitant le petit village d\u2019Engins dans le Vercors, Tullio Rizzato est \u00e0 la fois ing\u00e9nieur du son et accompagnateur de montagne. A la jonction de ces deux m\u00e9tiers, il effectue tout un travail autour des paysages sonores montagnards dans les massifs alpins et himalayens, \u00e0 travers des collectes d\u2019ambiances, de sons animaliers, de bruitages et [&hellip;]","og_url":"http:\/\/glacas.fr\/cartesonore\/qui-sommes-nous\/","og_site_name":"Cartes postales sonores","article_modified_time":"2016-08-05T16:31:05+00:00","og_image":[{"width":1447,"height":1080,"url":"https:\/\/i0.wp.com\/glacas.fr\/cartesonore\/wp-content\/uploads\/sites\/5\/2015\/10\/PA040045A-Large.jpg?fit=1447%2C1080","type":"image\/jpeg"}],"twitter_card":"summary_large_image","twitter_misc":{"Dur\u00e9e de lecture estim\u00e9e":"1 minute"},"schema":{"@context":"https:\/\/schema.org","@graph":[{"@type":"WebPage","@id":"http:\/\/glacas.fr\/cartesonore\/qui-sommes-nous\/","url":"http:\/\/glacas.fr\/cartesonore\/qui-sommes-nous\/","name":"Qui sommes nous ? - Cartes postales sonores","isPartOf":{"@id":"http:\/\/glacas.fr\/cartesonore\/#website"},"primaryImageOfPage":{"@id":"http:\/\/glacas.fr\/cartesonore\/qui-sommes-nous\/#primaryimage"},"image":{"@id":"http:\/\/glacas.fr\/cartesonore\/qui-sommes-nous\/#primaryimage"},"thumbnailUrl":"https:\/\/i0.wp.com\/glacas.fr\/cartesonore\/wp-content\/uploads\/sites\/5\/2015\/10\/PA040045A-Large.jpg?fit=1447%2C1080","datePublished":"2015-10-25T20:05:21+00:00","dateModified":"2016-08-05T16:31:05+00:00","breadcrumb":{"@id":"http:\/\/glacas.fr\/cartesonore\/qui-sommes-nous\/#breadcrumb"},"inLanguage":"fr-FR","potentialAction":[{"@type":"ReadAction","target":["http:\/\/glacas.fr\/cartesonore\/qui-sommes-nous\/"]}]},{"@type":"ImageObject","inLanguage":"fr-FR","@id":"http:\/\/glacas.fr\/cartesonore\/qui-sommes-nous\/#primaryimage","url":"https:\/\/i0.wp.com\/glacas.fr\/cartesonore\/wp-content\/uploads\/sites\/5\/2015\/10\/PA040045A-Large.jpg?fit=1447%2C1080","contentUrl":"https:\/\/i0.wp.com\/glacas.fr\/cartesonore\/wp-content\/uploads\/sites\/5\/2015\/10\/PA040045A-Large.jpg?fit=1447%2C1080","width":1447,"height":1080,"caption":"OLYMPUS DIGITAL CAMERA"},{"@type":"BreadcrumbList","@id":"http:\/\/glacas.fr\/cartesonore\/qui-sommes-nous\/#breadcrumb","itemListElement":[{"@type":"ListItem","position":1,"name":"Accueil","item":"http:\/\/glacas.fr\/cartesonore\/"},{"@type":"ListItem","position":2,"name":"Qui sommes nous ?"}]},{"@type":"WebSite","@id":"http:\/\/glacas.fr\/cartesonore\/#website","url":"http:\/\/glacas.fr\/cartesonore\/","name":"Cartes postales sonores","description":"Une autre fa\u00e7on de d\u00e9couvrir le Vercors","potentialAction":[{"@type":"SearchAction","target":{"@type":"EntryPoint","urlTemplate":"http:\/\/glacas.fr\/cartesonore\/?s={search_term_string}"},"query-input":{"@type":"PropertyValueSpecification","valueRequired":true,"valueName":"search_term_string"}}],"inLanguage":"fr-FR"}]}},"jetpack_sharing_enabled":true,"jetpack_shortlink":"https:\/\/wp.me\/P6SLgS-H","jetpack_likes_enabled":true,"_links":{"self":[{"href":"http:\/\/glacas.fr\/cartesonore\/wp-json\/wp\/v2\/pages\/43","targetHints":{"allow":["GET"]}}],"collection":[{"href":"http:\/\/glacas.fr\/cartesonore\/wp-json\/wp\/v2\/pages"}],"about":[{"href":"http:\/\/glacas.fr\/cartesonore\/wp-json\/wp\/v2\/types\/page"}],"author":[{"embeddable":true,"href":"http:\/\/glacas.fr\/cartesonore\/wp-json\/wp\/v2\/users\/1"}],"replies":[{"embeddable":true,"href":"http:\/\/glacas.fr\/cartesonore\/wp-json\/wp\/v2\/comments?post=43"}],"version-history":[{"count":24,"href":"http:\/\/glacas.fr\/cartesonore\/wp-json\/wp\/v2\/pages\/43\/revisions"}],"predecessor-version":[{"id":211,"href":"http:\/\/glacas.fr\/cartesonore\/wp-json\/wp\/v2\/pages\/43\/revisions\/211"}],"wp:featuredmedia":[{"embeddable":true,"href":"http:\/\/glacas.fr\/cartesonore\/wp-json\/wp\/v2\/media\/30"}],"wp:attachment":[{"href":"http:\/\/glacas.fr\/cartesonore\/wp-json\/wp\/v2\/media?parent=43"}],"wp:term":[{"taxonomy":"category","embeddable":true,"href":"http:\/\/glacas.fr\/cartesonore\/wp-json\/wp\/v2\/categories?post=43"},{"taxonomy":"post_tag","embeddable":true,"href":"http:\/\/glacas.fr\/cartesonore\/wp-json\/wp\/v2\/tags?post=43"}],"curies":[{"name":"wp","href":"https:\/\/api.w.org\/{rel}","templated":true}]}}