{"id":188,"date":"2016-07-05T12:27:05","date_gmt":"2016-07-05T11:27:05","guid":{"rendered":"http:\/\/glacas.fr\/cartesonore\/?page_id=188"},"modified":"2016-07-05T12:27:05","modified_gmt":"2016-07-05T11:27:05","slug":"les-tarifs","status":"publish","type":"page","link":"http:\/\/glacas.fr\/cartesonore\/les-tarifs\/","title":{"rendered":"Les tarifs"},"content":{"rendered":"<p><strong><span style=\"text-decoration: underline;\">Sortie \u00e0 la demi-journ\u00e9e<\/span><\/strong> :<\/p>\n<ul>\n<li>Adulte : 30\u20ac<\/li>\n<li>Enfant (+ 8 ans) : 15\u20ac<\/li>\n<li>famille : 90 \u20ac<\/li>\n<\/ul>\n<p><strong><span style=\"text-decoration: underline;\">Sortie \u00e0 la journ\u00e9e<\/span><\/strong> :<\/p>\n<ul>\n<li>Adulte : 50\u20ac<\/li>\n<li>Enfant (+ 8 ans) : 20\u20ac<\/li>\n<li>famille : 120 \u20ac<\/li>\n<\/ul>\n<p>Ces tarifs incluent l&rsquo;encadrement par deux professionnels, l&rsquo;assurance, la mise \u00e0 disposition du mat\u00e9riel de prise de son et de photographie ainsi que le t\u00e9l\u00e9chargement de la carte postale sonore qui sera r\u00e9alis\u00e9e dans les 5 jours qui suivent la balade.<\/p>\n<p>Les groupes sont constitu\u00e9s de 4 personnes minimum et huit personnes au maximum. Nous nous r\u00e9servions le droit d&rsquo;annuler une sortie pr\u00e9vue si l&rsquo;effectif ne correspond pas.<\/p>\n<p><strong>Pour tout renseignement ou information compl\u00e9mentaire<\/strong>, n&rsquo;h\u00e9sitez pas \u00e0 nous contacter :<\/p>\n<ul>\n<li>par mail : cartesonoreATglacas.fr<\/li>\n<li>par t\u00e9l\u00e9phone : Tullio Rizzato 06 61 22 35 31 ou Florent Costa 06 20 65 80 04<\/li>\n<\/ul>\n","protected":false},"excerpt":{"rendered":"<p>Sortie \u00e0 la demi-journ\u00e9e : Adulte : 30\u20ac Enfant (+ 8 ans) : 15\u20ac famille : 90 \u20ac Sortie \u00e0 la journ\u00e9e : Adulte : 50\u20ac Enfant (+ 8 ans) : 20\u20ac famille : 120 \u20ac Ces tarifs incluent l&rsquo;encadrement par deux professionnels, l&rsquo;assurance, la mise \u00e0 disposition du mat\u00e9riel de prise de son et [&hellip;]<\/p>\n","protected":false},"author":1,"featured_media":0,"parent":0,"menu_order":4,"comment_status":"closed","ping_status":"closed","template":"","meta":{"ngg_post_thumbnail":0,"jetpack_post_was_ever_published":false,"footnotes":"","_links_to":"","_links_to_target":""},"categories":[1],"tags":[],"class_list":["post-188","page","type-page","status-publish","hentry","category-non-classe","gallery-content-unit"],"aioseo_notices":[],"yoast_head":"<!-- This site is optimized with the Yoast SEO plugin v27.1.1 - https:\/\/yoast.com\/product\/yoast-seo-wordpress\/ -->\n<title>Les tarifs - Cartes postales sonores<\/title>\n<meta name=\"robots\" content=\"index, follow, max-snippet:-1, max-image-preview:large, max-video-preview:-1\" \/>\n<link rel=\"canonical\" href=\"http:\/\/glacas.fr\/cartesonore\/les-tarifs\/\" \/>\n<meta property=\"og:locale\" content=\"fr_FR\" \/>\n<meta property=\"og:type\" content=\"article\" \/>\n<meta property=\"og:title\" content=\"Les tarifs - Cartes postales sonores\" \/>\n<meta property=\"og:description\" content=\"Sortie \u00e0 la demi-journ\u00e9e : Adulte : 30\u20ac Enfant (+ 8 ans) : 15\u20ac famille : 90 \u20ac Sortie \u00e0 la journ\u00e9e : Adulte : 50\u20ac Enfant (+ 8 ans) : 20\u20ac famille : 120 \u20ac Ces tarifs incluent l&rsquo;encadrement par deux professionnels, l&rsquo;assurance, la mise \u00e0 disposition du mat\u00e9riel de prise de son et [&hellip;]\" \/>\n<meta property=\"og:url\" content=\"http:\/\/glacas.fr\/cartesonore\/les-tarifs\/\" \/>\n<meta property=\"og:site_name\" content=\"Cartes postales sonores\" \/>\n<meta name=\"twitter:card\" content=\"summary_large_image\" \/>\n<meta name=\"twitter:label1\" content=\"Dur\u00e9e de lecture estim\u00e9e\" \/>\n\t<meta name=\"twitter:data1\" content=\"1 minute\" \/>\n<script type=\"application\/ld+json\" class=\"yoast-schema-graph\">{\"@context\":\"https:\/\/schema.org\",\"@graph\":[{\"@type\":\"WebPage\",\"@id\":\"http:\/\/glacas.fr\/cartesonore\/les-tarifs\/\",\"url\":\"http:\/\/glacas.fr\/cartesonore\/les-tarifs\/\",\"name\":\"Les tarifs - Cartes postales sonores\",\"isPartOf\":{\"@id\":\"http:\/\/glacas.fr\/cartesonore\/#website\"},\"datePublished\":\"2016-07-05T11:27:05+00:00\",\"breadcrumb\":{\"@id\":\"http:\/\/glacas.fr\/cartesonore\/les-tarifs\/#breadcrumb\"},\"inLanguage\":\"fr-FR\",\"potentialAction\":[{\"@type\":\"ReadAction\",\"target\":[\"http:\/\/glacas.fr\/cartesonore\/les-tarifs\/\"]}]},{\"@type\":\"BreadcrumbList\",\"@id\":\"http:\/\/glacas.fr\/cartesonore\/les-tarifs\/#breadcrumb\",\"itemListElement\":[{\"@type\":\"ListItem\",\"position\":1,\"name\":\"Accueil\",\"item\":\"http:\/\/glacas.fr\/cartesonore\/\"},{\"@type\":\"ListItem\",\"position\":2,\"name\":\"Les tarifs\"}]},{\"@type\":\"WebSite\",\"@id\":\"http:\/\/glacas.fr\/cartesonore\/#website\",\"url\":\"http:\/\/glacas.fr\/cartesonore\/\",\"name\":\"Cartes postales sonores\",\"description\":\"Une autre fa\u00e7on de d\u00e9couvrir le Vercors\",\"potentialAction\":[{\"@type\":\"SearchAction\",\"target\":{\"@type\":\"EntryPoint\",\"urlTemplate\":\"http:\/\/glacas.fr\/cartesonore\/?s={search_term_string}\"},\"query-input\":{\"@type\":\"PropertyValueSpecification\",\"valueRequired\":true,\"valueName\":\"search_term_string\"}}],\"inLanguage\":\"fr-FR\"}]}<\/script>\n<!-- \/ Yoast SEO plugin. -->","yoast_head_json":{"title":"Les tarifs - Cartes postales sonores","robots":{"index":"index","follow":"follow","max-snippet":"max-snippet:-1","max-image-preview":"max-image-preview:large","max-video-preview":"max-video-preview:-1"},"canonical":"http:\/\/glacas.fr\/cartesonore\/les-tarifs\/","og_locale":"fr_FR","og_type":"article","og_title":"Les tarifs - Cartes postales sonores","og_description":"Sortie \u00e0 la demi-journ\u00e9e : Adulte : 30\u20ac Enfant (+ 8 ans) : 15\u20ac famille : 90 \u20ac Sortie \u00e0 la journ\u00e9e : Adulte : 50\u20ac Enfant (+ 8 ans) : 20\u20ac famille : 120 \u20ac Ces tarifs incluent l&rsquo;encadrement par deux professionnels, l&rsquo;assurance, la mise \u00e0 disposition du mat\u00e9riel de prise de son et [&hellip;]","og_url":"http:\/\/glacas.fr\/cartesonore\/les-tarifs\/","og_site_name":"Cartes postales sonores","twitter_card":"summary_large_image","twitter_misc":{"Dur\u00e9e de lecture estim\u00e9e":"1 minute"},"schema":{"@context":"https:\/\/schema.org","@graph":[{"@type":"WebPage","@id":"http:\/\/glacas.fr\/cartesonore\/les-tarifs\/","url":"http:\/\/glacas.fr\/cartesonore\/les-tarifs\/","name":"Les tarifs - Cartes postales sonores","isPartOf":{"@id":"http:\/\/glacas.fr\/cartesonore\/#website"},"datePublished":"2016-07-05T11:27:05+00:00","breadcrumb":{"@id":"http:\/\/glacas.fr\/cartesonore\/les-tarifs\/#breadcrumb"},"inLanguage":"fr-FR","potentialAction":[{"@type":"ReadAction","target":["http:\/\/glacas.fr\/cartesonore\/les-tarifs\/"]}]},{"@type":"BreadcrumbList","@id":"http:\/\/glacas.fr\/cartesonore\/les-tarifs\/#breadcrumb","itemListElement":[{"@type":"ListItem","position":1,"name":"Accueil","item":"http:\/\/glacas.fr\/cartesonore\/"},{"@type":"ListItem","position":2,"name":"Les tarifs"}]},{"@type":"WebSite","@id":"http:\/\/glacas.fr\/cartesonore\/#website","url":"http:\/\/glacas.fr\/cartesonore\/","name":"Cartes postales sonores","description":"Une autre fa\u00e7on de d\u00e9couvrir le Vercors","potentialAction":[{"@type":"SearchAction","target":{"@type":"EntryPoint","urlTemplate":"http:\/\/glacas.fr\/cartesonore\/?s={search_term_string}"},"query-input":{"@type":"PropertyValueSpecification","valueRequired":true,"valueName":"search_term_string"}}],"inLanguage":"fr-FR"}]}},"jetpack_sharing_enabled":true,"jetpack_shortlink":"https:\/\/wp.me\/P6SLgS-32","jetpack_likes_enabled":true,"_links":{"self":[{"href":"http:\/\/glacas.fr\/cartesonore\/wp-json\/wp\/v2\/pages\/188","targetHints":{"allow":["GET"]}}],"collection":[{"href":"http:\/\/glacas.fr\/cartesonore\/wp-json\/wp\/v2\/pages"}],"about":[{"href":"http:\/\/glacas.fr\/cartesonore\/wp-json\/wp\/v2\/types\/page"}],"author":[{"embeddable":true,"href":"http:\/\/glacas.fr\/cartesonore\/wp-json\/wp\/v2\/users\/1"}],"replies":[{"embeddable":true,"href":"http:\/\/glacas.fr\/cartesonore\/wp-json\/wp\/v2\/comments?post=188"}],"version-history":[{"count":5,"href":"http:\/\/glacas.fr\/cartesonore\/wp-json\/wp\/v2\/pages\/188\/revisions"}],"predecessor-version":[{"id":193,"href":"http:\/\/glacas.fr\/cartesonore\/wp-json\/wp\/v2\/pages\/188\/revisions\/193"}],"wp:attachment":[{"href":"http:\/\/glacas.fr\/cartesonore\/wp-json\/wp\/v2\/media?parent=188"}],"wp:term":[{"taxonomy":"category","embeddable":true,"href":"http:\/\/glacas.fr\/cartesonore\/wp-json\/wp\/v2\/categories?post=188"},{"taxonomy":"post_tag","embeddable":true,"href":"http:\/\/glacas.fr\/cartesonore\/wp-json\/wp\/v2\/tags?post=188"}],"curies":[{"name":"wp","href":"https:\/\/api.w.org\/{rel}","templated":true}]}}