{"id":2,"date":"2014-08-29T19:22:08","date_gmt":"2014-08-29T19:22:08","guid":{"rendered":"http:\/\/glacas.fr\/carnet\/?page_id=2"},"modified":"2014-08-30T23:41:54","modified_gmt":"2014-08-30T22:41:54","slug":"page-d-exemple","status":"publish","type":"page","link":"http:\/\/glacas.fr\/carnet\/","title":{"rendered":"Pourquoi ce carnet ?"},"content":{"rendered":"<p>&nbsp;<\/p>\n<p>Depuis le temps que je crapahute dans la nature, j&rsquo;ai eu le temps d&rsquo;en voir des merveilles !<\/p>\n<p>H\u00e9las, pass\u00e9 la d\u00e9couverte et l&rsquo;identification \u00e0 chaud, bien souvent, je ne me souviens plus du nom latin de telle plante ou des habitudes de tel insecte. Dans le pass\u00e9, on faisait des herbiers ou on remplissait des carnets de notes pour garder une trace de ses d\u00e9couvertes.<\/p>\n<p>Ce carnet est donc<strong> la version num\u00e9rique de l&rsquo;herbier et du carnet de note de terrain<\/strong>. Il me permettra \u00e9galement d&rsquo;y valoriser une autre de mes passions : la photographie animali\u00e8re.<\/p>\n<p>Vous y trouverez <strong>des fiches<\/strong> sur ce que j&rsquo;ai pu observer :<\/p>\n<figure id=\"attachment_30\" aria-describedby=\"caption-attachment-30\" style=\"width: 150px\" class=\"wp-caption alignleft\"><a href=\"http:\/\/glacas.fr\/carnet\/category\/insectes\/\"><img loading=\"lazy\" decoding=\"async\" class=\"wp-image-30 size-thumbnail colorbox-2\" src=\"http:\/\/glacas.fr\/carnet\/wp-content\/uploads\/sites\/4\/2014\/08\/04-Medium-150x150.jpg\" alt=\"Des insectes\" width=\"150\" height=\"150\" \/><\/a><figcaption id=\"caption-attachment-30\" class=\"wp-caption-text\">Des insectes<\/figcaption><\/figure>\n<figure id=\"attachment_43\" aria-describedby=\"caption-attachment-43\" style=\"width: 150px\" class=\"wp-caption alignleft\"><a href=\"http:\/\/glacas.fr\/carnet\/category\/oiseaux\/\"><img loading=\"lazy\" decoding=\"async\" class=\"wp-image-43 size-thumbnail colorbox-2\" src=\"http:\/\/glacas.fr\/carnet\/wp-content\/uploads\/sites\/4\/2014\/08\/IMG_8465-Medium-150x150.jpg\" alt=\"Des oiseaux\" width=\"150\" height=\"150\" \/><\/a><figcaption id=\"caption-attachment-43\" class=\"wp-caption-text\">Des oiseaux<\/figcaption><\/figure>\n<figure id=\"attachment_23\" aria-describedby=\"caption-attachment-23\" style=\"width: 150px\" class=\"wp-caption alignleft\"><a href=\"http:\/\/glacas.fr\/carnet\/category\/arachnides\/\"><img loading=\"lazy\" decoding=\"async\" class=\"wp-image-23 size-thumbnail colorbox-2\" src=\"http:\/\/glacas.fr\/carnet\/wp-content\/uploads\/sites\/4\/2014\/08\/Araign\u00e9es-10-Medium-150x150.jpg\" alt=\"Des araign\u00e9es\" width=\"150\" height=\"150\" \/><\/a><figcaption id=\"caption-attachment-23\" class=\"wp-caption-text\">Des araign\u00e9es<\/figcaption><\/figure>\n<figure id=\"attachment_37\" aria-describedby=\"caption-attachment-37\" style=\"width: 150px\" class=\"wp-caption alignleft\"><a href=\"http:\/\/glacas.fr\/carnet\/category\/fleurs\/\"><img loading=\"lazy\" decoding=\"async\" class=\"wp-image-37 size-thumbnail colorbox-2\" src=\"http:\/\/glacas.fr\/carnet\/wp-content\/uploads\/sites\/4\/2014\/08\/FleurDeRos\u00e9e-1-Medium-150x150.jpg\" alt=\"Des fleurs\" width=\"150\" height=\"150\" \/><\/a><figcaption id=\"caption-attachment-37\" class=\"wp-caption-text\">Des fleurs<\/figcaption><\/figure>\n<figure id=\"attachment_8\" aria-describedby=\"caption-attachment-8\" style=\"width: 150px\" class=\"wp-caption alignleft\"><a href=\"http:\/\/glacas.fr\/carnet\/category\/coins-de-paradis\/\"><img loading=\"lazy\" decoding=\"async\" class=\"wp-image-8 size-thumbnail colorbox-2\" src=\"http:\/\/glacas.fr\/carnet\/wp-content\/uploads\/sites\/4\/2014\/08\/IMG_9218A-Medium-150x150.jpg\" alt=\"Mes coins de paradis\" width=\"150\" height=\"150\" \/><\/a><figcaption id=\"caption-attachment-8\" class=\"wp-caption-text\">Mes coins de paradis<\/figcaption><\/figure>\n<p>&nbsp;<\/p>\n<p>&nbsp;<\/p>\n<p>&nbsp;<\/p>\n<p>&nbsp;<\/p>\n<p>&nbsp;<\/p>\n<figure id=\"attachment_83\" aria-describedby=\"caption-attachment-83\" style=\"width: 150px\" class=\"wp-caption alignleft\"><a href=\"http:\/\/glacas.fr\/carnet\/liens-vers-dautres-sites\/\"><img loading=\"lazy\" decoding=\"async\" class=\"wp-image-83 size-thumbnail colorbox-2\" src=\"http:\/\/glacas.fr\/carnet\/wp-content\/uploads\/sites\/4\/2014\/08\/Dessin_Bota-150x150.jpg\" alt=\"Des liens vers d'autres sites\" width=\"150\" height=\"150\" \/><\/a><figcaption id=\"caption-attachment-83\" class=\"wp-caption-text\">Des liens vers des sites<\/figcaption><\/figure>\n<p>&nbsp;<\/p>\n<p>&nbsp;<\/p>\n<p>&nbsp;<\/p>\n<p>&nbsp;<\/p>\n<p>&nbsp;<\/p>\n<p>&nbsp;<\/p>\n<p>Voil\u00e0, merci de votre visite de mon modeste carnet naturaliste qui n&rsquo;a pour unique ambition que de me faire plaisir&#8230;<\/p>\n<p>Et si vous voulez laisser un commentaire, n&rsquo;h\u00e9sitez pas, toute remarque sera la bienvenue.<\/p>\n<p>&nbsp;<\/p>\n","protected":false},"excerpt":{"rendered":"<p>&nbsp; Depuis le temps que je crapahute dans la nature, j&rsquo;ai eu le temps d&rsquo;en voir des merveilles ! H\u00e9las, pass\u00e9 la d\u00e9couverte et l&rsquo;identification \u00e0 chaud, bien souvent, je ne me souviens plus du nom latin de telle plante ou des habitudes de tel insecte. Dans le pass\u00e9, on faisait des herbiers ou on [&hellip;]<\/p>\n","protected":false},"author":1,"featured_media":15,"parent":0,"menu_order":0,"comment_status":"open","ping_status":"open","template":"","meta":{"ngg_post_thumbnail":0,"footnotes":"","_links_to":"","_links_to_target":""},"categories":[],"tags":[],"class_list":["post-2","page","type-page","status-publish","has-post-thumbnail","hentry","gallery-content-unit"],"aioseo_notices":[],"_links":{"self":[{"href":"http:\/\/glacas.fr\/carnet\/wp-json\/wp\/v2\/pages\/2","targetHints":{"allow":["GET"]}}],"collection":[{"href":"http:\/\/glacas.fr\/carnet\/wp-json\/wp\/v2\/pages"}],"about":[{"href":"http:\/\/glacas.fr\/carnet\/wp-json\/wp\/v2\/types\/page"}],"author":[{"embeddable":true,"href":"http:\/\/glacas.fr\/carnet\/wp-json\/wp\/v2\/users\/1"}],"replies":[{"embeddable":true,"href":"http:\/\/glacas.fr\/carnet\/wp-json\/wp\/v2\/comments?post=2"}],"version-history":[{"count":20,"href":"http:\/\/glacas.fr\/carnet\/wp-json\/wp\/v2\/pages\/2\/revisions"}],"predecessor-version":[{"id":134,"href":"http:\/\/glacas.fr\/carnet\/wp-json\/wp\/v2\/pages\/2\/revisions\/134"}],"wp:featuredmedia":[{"embeddable":true,"href":"http:\/\/glacas.fr\/carnet\/wp-json\/wp\/v2\/media\/15"}],"wp:attachment":[{"href":"http:\/\/glacas.fr\/carnet\/wp-json\/wp\/v2\/media?parent=2"}],"wp:term":[{"taxonomy":"category","embeddable":true,"href":"http:\/\/glacas.fr\/carnet\/wp-json\/wp\/v2\/categories?post=2"},{"taxonomy":"post_tag","embeddable":true,"href":"http:\/\/glacas.fr\/carnet\/wp-json\/wp\/v2\/tags?post=2"}],"curies":[{"name":"wp","href":"https:\/\/api.w.org\/{rel}","templated":true}]}}